{"id":499,"date":"2024-11-21T03:30:08","date_gmt":"2024-11-21T03:30:08","guid":{"rendered":"https:\/\/volovape.com\/?post_type=product&#038;p=499"},"modified":"2025-08-06T08:09:50","modified_gmt":"2025-08-06T08:09:50","slug":"bang-box-18000-puffs","status":"publish","type":"product","link":"https:\/\/volovape.com\/fr\/product\/bang-box-18000-puffs\/","title":{"rendered":"BANG BOX 18000 Puffs Vape jetable - Dual Mesh Coil, LED Display, Rechargeable"},"content":{"rendered":"<p><strong>BANG BOX 18000 bouff\u00e9es Vape jetable<\/strong> - Coils Dual Mesh pour une saveur et une long\u00e9vit\u00e9 sup\u00e9rieures.<\/p>\n<p>Le <strong>BANG BOX 18000 Puffs<\/strong> offre une exp\u00e9rience de vapotage in\u00e9gal\u00e9e gr\u00e2ce \u00e0 sa grande capacit\u00e9 et \u00e0 sa technologie avanc\u00e9e de bobine \u00e0 double maille. Appr\u00e9ciez jusqu'\u00e0 <strong>18 000 bouff\u00e9es<\/strong>, un \u00e9norme <strong>R\u00e9servoir d'e-liquide de 26ml<\/strong>et un <strong>Batterie rechargeable de 850mAh<\/strong> avec chargement de type C. Les <strong>Bobines \u00e0 double maille de 0,8\u03a9<\/strong> L'affichage num\u00e9rique LED permet de conna\u00eetre en temps r\u00e9el le niveau de la batterie et de l'e-liquide. Choisissez parmi <strong>0%, 2%, 3%, ou 5% taux de nicotine<\/strong> et 12 saveurs d\u00e9licieuses. Id\u00e9al pour un usage personnel ou <strong>Vape jetable en gros<\/strong>, le <strong>BANG BOX 18000<\/strong> \u00e9tablit une nouvelle norme pour les vapes jetables. Consid\u00e9rez une <strong>commande group\u00e9e<\/strong> pour obtenir des prix comp\u00e9titifs.<\/p>\n<h3><strong>BANG BOX 18000 Puffs Caract\u00e9ristiques :<\/strong><\/h3>\n<ul>\n<li>Bouff\u00e9es : Jusqu'\u00e0 18 000<\/li>\n<li>Capacit\u00e9 E-liquide : 26ml<\/li>\n<li>Batterie : 850mAh (rechargeable)<\/li>\n<li>Chargement : Type-C<\/li>\n<li>Coil : 0.8\u03a9 Dual Mesh Coils<\/li>\n<li>Afficheur : Affichage num\u00e9rique LED<\/li>\n<li>Points forts de la nicotine : 0%, 2%, 3%, 5%<\/li>\n<li>12 saveurs disponibles<\/li>\n<\/ul>\n<h4>FAQ<\/h4>\n<h5>Qu'est-ce qui fait la sup\u00e9riorit\u00e9 des bobines \u00e0 double maille ?<\/h5>\n<p>La conception de la bobine \u00e0 double maille offre une plus grande surface de chauffe, ce qui permet de chauffer plus rapidement et plus uniform\u00e9ment. Cela am\u00e9liore la production d'ar\u00f4mes, la densit\u00e9 de la vapeur et la consistance g\u00e9n\u00e9rale, pour une exp\u00e9rience de vapotage plus satisfaisante.<\/p>\n<h5>Quelles sont les m\u00e9thodes d'exp\u00e9dition utilis\u00e9es pour les commandes en gros ?<\/h5>\n<p>Nous utilisons des transporteurs de confiance tels que UPS, DHL, FedEx et DPD pour garantir une livraison s\u00fbre et efficace des commandes en gros. La m\u00e9thode d'exp\u00e9dition la plus appropri\u00e9e est s\u00e9lectionn\u00e9e en fonction de votre localisation et de la taille de votre commande.<\/p>\n<h5>Quel est le d\u00e9lai de livraison habituel pour les commandes en gros ?<\/h5>\n<p>L'exp\u00e9dition prend g\u00e9n\u00e9ralement de 7 \u00e0 15 jours ouvrables. Veuillez compter jusqu'\u00e0 20 jours ouvrables en haute saison ou en cas de conditions m\u00e9t\u00e9orologiques d\u00e9favorables.<\/p>\n<h5>Y a-t-il des probl\u00e8mes de douane ou des frais suppl\u00e9mentaires dont je dois tenir compte lorsque je commande en gros ?<\/h5>\n<p>Nous nous occupons de tous les processus de d\u00e9douanement afin d'assurer une livraison en douceur. Vous n'aurez pas \u00e0 payer de taxes ou de frais impr\u00e9vus, et nous garantissons le d\u00e9douanement de 100% pour tous les envois.<\/p>\n<h5>Comment puis-je v\u00e9rifier la fiabilit\u00e9 de mon achat en gros ?<\/h5>\n<p>Nous offrons des options de paiement s\u00e9curis\u00e9es et nous nous engageons \u00e0 fournir des produits et des services de haute qualit\u00e9. Vous pouvez \u00e9galement consulter les avis de nos clients sur des plateformes de confiance pour confirmer notre fiabilit\u00e9.<\/p>","protected":false},"excerpt":{"rendered":"<p>Maximisez vos ventes avec la BANG BOX 18000 Puffs en gros ! Dual mesh coils, affichage LED, 26ml, rechargeable. Stockez des vapes de grande capacit\u00e9 avec une saveur riche et une nicotine vari\u00e9e.<\/p>","protected":false},"featured_media":840,"comment_status":"open","ping_status":"closed","template":"","meta":[],"product_brand":[],"product_cat":[61,50,21,18,39,20,23,24,22,25,26,27,28,29,30,31,32,33,34,35,36,40],"product_tag":[],"class_list":{"0":"post-499","1":"product","2":"type-product","3":"status-publish","4":"has-post-thumbnail","6":"product_cat-bang","7":"product_cat-18000-puffs-disposable-vape","8":"product_cat-big-puffs-vapes","9":"product_cat-different-puffs-of-disposable-vapes","10":"product_cat-digital-box-vapes","11":"product_cat-disposable-vape-types","12":"product_cat-disposable-vapes-in-austria","13":"product_cat-disposable-vapes-in-belgium","14":"product_cat-disposable-vapes-in-europe","15":"product_cat-disposable-vapes-in-france","16":"product_cat-disposable-vapes-in-germany","17":"product_cat-disposable-vapes-in-hungary","18":"product_cat-disposable-vapes-in-ltaly","19":"product_cat-disposable-vapes-in-netherlands","20":"product_cat-disposable-vapes-in-norway","21":"product_cat-disposable-vapes-in-poland","22":"product_cat-disposable-vapes-in-portugal","23":"product_cat-disposable-vapes-in-spain","24":"product_cat-disposable-vapes-in-sweden","25":"product_cat-disposable-vapes-in-switzerland","26":"product_cat-rechargeable-vapes","27":"product_cat-smart-screen-vapes","29":"first","30":"instock","31":"shipping-taxable","32":"purchasable","33":"product-type-variable","34":"has-default-attributes"},"jetpack_sharing_enabled":true,"tiered_pricing_type":"fixed","tiered_pricing_fixed_rules":{"2000":4.62999999999999989341858963598497211933135986328125},"tiered_pricing_product_settings":{"layout":"default","base_unit_name":{"singular":null,"plural":null},"default_variation":null},"tiered_pricing_minimum_quantity":1000,"tiered_pricing_roles_data":[],"tiered_pricing_percentage_rules":[],"tiered_pricing_maximum_quantity":null,"tiered_pricing_quantity_step":"10","_links":{"self":[{"href":"https:\/\/volovape.com\/fr\/wp-json\/wp\/v2\/product\/499","targetHints":{"allow":["GET"]}}],"collection":[{"href":"https:\/\/volovape.com\/fr\/wp-json\/wp\/v2\/product"}],"about":[{"href":"https:\/\/volovape.com\/fr\/wp-json\/wp\/v2\/types\/product"}],"replies":[{"embeddable":true,"href":"https:\/\/volovape.com\/fr\/wp-json\/wp\/v2\/comments?post=499"}],"wp:featuredmedia":[{"embeddable":true,"href":"https:\/\/volovape.com\/fr\/wp-json\/wp\/v2\/media\/840"}],"wp:attachment":[{"href":"https:\/\/volovape.com\/fr\/wp-json\/wp\/v2\/media?parent=499"}],"wp:term":[{"taxonomy":"product_brand","embeddable":true,"href":"https:\/\/volovape.com\/fr\/wp-json\/wp\/v2\/product_brand?post=499"},{"taxonomy":"product_cat","embeddable":true,"href":"https:\/\/volovape.com\/fr\/wp-json\/wp\/v2\/product_cat?post=499"},{"taxonomy":"product_tag","embeddable":true,"href":"https:\/\/volovape.com\/fr\/wp-json\/wp\/v2\/product_tag?post=499"}],"curies":[{"name":"wp","href":"https:\/\/api.w.org\/{rel}","templated":true}]}}