{"id":498,"date":"2024-11-21T03:30:08","date_gmt":"2024-11-21T03:30:08","guid":{"rendered":"https:\/\/volovape.com\/?post_type=product&#038;p=498"},"modified":"2025-07-09T09:46:30","modified_gmt":"2025-07-09T09:46:30","slug":"fluum-digital-box-tn-15000-puffs","status":"publish","type":"product","link":"https:\/\/volovape.com\/fr\/product\/fluum-digital-box-tn-15000-puffs\/","title":{"rendered":"FluuM Digital Box TN 15000 bouff\u00e9es Vape jetable - Rechargeable, affichage num\u00e9rique"},"content":{"rendered":"<p><strong>FluuM Digital Box TN 15000 bouff\u00e9es Vape jetable<\/strong> - Restez inform\u00e9 et profitez d'une p\u00e9riode de vapotage prolong\u00e9e.<\/p>\n<p>Le <strong>FluuM Digital Box TN 15000 bouff\u00e9es<\/strong> offre une exp\u00e9rience de vapotage de pointe gr\u00e2ce \u00e0 son \u00e9cran num\u00e9rique int\u00e9gr\u00e9, qui vous permet de contr\u00f4ler les niveaux de batterie et d'e-liquide d'un seul coup d'\u0153il. Appr\u00e9ciez jusqu'\u00e0 <strong>15 000 bouff\u00e9es<\/strong>, une g\u00e9n\u00e9reuse <strong>Capacit\u00e9 de 25 ml d'e-liquide<\/strong>et un <strong>Batterie rechargeable de 650mAh<\/strong> avec charge de type C. Choisissez parmi <strong>0%, 2%, 3%, ou 5% taux de nicotine<\/strong> pour s'adapter \u00e0 vos pr\u00e9f\u00e9rences. La bobine en maille avanc\u00e9e fournit une vapeur douce et savoureuse, et avec 12 saveurs d\u00e9licieuses, vous trouverez la correspondance parfaite. Id\u00e9al pour un usage personnel ou <strong>Vape jetable en gros<\/strong>, le <strong>FluuM Digital Box TN 15000<\/strong> allie commodit\u00e9 et fonctionnalit\u00e9s avanc\u00e9es. Envisagez un <strong>commande group\u00e9e<\/strong> pour obtenir des prix comp\u00e9titifs.<\/p>\n<h3><strong>FluuM Digital Box TN 15000 Puffs Caract\u00e9ristiques :<\/strong><\/h3>\n<ul>\n<li>Bouff\u00e9es : Jusqu'\u00e0 15 000<\/li>\n<li>Capacit\u00e9 E-liquide : 25ml<\/li>\n<li>Batterie : 650mAh (rechargeable)<\/li>\n<li>Chargement : Type-C<\/li>\n<li>Affichage : Affichage num\u00e9rique (niveaux de batterie et d'e-liquide)<\/li>\n<li>Points forts de la nicotine : 0%, 2%, 3%, 5%<\/li>\n<li>12 saveurs disponibles<\/li>\n<\/ul>\n<h4>FAQ<\/h4>\n<h5>Quel est le principal avantage de l'affichage num\u00e9rique ?<\/h5>\n<p>L'affichage num\u00e9rique fournit des informations en temps r\u00e9el sur l'autonomie de votre batterie et les niveaux d'e-liquide, \u00e9liminant ainsi les conjectures et garantissant que vous \u00eates toujours au courant de l'\u00e9tat de votre appareil. Cette fonction est plus pratique et vous permet de g\u00e9rer plus efficacement votre exp\u00e9rience de vapotage.<\/p>\n<h5>Quelles sont les m\u00e9thodes d'exp\u00e9dition utilis\u00e9es et vers quels pays les envois sont-ils effectu\u00e9s ?<\/h5>\n<p>Nous travaillons avec des transporteurs fiables pour garantir une livraison efficace. Nous exp\u00e9dions vers la plupart des pays europ\u00e9ens, y compris les Pays-Bas, l'Allemagne, la France, l'Espagne, etc. Les d\u00e9lais de livraison peuvent varier en fonction de la destination.<\/p>\n<h5>Quel est le d\u00e9lai de livraison habituel ?<\/h5>\n<p>Les d\u00e9lais de livraison varient en fonction de la destination. Veuillez nous contacter pour obtenir des estimations de livraison sp\u00e9cifiques \u00e0 votre lieu de r\u00e9sidence.<\/p>\n<h5>Y a-t-il des probl\u00e8mes de douane ou des frais suppl\u00e9mentaires dont je devrais tenir compte pour les commandes europ\u00e9ennes ?<\/h5>\n<p>Nous nous occupons du d\u00e9douanement des commandes europ\u00e9ennes afin de garantir un processus de livraison sans heurts. Bien que nous nous efforcions d'\u00e9viter les frais suppl\u00e9mentaires, veuillez noter que les politiques douani\u00e8res peuvent varier et que les frais \u00e9ventuels sont \u00e0 la charge de l'acheteur.<\/p>\n<h5>Comment puis-je \u00eatre assur\u00e9 de la qualit\u00e9 du produit et de la fiabilit\u00e9 de votre service ?<\/h5>\n<p>Nous accordons la priorit\u00e9 \u00e0 la satisfaction de nos clients et proposons des options de paiement s\u00e9curis\u00e9es. Vous pouvez \u00e9galement consulter les avis des clients sur des plateformes de confiance pour v\u00e9rifier notre engagement en mati\u00e8re de qualit\u00e9 et de service.<\/p>","protected":false},"excerpt":{"rendered":"<p>Augmentez votre stock avec FluuM Digital Box TN 15000 Puffs en gros ! Affichage num\u00e9rique, 25ml, rechargeable. Offrez des vapes pratiques et de longue dur\u00e9e avec des options de nicotine vari\u00e9es.<\/p>","protected":false},"featured_media":827,"comment_status":"open","ping_status":"closed","template":"","meta":[],"product_brand":[],"product_cat":[66,41,21,18,39,20,23,24,22,25,26,27,28,29,30,31,32,33,34,35,36,40],"product_tag":[],"class_list":{"0":"post-498","1":"product","2":"type-product","3":"status-publish","4":"has-post-thumbnail","6":"product_cat-fluum","7":"product_cat-15000-puffs-disposable-vape","8":"product_cat-big-puffs-vapes","9":"product_cat-different-puffs-of-disposable-vapes","10":"product_cat-digital-box-vapes","11":"product_cat-disposable-vape-types","12":"product_cat-disposable-vapes-in-austria","13":"product_cat-disposable-vapes-in-belgium","14":"product_cat-disposable-vapes-in-europe","15":"product_cat-disposable-vapes-in-france","16":"product_cat-disposable-vapes-in-germany","17":"product_cat-disposable-vapes-in-hungary","18":"product_cat-disposable-vapes-in-ltaly","19":"product_cat-disposable-vapes-in-netherlands","20":"product_cat-disposable-vapes-in-norway","21":"product_cat-disposable-vapes-in-poland","22":"product_cat-disposable-vapes-in-portugal","23":"product_cat-disposable-vapes-in-spain","24":"product_cat-disposable-vapes-in-sweden","25":"product_cat-disposable-vapes-in-switzerland","26":"product_cat-rechargeable-vapes","27":"product_cat-smart-screen-vapes","29":"first","30":"instock","31":"shipping-taxable","32":"purchasable","33":"product-type-variable","34":"has-default-attributes"},"jetpack_sharing_enabled":true,"tiered_pricing_type":"fixed","tiered_pricing_fixed_rules":{"2000":6.44000000000000039079850466805510222911834716796875},"tiered_pricing_product_settings":{"layout":"default","base_unit_name":{"singular":null,"plural":null},"default_variation":null},"tiered_pricing_minimum_quantity":1000,"tiered_pricing_roles_data":[],"tiered_pricing_percentage_rules":[],"tiered_pricing_maximum_quantity":null,"tiered_pricing_quantity_step":"10","_links":{"self":[{"href":"https:\/\/volovape.com\/fr\/wp-json\/wp\/v2\/product\/498","targetHints":{"allow":["GET"]}}],"collection":[{"href":"https:\/\/volovape.com\/fr\/wp-json\/wp\/v2\/product"}],"about":[{"href":"https:\/\/volovape.com\/fr\/wp-json\/wp\/v2\/types\/product"}],"replies":[{"embeddable":true,"href":"https:\/\/volovape.com\/fr\/wp-json\/wp\/v2\/comments?post=498"}],"wp:featuredmedia":[{"embeddable":true,"href":"https:\/\/volovape.com\/fr\/wp-json\/wp\/v2\/media\/827"}],"wp:attachment":[{"href":"https:\/\/volovape.com\/fr\/wp-json\/wp\/v2\/media?parent=498"}],"wp:term":[{"taxonomy":"product_brand","embeddable":true,"href":"https:\/\/volovape.com\/fr\/wp-json\/wp\/v2\/product_brand?post=498"},{"taxonomy":"product_cat","embeddable":true,"href":"https:\/\/volovape.com\/fr\/wp-json\/wp\/v2\/product_cat?post=498"},{"taxonomy":"product_tag","embeddable":true,"href":"https:\/\/volovape.com\/fr\/wp-json\/wp\/v2\/product_tag?post=498"}],"curies":[{"name":"wp","href":"https:\/\/api.w.org\/{rel}","templated":true}]}}