{"id":497,"date":"2024-11-21T03:30:08","date_gmt":"2024-11-21T03:30:08","guid":{"rendered":"https:\/\/volovape.com\/?post_type=product&#038;p=497"},"modified":"2025-08-20T02:44:41","modified_gmt":"2025-08-20T02:44:41","slug":"bang-king-15000-bouffees","status":"publish","type":"product","link":"https:\/\/volovape.com\/fr\/product\/bang-king-15000-puffs\/","title":{"rendered":"Bang King 15000 bouff\u00e9es vape jetable - rechargeable, d\u00e9bit d'air r\u00e9glable"},"content":{"rendered":"<p><strong>Bang King 15000 bouff\u00e9es Vape jetable<\/strong> - Vaping sur mesure avec de nombreuses options d'ar\u00f4mes.<\/p>\n<p>Le <strong>Bang King 15000 bouff\u00e9es<\/strong> offre une exp\u00e9rience de vapotage personnalisable gr\u00e2ce \u00e0 son flux d'air r\u00e9glable, vous permettant de passer d'un style MTL \u00e0 un style DTL. Appr\u00e9ciez jusqu'\u00e0 <strong>15 000 bouff\u00e9es<\/strong>, une g\u00e9n\u00e9reuse <strong>Capacit\u00e9 de 25 ml d'e-liquide<\/strong>et un <strong>Batterie rechargeable de 650mAh<\/strong> avec charge de type C. Choisissez parmi <strong>0%, 2%, 3%, ou 5% taux de nicotine<\/strong> pour r\u00e9pondre \u00e0 vos pr\u00e9f\u00e9rences. Avec 20 saveurs diff\u00e9rentes, y compris des m\u00e9langes uniques comme Fraise-Yogourt et Kiwi-Fruit de la Passion-Goyave, cet appareil r\u00e9pond \u00e0 tous les palais. Id\u00e9al pour un usage personnel ou <strong>Vape jetable en gros<\/strong>, le <strong>Bang King 15000<\/strong> offre \u00e0 la fois long\u00e9vit\u00e9 et polyvalence. Envisagez un <strong>commande group\u00e9e<\/strong> pour obtenir des prix comp\u00e9titifs.<\/p>\n<h3><strong>Bang King 15000 Puffs Caract\u00e9ristiques :<\/strong><\/h3>\n<ul>\n<li>Bouff\u00e9es : Jusqu'\u00e0 15 000<\/li>\n<li>Capacit\u00e9 E-liquide : 25ml<\/li>\n<li>Batterie : 650mAh (rechargeable)<\/li>\n<li>Chargement : Type-C<\/li>\n<li>Flux d'air : R\u00e9glable<\/li>\n<li>Points forts de la nicotine : 0%, 2%, 3%, 5%<\/li>\n<li>20 saveurs disponibles<\/li>\n<\/ul>\n<h4>FAQ<\/h4>\n<h5>Comment le flux d'air r\u00e9glable profite-t-il aux diff\u00e9rents styles de vapotage ?<\/h5>\n<p>Le flux d'air r\u00e9glable vous permet de personnaliser votre tirage, pour r\u00e9pondre aux pr\u00e9f\u00e9rences de vapotage MTL (bouche \u00e0 poumon) et DTL (direct \u00e0 poumon). Un flux d'air plus serr\u00e9 imite le tirage d'une cigarette traditionnelle, id\u00e9al pour le MTL, tandis qu'un flux d'air plus l\u00e2che produit de plus gros nuages et est pr\u00e9f\u00e9rable pour le DTL.<\/p>\n<h5>Quelles sont les m\u00e9thodes d'exp\u00e9dition utilis\u00e9es pour les commandes en gros ?<\/h5>\n<p>Nous travaillons en partenariat avec des transporteurs fiables tels que UPS, DHL, FedEx et DPD afin de garantir une exp\u00e9dition s\u00fbre et efficace pour toutes les commandes en gros. Le meilleur transporteur est choisi en fonction de votre localisation et de la taille de votre commande.<\/p>\n<h5>Quel est le d\u00e9lai de livraison habituel ?<\/h5>\n<p>L'exp\u00e9dition prend g\u00e9n\u00e9ralement entre 7 et 15 jours ouvrables. Veuillez compter jusqu'\u00e0 20 jours ouvrables en haute saison ou en cas de conditions m\u00e9t\u00e9orologiques d\u00e9favorables.<\/p>\n<h5>Aurai-je des probl\u00e8mes de douane ou des frais suppl\u00e9mentaires ?<\/h5>\n<p>Nous nous occupons de tous les processus de d\u00e9douanement afin d'assurer une livraison en douceur. Vous n'aurez pas \u00e0 payer de taxes ou de frais impr\u00e9vus, et nous garantissons le d\u00e9douanement de 100% pour tous les envois.<\/p>\n<h5>Comment puis-je v\u00e9rifier la fiabilit\u00e9 de mon achat ?<\/h5>\n<p>Nous proposons des options de paiement s\u00e9curis\u00e9 via PayPal, qui inclut la protection de l'acheteur. Vous pouvez \u00e9galement consulter les avis de nos clients sur <a href=\"https:\/\/www.trustpilot.com\/review\/volovape.com?utm_medium=trustbox&amp;utm_source=TrustBoxReviewCollector\">TrustPilot<\/a> pour confirmer notre engagement en mati\u00e8re de qualit\u00e9 et de service.<\/p>","protected":false},"excerpt":{"rendered":"<p>Maximisez vos ventes de vape avec Bang King 15000 Puffs en gros ! Flux d'air r\u00e9glable, 25ml, rechargeable. Stockez des vapes personnalisables avec diverses options de nicotine et d'ar\u00f4mes.<\/p>","protected":false},"featured_media":809,"comment_status":"open","ping_status":"closed","template":"","meta":[],"product_brand":[],"product_cat":[61,41,21,18,20,23,24,22,25,26,27,28,29,30,31,32,33,34,35,36],"product_tag":[],"class_list":{"0":"post-497","1":"product","2":"type-product","3":"status-publish","4":"has-post-thumbnail","6":"product_cat-bang","7":"product_cat-15000-puffs-disposable-vape","8":"product_cat-big-puffs-vapes","9":"product_cat-different-puffs-of-disposable-vapes","10":"product_cat-disposable-vape-types","11":"product_cat-disposable-vapes-in-austria","12":"product_cat-disposable-vapes-in-belgium","13":"product_cat-disposable-vapes-in-europe","14":"product_cat-disposable-vapes-in-france","15":"product_cat-disposable-vapes-in-germany","16":"product_cat-disposable-vapes-in-hungary","17":"product_cat-disposable-vapes-in-ltaly","18":"product_cat-disposable-vapes-in-netherlands","19":"product_cat-disposable-vapes-in-norway","20":"product_cat-disposable-vapes-in-poland","21":"product_cat-disposable-vapes-in-portugal","22":"product_cat-disposable-vapes-in-spain","23":"product_cat-disposable-vapes-in-sweden","24":"product_cat-disposable-vapes-in-switzerland","25":"product_cat-rechargeable-vapes","27":"first","28":"instock","29":"shipping-taxable","30":"purchasable","31":"product-type-variable","32":"has-default-attributes"},"jetpack_sharing_enabled":true,"tiered_pricing_type":"fixed","tiered_pricing_fixed_rules":{"2000":3.520000000000000017763568394002504646778106689453125},"tiered_pricing_product_settings":{"layout":"default","base_unit_name":{"singular":null,"plural":null},"default_variation":null},"tiered_pricing_minimum_quantity":1000,"tiered_pricing_roles_data":[],"tiered_pricing_percentage_rules":[],"tiered_pricing_maximum_quantity":null,"tiered_pricing_quantity_step":"10","_links":{"self":[{"href":"https:\/\/volovape.com\/fr\/wp-json\/wp\/v2\/product\/497","targetHints":{"allow":["GET"]}}],"collection":[{"href":"https:\/\/volovape.com\/fr\/wp-json\/wp\/v2\/product"}],"about":[{"href":"https:\/\/volovape.com\/fr\/wp-json\/wp\/v2\/types\/product"}],"replies":[{"embeddable":true,"href":"https:\/\/volovape.com\/fr\/wp-json\/wp\/v2\/comments?post=497"}],"wp:featuredmedia":[{"embeddable":true,"href":"https:\/\/volovape.com\/fr\/wp-json\/wp\/v2\/media\/809"}],"wp:attachment":[{"href":"https:\/\/volovape.com\/fr\/wp-json\/wp\/v2\/media?parent=497"}],"wp:term":[{"taxonomy":"product_brand","embeddable":true,"href":"https:\/\/volovape.com\/fr\/wp-json\/wp\/v2\/product_brand?post=497"},{"taxonomy":"product_cat","embeddable":true,"href":"https:\/\/volovape.com\/fr\/wp-json\/wp\/v2\/product_cat?post=497"},{"taxonomy":"product_tag","embeddable":true,"href":"https:\/\/volovape.com\/fr\/wp-json\/wp\/v2\/product_tag?post=497"}],"curies":[{"name":"wp","href":"https:\/\/api.w.org\/{rel}","templated":true}]}}