{"id":496,"date":"2024-11-21T03:30:08","date_gmt":"2024-11-21T03:30:08","guid":{"rendered":"https:\/\/volovape.com\/?post_type=product&#038;p=496"},"modified":"2025-07-29T08:14:03","modified_gmt":"2025-07-29T08:14:03","slug":"vopk-cool-bar-9000-puffs","status":"publish","type":"product","link":"https:\/\/volovape.com\/fr\/product\/vopk-cool-bar-9000-puffs\/","title":{"rendered":"VOPK Cool Bar 9000 Puffs Vape jetable - Airflow r\u00e9glable, 1.0\u03a9 Mesh Coil"},"content":{"rendered":"<p><strong>VOPK Cool Bar 9000 Puffs Vape jetable<\/strong> - Vaping personnalis\u00e9 avec flux d'air r\u00e9glable.<\/p>\n<p>Faites l'exp\u00e9rience du vaping sur mesure avec le <strong>VOPK Cool Bar 9000 Puffs<\/strong>. Cette vape jetable offre jusqu'\u00e0 <strong>9 000 bouff\u00e9es<\/strong>, a <strong>Capacit\u00e9 de 15 ml d'e-liquide<\/strong>et un <strong>Batterie rechargeable de 600mAh<\/strong> pour une utilisation prolong\u00e9e. La caract\u00e9ristique principale est son <strong>d\u00e9bit d'air r\u00e9glable<\/strong>Vous pouvez ainsi passer d'un style de vaporisation MTL \u00e0 un style de vaporisation DTL. Les <strong>Bobine \u00e0 mailles de 1,0\u03a9<\/strong> garantit une saveur constante et une vapeur douce. Avec un <strong>3% taux de nicotine<\/strong> et 10 saveurs rafra\u00eechissantes, ce dispositif offre une exp\u00e9rience satisfaisante. Id\u00e9al pour un usage personnel ou <strong>Vape jetable en gros<\/strong>, le <strong>VOPK Cool Bar 9000<\/strong> est con\u00e7u pour la commodit\u00e9 et la personnalisation. Consid\u00e9rez un <strong>commande group\u00e9e<\/strong> pour obtenir des prix comp\u00e9titifs.<\/p>\n<h3><strong>VOPK Cool Bar 9000 Puffs Caract\u00e9ristiques :<\/strong><\/h3>\n<ul>\n<li>Bouff\u00e9es : Jusqu'\u00e0 9 000<\/li>\n<li>Capacit\u00e9 E-liquide : 15ml<\/li>\n<li>Batterie : 600mAh (rechargeable)<\/li>\n<li>Chargement : Type-C<\/li>\n<li>Bobine : 1.0\u03a9 Mesh Coil<\/li>\n<li>Flux d'air : R\u00e9glable<\/li>\n<li>Taux de Nicotine : 3%<\/li>\n<li>10 saveurs disponibles<\/li>\n<\/ul>\n<h4>FAQ<\/h4>\n<h5>Comment le flux d'air r\u00e9glable am\u00e9liore-t-il mon exp\u00e9rience de vapotage ?<\/h5>\n<p>Le flux d'air r\u00e9glable vous permet de personnaliser votre tirage, offrant une flexibilit\u00e9 entre un tirage MTL (bouche-poumon) plus serr\u00e9, semblable \u00e0 celui d'une cigarette, et un tirage DTL (direct-poumon) plus ouvert et plus a\u00e9r\u00e9. Cette personnalisation vous permet de trouver l'\u00e9quilibre parfait entre la saveur et la production de vapeur en fonction de vos pr\u00e9f\u00e9rences.<\/p>\n<h5>Quelles sont les m\u00e9thodes d'exp\u00e9dition utilis\u00e9es ?<\/h5>\n<p>Nous travaillons avec des transporteurs de confiance tels que UPS, DHL, FedEx et DPD pour nous assurer que votre commande arrive en toute s\u00e9curit\u00e9 et dans les meilleurs d\u00e9lais. La m\u00e9thode d'exp\u00e9dition la plus appropri\u00e9e est s\u00e9lectionn\u00e9e en fonction de votre situation g\u00e9ographique.<\/p>\n<h5>Quel est le d\u00e9lai de livraison de ma commande ?<\/h5>\n<p>Le d\u00e9lai de livraison est g\u00e9n\u00e9ralement de 7 \u00e0 15 jours ouvrables. Veuillez pr\u00e9voir un d\u00e9lai pouvant aller jusqu'\u00e0 20 jours ouvrables en cas de vacances ou de conditions m\u00e9t\u00e9orologiques d\u00e9favorables.<\/p>\n<h5>Y a-t-il des frais de douane ou des probl\u00e8mes dont je dois tenir compte ?<\/h5>\n<p>Nous g\u00e9rons toutes les proc\u00e9dures de d\u00e9douanement afin de garantir une livraison sans probl\u00e8me. Vous n'aurez pas \u00e0 payer de taxes ou de frais suppl\u00e9mentaires, et nous assurons le d\u00e9douanement de 100% pour tous les envois.<\/p>\n<h5>Mon achat est-il s\u00fbr et fiable ?<\/h5>\n<p>Nous proposons des options de paiement s\u00e9curis\u00e9es via PayPal, qui inclut la protection de l'acheteur. Vous pouvez \u00e9galement v\u00e9rifier notre fiabilit\u00e9 en consultant les commentaires de nos clients sur <a href=\"https:\/\/www.trustpilot.com\/review\/volovape.com?utm_medium=trustbox&amp;utm_source=TrustBoxReviewCollector\">TrustPilot<\/a>.<\/p>","protected":false},"excerpt":{"rendered":"<p>Augmentez vos ventes de vape avec VOPK Cool Bar 9000 Puffs wholesale ! Airflow r\u00e9glable, 1.0\u03a9 mesh coil, 15ml, rechargeable. Offrez des vapes personnalisables avec des saveurs rafra\u00eechissantes.<\/p>","protected":false},"featured_media":798,"comment_status":"open","ping_status":"closed","template":"","meta":[],"product_brand":[],"product_cat":[65,48,21,18,20,23,24,22,25,26,27,28,29,30,31,32,33,34,35,36],"product_tag":[],"class_list":{"0":"post-496","1":"product","2":"type-product","3":"status-publish","4":"has-post-thumbnail","6":"product_cat-vopk","7":"product_cat-9000-puffs-disposable-vape","8":"product_cat-big-puffs-vapes","9":"product_cat-different-puffs-of-disposable-vapes","10":"product_cat-disposable-vape-types","11":"product_cat-disposable-vapes-in-austria","12":"product_cat-disposable-vapes-in-belgium","13":"product_cat-disposable-vapes-in-europe","14":"product_cat-disposable-vapes-in-france","15":"product_cat-disposable-vapes-in-germany","16":"product_cat-disposable-vapes-in-hungary","17":"product_cat-disposable-vapes-in-ltaly","18":"product_cat-disposable-vapes-in-netherlands","19":"product_cat-disposable-vapes-in-norway","20":"product_cat-disposable-vapes-in-poland","21":"product_cat-disposable-vapes-in-portugal","22":"product_cat-disposable-vapes-in-spain","23":"product_cat-disposable-vapes-in-sweden","24":"product_cat-disposable-vapes-in-switzerland","25":"product_cat-rechargeable-vapes","27":"first","28":"instock","29":"shipping-taxable","30":"purchasable","31":"product-type-variable","32":"has-default-attributes"},"jetpack_sharing_enabled":true,"tiered_pricing_type":"fixed","tiered_pricing_fixed_rules":{"30":6.5,"50":6.4900000000000002131628207280300557613372802734375,"100":6.29000000000000003552713678800500929355621337890625,"200":5.78000000000000024868995751603506505489349365234375,"400":5.04000000000000003552713678800500929355621337890625},"tiered_pricing_product_settings":{"layout":"default","base_unit_name":{"singular":null,"plural":null},"default_variation":null},"tiered_pricing_minimum_quantity":10,"tiered_pricing_roles_data":[],"tiered_pricing_percentage_rules":[],"tiered_pricing_maximum_quantity":null,"tiered_pricing_quantity_step":"10","_links":{"self":[{"href":"https:\/\/volovape.com\/fr\/wp-json\/wp\/v2\/product\/496","targetHints":{"allow":["GET"]}}],"collection":[{"href":"https:\/\/volovape.com\/fr\/wp-json\/wp\/v2\/product"}],"about":[{"href":"https:\/\/volovape.com\/fr\/wp-json\/wp\/v2\/types\/product"}],"replies":[{"embeddable":true,"href":"https:\/\/volovape.com\/fr\/wp-json\/wp\/v2\/comments?post=496"}],"wp:featuredmedia":[{"embeddable":true,"href":"https:\/\/volovape.com\/fr\/wp-json\/wp\/v2\/media\/798"}],"wp:attachment":[{"href":"https:\/\/volovape.com\/fr\/wp-json\/wp\/v2\/media?parent=496"}],"wp:term":[{"taxonomy":"product_brand","embeddable":true,"href":"https:\/\/volovape.com\/fr\/wp-json\/wp\/v2\/product_brand?post=496"},{"taxonomy":"product_cat","embeddable":true,"href":"https:\/\/volovape.com\/fr\/wp-json\/wp\/v2\/product_cat?post=496"},{"taxonomy":"product_tag","embeddable":true,"href":"https:\/\/volovape.com\/fr\/wp-json\/wp\/v2\/product_tag?post=496"}],"curies":[{"name":"wp","href":"https:\/\/api.w.org\/{rel}","templated":true}]}}