{"id":495,"date":"2024-11-21T03:30:07","date_gmt":"2024-11-21T03:30:07","guid":{"rendered":"https:\/\/volovape.com\/?post_type=product&#038;p=495"},"modified":"2025-12-02T13:15:47","modified_gmt":"2025-12-02T13:15:47","slug":"bang-25000-puffs","status":"publish","type":"product","link":"https:\/\/volovape.com\/fr\/product\/bang-25000-puffs\/","title":{"rendered":"Bang 25000 Puffs Vape jetable - 1.0\u03a9 Mesh Coil, Rechargeable, Display"},"content":{"rendered":"<p><iframe title=\"VideoPress Lecteur vid\u00e9o\" aria-label='VideoPress Lecteur vid\u00e9o' width='500' height='281' src='https:\/\/videopress.com\/embed\/Hmr9nGsM?hd=0&amp;cover=1' frameborder='0' allowfullscreen allow='clipboard-write'><\/iframe><script src='https:\/\/v0.wordpress.com\/js\/next\/videopress-iframe.js?m=1739540970'><\/script><\/p>\n<p><strong>Bang 25000 Puffs Vape jetable<\/strong> - Une long\u00e9vit\u00e9 et une saveur in\u00e9gal\u00e9es.<\/p>\n<p>Le <strong>Bang 25000 Puffs<\/strong> \u00e9tablit une nouvelle norme pour les vapes jetables, d\u00e9livrant jusqu'\u00e0 <strong>25 000 bouff\u00e9es<\/strong> avec un \u00e9norme <strong>Capacit\u00e9 de 25 ml d'e-liquide<\/strong>. Profitez d'une saveur riche et constante gr\u00e2ce \u00e0 la <strong>Bobine \u00e0 mailles de 1,0\u03a9<\/strong>L'\u00e9cran int\u00e9gr\u00e9 affiche les niveaux de batterie et d'e-liquide. Choisissez votre taux de nicotine pr\u00e9f\u00e9r\u00e9 parmi <strong>0%, 2%, 3% ou 5%<\/strong>. Ce dispositif est aliment\u00e9 par un <strong>Batterie rechargeable de 650mAh<\/strong> avec <strong>Chargement de type C<\/strong>Le syst\u00e8me d'alimentation en eau de l'appareil est con\u00e7u de mani\u00e8re \u00e0 garantir la fiabilit\u00e9 et la commodit\u00e9 de l'alimentation en eau. Parfait pour un usage personnel ou <strong>Vape jetable en gros<\/strong>, le <strong>Bang 25000 Puffs<\/strong> offre une valeur exceptionnelle et une exp\u00e9rience de vapotage de premier ordre. Explorez 12 saveurs uniques et envisagez une <strong>commande group\u00e9e<\/strong> pour vos besoins en mati\u00e8re de vapotage.<\/p>\n<h3><strong>Bang 25000 Puffs Caract\u00e9ristiques :<\/strong><\/h3>\n<ul>\n<li>Bouff\u00e9es : Jusqu'\u00e0 25 000<\/li>\n<li>Capacit\u00e9 E-liquide : 25ml<\/li>\n<li>Batterie : 650mAh (rechargeable)<\/li>\n<li>Chargement : Type-C<\/li>\n<li>Bobine : 1.0\u03a9 Mesh Coil<\/li>\n<li>Affichage : Affichage int\u00e9gr\u00e9 (niveaux de batterie et d'e-liquide)<\/li>\n<li>Points forts de la nicotine : 0%, 2%, 3%, 5%<\/li>\n<li>12 saveurs disponibles<\/li>\n<\/ul>\n<h4>FAQ<\/h4>\n<h5>Quel est l'avantage de l'\u00e9cran d'affichage ?<\/h5>\n<p>L'\u00e9cran d'affichage int\u00e9gr\u00e9 vous permet de contr\u00f4ler en temps r\u00e9el les niveaux de batterie et d'e-liquide restants, ce qui \u00e9limine les conjectures et vous permet de ne jamais \u00eatre pris au d\u00e9pourvu. Il s'agit d'une fonction essentielle pour maximiser votre exp\u00e9rience de vapotage et profiter de chaque bouff\u00e9e.<\/p>\n<h5>Quelles sont les m\u00e9thodes d'exp\u00e9dition utilis\u00e9es ?<\/h5>\n<p>Nous travaillons en partenariat avec des transporteurs de premier plan tels que UPS, DHL, FedEx et DPD afin d'offrir des services d'exp\u00e9dition fiables et efficaces. Nous s\u00e9lectionnons le transporteur le plus appropri\u00e9 en fonction de votre localisation afin de garantir une livraison rapide.<\/p>\n<h5>Combien de temps faut-il pour qu'il arrive ?<\/h5>\n<p>Le d\u00e9lai de livraison est g\u00e9n\u00e9ralement de 7 \u00e0 15 jours ouvrables. Veuillez compter jusqu'\u00e0 20 jours ouvrables en cas de vacances ou de conditions m\u00e9t\u00e9orologiques d\u00e9favorables.<\/p>\n<h5>Aurai-je des probl\u00e8mes de douane ou des frais suppl\u00e9mentaires ?<\/h5>\n<p>Nous nous chargeons de toutes les proc\u00e9dures de d\u00e9douanement, garantissant ainsi une livraison sans heurts et sans taxes ou frais impr\u00e9vus. Soyez assur\u00e9s que 100% de nos envois sont d\u00e9douan\u00e9s sans probl\u00e8me.<\/p>\n<h5>Puis-je faire confiance \u00e0 la qualit\u00e9 et au service ?<\/h5>\n<p>Nous proposons des options de paiement s\u00e9curis\u00e9es via PayPal, qui inclut la protection de l'acheteur. Vous pouvez \u00e9galement v\u00e9rifier notre fiabilit\u00e9 en lisant les commentaires de nos clients sur <a href=\"https:\/\/www.trustpilot.com\/review\/volovape.com?utm_medium=trustbox&amp;utm_source=TrustBoxReviewCollector\">TrustPilot<\/a>.<\/p>","protected":false},"excerpt":{"rendered":"<p>Le Bang 25000 Puffs permet de vaper longuement et savoureusement. Affichage convivial, maille de 1,0\u03a9, 25 ml, rechargeable. Parfait pour les particuliers ou les grossistes, avec diverses options de nicotine.<\/p>","protected":false},"featured_media":786,"comment_status":"open","ping_status":"closed","template":"","meta":[],"product_brand":[],"product_cat":[61,45,21,18,39,20,23,24,22,25,26,27,28,29,30,31,32,33,34,35,44,36,40],"product_tag":[],"class_list":{"0":"post-495","1":"product","2":"type-product","3":"status-publish","4":"has-post-thumbnail","6":"product_cat-bang","7":"product_cat-25000-puffs-disposable-vape","8":"product_cat-big-puffs-vapes","9":"product_cat-different-puffs-of-disposable-vapes","10":"product_cat-digital-box-vapes","11":"product_cat-disposable-vape-types","12":"product_cat-disposable-vapes-in-austria","13":"product_cat-disposable-vapes-in-belgium","14":"product_cat-disposable-vapes-in-europe","15":"product_cat-disposable-vapes-in-france","16":"product_cat-disposable-vapes-in-germany","17":"product_cat-disposable-vapes-in-hungary","18":"product_cat-disposable-vapes-in-ltaly","19":"product_cat-disposable-vapes-in-netherlands","20":"product_cat-disposable-vapes-in-norway","21":"product_cat-disposable-vapes-in-poland","22":"product_cat-disposable-vapes-in-portugal","23":"product_cat-disposable-vapes-in-spain","24":"product_cat-disposable-vapes-in-sweden","25":"product_cat-disposable-vapes-in-switzerland","26":"product_cat-dual-mesh-vapes","27":"product_cat-rechargeable-vapes","28":"product_cat-smart-screen-vapes","30":"first","31":"instock","32":"shipping-taxable","33":"purchasable","34":"product-type-variable","35":"has-default-attributes"},"jetpack_sharing_enabled":true,"tiered_pricing_type":"fixed","tiered_pricing_fixed_rules":{"30":7.160000000000000142108547152020037174224853515625,"50":6.910000000000000142108547152020037174224853515625,"100":6.1699999999999999289457264239899814128875732421875,"200":5.79999999999999982236431605997495353221893310546875,"400":5.30999999999999960920149533194489777088165283203125},"tiered_pricing_product_settings":{"layout":"default","base_unit_name":{"singular":null,"plural":null},"default_variation":null},"tiered_pricing_minimum_quantity":10,"tiered_pricing_roles_data":[],"tiered_pricing_percentage_rules":[],"tiered_pricing_maximum_quantity":null,"tiered_pricing_quantity_step":"10","_links":{"self":[{"href":"https:\/\/volovape.com\/fr\/wp-json\/wp\/v2\/product\/495","targetHints":{"allow":["GET"]}}],"collection":[{"href":"https:\/\/volovape.com\/fr\/wp-json\/wp\/v2\/product"}],"about":[{"href":"https:\/\/volovape.com\/fr\/wp-json\/wp\/v2\/types\/product"}],"replies":[{"embeddable":true,"href":"https:\/\/volovape.com\/fr\/wp-json\/wp\/v2\/comments?post=495"}],"wp:featuredmedia":[{"embeddable":true,"href":"https:\/\/volovape.com\/fr\/wp-json\/wp\/v2\/media\/786"}],"wp:attachment":[{"href":"https:\/\/volovape.com\/fr\/wp-json\/wp\/v2\/media?parent=495"}],"wp:term":[{"taxonomy":"product_brand","embeddable":true,"href":"https:\/\/volovape.com\/fr\/wp-json\/wp\/v2\/product_brand?post=495"},{"taxonomy":"product_cat","embeddable":true,"href":"https:\/\/volovape.com\/fr\/wp-json\/wp\/v2\/product_cat?post=495"},{"taxonomy":"product_tag","embeddable":true,"href":"https:\/\/volovape.com\/fr\/wp-json\/wp\/v2\/product_tag?post=495"}],"curies":[{"name":"wp","href":"https:\/\/api.w.org\/{rel}","templated":true}]}}