{"id":491,"date":"2024-11-21T03:30:07","date_gmt":"2024-11-21T03:30:07","guid":{"rendered":"https:\/\/volovape.com\/?post_type=product&#038;p=491"},"modified":"2025-07-08T04:50:17","modified_gmt":"2025-07-08T04:50:17","slug":"bang-shisha-15000-bouffees","status":"publish","type":"product","link":"https:\/\/volovape.com\/fr\/product\/bang-shisha-15000-puffs\/","title":{"rendered":"Bang SHISHA 15000 Puffs XXL Vape jetable - 0.6\u03a9 Mesh Coil, Rechargeable"},"content":{"rendered":"<p><strong>Bang SHISHA 15000 bouff\u00e9es XXL Vape jetable<\/strong> - Saveurs inspir\u00e9es du narguil\u00e9 avec un puissant coil en maille.<\/p>\n<p>D\u00e9couvrez les saveurs riches et douces de la shisha traditionnelle dans un format pratique et jetable avec la <strong>Bang SHISHA 15000 bouff\u00e9es XXL<\/strong>. Cet appareil poss\u00e8de une impressionnante capacit\u00e9 de 15 000 bouff\u00e9es, un r\u00e9servoir d'e-liquide de 25mL et une batterie rechargeable de 650mAh. La bobine \u00e0 mailles de 0,6\u03a9 est optimis\u00e9e pour des nuages denses et une saveur riche, reproduisant l'exp\u00e9rience authentique du narguil\u00e9. Choisissez parmi les taux de nicotine 0%, 2% ou 5% et profitez de 12 saveurs inspir\u00e9es de la shisha. Id\u00e9al pour un usage personnel et <strong>Vape jetable en gros<\/strong> ou <strong>commandes group\u00e9es<\/strong>.<\/p>\n<h3><strong>Bang SHISHA 15000 Puffs XXL Caract\u00e9ristiques :<\/strong><\/h3>\n<ul>\n<li>Bouff\u00e9es : Jusqu'\u00e0 15 000<\/li>\n<li>Capacit\u00e9 E-liquide : 25mL<\/li>\n<li>Batterie : 650mAh (rechargeable)<\/li>\n<li>Chargement : Type-C<\/li>\n<li>Bobine : 0.6\u03a9 Mesh Coil<\/li>\n<li>Points forts de la nicotine : 0%, 2%, 5%<\/li>\n<li>12 saveurs inspir\u00e9es de la chicha<\/li>\n<\/ul>\n<h4>FAQ<\/h4>\n<h5>Quelles sont les options d'exp\u00e9dition disponibles ?<\/h5>\n<p>Nous travaillons avec une vari\u00e9t\u00e9 de transporteurs afin de proposer des options d'exp\u00e9dition fiables. La m\u00e9thode la plus appropri\u00e9e est choisie en fonction de votre situation g\u00e9ographique afin d'assurer une livraison rapide de votre commande. <strong>vape jetable<\/strong> produits. Veuillez noter qu'en raison de la r\u00e9glementation, l'exp\u00e9dition des produits de vapotage est devenue plus restreinte et que les services de transporteurs tels que UPS, DHL et FedEx ne sont plus disponibles.<\/p>\n<h5>Quel est le d\u00e9lai de livraison standard ?<\/h5>\n<p>Le d\u00e9lai de livraison standard est g\u00e9n\u00e9ralement de 7 \u00e0 15 jours ouvrables. Veuillez tenir compte des retards \u00e9ventuels pendant les vacances ou en raison de conditions m\u00e9t\u00e9orologiques d\u00e9favorables, qui peuvent prolonger les d\u00e9lais de livraison jusqu'\u00e0 20 jours ouvrables.<\/p>\n<h5>Les proc\u00e9dures douani\u00e8res sont-elles prises en charge ?<\/h5>\n<p>Nous nous occupons des proc\u00e9dures douani\u00e8res requises pour assurer un processus de livraison sans heurts. Notre objectif est de minimiser les probl\u00e8mes potentiels, mais sachez qu'en raison des situations juridiques entourant les produits de vapotage, les agences de douane peuvent \u00e0 tout moment arr\u00eater ou suspendre un colis, et que cette situation \u00e9chappe \u00e0 notre contr\u00f4le.<\/p>\n<h5>Comment la bobine \u00e0 mailles de 0,6\u03a9 am\u00e9liore-t-elle l'exp\u00e9rience de vapotage de type shisha ?<\/h5>\n<p>La bobine de 0,6\u03a9 est sp\u00e9cialement con\u00e7ue pour produire des nuages plus grands et plus denses et pour d\u00e9livrer des saveurs riches et intenses, reproduisant ainsi le tirage doux et satisfaisant d'un narguil\u00e9 traditionnel. Cette bobine optimise la production de vapeur et la diffusion des ar\u00f4mes, offrant une exp\u00e9rience authentique de la shisha.<\/p>\n<h5>Mon achat est-il s\u00e9curis\u00e9 ?<\/h5>\n<p>Nous proposons des options de paiement s\u00e9curis\u00e9es, notamment par l'interm\u00e9diaire de plateformes telles que Paypal, qui assurent la protection de l'acheteur. Bien que les commentaires puissent aider \u00e0 la d\u00e9cision d'achat, nous n'y faisons pas directement r\u00e9f\u00e9rence.<\/p>","protected":false},"excerpt":{"rendered":"<p>Savourez les saveurs de la chicha en d\u00e9placement avec le Bang SHISHA 15000 bouff\u00e9es XXL. Maille de 0,6\u03a9, 25ml, rechargeable. Parfait pour les particuliers ou les grossistes, offrant un plaisir authentique de la shisha.<\/p>","protected":false},"featured_media":734,"comment_status":"open","ping_status":"closed","template":"","meta":[],"product_brand":[],"product_cat":[41,61,21,18,20,23,24,22,25,26,27,28,29,30,31,32,33,34,35,36,47],"product_tag":[],"class_list":{"0":"post-491","1":"product","2":"type-product","3":"status-publish","4":"has-post-thumbnail","6":"product_cat-15000-puffs-disposable-vape","7":"product_cat-bang","8":"product_cat-big-puffs-vapes","9":"product_cat-different-puffs-of-disposable-vapes","10":"product_cat-disposable-vape-types","11":"product_cat-disposable-vapes-in-austria","12":"product_cat-disposable-vapes-in-belgium","13":"product_cat-disposable-vapes-in-europe","14":"product_cat-disposable-vapes-in-france","15":"product_cat-disposable-vapes-in-germany","16":"product_cat-disposable-vapes-in-hungary","17":"product_cat-disposable-vapes-in-ltaly","18":"product_cat-disposable-vapes-in-netherlands","19":"product_cat-disposable-vapes-in-norway","20":"product_cat-disposable-vapes-in-poland","21":"product_cat-disposable-vapes-in-portugal","22":"product_cat-disposable-vapes-in-spain","23":"product_cat-disposable-vapes-in-sweden","24":"product_cat-disposable-vapes-in-switzerland","25":"product_cat-rechargeable-vapes","26":"product_cat-shisha-hookah-vapes","28":"first","29":"instock","30":"shipping-taxable","31":"purchasable","32":"product-type-variable","33":"has-default-attributes"},"jetpack_sharing_enabled":true,"tiered_pricing_type":"fixed","tiered_pricing_fixed_rules":{"2000":4.9900000000000002131628207280300557613372802734375},"tiered_pricing_product_settings":{"layout":"default","base_unit_name":{"singular":null,"plural":null},"default_variation":null},"tiered_pricing_minimum_quantity":1000,"tiered_pricing_roles_data":[],"tiered_pricing_percentage_rules":[],"tiered_pricing_maximum_quantity":null,"tiered_pricing_quantity_step":"10","_links":{"self":[{"href":"https:\/\/volovape.com\/fr\/wp-json\/wp\/v2\/product\/491","targetHints":{"allow":["GET"]}}],"collection":[{"href":"https:\/\/volovape.com\/fr\/wp-json\/wp\/v2\/product"}],"about":[{"href":"https:\/\/volovape.com\/fr\/wp-json\/wp\/v2\/types\/product"}],"replies":[{"embeddable":true,"href":"https:\/\/volovape.com\/fr\/wp-json\/wp\/v2\/comments?post=491"}],"wp:featuredmedia":[{"embeddable":true,"href":"https:\/\/volovape.com\/fr\/wp-json\/wp\/v2\/media\/734"}],"wp:attachment":[{"href":"https:\/\/volovape.com\/fr\/wp-json\/wp\/v2\/media?parent=491"}],"wp:term":[{"taxonomy":"product_brand","embeddable":true,"href":"https:\/\/volovape.com\/fr\/wp-json\/wp\/v2\/product_brand?post=491"},{"taxonomy":"product_cat","embeddable":true,"href":"https:\/\/volovape.com\/fr\/wp-json\/wp\/v2\/product_cat?post=491"},{"taxonomy":"product_tag","embeddable":true,"href":"https:\/\/volovape.com\/fr\/wp-json\/wp\/v2\/product_tag?post=491"}],"curies":[{"name":"wp","href":"https:\/\/api.w.org\/{rel}","templated":true}]}}