{"id":488,"date":"2024-11-21T03:30:07","date_gmt":"2024-11-21T03:30:07","guid":{"rendered":"https:\/\/volovape.com\/?post_type=product&#038;p=488"},"modified":"2025-07-06T04:06:38","modified_gmt":"2025-07-06T04:06:38","slug":"bang-crown-bar-18000-bouffees","status":"publish","type":"product","link":"https:\/\/volovape.com\/fr\/product\/bang-crown-bar-18000-puffs\/","title":{"rendered":"Bang Crown Bar 18000 bouff\u00e9es vape jetable bulk wholesale - rechargeable, mesh Coil"},"content":{"rendered":"<p><strong>Bang Crown Bar 18000 bouff\u00e9es Vape jetable<\/strong> - La technologie Mesh Coil permet de prolonger la dur\u00e9e d'utilisation de la lampe.<\/p>\n<p>Le <strong>Bang Crown Bar 18000 bouff\u00e9es<\/strong> offre une exp\u00e9rience de vapotage durable et satisfaisante avec jusqu'\u00e0 18 000 bouff\u00e9es et un r\u00e9servoir d'e-liquide de 24 ml. Dot\u00e9 d'une batterie rechargeable de 650mAh et d'une technologie mesh coil avanc\u00e9e, cet appareil garantit une vapeur toujours douce et savoureuse. Choisissez parmi les taux de nicotine 0%, 2%, 3% ou 5% et profitez de 15 saveurs distinctes. Sa conception portable et sans entretien le rend parfait pour une utilisation personnelle et pour les utilisateurs de tabac \u00e0 usage domestique. <strong>Vape jetable en gros<\/strong> ou <strong>commandes group\u00e9es<\/strong>.<\/p>\n<h3><strong>Bang Crown Bar 18000 Puffs Caract\u00e9ristiques :<\/strong><\/h3>\n<ul>\n<li>Bouff\u00e9es : Jusqu'\u00e0 18 000<\/li>\n<li>Capacit\u00e9 E-liquide : 24mL<\/li>\n<li>Batterie : 650mAh (rechargeable)<\/li>\n<li>Chargement : Type-C<\/li>\n<li>Bobine : Bobine de maille<\/li>\n<li>Points forts de la nicotine : 0%, 2%, 3%, 5%<\/li>\n<li>15 saveurs uniques<\/li>\n<\/ul>\n<h4>FAQ<\/h4>\n<h5>Quelles sont les options d'exp\u00e9dition habituelles ?<\/h5>\n<p>Nous travaillons avec un r\u00e9seau de transporteurs fiables pour assurer une livraison efficace de votre commande. Les m\u00e9thodes d'exp\u00e9dition sont choisies en fonction de votre situation g\u00e9ographique et garantissent l'arriv\u00e9e de votre commande dans les d\u00e9lais impartis. <strong>vape jetable<\/strong> commandes. Veuillez noter qu'en raison de la r\u00e9glementation, l'exp\u00e9dition des produits de vapotage est devenue plus restreinte et que les services de transporteurs tels que UPS, DHL et FedEx ne sont plus disponibles.<\/p>\n<h5>Quel est le d\u00e9lai de livraison standard ?<\/h5>\n<p>Le d\u00e9lai de livraison standard est g\u00e9n\u00e9ralement de 7 \u00e0 15 jours ouvrables. Veuillez tenir compte des retards \u00e9ventuels pendant les vacances ou en raison de conditions m\u00e9t\u00e9orologiques impr\u00e9vues, qui peuvent allonger les d\u00e9lais de livraison jusqu'\u00e0 20 jours ouvrables.<\/p>\n<h5>Les proc\u00e9dures douani\u00e8res sont-elles prises en charge ?<\/h5>\n<p>Nous nous occupons des proc\u00e9dures douani\u00e8res requises pour assurer un processus de livraison sans heurts. Notre objectif est de minimiser les probl\u00e8mes potentiels, mais sachez qu'en raison des situations juridiques entourant les produits de vapotage, les agences de douane peuvent \u00e0 tout moment arr\u00eater ou suspendre un colis, et que cette situation \u00e9chappe \u00e0 notre contr\u00f4le.<\/p>\n<h5>Comment la technologie avanc\u00e9e de la bobine \u00e0 mailles am\u00e9liore-t-elle l'exp\u00e9rience de vapotage ?<\/h5>\n<p>La technologie avanc\u00e9e de la bobine \u00e0 mailles est con\u00e7ue pour optimiser \u00e0 la fois la saveur et la production de vapeur. Cette configuration de bobine garantit une exp\u00e9rience de vapotage plus coh\u00e9rente et plus satisfaisante en assurant un chauffage efficace et une distribution uniforme de l'e-liquide, ce qui permet d'obtenir des saveurs plus riches et une vapeur plus douce.<\/p>\n<h5>Mon achat est-il s\u00e9curis\u00e9 ?<\/h5>\n<p>Nous privil\u00e9gions les transactions s\u00e9curis\u00e9es, notamment par le biais de plateformes de paiement telles que Paypal, qui assurent la protection de l'acheteur. Bien que les commentaires puissent aider \u00e0 la d\u00e9cision d'achat, nous ne nous y r\u00e9f\u00e9rons pas directement.<\/p>","protected":false},"excerpt":{"rendered":"<p>R\u00e9gnez en ma\u00eetre avec le Bang Crown Bar 18000 bouff\u00e9es. Bobine en maille, 24ml, rechargeable. Id\u00e9al pour les particuliers ou les grossistes, offrant une dur\u00e9e de vapotage prolong\u00e9e et une large gamme de taux de nicotine.<\/p>","protected":false},"featured_media":703,"comment_status":"open","ping_status":"closed","template":"","meta":[],"product_brand":[],"product_cat":[61,50,21,18,20,23,24,22,25,26,27,28,29,30,31,32,33,34,35,47],"product_tag":[],"class_list":{"0":"post-488","1":"product","2":"type-product","3":"status-publish","4":"has-post-thumbnail","6":"product_cat-bang","7":"product_cat-18000-puffs-disposable-vape","8":"product_cat-big-puffs-vapes","9":"product_cat-different-puffs-of-disposable-vapes","10":"product_cat-disposable-vape-types","11":"product_cat-disposable-vapes-in-austria","12":"product_cat-disposable-vapes-in-belgium","13":"product_cat-disposable-vapes-in-europe","14":"product_cat-disposable-vapes-in-france","15":"product_cat-disposable-vapes-in-germany","16":"product_cat-disposable-vapes-in-hungary","17":"product_cat-disposable-vapes-in-ltaly","18":"product_cat-disposable-vapes-in-netherlands","19":"product_cat-disposable-vapes-in-norway","20":"product_cat-disposable-vapes-in-poland","21":"product_cat-disposable-vapes-in-portugal","22":"product_cat-disposable-vapes-in-spain","23":"product_cat-disposable-vapes-in-sweden","24":"product_cat-disposable-vapes-in-switzerland","25":"product_cat-shisha-hookah-vapes","27":"first","28":"instock","29":"shipping-taxable","30":"purchasable","31":"product-type-variable","32":"has-default-attributes"},"jetpack_sharing_enabled":true,"tiered_pricing_type":"fixed","tiered_pricing_fixed_rules":{"2000":4.88999999999999968025576890795491635799407958984375},"tiered_pricing_product_settings":{"layout":"default","base_unit_name":{"singular":null,"plural":null},"default_variation":null},"tiered_pricing_minimum_quantity":1000,"tiered_pricing_roles_data":[],"tiered_pricing_percentage_rules":[],"tiered_pricing_maximum_quantity":null,"tiered_pricing_quantity_step":"10","_links":{"self":[{"href":"https:\/\/volovape.com\/fr\/wp-json\/wp\/v2\/product\/488","targetHints":{"allow":["GET"]}}],"collection":[{"href":"https:\/\/volovape.com\/fr\/wp-json\/wp\/v2\/product"}],"about":[{"href":"https:\/\/volovape.com\/fr\/wp-json\/wp\/v2\/types\/product"}],"replies":[{"embeddable":true,"href":"https:\/\/volovape.com\/fr\/wp-json\/wp\/v2\/comments?post=488"}],"wp:featuredmedia":[{"embeddable":true,"href":"https:\/\/volovape.com\/fr\/wp-json\/wp\/v2\/media\/703"}],"wp:attachment":[{"href":"https:\/\/volovape.com\/fr\/wp-json\/wp\/v2\/media?parent=488"}],"wp:term":[{"taxonomy":"product_brand","embeddable":true,"href":"https:\/\/volovape.com\/fr\/wp-json\/wp\/v2\/product_brand?post=488"},{"taxonomy":"product_cat","embeddable":true,"href":"https:\/\/volovape.com\/fr\/wp-json\/wp\/v2\/product_cat?post=488"},{"taxonomy":"product_tag","embeddable":true,"href":"https:\/\/volovape.com\/fr\/wp-json\/wp\/v2\/product_tag?post=488"}],"curies":[{"name":"wp","href":"https:\/\/api.w.org\/{rel}","templated":true}]}}