{"id":424,"date":"2024-11-21T03:29:43","date_gmt":"2024-11-21T03:29:43","guid":{"rendered":"https:\/\/volovape.com\/?post_type=product&#038;p=424"},"modified":"2025-06-19T03:44:54","modified_gmt":"2025-06-19T03:44:54","slug":"vol-vaxe-15000-bouffees","status":"publish","type":"product","link":"https:\/\/volovape.com\/fr\/product\/vaxe-flight-15000-puffs\/","title":{"rendered":"VAXE Flight 15000 Puffs Vape jetable - 1.0\u03a9 Mesh Coil, Rechargeable"},"content":{"rendered":"<p><strong>VAXE Flight 15000 bouff\u00e9es Vape jetable<\/strong> - Vaping prolong\u00e9 avec une diffusion robuste des ar\u00f4mes.<\/p>\n<p>Le <strong>VAXE Flight 15000 Puffs<\/strong> offre une exp\u00e9rience de vapotage durable et satisfaisante avec jusqu'\u00e0 15 000 bouff\u00e9es et un r\u00e9servoir d'e-liquide de 16mL. Dot\u00e9 d'une batterie rechargeable de 650mAh et d'une bobine mesh de 1,0\u03a9, cet appareil assure une production de vapeur douce et savoureuse. Avec un taux de nicotine de 5% et 10 saveurs distinctes, il s'adresse \u00e0 ceux qui recherchent une vape puissante et agr\u00e9able. Sa conception portable et pratique le rend parfait pour un usage personnel et <strong>Vape jetable en gros<\/strong> ou <strong>commande group\u00e9e<\/strong> besoins.<\/p>\n<h3><strong>VAXE Flight 15000 Puffs Caract\u00e9ristiques :<\/strong><\/h3>\n<ul>\n<li>Bouff\u00e9es : Jusqu'\u00e0 15 000<\/li>\n<li>Capacit\u00e9 E-liquide : 16mL<\/li>\n<li>Batterie : 650mAh (rechargeable)<\/li>\n<li>Chargement : Type-C<\/li>\n<li>Bobine : 1.0\u03a9 Mesh Coil<\/li>\n<li>Taux de Nicotine : 5%<\/li>\n<li>10 saveurs uniques<\/li>\n<\/ul>\n<h4>FAQ<\/h4>\n<h5>Quelles sont les options d'exp\u00e9dition disponibles ?<\/h5>\n<p>Nous travaillons en partenariat avec diff\u00e9rents transporteurs afin de proposer des options d'exp\u00e9dition fiables. La m\u00e9thode la plus appropri\u00e9e est choisie en fonction de votre situation g\u00e9ographique afin de garantir une livraison rapide de votre commande. <strong>vape jetable<\/strong> produits. Veuillez noter qu'en raison de la r\u00e9glementation, l'exp\u00e9dition des produits de vapotage est devenue plus restreinte et que les services de transporteurs tels que UPS, DHL et FedEx ne sont plus disponibles.<\/p>\n<h5>Quel est le d\u00e9lai habituel d'un envoi standard ?<\/h5>\n<p>Le d\u00e9lai de livraison standard est g\u00e9n\u00e9ralement de 7 \u00e0 15 jours ouvrables. Veuillez tenir compte des retards \u00e9ventuels pendant les vacances ou en raison de conditions m\u00e9t\u00e9orologiques d\u00e9favorables, qui peuvent allonger les d\u00e9lais de livraison jusqu'\u00e0 20 jours ouvrables.<\/p>\n<h5>Les proc\u00e9dures douani\u00e8res sont-elles prises en charge ?<\/h5>\n<p>Nous nous occupons des proc\u00e9dures douani\u00e8res requises pour assurer un processus de livraison sans heurts. Notre objectif est de minimiser les probl\u00e8mes potentiels, mais sachez qu'en raison des situations juridiques entourant les produits de vapotage, les agences de douane peuvent \u00e0 tout moment arr\u00eater ou suspendre un colis, et que cette situation \u00e9chappe \u00e0 notre contr\u00f4le.<\/p>\n<h5>Comment la bobine \u00e0 mailles de 1,0\u03a9 am\u00e9liore-t-elle l'exp\u00e9rience de vapotage ?<\/h5>\n<p>La bobine \u00e0 mailles de 1,0\u03a9 offre une surface de chauffe \u00e9quilibr\u00e9e, garantissant une chauffe homog\u00e8ne et r\u00e9guli\u00e8re de l'e-liquide. Cette conception am\u00e9liore la diffusion des ar\u00f4mes et produit une vapeur douce et satisfaisante, offrant une exp\u00e9rience de vapotage de qualit\u00e9 sup\u00e9rieure avec une forte dose de nicotine.<\/p>\n<h5>Mon achat est-il s\u00e9curis\u00e9 ?<\/h5>\n<p>Nous proposons des options de paiement s\u00e9curis\u00e9es, notamment par l'interm\u00e9diaire de plateformes telles que Paypal, qui assurent la protection de l'acheteur. Bien que les commentaires puissent aider \u00e0 la d\u00e9cision d'achat, nous n'y faisons pas directement r\u00e9f\u00e9rence.<\/p>","protected":false},"excerpt":{"rendered":"<p>Faites l'exp\u00e9rience d'une saveur \u00e9tendue avec le VAXE Flight 15000 Puffs. 1.0\u03a9 mesh coil, 16ml, rechargeable, 5% nicotine. Id\u00e9al pour le plaisir personnel ou la distribution en gros.<\/p>","protected":false},"featured_media":650,"comment_status":"open","ping_status":"closed","template":"","meta":[],"product_brand":[],"product_cat":[62,41,21,18,39,20,23,24,22,25,26,27,28,29,30,31,32,33,34,35,44,36,40],"product_tag":[],"class_list":{"0":"post-424","1":"product","2":"type-product","3":"status-publish","4":"has-post-thumbnail","6":"product_cat-vaxe","7":"product_cat-15000-puffs-disposable-vape","8":"product_cat-big-puffs-vapes","9":"product_cat-different-puffs-of-disposable-vapes","10":"product_cat-digital-box-vapes","11":"product_cat-disposable-vape-types","12":"product_cat-disposable-vapes-in-austria","13":"product_cat-disposable-vapes-in-belgium","14":"product_cat-disposable-vapes-in-europe","15":"product_cat-disposable-vapes-in-france","16":"product_cat-disposable-vapes-in-germany","17":"product_cat-disposable-vapes-in-hungary","18":"product_cat-disposable-vapes-in-ltaly","19":"product_cat-disposable-vapes-in-netherlands","20":"product_cat-disposable-vapes-in-norway","21":"product_cat-disposable-vapes-in-poland","22":"product_cat-disposable-vapes-in-portugal","23":"product_cat-disposable-vapes-in-spain","24":"product_cat-disposable-vapes-in-sweden","25":"product_cat-disposable-vapes-in-switzerland","26":"product_cat-dual-mesh-vapes","27":"product_cat-rechargeable-vapes","28":"product_cat-smart-screen-vapes","30":"first","31":"instock","32":"shipping-taxable","33":"purchasable","34":"product-type-variable","35":"has-default-attributes"},"jetpack_sharing_enabled":true,"tiered_pricing_type":"fixed","tiered_pricing_fixed_rules":{"2000":5.44000000000000039079850466805510222911834716796875},"tiered_pricing_product_settings":{"layout":"default","base_unit_name":{"singular":null,"plural":null},"default_variation":null},"tiered_pricing_minimum_quantity":1000,"tiered_pricing_roles_data":[],"tiered_pricing_percentage_rules":[],"tiered_pricing_maximum_quantity":null,"tiered_pricing_quantity_step":"10","_links":{"self":[{"href":"https:\/\/volovape.com\/fr\/wp-json\/wp\/v2\/product\/424","targetHints":{"allow":["GET"]}}],"collection":[{"href":"https:\/\/volovape.com\/fr\/wp-json\/wp\/v2\/product"}],"about":[{"href":"https:\/\/volovape.com\/fr\/wp-json\/wp\/v2\/types\/product"}],"replies":[{"embeddable":true,"href":"https:\/\/volovape.com\/fr\/wp-json\/wp\/v2\/comments?post=424"}],"wp:featuredmedia":[{"embeddable":true,"href":"https:\/\/volovape.com\/fr\/wp-json\/wp\/v2\/media\/650"}],"wp:attachment":[{"href":"https:\/\/volovape.com\/fr\/wp-json\/wp\/v2\/media?parent=424"}],"wp:term":[{"taxonomy":"product_brand","embeddable":true,"href":"https:\/\/volovape.com\/fr\/wp-json\/wp\/v2\/product_brand?post=424"},{"taxonomy":"product_cat","embeddable":true,"href":"https:\/\/volovape.com\/fr\/wp-json\/wp\/v2\/product_cat?post=424"},{"taxonomy":"product_tag","embeddable":true,"href":"https:\/\/volovape.com\/fr\/wp-json\/wp\/v2\/product_tag?post=424"}],"curies":[{"name":"wp","href":"https:\/\/api.w.org\/{rel}","templated":true}]}}