{"id":423,"date":"2024-11-21T03:29:43","date_gmt":"2024-11-21T03:29:43","guid":{"rendered":"https:\/\/volovape.com\/?post_type=product&#038;p=423"},"modified":"2025-11-03T05:04:33","modified_gmt":"2025-11-03T05:04:33","slug":"bang-king-25000-bouffees","status":"publish","type":"product","link":"https:\/\/volovape.com\/fr\/product\/bang-king-25000-puffs\/","title":{"rendered":"Bang King 25000 Puffs | rechargeable disposable vape - bulk wholesale (0%, 2%, 3%, 5% nicotine)"},"content":{"rendered":"<p>Bang King 25000 bouff\u00e9es : Vapeur jetable rechargeable - Bulk Wholesale (0%, 2%, 3%, 5% Nicotine)<br \/>\n<strong>Bang King 25000 bouff\u00e9es Vape jetable<\/strong> - Conception \u00e0 double goulot pour une d\u00e9gustation prolong\u00e9e.<\/p>\n<p>Le <strong>Bang King 25000 bouff\u00e9es<\/strong> offre une exp\u00e9rience de vapotage exceptionnelle gr\u00e2ce \u00e0 son syst\u00e8me innovant \u00e0 deux dosettes, offrant une capacit\u00e9 massive de 46 ml d'e-liquide (2 dosettes de 23 ml) et jusqu'\u00e0 25 000 bouff\u00e9es. Aliment\u00e9 par une batterie rechargeable de 650mAh et dot\u00e9 d'une bobine mesh de 1,0\u03a9, cet appareil d\u00e9livre une vapeur douce et homog\u00e8ne et une saveur riche. Choisissez parmi les taux de nicotine 0%, 2%, 3% ou 5% et profitez de 12 saveurs d\u00e9licieuses. Son chargement Type-C et la commodit\u00e9 du double pot le rendent parfait pour une utilisation personnelle et... <strong>Vape jetable en gros<\/strong> ou <strong>commandes group\u00e9es<\/strong>.<\/p>\n<h3><strong>Bang King 25000 Puffs Caract\u00e9ristiques :<\/strong><\/h3>\n<ul>\n<li>Bouff\u00e9es : Jusqu'\u00e0 25 000<\/li>\n<li>Capacit\u00e9 en e-liquide : 46mL (2 x 23mL pods)<\/li>\n<li>Batterie : 650mAh (rechargeable)<\/li>\n<li>Bobine : 1.0\u03a9 Mesh Coil<\/li>\n<li>Points forts de la nicotine : 0%, 2%, 3%, 5%<\/li>\n<li>Chargement : Type-C<\/li>\n<li>Syst\u00e8me \u00e0 double pied<\/li>\n<li>12 saveurs uniques<\/li>\n<\/ul>\n<h4>FAQ<\/h4>\n<h5>Quelles sont les options d'exp\u00e9dition disponibles ?<\/h5>\n<p>Nous travaillons avec diff\u00e9rents transporteurs afin de proposer des options d'exp\u00e9dition fiables. La m\u00e9thode la plus appropri\u00e9e est choisie en fonction de votre situation g\u00e9ographique afin de garantir une livraison rapide de votre commande. <strong>vape jetable<\/strong> produits. Veuillez noter qu'en raison de la r\u00e9glementation, l'exp\u00e9dition des produits de vapotage est devenue plus restreinte et que les services de transporteurs tels que UPS, DHL et FedEx ne sont plus disponibles.<\/p>\n<h5>Quel est le d\u00e9lai de livraison standard ?<\/h5>\n<p>Le d\u00e9lai de livraison standard est g\u00e9n\u00e9ralement de 7 \u00e0 15 jours ouvrables. Veuillez tenir compte des retards \u00e9ventuels pendant les vacances ou en raison de conditions m\u00e9t\u00e9orologiques d\u00e9favorables, qui peuvent prolonger les d\u00e9lais de livraison jusqu'\u00e0 20 jours ouvrables.<\/p>\n<h5>Les proc\u00e9dures douani\u00e8res sont-elles prises en charge ?<\/h5>\n<p>Nous nous occupons des proc\u00e9dures douani\u00e8res requises pour assurer un processus de livraison sans heurts. Notre objectif est de minimiser les probl\u00e8mes potentiels, mais sachez qu'en raison des situations juridiques entourant les produits de vapotage, les agences de douane peuvent \u00e0 tout moment arr\u00eater ou suspendre un colis, et que cette situation \u00e9chappe \u00e0 notre contr\u00f4le.<\/p>\n<h5>Comment le syst\u00e8me \u00e0 double goulot am\u00e9liore-t-il l'exp\u00e9rience de vapotage ?<\/h5>\n<p>Le syst\u00e8me dual-pod permet de passer facilement d'une dosette d'e-liquide \u00e0 une autre de 23 ml, ce qui est pratique et permet de changer d'ar\u00f4me sans avoir besoin de plusieurs appareils. Cette conception garantit une dur\u00e9e de vapotage plus longue et permet de personnaliser les ar\u00f4mes.<\/p>\n<h5>Mon achat est-il s\u00e9curis\u00e9 ?<\/h5>\n<p>Nous proposons des options de paiement s\u00e9curis\u00e9es, notamment par l'interm\u00e9diaire de plateformes telles que Paypal, qui assurent la protection de l'acheteur. Bien que les commentaires puissent aider \u00e0 la d\u00e9cision d'achat, nous n'y faisons pas directement r\u00e9f\u00e9rence.<\/p>","protected":false},"excerpt":{"rendered":"<p>Dominez le march\u00e9 de la vape jetable avec le Bang King 25000, une vape rechargeable de grande capacit\u00e9 offrant un nombre impressionnant de 25 000 bouff\u00e9es. Parfait pour les acheteurs en gros \u00e0 la recherche d'une solution de vapotage durable et savoureuse.<\/p>","protected":false},"featured_media":640,"comment_status":"open","ping_status":"closed","template":"","meta":[],"product_brand":[],"product_cat":[61,45,21,18,20,23,24,22,25,26,27,28,29,30,31,32,33,34,35,44,36],"product_tag":[],"class_list":{"0":"post-423","1":"product","2":"type-product","3":"status-publish","4":"has-post-thumbnail","6":"product_cat-bang","7":"product_cat-25000-puffs-disposable-vape","8":"product_cat-big-puffs-vapes","9":"product_cat-different-puffs-of-disposable-vapes","10":"product_cat-disposable-vape-types","11":"product_cat-disposable-vapes-in-austria","12":"product_cat-disposable-vapes-in-belgium","13":"product_cat-disposable-vapes-in-europe","14":"product_cat-disposable-vapes-in-france","15":"product_cat-disposable-vapes-in-germany","16":"product_cat-disposable-vapes-in-hungary","17":"product_cat-disposable-vapes-in-ltaly","18":"product_cat-disposable-vapes-in-netherlands","19":"product_cat-disposable-vapes-in-norway","20":"product_cat-disposable-vapes-in-poland","21":"product_cat-disposable-vapes-in-portugal","22":"product_cat-disposable-vapes-in-spain","23":"product_cat-disposable-vapes-in-sweden","24":"product_cat-disposable-vapes-in-switzerland","25":"product_cat-dual-mesh-vapes","26":"product_cat-rechargeable-vapes","28":"first","29":"instock","30":"shipping-taxable","31":"purchasable","32":"product-type-variable","33":"has-default-attributes"},"jetpack_sharing_enabled":true,"tiered_pricing_type":"fixed","tiered_pricing_fixed_rules":{"30":6.63999999999999968025576890795491635799407958984375,"50":5.9900000000000002131628207280300557613372802734375,"100":5.25,"200":4.87999999999999989341858963598497211933135986328125,"400":4.32000000000000028421709430404007434844970703125},"tiered_pricing_product_settings":{"layout":"default","base_unit_name":{"singular":null,"plural":null},"default_variation":null},"tiered_pricing_minimum_quantity":10,"tiered_pricing_roles_data":[],"tiered_pricing_percentage_rules":[],"tiered_pricing_maximum_quantity":null,"tiered_pricing_quantity_step":"10","_links":{"self":[{"href":"https:\/\/volovape.com\/fr\/wp-json\/wp\/v2\/product\/423","targetHints":{"allow":["GET"]}}],"collection":[{"href":"https:\/\/volovape.com\/fr\/wp-json\/wp\/v2\/product"}],"about":[{"href":"https:\/\/volovape.com\/fr\/wp-json\/wp\/v2\/types\/product"}],"replies":[{"embeddable":true,"href":"https:\/\/volovape.com\/fr\/wp-json\/wp\/v2\/comments?post=423"}],"wp:featuredmedia":[{"embeddable":true,"href":"https:\/\/volovape.com\/fr\/wp-json\/wp\/v2\/media\/640"}],"wp:attachment":[{"href":"https:\/\/volovape.com\/fr\/wp-json\/wp\/v2\/media?parent=423"}],"wp:term":[{"taxonomy":"product_brand","embeddable":true,"href":"https:\/\/volovape.com\/fr\/wp-json\/wp\/v2\/product_brand?post=423"},{"taxonomy":"product_cat","embeddable":true,"href":"https:\/\/volovape.com\/fr\/wp-json\/wp\/v2\/product_cat?post=423"},{"taxonomy":"product_tag","embeddable":true,"href":"https:\/\/volovape.com\/fr\/wp-json\/wp\/v2\/product_tag?post=423"}],"curies":[{"name":"wp","href":"https:\/\/api.w.org\/{rel}","templated":true}]}}