{"id":422,"date":"2024-11-21T03:29:43","date_gmt":"2024-11-21T03:29:43","guid":{"rendered":"https:\/\/volovape.com\/?post_type=product&#038;p=422"},"modified":"2026-04-22T01:04:25","modified_gmt":"2026-04-22T01:04:25","slug":"bang-king-12000-bouffees","status":"publish","type":"product","link":"https:\/\/volovape.com\/fr\/product\/bang-king-12000-puffs\/","title":{"rendered":"Bang King 12000 puffs disposable vape - good taste mesh coil vape bulk buy wholesale"},"content":{"rendered":"<p><strong>Bang King 12000 bouff\u00e9es Vape jetable<\/strong> - La technologie Smooth Mesh Coil permet de prolonger la dur\u00e9e d'utilisation.<\/p>\n<p>Le <strong>Bang King 12000 bouff\u00e9es<\/strong> offre une exp\u00e9rience de vapotage durable et satisfaisante avec jusqu'\u00e0 12 000 bouff\u00e9es et un r\u00e9servoir d'e-liquide de 20mL. Dot\u00e9 d'une batterie rechargeable de 650mAh et d'une bobine maill\u00e9e de 1,1\u03a9, cet appareil assure une production de vapeur douce et savoureuse. Choisissez parmi les taux de nicotine 0%, 2%, 3% ou 5% et profitez de 11 saveurs distinctes. Son design portable et pratique le rend parfait pour l'usage personnel et la consommation de tabac. <strong>Vape jetable en gros<\/strong> ou <strong>commande group\u00e9e<\/strong> besoins.<\/p>\n<h3><strong>Bang King 12000 Puffs Caract\u00e9ristiques :<\/strong><\/h3>\n<ul>\n<li>Bouff\u00e9es : Jusqu'\u00e0 12 000<\/li>\n<li>Capacit\u00e9 E-liquide : 20mL<\/li>\n<li>Batterie : 650mAh (rechargeable)<\/li>\n<li>Chargement : Type-C<\/li>\n<li>Bobine : Bobine en maille (1.1\u03a9)<\/li>\n<li>Points forts de la nicotine : 0%, 2%, 3%, 5%<\/li>\n<li>11 saveurs uniques<\/li>\n<\/ul>\n<h4>FAQ<\/h4>\n<h5>Quelles sont les options d'exp\u00e9dition propos\u00e9es ?<\/h5>\n<p>Nous travaillons avec une vari\u00e9t\u00e9 de transporteurs afin de proposer des options d'exp\u00e9dition fiables. La m\u00e9thode la plus appropri\u00e9e est choisie en fonction de votre situation g\u00e9ographique afin d'assurer une livraison rapide de votre commande. <strong>vape jetable<\/strong> produits. Veuillez noter qu'en raison de la r\u00e9glementation, l'exp\u00e9dition des produits de vapotage est devenue plus restreinte et que les services de transporteurs tels que UPS, DHL et FedEx ne sont plus disponibles.<\/p>\n<h5>Combien de temps dure l'exp\u00e9dition standard ?<\/h5>\n<p>Le d\u00e9lai de livraison standard est g\u00e9n\u00e9ralement de 7 \u00e0 15 jours ouvrables. Veuillez tenir compte des retards \u00e9ventuels pendant les vacances ou en raison de conditions m\u00e9t\u00e9orologiques d\u00e9favorables, qui peuvent prolonger les d\u00e9lais de livraison jusqu'\u00e0 20 jours ouvrables.<\/p>\n<h5>Les proc\u00e9dures douani\u00e8res sont-elles prises en charge ?<\/h5>\n<p>Nous nous occupons des proc\u00e9dures douani\u00e8res requises pour assurer un processus de livraison sans heurts. Notre objectif est de minimiser les probl\u00e8mes potentiels, mais sachez qu'en raison des situations juridiques entourant les produits de vapotage, les agences de douane peuvent \u00e0 tout moment arr\u00eater ou suspendre un colis, et que cette situation \u00e9chappe \u00e0 notre contr\u00f4le.<\/p>\n<h5>Comment la bobine 1.1\u03a9 mesh coil am\u00e9liore-t-elle la saveur et la production de vapeur ?<\/h5>\n<p>La bobine \u00e0 mailles de 1,1\u03a9 offre une surface de chauffe \u00e9quilibr\u00e9e, garantissant une chauffe homog\u00e8ne et r\u00e9guli\u00e8re de l'e-liquide. Cette conception am\u00e9liore la diffusion des ar\u00f4mes et produit une vapeur douce et satisfaisante, offrant une exp\u00e9rience de vapotage de premi\u00e8re qualit\u00e9.<\/p>\n<h5>Mon achat est-il s\u00e9curis\u00e9 ?<\/h5>\n<p>Nous proposons des options de paiement s\u00e9curis\u00e9es, notamment par l'interm\u00e9diaire de plateformes telles que Paypal, qui assurent la protection de l'acheteur. Bien que les commentaires puissent aider \u00e0 la d\u00e9cision d'achat, nous n'y faisons pas directement r\u00e9f\u00e9rence.<\/p>","protected":false},"excerpt":{"rendered":"<p>Savourez une saveur durable avec le Bang King 12000 Puffs. 1.1\u03a9 mesh coil, 20ml, rechargeable. Parfait pour un usage personnel ou en gros, avec des taux de nicotine vari\u00e9s.<\/p>","protected":false},"featured_media":628,"comment_status":"open","ping_status":"closed","template":"","meta":[],"product_brand":[],"product_cat":[61,38,21,18,20,23,24,22,25,26,27,28,29,30,31,32,33,34,35,36],"product_tag":[],"class_list":{"0":"post-422","1":"product","2":"type-product","3":"status-publish","4":"has-post-thumbnail","6":"product_cat-bang","7":"product_cat-12000-puffs-disposable-vape","8":"product_cat-big-puffs-vapes","9":"product_cat-different-puffs-of-disposable-vapes","10":"product_cat-disposable-vape-types","11":"product_cat-disposable-vapes-in-austria","12":"product_cat-disposable-vapes-in-belgium","13":"product_cat-disposable-vapes-in-europe","14":"product_cat-disposable-vapes-in-france","15":"product_cat-disposable-vapes-in-germany","16":"product_cat-disposable-vapes-in-hungary","17":"product_cat-disposable-vapes-in-ltaly","18":"product_cat-disposable-vapes-in-netherlands","19":"product_cat-disposable-vapes-in-norway","20":"product_cat-disposable-vapes-in-poland","21":"product_cat-disposable-vapes-in-portugal","22":"product_cat-disposable-vapes-in-spain","23":"product_cat-disposable-vapes-in-sweden","24":"product_cat-disposable-vapes-in-switzerland","25":"product_cat-rechargeable-vapes","27":"first","28":"instock","29":"shipping-taxable","30":"purchasable","31":"product-type-variable","32":"has-default-attributes"},"jetpack_sharing_enabled":true,"tiered_pricing_type":"fixed","tiered_pricing_fixed_rules":{"30":6.07000000000000028421709430404007434844970703125,"50":6.05999999999999960920149533194489777088165283203125,"100":5.88999999999999968025576890795491635799407958984375,"200":5.38999999999999968025576890795491635799407958984375,"400":4.88999999999999968025576890795491635799407958984375},"tiered_pricing_product_settings":{"layout":"default","base_unit_name":{"singular":null,"plural":null},"default_variation":null},"tiered_pricing_minimum_quantity":10,"tiered_pricing_roles_data":[],"tiered_pricing_percentage_rules":[],"tiered_pricing_maximum_quantity":null,"tiered_pricing_quantity_step":"10","_links":{"self":[{"href":"https:\/\/volovape.com\/fr\/wp-json\/wp\/v2\/product\/422","targetHints":{"allow":["GET"]}}],"collection":[{"href":"https:\/\/volovape.com\/fr\/wp-json\/wp\/v2\/product"}],"about":[{"href":"https:\/\/volovape.com\/fr\/wp-json\/wp\/v2\/types\/product"}],"replies":[{"embeddable":true,"href":"https:\/\/volovape.com\/fr\/wp-json\/wp\/v2\/comments?post=422"}],"wp:featuredmedia":[{"embeddable":true,"href":"https:\/\/volovape.com\/fr\/wp-json\/wp\/v2\/media\/628"}],"wp:attachment":[{"href":"https:\/\/volovape.com\/fr\/wp-json\/wp\/v2\/media?parent=422"}],"wp:term":[{"taxonomy":"product_brand","embeddable":true,"href":"https:\/\/volovape.com\/fr\/wp-json\/wp\/v2\/product_brand?post=422"},{"taxonomy":"product_cat","embeddable":true,"href":"https:\/\/volovape.com\/fr\/wp-json\/wp\/v2\/product_cat?post=422"},{"taxonomy":"product_tag","embeddable":true,"href":"https:\/\/volovape.com\/fr\/wp-json\/wp\/v2\/product_tag?post=422"}],"curies":[{"name":"wp","href":"https:\/\/api.w.org\/{rel}","templated":true}]}}