{"id":421,"date":"2024-11-21T03:29:43","date_gmt":"2024-11-21T03:29:43","guid":{"rendered":"https:\/\/volovape.com\/?post_type=product&#038;p=421"},"modified":"2025-07-08T04:50:02","modified_gmt":"2025-07-08T04:50:02","slug":"bang-vape-rocket-18000-bouffees","status":"publish","type":"product","link":"https:\/\/volovape.com\/fr\/product\/bang-vape-rocket-18000-puffs\/","title":{"rendered":"Bang Vape Rocket 18000 bouff\u00e9es Ecran LED 0% 2% 3% 5% Nicotine Bulk Buy Disposable Vapes Wholesale"},"content":{"rendered":"<p><strong>Bang Vape Rocket 18000 bouff\u00e9es Vape jetable<\/strong> - Vaping bi-mode avec une long\u00e9vit\u00e9 accrue.<\/p>\n<p>Faites l'exp\u00e9rience d'une polyvalence in\u00e9gal\u00e9e avec le <strong>Bang Vape Rocket 18000 bouff\u00e9es<\/strong>Il offre jusqu'\u00e0 18 000 bouff\u00e9es en mode normal et 9 000 bouff\u00e9es en mode puls\u00e9. Cet appareil est dot\u00e9 d'une g\u00e9n\u00e9reuse capacit\u00e9 de 26 ml d'e-liquide, d'une robuste batterie rechargeable de 650 mAh et d'une technologie avanc\u00e9e de bobine bi-shot \u00e0 double r\u00e9seau pour une saveur et une vapeur constantes. Choisissez parmi les taux de nicotine 0%, 2%, 3% ou 5% et profitez de 12 saveurs uniques. L'\u00e9cran num\u00e9rique LED et le chargement Type-C am\u00e9liorent la commodit\u00e9 de l'utilisateur, ce qui le rend parfait pour un usage personnel et... <strong>Vape jetable en gros<\/strong> ou <strong>commandes group\u00e9es<\/strong>.<\/p>\n<h3><strong>Bang Vape Rocket 18000 Puffs Caract\u00e9ristiques :<\/strong><\/h3>\n<ul>\n<li>Bouff\u00e9es : Jusqu'\u00e0 18 000 (mode normal), 9 000 (mode puls\u00e9)<\/li>\n<li>Capacit\u00e9 E-liquide : 26mL<\/li>\n<li>Batterie : 650mAh (rechargeable)<\/li>\n<li>Chargement : Type-C<\/li>\n<li>Bobine : Bobine Bi-Shot \u00e0 double r\u00e9seau<\/li>\n<li>Points forts de la nicotine : 0%, 2%, 3%, 5%<\/li>\n<li>Affichage num\u00e9rique LED<\/li>\n<li>12 saveurs uniques<\/li>\n<\/ul>\n<h4>FAQ<\/h4>\n<h5>Quelles sont les options d'exp\u00e9dition habituelles ?<\/h5>\n<p>Nous travaillons avec un r\u00e9seau de transporteurs fiables pour assurer une livraison efficace de votre commande. Les m\u00e9thodes d'exp\u00e9dition sont choisies en fonction de votre situation g\u00e9ographique et garantissent l'arriv\u00e9e de votre commande dans les d\u00e9lais impartis. <strong>vape jetable<\/strong> commandes. Veuillez noter qu'en raison de la r\u00e9glementation, l'exp\u00e9dition des produits de vapotage est devenue plus restreinte et que les services de transporteurs tels que UPS, DHL et FedEx ne sont plus disponibles.<\/p>\n<h5>Quel est le d\u00e9lai de livraison standard ?<\/h5>\n<p>Le d\u00e9lai de livraison standard est g\u00e9n\u00e9ralement de 7 \u00e0 15 jours ouvrables. Veuillez tenir compte des retards \u00e9ventuels pendant les vacances ou en raison de conditions m\u00e9t\u00e9orologiques impr\u00e9vues, qui peuvent allonger les d\u00e9lais de livraison jusqu'\u00e0 20 jours ouvrables.<\/p>\n<h5>Les proc\u00e9dures douani\u00e8res sont-elles prises en charge ?<\/h5>\n<p>Nous nous occupons des proc\u00e9dures douani\u00e8res requises pour assurer un processus de livraison sans heurts. Notre objectif est de minimiser les probl\u00e8mes potentiels, mais sachez qu'en raison des situations juridiques entourant les produits de vapotage, les agences de douane peuvent \u00e0 tout moment arr\u00eater ou suspendre un colis, et que cette situation \u00e9chappe \u00e0 notre contr\u00f4le.<\/p>\n<h5>Quel est l'avantage de la technologie de la bobine bi-shot \u00e0 double r\u00e9seau ?<\/h5>\n<p>La technologie de la bobine bi-shot \u00e0 double r\u00e9seau est con\u00e7ue pour optimiser \u00e0 la fois la saveur et la production de vapeur. Cette configuration avanc\u00e9e de la bobine garantit une exp\u00e9rience de vapotage plus coh\u00e9rente et plus satisfaisante en assurant un chauffage efficace et une distribution homog\u00e8ne de l'e-liquide.<\/p>\n<h5>Mon achat est-il s\u00e9curis\u00e9 ?<\/h5>\n<p>Nous privil\u00e9gions les transactions s\u00e9curis\u00e9es, notamment par le biais de plateformes de paiement telles que Paypal, qui assurent la protection de l'acheteur. Bien que les commentaires puissent aider \u00e0 la d\u00e9cision d'achat, nous ne nous y r\u00e9f\u00e9rons pas directement.<\/p>","protected":false},"excerpt":{"rendered":"<p>Bang Vape Rocket 18000 Puffs offre jusqu'\u00e0 18 000 bouff\u00e9es en mode normal, un r\u00e9servoir d'e-liquide de 26 ml et une batterie rechargeable de 650 mAh. Avec des coils bi-shot \u00e0 double r\u00e9seau, un \u00e9cran LED et 12 saveurs d\u00e9licieuses, c'est la vape longue dur\u00e9e parfaite pour toutes les pr\u00e9f\u00e9rences.<\/p>","protected":false},"featured_media":617,"comment_status":"open","ping_status":"closed","template":"","meta":[],"product_brand":[],"product_cat":[61,50,21,18,39,20,23,24,22,25,26,27,28,29,30,31,32,33,34,35,44,36,40],"product_tag":[],"class_list":{"0":"post-421","1":"product","2":"type-product","3":"status-publish","4":"has-post-thumbnail","6":"product_cat-bang","7":"product_cat-18000-puffs-disposable-vape","8":"product_cat-big-puffs-vapes","9":"product_cat-different-puffs-of-disposable-vapes","10":"product_cat-digital-box-vapes","11":"product_cat-disposable-vape-types","12":"product_cat-disposable-vapes-in-austria","13":"product_cat-disposable-vapes-in-belgium","14":"product_cat-disposable-vapes-in-europe","15":"product_cat-disposable-vapes-in-france","16":"product_cat-disposable-vapes-in-germany","17":"product_cat-disposable-vapes-in-hungary","18":"product_cat-disposable-vapes-in-ltaly","19":"product_cat-disposable-vapes-in-netherlands","20":"product_cat-disposable-vapes-in-norway","21":"product_cat-disposable-vapes-in-poland","22":"product_cat-disposable-vapes-in-portugal","23":"product_cat-disposable-vapes-in-spain","24":"product_cat-disposable-vapes-in-sweden","25":"product_cat-disposable-vapes-in-switzerland","26":"product_cat-dual-mesh-vapes","27":"product_cat-rechargeable-vapes","28":"product_cat-smart-screen-vapes","30":"first","31":"instock","32":"shipping-taxable","33":"purchasable","34":"product-type-variable","35":"has-default-attributes"},"jetpack_sharing_enabled":true,"tiered_pricing_type":"fixed","tiered_pricing_fixed_rules":{"2000":6},"tiered_pricing_product_settings":{"layout":"default","base_unit_name":{"singular":null,"plural":null},"default_variation":null},"tiered_pricing_minimum_quantity":1000,"tiered_pricing_roles_data":[],"tiered_pricing_percentage_rules":[],"tiered_pricing_maximum_quantity":null,"tiered_pricing_quantity_step":"10","_links":{"self":[{"href":"https:\/\/volovape.com\/fr\/wp-json\/wp\/v2\/product\/421","targetHints":{"allow":["GET"]}}],"collection":[{"href":"https:\/\/volovape.com\/fr\/wp-json\/wp\/v2\/product"}],"about":[{"href":"https:\/\/volovape.com\/fr\/wp-json\/wp\/v2\/types\/product"}],"replies":[{"embeddable":true,"href":"https:\/\/volovape.com\/fr\/wp-json\/wp\/v2\/comments?post=421"}],"wp:featuredmedia":[{"embeddable":true,"href":"https:\/\/volovape.com\/fr\/wp-json\/wp\/v2\/media\/617"}],"wp:attachment":[{"href":"https:\/\/volovape.com\/fr\/wp-json\/wp\/v2\/media?parent=421"}],"wp:term":[{"taxonomy":"product_brand","embeddable":true,"href":"https:\/\/volovape.com\/fr\/wp-json\/wp\/v2\/product_brand?post=421"},{"taxonomy":"product_cat","embeddable":true,"href":"https:\/\/volovape.com\/fr\/wp-json\/wp\/v2\/product_cat?post=421"},{"taxonomy":"product_tag","embeddable":true,"href":"https:\/\/volovape.com\/fr\/wp-json\/wp\/v2\/product_tag?post=421"}],"curies":[{"name":"wp","href":"https:\/\/api.w.org\/{rel}","templated":true}]}}