{"id":419,"date":"2024-11-21T03:29:43","date_gmt":"2024-11-21T03:29:43","guid":{"rendered":"https:\/\/volovape.com\/?post_type=product&#038;p=419"},"modified":"2025-11-01T06:09:25","modified_gmt":"2025-11-01T06:09:25","slug":"mrvi-gagne-30k-puffs","status":"publish","type":"product","link":"https:\/\/volovape.com\/fr\/product\/mrvi-winning-30k-puffs\/","title":{"rendered":"MRVI WINNING 30K Puffs Vape jetable - 30 000 bouff\u00e9es (2%\/5% Nicotine)"},"content":{"rendered":"<p><iframe title=\"VideoPress Lecteur vid\u00e9o\" aria-label='VideoPress Lecteur vid\u00e9o' width='500' height='281' src='https:\/\/videopress.com\/embed\/13e6MPsk?hd=0&amp;cover=1' frameborder='0' allowfullscreen allow='clipboard-write'><\/iframe><script src='https:\/\/v0.wordpress.com\/js\/next\/videopress-iframe.js?m=1739540970'><\/script><\/p>\n<p><strong>MRVI WINNING 30K Vape jetable<\/strong> - Une long\u00e9vit\u00e9 et une saveur in\u00e9gal\u00e9es.<\/p>\n<p>Le <strong>MRVI GAGNE 30K<\/strong> red\u00e9finit le vaping jetable avec une \u00e9tonnante <strong>Capacit\u00e9 de 30 000 bouff\u00e9es<\/strong> et un nombre substantiel de <strong>R\u00e9servoir d'e-liquide de 35mL<\/strong>. Aliment\u00e9 par un <strong>Batterie rechargeable de 800mAh<\/strong> et pr\u00e9sentant <em>technologie avanc\u00e9e de la bobine de maille<\/em>Cet appareil d\u00e9livre une vapeur toujours douce et savoureuse. Choisissez entre <strong>2% ou 5%, taux de nicotine<\/strong> et profiter d'une gamme vari\u00e9e de <strong>10 saveurs d\u00e9licieuses<\/strong>. Son design \u00e9l\u00e9gant et portable le rend parfait pour le vapotage en d\u00e9placement, et id\u00e9al pour <strong>Vape jetable en gros<\/strong> ou <strong>commandes group\u00e9es<\/strong>.<\/p>\n<h3><strong>MRVI WINNING 30K Caract\u00e9ristiques :<\/strong><\/h3>\n<ul>\n<li>Bouff\u00e9es : Jusqu'\u00e0 30 000<\/li>\n<li>Capacit\u00e9 en e-liquide : 35mL<\/li>\n<li>Batterie : 800mAh (rechargeable)<\/li>\n<li>Chargement : Type-C<\/li>\n<li>Bobine : Bobine de maille<\/li>\n<li>Points forts de la nicotine : 2%, 5%<\/li>\n<li>10 saveurs uniques<\/li>\n<\/ul>\n<h4>FAQ<\/h4>\n<h5>Quels sont les modes d'exp\u00e9dition disponibles ?<\/h5>\n<p>Nous travaillons avec des transporteurs de confiance tels que UPS, DHL, FedEx et DPD pour offrir une vari\u00e9t\u00e9 d'options d'exp\u00e9dition. La m\u00e9thode la plus appropri\u00e9e est s\u00e9lectionn\u00e9e en fonction de votre situation g\u00e9ographique afin de garantir une livraison rapide de votre commande. <strong>vape jetable<\/strong> produits.<\/p>\n<h5>Quel est le d\u00e9lai de livraison habituel ?<\/h5>\n<p>Le d\u00e9lai de livraison standard est g\u00e9n\u00e9ralement de 7 \u00e0 15 jours ouvrables. Veuillez compter jusqu'\u00e0 20 jours ouvrables pendant les vacances ou en cas de conditions m\u00e9t\u00e9orologiques d\u00e9favorables.<\/p>\n<h5>Aurai-je des probl\u00e8mes de douane ?<\/h5>\n<p>Nous nous chargeons de toutes les proc\u00e9dures de d\u00e9douanement, ce qui vous garantit une exp\u00e9rience sans probl\u00e8me. Vous n'aurez pas \u00e0 payer de taxes ou de frais suppl\u00e9mentaires. Nous garantissons le d\u00e9douanement 100% pour tous nos produits.<\/p>\n<h5>Comment la bobine \u00e0 mailles am\u00e9liore-t-elle l'exp\u00e9rience de vapotage ?<\/h5>\n<p>La technologie avanc\u00e9e de la bobine \u00e0 mailles offre une plus grande surface de chauffe, ce qui permet une chauffe plus homog\u00e8ne et une production de vapeur plus r\u00e9guli\u00e8re. Cela am\u00e9liore la diffusion des ar\u00f4mes et produit des nuages plus doux et plus riches, offrant une exp\u00e9rience de vapotage sup\u00e9rieure \u00e0 celle des bobines traditionnelles.<\/p>\n<h5>Mon achat est-il s\u00e9curis\u00e9 ?<\/h5>\n<p>Nous proposons des options de paiement s\u00e9curis\u00e9es via PayPal, qui inclut la protection de l'acheteur. Vous pouvez \u00e9galement consulter les commentaires de nos clients sur <a href=\"https:\/\/www.trustpilot.com\/review\/volovape.com?utm_medium=trustbox&amp;utm_source=TrustBoxReviewCollector\">TrustPilot<\/a>.<\/p>","protected":false},"excerpt":{"rendered":"<p>Gagnez gros avec MRVI WINNING 30K Puffs ! 30 000 bouff\u00e9es, 35ml, mesh coil, rechargeable. Parfait pour un usage personnel ou en gros, offrant une long\u00e9vit\u00e9 de vapotage ultime.<\/p>","protected":false},"featured_media":5822,"comment_status":"open","ping_status":"closed","template":"","meta":[],"product_brand":[],"product_cat":[55,63,21,18,39,20,23,24,22,25,26,27,28,29,30,31,32,33,34,35,44,36,40],"product_tag":[],"class_list":{"0":"post-419","1":"product","2":"type-product","3":"status-publish","4":"has-post-thumbnail","6":"product_cat-mrvi","7":"product_cat-30000-puffs-disposable-vape","8":"product_cat-big-puffs-vapes","9":"product_cat-different-puffs-of-disposable-vapes","10":"product_cat-digital-box-vapes","11":"product_cat-disposable-vape-types","12":"product_cat-disposable-vapes-in-austria","13":"product_cat-disposable-vapes-in-belgium","14":"product_cat-disposable-vapes-in-europe","15":"product_cat-disposable-vapes-in-france","16":"product_cat-disposable-vapes-in-germany","17":"product_cat-disposable-vapes-in-hungary","18":"product_cat-disposable-vapes-in-ltaly","19":"product_cat-disposable-vapes-in-netherlands","20":"product_cat-disposable-vapes-in-norway","21":"product_cat-disposable-vapes-in-poland","22":"product_cat-disposable-vapes-in-portugal","23":"product_cat-disposable-vapes-in-spain","24":"product_cat-disposable-vapes-in-sweden","25":"product_cat-disposable-vapes-in-switzerland","26":"product_cat-dual-mesh-vapes","27":"product_cat-rechargeable-vapes","28":"product_cat-smart-screen-vapes","30":"first","31":"instock","32":"shipping-taxable","33":"purchasable","34":"product-type-variable","35":"has-default-attributes"},"jetpack_sharing_enabled":true,"tiered_pricing_type":"fixed","tiered_pricing_fixed_rules":{"100":6.910000000000000142108547152020037174224853515625,"200":6.29999999999999982236431605997495353221893310546875,"400":5.9900000000000002131628207280300557613372802734375},"tiered_pricing_product_settings":{"layout":"default","base_unit_name":{"singular":null,"plural":null},"default_variation":null},"tiered_pricing_minimum_quantity":50,"tiered_pricing_roles_data":[],"tiered_pricing_percentage_rules":[],"tiered_pricing_maximum_quantity":null,"tiered_pricing_quantity_step":"10","_links":{"self":[{"href":"https:\/\/volovape.com\/fr\/wp-json\/wp\/v2\/product\/419","targetHints":{"allow":["GET"]}}],"collection":[{"href":"https:\/\/volovape.com\/fr\/wp-json\/wp\/v2\/product"}],"about":[{"href":"https:\/\/volovape.com\/fr\/wp-json\/wp\/v2\/types\/product"}],"replies":[{"embeddable":true,"href":"https:\/\/volovape.com\/fr\/wp-json\/wp\/v2\/comments?post=419"}],"wp:featuredmedia":[{"embeddable":true,"href":"https:\/\/volovape.com\/fr\/wp-json\/wp\/v2\/media\/5822"}],"wp:attachment":[{"href":"https:\/\/volovape.com\/fr\/wp-json\/wp\/v2\/media?parent=419"}],"wp:term":[{"taxonomy":"product_brand","embeddable":true,"href":"https:\/\/volovape.com\/fr\/wp-json\/wp\/v2\/product_brand?post=419"},{"taxonomy":"product_cat","embeddable":true,"href":"https:\/\/volovape.com\/fr\/wp-json\/wp\/v2\/product_cat?post=419"},{"taxonomy":"product_tag","embeddable":true,"href":"https:\/\/volovape.com\/fr\/wp-json\/wp\/v2\/product_tag?post=419"}],"curies":[{"name":"wp","href":"https:\/\/api.w.org\/{rel}","templated":true}]}}