{"id":417,"date":"2024-11-21T03:29:43","date_gmt":"2024-11-21T03:29:43","guid":{"rendered":"https:\/\/volovape.com\/?post_type=product&#038;p=417"},"modified":"2025-10-31T03:56:57","modified_gmt":"2025-10-31T03:56:57","slug":"poco-sl-15000-puffs","status":"publish","type":"product","link":"https:\/\/volovape.com\/fr\/product\/poco-sl-15000-puffs\/","title":{"rendered":"Poco SL 15000 bouff\u00e9es - rechargeable avec chargeur type-c (0-5% nicotine)"},"content":{"rendered":"<p>Poco SL 15000 Puffs Vape jetable - Airflow r\u00e9glable et rechargeable (0-5% Nicotine)<\/p>\n<p><strong>Poco SL 15000 bouff\u00e9es Vape jetable<\/strong> - Vaping personnalis\u00e9 avec flux d'air r\u00e9glable.<\/p>\n<p>Faites l'exp\u00e9rience du vaping sur mesure avec le <strong>Poco SL 15000 bouff\u00e9es<\/strong>, avec <em>d\u00e9bit d'air r\u00e9glable<\/em> pour des tirages personnalis\u00e9s et une saveur optimale. Appr\u00e9ciez jusqu'\u00e0 <strong>15 000 bouff\u00e9es<\/strong> d'un grand <strong>Capacit\u00e9 de 25 ml d'e-liquide<\/strong>, aliment\u00e9 par un <strong>Batterie rechargeable de 650mAh<\/strong> avec <strong>Chargement de type C<\/strong>. Choisissez parmi <strong>0%, 2%, 3%, ou 5% taux de nicotine<\/strong>et explorer <strong>12 saveurs uniques<\/strong>. Ce dispositif offre un m\u00e9lange de commodit\u00e9 et de personnalisation, id\u00e9al pour un usage personnel et pour <strong>Vape jetable en gros<\/strong> ou <strong>commandes group\u00e9es<\/strong>.<\/p>\n<h3><strong>Poco SL 15000 Puffs Caract\u00e9ristiques :<\/strong><\/h3>\n<ul>\n<li>Bouff\u00e9es : Jusqu'\u00e0 15 000<\/li>\n<li>Capacit\u00e9 E-liquide : 25mL<\/li>\n<li>Batterie : 650mAh (rechargeable)<\/li>\n<li>Chargement : Type-C<\/li>\n<li>Flux d'air : R\u00e9glable<\/li>\n<li>Points forts de la nicotine : 0%, 2%, 3%, 5%<\/li>\n<li>12 saveurs uniques<\/li>\n<\/ul>\n<h4>FAQ<\/h4>\n<h5>Quelles sont les options d'exp\u00e9dition habituelles ?<\/h5>\n<p>Nous utilisons des transporteurs de confiance tels que UPS, DHL, FedEx et DPD pour nous assurer que votre commande arrive rapidement. La m\u00e9thode d'exp\u00e9dition la plus efficace est s\u00e9lectionn\u00e9e en fonction de votre lieu de r\u00e9sidence, garantissant ainsi une livraison rapide de votre commande. <strong>vape jetable<\/strong> produits.<\/p>\n<h5>Quel est le d\u00e9lai de livraison habituel ?<\/h5>\n<p>Le d\u00e9lai de livraison standard est g\u00e9n\u00e9ralement de 7 \u00e0 15 jours ouvrables. Toutefois, il faut compter jusqu'\u00e0 20 jours ouvrables pendant les vacances ou en cas de conditions m\u00e9t\u00e9orologiques impr\u00e9vues.<\/p>\n<h5>Y a-t-il des probl\u00e8mes li\u00e9s aux douanes ?<\/h5>\n<p>Nous g\u00e9rons toutes les proc\u00e9dures douani\u00e8res, garantissant ainsi une exp\u00e9rience transparente sans taxes ou frais suppl\u00e9mentaires. Nous garantissons un d\u00e9douanement 100% pour tous nos produits.<\/p>\n<h5>Comment la fonction de d\u00e9bit d'air r\u00e9glable am\u00e9liore-t-elle l'exp\u00e9rience de vapotage ?<\/h5>\n<p>Le d\u00e9bit d'air r\u00e9glable vous permet de personnaliser la r\u00e9sistance \u00e0 l'aspiration, ce qui vous permet d'affiner l'\u00e9quilibre entre l'intensit\u00e9 de la saveur et la production de vapeur. Que vous pr\u00e9f\u00e9riez un tirage plus serr\u00e9 et plus concentr\u00e9 ou une vape plus l\u00e2che et plus a\u00e9r\u00e9e, cette fonction vous permet de personnaliser votre exp\u00e9rience pour qu'elle corresponde \u00e0 vos pr\u00e9f\u00e9rences.<\/p>\n<h5>Mon achat est-il s\u00e9curis\u00e9 ?<\/h5>\n<p>Nous proposons des options de paiement s\u00e9curis\u00e9es via PayPal, qui inclut la protection de l'acheteur. Vous pouvez \u00e9galement consulter les commentaires et les \u00e9valuations de nos clients sur <a href=\"https:\/\/www.trustpilot.com\/review\/volovape.com?utm_medium=trustbox&#038;utm_source=TrustBoxReviewCollector\">TrustPilot<\/a>.<\/p>","protected":false},"excerpt":{"rendered":"<p>Personnalisez votre vape avec le Poco SL 15000 Puffs. Flux d'air r\u00e9glable, 25ml, rechargeable. Livraison rapide dans l'UE ! Id\u00e9al pour un usage personnel ou en gros. Nicotine vari\u00e9e.<\/p>","protected":false},"featured_media":601,"comment_status":"open","ping_status":"closed","template":"","meta":[],"product_brand":[],"product_cat":[58,41,21,18,39,20,23,24,22,25,26,27,28,29,30,31,32,33,34,35,36,40],"product_tag":[],"class_list":{"0":"post-417","1":"product","2":"type-product","3":"status-publish","4":"has-post-thumbnail","6":"product_cat-poco","7":"product_cat-15000-puffs-disposable-vape","8":"product_cat-big-puffs-vapes","9":"product_cat-different-puffs-of-disposable-vapes","10":"product_cat-digital-box-vapes","11":"product_cat-disposable-vape-types","12":"product_cat-disposable-vapes-in-austria","13":"product_cat-disposable-vapes-in-belgium","14":"product_cat-disposable-vapes-in-europe","15":"product_cat-disposable-vapes-in-france","16":"product_cat-disposable-vapes-in-germany","17":"product_cat-disposable-vapes-in-hungary","18":"product_cat-disposable-vapes-in-ltaly","19":"product_cat-disposable-vapes-in-netherlands","20":"product_cat-disposable-vapes-in-norway","21":"product_cat-disposable-vapes-in-poland","22":"product_cat-disposable-vapes-in-portugal","23":"product_cat-disposable-vapes-in-spain","24":"product_cat-disposable-vapes-in-sweden","25":"product_cat-disposable-vapes-in-switzerland","26":"product_cat-rechargeable-vapes","27":"product_cat-smart-screen-vapes","29":"first","30":"instock","31":"shipping-taxable","32":"purchasable","33":"product-type-variable","34":"has-default-attributes"},"jetpack_sharing_enabled":true,"tiered_pricing_type":"fixed","tiered_pricing_fixed_rules":{"100":7.5,"400":7.0999999999999996447286321199499070644378662109375,"1000":7},"tiered_pricing_product_settings":{"layout":"default","base_unit_name":{"singular":null,"plural":null},"default_variation":null},"tiered_pricing_minimum_quantity":50,"tiered_pricing_roles_data":[],"tiered_pricing_percentage_rules":[],"tiered_pricing_maximum_quantity":null,"tiered_pricing_quantity_step":"10","_links":{"self":[{"href":"https:\/\/volovape.com\/fr\/wp-json\/wp\/v2\/product\/417","targetHints":{"allow":["GET"]}}],"collection":[{"href":"https:\/\/volovape.com\/fr\/wp-json\/wp\/v2\/product"}],"about":[{"href":"https:\/\/volovape.com\/fr\/wp-json\/wp\/v2\/types\/product"}],"replies":[{"embeddable":true,"href":"https:\/\/volovape.com\/fr\/wp-json\/wp\/v2\/comments?post=417"}],"wp:featuredmedia":[{"embeddable":true,"href":"https:\/\/volovape.com\/fr\/wp-json\/wp\/v2\/media\/601"}],"wp:attachment":[{"href":"https:\/\/volovape.com\/fr\/wp-json\/wp\/v2\/media?parent=417"}],"wp:term":[{"taxonomy":"product_brand","embeddable":true,"href":"https:\/\/volovape.com\/fr\/wp-json\/wp\/v2\/product_brand?post=417"},{"taxonomy":"product_cat","embeddable":true,"href":"https:\/\/volovape.com\/fr\/wp-json\/wp\/v2\/product_cat?post=417"},{"taxonomy":"product_tag","embeddable":true,"href":"https:\/\/volovape.com\/fr\/wp-json\/wp\/v2\/product_tag?post=417"}],"curies":[{"name":"wp","href":"https:\/\/api.w.org\/{rel}","templated":true}]}}