{"id":416,"date":"2024-11-21T03:29:43","date_gmt":"2024-11-21T03:29:43","guid":{"rendered":"https:\/\/volovape.com\/?post_type=product&#038;p=416"},"modified":"2026-04-08T01:50:51","modified_gmt":"2026-04-08T01:50:51","slug":"bang-vape-20000-puffs","status":"publish","type":"product","link":"https:\/\/volovape.com\/fr\/product\/bang-vape-20000-puffs\/","title":{"rendered":"Bang Vape 20000 bouff\u00e9es - affichage LED, rechargeable, mesh coil"},"content":{"rendered":"<p><strong>Bang Vape 20000 Puffs Vape jetable<\/strong> - Vapez plus longtemps gr\u00e2ce \u00e0 une technologie de pointe.<\/p>\n<p>Le <strong>Bang Vape 20000 Puffs<\/strong> \u00e9tablit une nouvelle norme pour les vapes jetables de grande capacit\u00e9, d\u00e9livrant jusqu'\u00e0 <strong>20 000 bouff\u00e9es<\/strong> avec une g\u00e9n\u00e9reuse <strong>R\u00e9servoir d'e-liquide de 25mL<\/strong>. Avec un <strong>Bobine \u00e0 mailles de 0,8\u03a9<\/strong> pour une vapeur douce et savoureuse et une <strong>Affichage num\u00e9rique LED<\/strong> pour une surveillance en temps r\u00e9el, cet appareil allie commodit\u00e9 et technologie de pointe. Vous avez le choix entre <strong>0%, 2%, 3%, ou 5% taux de nicotine<\/strong>et profiter d'un large \u00e9ventail de <strong>15 saveurs uniques<\/strong>. Les <strong>Batterie rechargeable de 650mAh<\/strong> avec <strong>Chargement de type C<\/strong> garantit des performances durables, ce qui en fait un outil id\u00e9al pour un usage personnel et un usage professionnel. <strong>Vape jetable en gros<\/strong> ou <strong>commande group\u00e9e<\/strong> besoins.<\/p>\n<h3><strong>Bang Vape 20000 Puffs Caract\u00e9ristiques :<\/strong><\/h3>\n<ul>\n<li>Bouff\u00e9es : Jusqu'\u00e0 20 000<\/li>\n<li>Capacit\u00e9 E-liquide : 25mL<\/li>\n<li>Batterie : 650mAh (rechargeable)<\/li>\n<li>Chargement : Type-C<\/li>\n<li>Bobine : 0.8\u03a9 Mesh Coil<\/li>\n<li>Afficheur : Affichage num\u00e9rique LED<\/li>\n<li>Points forts de la nicotine : 0%, 2%, 3%, 5%<\/li>\n<li>15 saveurs uniques<\/li>\n<\/ul>\n<h4>FAQ<\/h4>\n<h5>Quelles sont les m\u00e9thodes d'exp\u00e9dition utilis\u00e9es ?<\/h5>\n<p>Nous travaillons en partenariat avec des transporteurs de premier plan tels que UPS, DHL, FedEx et DPD afin de garantir une livraison rapide et fiable. La m\u00e9thode d'exp\u00e9dition la plus appropri\u00e9e est s\u00e9lectionn\u00e9e en fonction de votre lieu de r\u00e9sidence, ce qui vous garantit de recevoir votre colis en temps voulu. <strong>vape jetable<\/strong> commande le plus rapidement possible.<\/p>\n<h5>Quel est le d\u00e9lai de livraison habituel ?<\/h5>\n<p>Le d\u00e9lai de livraison standard est g\u00e9n\u00e9ralement de 7 \u00e0 15 jours ouvrables. Toutefois, il faut compter jusqu'\u00e0 20 jours ouvrables en cas de vacances ou de conditions m\u00e9t\u00e9orologiques d\u00e9favorables.<\/p>\n<h5>Aurai-je des probl\u00e8mes de douane ?<\/h5>\n<p>Nous nous chargeons de toutes les proc\u00e9dures de d\u00e9douanement, ce qui vous garantit une exp\u00e9rience sans tracas. Vous n'aurez pas \u00e0 payer de taxes ou de frais suppl\u00e9mentaires. Nous garantissons le d\u00e9douanement 100% pour tous nos produits.<\/p>\n<h5>Quelle est la pr\u00e9cision du nombre de bouff\u00e9es et de l'autonomie de la batterie affich\u00e9s sur l'\u00e9cran LED ?<\/h5>\n<p>L'\u00e9cran num\u00e9rique LED fournit des donn\u00e9es pr\u00e9cises en temps r\u00e9el sur le nombre de bouff\u00e9es et l'autonomie de la batterie. Cela vous permet de contr\u00f4ler pr\u00e9cis\u00e9ment votre utilisation et l'\u00e9tat de la batterie, et de ne jamais \u00eatre pris au d\u00e9pourvu. Vous pouvez vous fier \u00e0 la pr\u00e9cision de l'affichage pour une exp\u00e9rience de vapotage constante.<\/p>\n<h5>Puis-je me fier \u00e0 cet achat ?<\/h5>\n<p>Nous acceptons les paiements par PayPal et offrons une protection de l'acheteur pour des transactions s\u00e9curis\u00e9es. Vous pouvez \u00e9galement v\u00e9rifier notre cr\u00e9dibilit\u00e9 en consultant les avis de nos clients sur <a href=\"https:\/\/www.trustpilot.com\/review\/volovape.com?utm_medium=trustbox&amp;utm_source=TrustBoxReviewCollector\">TrustPilot<\/a>.<\/p>","protected":false},"excerpt":{"rendered":"<p>Profitez d'une combustion prolong\u00e9e et savoureuse avec Bang Vape 20000 Puffs. Affichage LED, bobine de 0,8\u03a9, 25ml, rechargeable. Parfait pour les particuliers ou les grossistes, avec diff\u00e9rentes concentrations de nicotine.<\/p>","protected":false},"featured_media":579,"comment_status":"open","ping_status":"closed","template":"","meta":[],"product_brand":[],"product_cat":[61,42,21,18,39,20,23,24,22,25,26,27,28,29,30,31,32,33,34,35,44,36,40],"product_tag":[],"class_list":{"0":"post-416","1":"product","2":"type-product","3":"status-publish","4":"has-post-thumbnail","6":"product_cat-bang","7":"product_cat-20000-puffs-disposable-vape","8":"product_cat-big-puffs-vapes","9":"product_cat-different-puffs-of-disposable-vapes","10":"product_cat-digital-box-vapes","11":"product_cat-disposable-vape-types","12":"product_cat-disposable-vapes-in-austria","13":"product_cat-disposable-vapes-in-belgium","14":"product_cat-disposable-vapes-in-europe","15":"product_cat-disposable-vapes-in-france","16":"product_cat-disposable-vapes-in-germany","17":"product_cat-disposable-vapes-in-hungary","18":"product_cat-disposable-vapes-in-ltaly","19":"product_cat-disposable-vapes-in-netherlands","20":"product_cat-disposable-vapes-in-norway","21":"product_cat-disposable-vapes-in-poland","22":"product_cat-disposable-vapes-in-portugal","23":"product_cat-disposable-vapes-in-spain","24":"product_cat-disposable-vapes-in-sweden","25":"product_cat-disposable-vapes-in-switzerland","26":"product_cat-dual-mesh-vapes","27":"product_cat-rechargeable-vapes","28":"product_cat-smart-screen-vapes","30":"first","31":"instock","32":"shipping-taxable","33":"purchasable","34":"product-type-variable","35":"has-default-attributes"},"jetpack_sharing_enabled":true,"tiered_pricing_type":"fixed","tiered_pricing_fixed_rules":{"30":6.36000000000000031974423109204508364200592041015625,"50":6.04999999999999982236431605997495353221893310546875,"100":5.30999999999999960920149533194489777088165283203125,"200":5.05999999999999960920149533194489777088165283203125,"400":4.5099999999999997868371792719699442386627197265625},"tiered_pricing_product_settings":{"layout":"default","base_unit_name":{"singular":null,"plural":null},"default_variation":null},"tiered_pricing_minimum_quantity":10,"tiered_pricing_roles_data":[],"tiered_pricing_percentage_rules":[],"tiered_pricing_maximum_quantity":null,"tiered_pricing_quantity_step":"10","_links":{"self":[{"href":"https:\/\/volovape.com\/fr\/wp-json\/wp\/v2\/product\/416","targetHints":{"allow":["GET"]}}],"collection":[{"href":"https:\/\/volovape.com\/fr\/wp-json\/wp\/v2\/product"}],"about":[{"href":"https:\/\/volovape.com\/fr\/wp-json\/wp\/v2\/types\/product"}],"replies":[{"embeddable":true,"href":"https:\/\/volovape.com\/fr\/wp-json\/wp\/v2\/comments?post=416"}],"wp:featuredmedia":[{"embeddable":true,"href":"https:\/\/volovape.com\/fr\/wp-json\/wp\/v2\/media\/579"}],"wp:attachment":[{"href":"https:\/\/volovape.com\/fr\/wp-json\/wp\/v2\/media?parent=416"}],"wp:term":[{"taxonomy":"product_brand","embeddable":true,"href":"https:\/\/volovape.com\/fr\/wp-json\/wp\/v2\/product_brand?post=416"},{"taxonomy":"product_cat","embeddable":true,"href":"https:\/\/volovape.com\/fr\/wp-json\/wp\/v2\/product_cat?post=416"},{"taxonomy":"product_tag","embeddable":true,"href":"https:\/\/volovape.com\/fr\/wp-json\/wp\/v2\/product_tag?post=416"}],"curies":[{"name":"wp","href":"https:\/\/api.w.org\/{rel}","templated":true}]}}