{"id":415,"date":"2024-11-21T03:29:43","date_gmt":"2024-11-21T03:29:43","guid":{"rendered":"https:\/\/volovape.com\/?post_type=product&#038;p=415"},"modified":"2025-08-06T07:56:39","modified_gmt":"2025-08-06T07:56:39","slug":"poco-pt-12000-puffs","status":"publish","type":"product","link":"https:\/\/volovape.com\/fr\/product\/poco-pt-12000-puffs\/","title":{"rendered":"POCO PT 12000 Puffs Vape jetable - Airflow r\u00e9glable, rechargeable"},"content":{"rendered":"<p><strong>Vapeur jetable POCO PT 12000 : Vape personnalis\u00e9e avec flux d'air r\u00e9glable.<\/strong><\/p>\n<p>Am\u00e9liorez votre exp\u00e9rience de vapotage avec le <strong>POCO PT 12000<\/strong>Le programme d'\u00e9ducation et de formation de l'UE, qui comprend jusqu'\u00e0 <strong>12 000 bouff\u00e9es<\/strong> et un nombre substantiel de <strong>Capacit\u00e9 de 22 ml d'e-liquide<\/strong>. Ce dispositif est aliment\u00e9 par un <strong>Batterie rechargeable de 650mAh<\/strong> avec <strong>Chargement de type C<\/strong> pour des performances constantes. Personnalisez votre vape avec le <strong>d\u00e9bit d'air r\u00e9glable<\/strong>Le syst\u00e8me de vapotage est un syst\u00e8me d'aspiration qui permet de passer d'un style MTL \u00e0 un style DTL afin d'obtenir une satisfaction optimale. Profitez d'un puissant <strong>5% taux de nicotine<\/strong> \u00e0 travers <strong>10 saveurs uniques<\/strong>. Id\u00e9al pour ceux qui recherchent un produit personnalisable, durable et pratique. <strong>vape jetable<\/strong>disponible pour <strong>commandes group\u00e9es<\/strong> et <strong>commerce de gros<\/strong>.<\/p>\n<h3><strong>POCO PT 12000 Caract\u00e9ristiques :<\/strong><\/h3>\n<ul>\n<li>Bouff\u00e9es : Jusqu'\u00e0 12 000<\/li>\n<li>Capacit\u00e9 E-liquide : 22ml<\/li>\n<li>Batterie : 650mAh (rechargeable)<\/li>\n<li>Chargement : Type-C<\/li>\n<li>Flux d'air : R\u00e9glable<\/li>\n<li>Taux de Nicotine : 5%<\/li>\n<li>10 options de saveurs<\/li>\n<li>Dispositif \u00e0 usage unique<\/li>\n<\/ul>\n<h4>FAQ<\/h4>\n<h5>Comment le flux d'air r\u00e9glable am\u00e9liore-t-il mon exp\u00e9rience de vapotage ?<\/h5>\n<p>La fonction de d\u00e9bit d'air r\u00e9glable vous permet de personnaliser votre tirage, offrant une polyvalence pour les styles de vapotage MTL (bouche \u00e0 poumon) et DTL (direct \u00e0 poumon). Cela signifie que vous pouvez r\u00e9gler avec pr\u00e9cision le flux d'air pour obtenir l'\u00e9quilibre que vous souhaitez entre l'intensit\u00e9 de la saveur et la production de vapeur, am\u00e9liorant ainsi votre satisfaction globale.<\/p>\n<h5>Quelles sont les m\u00e9thodes d'exp\u00e9dition utilis\u00e9es ?<\/h5>\n<p>Nous coop\u00e9rons avec UPS\/DHL\/FEDEX\/DPD, etc. Nous choisirons l'option d'exp\u00e9dition appropri\u00e9e en fonction du pays de livraison afin de nous assurer que vous recevrez vos produits le plus rapidement possible.<\/p>\n<h5>Combien de temps faut-il pour qu'il arrive ?<\/h5>\n<p>Ce d\u00e9lai est g\u00e9n\u00e9ralement de 7 \u00e0 15 jours ouvrables et peut aller jusqu'\u00e0 20 jours ouvrables les jours f\u00e9ri\u00e9s ou en cas de mauvaises conditions m\u00e9t\u00e9orologiques.<\/p>\n<h5>Peut-il passer la douane et me causera-t-il des probl\u00e8mes ?<\/h5>\n<p>Nous vous garantissons que vous n'aurez aucun probl\u00e8me puisque nous nous occupons du d\u00e9douanement et qu'il n'y aura pas de taxes ou de frais. Nous garantissons que 100% de nos produits seront d\u00e9douan\u00e9s.<\/p>\n<h5>Puis-je lui faire confiance ?<\/h5>\n<p>Nous acceptons les paiements par PayPal et le service de protection des acheteurs. Vous pouvez \u00e9galement consulter nos avis sur <a href=\"https:\/\/www.trustpilot.com\/review\/volovape.com?utm_medium=trustbox&amp;utm_source=TrustBoxReviewCollector\">TrustPilot<\/a>.<\/p>","protected":false},"excerpt":{"rendered":"<p>Personnalisez votre vape avec POCO PT 12000 Puffs. Airflow r\u00e9glable, 22ml, rechargeable, 5% nicotine. Livraison rapide dans l'UE ! Id\u00e9al pour les besoins personnels ou en gros.<\/p>","protected":false},"featured_media":567,"comment_status":"open","ping_status":"closed","template":"","meta":[],"product_brand":[],"product_cat":[36,38,21,18,20,23,24,22,25,26,27,28,29,30,31,32,33,34,35,58],"product_tag":[],"class_list":{"0":"post-415","1":"product","2":"type-product","3":"status-publish","4":"has-post-thumbnail","6":"product_cat-rechargeable-vapes","7":"product_cat-12000-puffs-disposable-vape","8":"product_cat-big-puffs-vapes","9":"product_cat-different-puffs-of-disposable-vapes","10":"product_cat-disposable-vape-types","11":"product_cat-disposable-vapes-in-austria","12":"product_cat-disposable-vapes-in-belgium","13":"product_cat-disposable-vapes-in-europe","14":"product_cat-disposable-vapes-in-france","15":"product_cat-disposable-vapes-in-germany","16":"product_cat-disposable-vapes-in-hungary","17":"product_cat-disposable-vapes-in-ltaly","18":"product_cat-disposable-vapes-in-netherlands","19":"product_cat-disposable-vapes-in-norway","20":"product_cat-disposable-vapes-in-poland","21":"product_cat-disposable-vapes-in-portugal","22":"product_cat-disposable-vapes-in-spain","23":"product_cat-disposable-vapes-in-sweden","24":"product_cat-disposable-vapes-in-switzerland","25":"product_cat-poco","27":"first","28":"instock","29":"shipping-taxable","30":"purchasable","31":"product-type-variable","32":"has-default-attributes"},"jetpack_sharing_enabled":true,"tiered_pricing_type":"fixed","tiered_pricing_fixed_rules":{"2000":6.69000000000000039079850466805510222911834716796875},"tiered_pricing_product_settings":{"layout":"default","base_unit_name":{"singular":null,"plural":null},"default_variation":null},"tiered_pricing_minimum_quantity":1000,"tiered_pricing_roles_data":[],"tiered_pricing_percentage_rules":[],"tiered_pricing_maximum_quantity":null,"tiered_pricing_quantity_step":"10","_links":{"self":[{"href":"https:\/\/volovape.com\/fr\/wp-json\/wp\/v2\/product\/415","targetHints":{"allow":["GET"]}}],"collection":[{"href":"https:\/\/volovape.com\/fr\/wp-json\/wp\/v2\/product"}],"about":[{"href":"https:\/\/volovape.com\/fr\/wp-json\/wp\/v2\/types\/product"}],"replies":[{"embeddable":true,"href":"https:\/\/volovape.com\/fr\/wp-json\/wp\/v2\/comments?post=415"}],"wp:featuredmedia":[{"embeddable":true,"href":"https:\/\/volovape.com\/fr\/wp-json\/wp\/v2\/media\/567"}],"wp:attachment":[{"href":"https:\/\/volovape.com\/fr\/wp-json\/wp\/v2\/media?parent=415"}],"wp:term":[{"taxonomy":"product_brand","embeddable":true,"href":"https:\/\/volovape.com\/fr\/wp-json\/wp\/v2\/product_brand?post=415"},{"taxonomy":"product_cat","embeddable":true,"href":"https:\/\/volovape.com\/fr\/wp-json\/wp\/v2\/product_cat?post=415"},{"taxonomy":"product_tag","embeddable":true,"href":"https:\/\/volovape.com\/fr\/wp-json\/wp\/v2\/product_tag?post=415"}],"curies":[{"name":"wp","href":"https:\/\/api.w.org\/{rel}","templated":true}]}}