{"id":414,"date":"2024-11-21T03:29:42","date_gmt":"2024-11-21T03:29:42","guid":{"rendered":"https:\/\/volovape.com\/?post_type=product&#038;p=414"},"modified":"2025-07-07T03:41:56","modified_gmt":"2025-07-07T03:41:56","slug":"elf-box-crystal-bar-600-puffs","status":"publish","type":"product","link":"https:\/\/volovape.com\/fr\/product\/elf-box-crystal-bar-600-puffs\/","title":{"rendered":"ELF BOX CRYSTAL BAR 600 Puffs Vape jetable - Compact &amp; Rechargeable"},"content":{"rendered":"<p><iframe title=\"VideoPress Lecteur vid\u00e9o\" aria-label='VideoPress Lecteur vid\u00e9o' width='421' height='750' src='https:\/\/videopress.com\/embed\/J12z3YdL?hd=0&amp;cover=1' frameborder='0' allowfullscreen allow='clipboard-write'><\/iframe><script src='https:\/\/v0.wordpress.com\/js\/next\/videopress-iframe.js?m=1739540970'><\/script><\/p>\n<h2>ELF BOX CRYSTAL BAR 600 bouff\u00e9es : Vape \u00e9l\u00e9gante, rechargeable et compacte.<\/h2>\n<p>D\u00e9couvrez les <strong>ELF BOX CRYSTAL BAR 600<\/strong>, un appareil \u00e9l\u00e9gant et portable <strong>rechargeable jetable vape<\/strong> con\u00e7u pour le style et la commodit\u00e9. Offrant jusqu'\u00e0 <strong>600 bouff\u00e9es<\/strong> avec un <strong>Capacit\u00e9 de 2 ml d'e-liquide<\/strong> et un <strong>Batterie rechargeable de 500mAh<\/strong>Cet appareil garantit une exp\u00e9rience de vapotage satisfaisante. L'\u00e9l\u00e9gante <strong>design en cristal<\/strong> et <strong>R\u00e9sistance de 1,6\u03a9<\/strong> fournissent une vapeur douce et savoureuse dans un format compact. Choisissez parmi <strong>0%, 2% ou 5% (taux de nicotine)<\/strong> et profiter <strong>13 saveurs d\u00e9licieuses<\/strong>. Id\u00e9al pour le vapotage en d\u00e9placement et parfait pour ceux qui recherchent une solution de vapotage \u00e9l\u00e9gante et sans tracas. <strong>vape jetable<\/strong>disponible pour <strong>commande group\u00e9e<\/strong> et <strong>commerce de gros<\/strong>.<\/p>\n<h3><strong>ELF BOX CRYSTAL BAR 600 Caract\u00e9ristiques :<\/strong><\/h3>\n<ul>\n<li>Bouff\u00e9es : Jusqu'\u00e0 600<\/li>\n<li>Capacit\u00e9 E-liquide : 2ml<\/li>\n<li>Batterie : 500mAh (rechargeable)<\/li>\n<li>Chargement : Type-C<\/li>\n<li>R\u00e9sistance : 1,6\u03a9<\/li>\n<li>Points forts de la nicotine : 0%, 2%, 5%<\/li>\n<li>13 options de saveurs<\/li>\n<li>Design en cristal<\/li>\n<li>Dispositif \u00e0 usage unique<\/li>\n<\/ul>\n<h4>FAQ<\/h4>\n<h5>Quels sont les avantages de la fonction rechargeable pour les utilisateurs ?<\/h5>\n<p>La batterie rechargeable de 500mAh permet aux utilisateurs de maximiser l'utilisation de l'e-liquide pr\u00e9-rempli, garantissant que vous pouvez profiter de chaque bouff\u00e9e sans craindre que la batterie ne s'\u00e9teigne pr\u00e9matur\u00e9ment. Cette caract\u00e9ristique prolonge la dur\u00e9e de vie de l'appareil et fournit une puissance constante pour une exp\u00e9rience de vapotage fiable.<\/p>\n<h5>Quelles sont les m\u00e9thodes d'exp\u00e9dition utilis\u00e9es ?<\/h5>\n<p>Nous coop\u00e9rons avec UPS\/DHL\/FEDEX\/DPD, etc. Nous choisirons l'option d'exp\u00e9dition appropri\u00e9e en fonction du pays de livraison afin de nous assurer que vous recevrez vos produits le plus rapidement possible.<\/p>\n<h5>Combien de temps faut-il pour qu'il arrive ?<\/h5>\n<p>Ce d\u00e9lai est g\u00e9n\u00e9ralement de 7 \u00e0 15 jours ouvrables et peut aller jusqu'\u00e0 20 jours ouvrables les jours f\u00e9ri\u00e9s ou en cas de mauvaises conditions m\u00e9t\u00e9orologiques.<\/p>\n<h5>Peut-il passer la douane et me causera-t-il des probl\u00e8mes ?<\/h5>\n<p>Nous vous garantissons que vous n'aurez aucun probl\u00e8me puisque nous nous occupons du d\u00e9douanement et qu'il n'y aura pas de taxes ou de frais. Nous garantissons que 100% de nos produits seront d\u00e9douan\u00e9s.<\/p>\n<h5>Puis-je lui faire confiance ?<\/h5>\n<p>Nous acceptons les paiements par PayPal et le service de protection des acheteurs. Vous pouvez \u00e9galement consulter nos avis sur <a href=\"https:\/\/www.trustpilot.com\/review\/volovape.com?utm_medium=trustbox&amp;utm_source=TrustBoxReviewCollector\">TrustPilot<\/a>.<\/p>","protected":false},"excerpt":{"rendered":"<p>Faites l'exp\u00e9rience d'un vapotage \u00e9l\u00e9gant et portable avec ELF BOX CRYSTAL BAR 600 Puffs. Rechargeable, design cristal, 2ml, r\u00e9sistance de 1,6\u03a9. Parfait pour un usage personnel ou en gros, avec une nicotine vari\u00e9e.<\/p>","protected":false},"featured_media":556,"comment_status":"open","ping_status":"closed","template":"","meta":[],"product_brand":[],"product_cat":[54,59,43,18,20,23,24,22,25,26,27,28,29,30,31,32,33,34,35,60],"product_tag":[],"class_list":{"0":"post-414","1":"product","2":"type-product","3":"status-publish","4":"has-post-thumbnail","6":"product_cat-elf-box","7":"product_cat-800-puffs-disposable-vape","8":"product_cat-crystal-vapes","9":"product_cat-different-puffs-of-disposable-vapes","10":"product_cat-disposable-vape-types","11":"product_cat-disposable-vapes-in-austria","12":"product_cat-disposable-vapes-in-belgium","13":"product_cat-disposable-vapes-in-europe","14":"product_cat-disposable-vapes-in-france","15":"product_cat-disposable-vapes-in-germany","16":"product_cat-disposable-vapes-in-hungary","17":"product_cat-disposable-vapes-in-ltaly","18":"product_cat-disposable-vapes-in-netherlands","19":"product_cat-disposable-vapes-in-norway","20":"product_cat-disposable-vapes-in-poland","21":"product_cat-disposable-vapes-in-portugal","22":"product_cat-disposable-vapes-in-spain","23":"product_cat-disposable-vapes-in-sweden","24":"product_cat-disposable-vapes-in-switzerland","25":"product_cat-mini-puffs-vapes","27":"first","28":"instock","29":"featured","30":"shipping-taxable","31":"purchasable","32":"product-type-variable","33":"has-default-attributes"},"jetpack_sharing_enabled":true,"tiered_pricing_type":"fixed","tiered_pricing_fixed_rules":{"2000":3.100000000000000088817841970012523233890533447265625},"tiered_pricing_product_settings":{"layout":"default","base_unit_name":{"singular":null,"plural":null},"default_variation":null},"tiered_pricing_minimum_quantity":1000,"tiered_pricing_roles_data":[],"tiered_pricing_percentage_rules":[],"tiered_pricing_maximum_quantity":null,"tiered_pricing_quantity_step":"10","_links":{"self":[{"href":"https:\/\/volovape.com\/fr\/wp-json\/wp\/v2\/product\/414","targetHints":{"allow":["GET"]}}],"collection":[{"href":"https:\/\/volovape.com\/fr\/wp-json\/wp\/v2\/product"}],"about":[{"href":"https:\/\/volovape.com\/fr\/wp-json\/wp\/v2\/types\/product"}],"replies":[{"embeddable":true,"href":"https:\/\/volovape.com\/fr\/wp-json\/wp\/v2\/comments?post=414"}],"wp:featuredmedia":[{"embeddable":true,"href":"https:\/\/volovape.com\/fr\/wp-json\/wp\/v2\/media\/556"}],"wp:attachment":[{"href":"https:\/\/volovape.com\/fr\/wp-json\/wp\/v2\/media?parent=414"}],"wp:term":[{"taxonomy":"product_brand","embeddable":true,"href":"https:\/\/volovape.com\/fr\/wp-json\/wp\/v2\/product_brand?post=414"},{"taxonomy":"product_cat","embeddable":true,"href":"https:\/\/volovape.com\/fr\/wp-json\/wp\/v2\/product_cat?post=414"},{"taxonomy":"product_tag","embeddable":true,"href":"https:\/\/volovape.com\/fr\/wp-json\/wp\/v2\/product_tag?post=414"}],"curies":[{"name":"wp","href":"https:\/\/api.w.org\/{rel}","templated":true}]}}