{"id":413,"date":"2024-11-21T03:29:42","date_gmt":"2024-11-21T03:29:42","guid":{"rendered":"https:\/\/volovape.com\/?post_type=product&#038;p=413"},"modified":"2025-07-07T03:41:44","modified_gmt":"2025-07-07T03:41:44","slug":"boite-a-lutins-bk12000-bouffees","status":"publish","type":"product","link":"https:\/\/volovape.com\/fr\/product\/elf-box-bk12000-puffs\/","title":{"rendered":"ELF BOX BK12000 Vape jetable - 12,000 bouff\u00e9es, 0.8\u03a9 Mesh Coil, Rechargeable"},"content":{"rendered":"<p><iframe title=\"VideoPress Lecteur vid\u00e9o\" aria-label='VideoPress Lecteur vid\u00e9o' width='421' height='750' src='https:\/\/videopress.com\/embed\/E8nSg6O6?hd=0&amp;cover=1' frameborder='0' allowfullscreen allow='clipboard-write'><\/iframe><script src='https:\/\/v0.wordpress.com\/js\/next\/videopress-iframe.js?m=1739540970'><\/script><\/p>\n<h2>ELF BOX BK12000 Vape jetable : Vape prolong\u00e9e avec la pr\u00e9cision de la bobine Mesh.<\/h2>\n<p>Faites l'exp\u00e9rience d'une satisfaction durable avec le <strong>BO\u00ceTE \u00c0 ELFES BK12000<\/strong>Le syst\u00e8me de gestion de l'information de l'Union europ\u00e9enne (UE) a \u00e9t\u00e9 mis en place pour r\u00e9pondre aux besoins de la population. <strong>12 000 bouff\u00e9es<\/strong> et une g\u00e9n\u00e9reuse <strong>Capacit\u00e9 de 23 ml d'e-liquide<\/strong>. Aliment\u00e9 par un <strong>Batterie rechargeable de 650mAh<\/strong> avec <strong>Chargement de type C<\/strong>Ce dispositif garantit des performances constantes. Les <strong>Bobine \u00e0 mailles de 0,8\u03a9<\/strong> d\u00e9livre une vapeur exceptionnellement douce et savoureuse, rehaussant chaque bouff\u00e9e. Choisissez parmi <strong>0%, 2%, 3%, ou 5% taux de nicotine<\/strong> pour personnaliser votre exp\u00e9rience. Avec <strong>12 saveurs diff\u00e9rentes<\/strong>Le ELF BOX BK12000 est parfait pour ceux qui recherchent un appareil de grande capacit\u00e9, pratique et savoureux. <strong>Vape jetable en gros<\/strong> option. Id\u00e9al \u00e0 la fois pour le plaisir personnel et pour <strong>commande group\u00e9e<\/strong> besoins.<\/p>\n<h3><strong>ELF BOX BK12000 Caract\u00e9ristiques :<\/strong><\/h3>\n<ul>\n<li>Bouff\u00e9es : Jusqu'\u00e0 12 000<\/li>\n<li>Capacit\u00e9 E-liquide : 23ml<\/li>\n<li>Batterie : 650mAh (rechargeable)<\/li>\n<li>Chargement : Type-C<\/li>\n<li>Bobine : 0.8\u03a9 Mesh Coil<\/li>\n<li>Points forts de la nicotine : 0%, 2%, 3%, 5%<\/li>\n<li>12 options de saveurs<\/li>\n<li>Dispositif \u00e0 usage unique<\/li>\n<\/ul>\n<h4>FAQ<\/h4>\n<h5>Comment la bobine \u00e0 mailles am\u00e9liore-t-elle l'exp\u00e9rience de vapotage ?<\/h5>\n<p>La bobine \u00e0 mailles de 0,8\u03a9 de l'ELF BOX BK12000 offre une plus grande surface de chauffe, ce qui permet de chauffer plus uniform\u00e9ment et d'am\u00e9liorer la diffusion des ar\u00f4mes. Cette technologie assure une production de vapeur r\u00e9guli\u00e8re et savoureuse pendant toute la dur\u00e9e de vie de l'appareil.<\/p>\n<h5>Quelles sont les m\u00e9thodes d'exp\u00e9dition utilis\u00e9es ?<\/h5>\n<p>Nous coop\u00e9rons avec UPS\/DHL\/FEDEX\/DPD, etc. Nous choisirons l'option d'exp\u00e9dition appropri\u00e9e en fonction du pays de livraison afin de nous assurer que vous recevrez vos produits le plus rapidement possible.<\/p>\n<h5>Combien de temps faut-il pour qu'il arrive ?<\/h5>\n<p>Ce d\u00e9lai est g\u00e9n\u00e9ralement de 7 \u00e0 15 jours ouvrables et peut aller jusqu'\u00e0 20 jours ouvrables les jours f\u00e9ri\u00e9s ou en cas de mauvaises conditions m\u00e9t\u00e9orologiques.<\/p>\n<h5>Peut-il passer la douane et me causera-t-il des probl\u00e8mes ?<\/h5>\n<p>Nous vous garantissons que vous n'aurez aucun probl\u00e8me puisque nous nous occupons du d\u00e9douanement et qu'il n'y aura pas de taxes ou de frais. Nous garantissons que 100% de nos produits seront d\u00e9douan\u00e9s.<\/p>\n<h5>Puis-je lui faire confiance ?<\/h5>\n<p>Nous acceptons les paiements par PayPal et le service de protection des acheteurs. Vous pouvez \u00e9galement consulter nos avis sur <a href=\"https:\/\/www.trustpilot.com\/review\/volovape.com?utm_medium=trustbox&amp;utm_source=TrustBoxReviewCollector\">TrustPilot<\/a>.<\/p>","protected":false},"excerpt":{"rendered":"<p>Profitez d'une saveur \u00e9tendue avec la ELF BOX BK12000. Maille de 0,8\u03a9, 23ml, rechargeable. Id\u00e9ale pour le plaisir personnel ou la vente en gros, elle offre une vapeur douce et divers taux de nicotine.<\/p>","protected":false},"featured_media":545,"comment_status":"open","ping_status":"closed","template":"","meta":[],"product_brand":[],"product_cat":[54,38,21,18,20,23,24,22,25,26,27,28,29,30,31,32,33,34,35,36],"product_tag":[],"class_list":{"0":"post-413","1":"product","2":"type-product","3":"status-publish","4":"has-post-thumbnail","6":"product_cat-elf-box","7":"product_cat-12000-puffs-disposable-vape","8":"product_cat-big-puffs-vapes","9":"product_cat-different-puffs-of-disposable-vapes","10":"product_cat-disposable-vape-types","11":"product_cat-disposable-vapes-in-austria","12":"product_cat-disposable-vapes-in-belgium","13":"product_cat-disposable-vapes-in-europe","14":"product_cat-disposable-vapes-in-france","15":"product_cat-disposable-vapes-in-germany","16":"product_cat-disposable-vapes-in-hungary","17":"product_cat-disposable-vapes-in-ltaly","18":"product_cat-disposable-vapes-in-netherlands","19":"product_cat-disposable-vapes-in-norway","20":"product_cat-disposable-vapes-in-poland","21":"product_cat-disposable-vapes-in-portugal","22":"product_cat-disposable-vapes-in-spain","23":"product_cat-disposable-vapes-in-sweden","24":"product_cat-disposable-vapes-in-switzerland","25":"product_cat-rechargeable-vapes","27":"first","28":"instock","29":"shipping-taxable","30":"purchasable","31":"product-type-variable","32":"has-default-attributes"},"jetpack_sharing_enabled":true,"tiered_pricing_type":"fixed","tiered_pricing_fixed_rules":{"2000":5.9900000000000002131628207280300557613372802734375},"tiered_pricing_product_settings":{"layout":"default","base_unit_name":{"singular":null,"plural":null},"default_variation":null},"tiered_pricing_minimum_quantity":1000,"tiered_pricing_roles_data":[],"tiered_pricing_percentage_rules":[],"tiered_pricing_maximum_quantity":null,"tiered_pricing_quantity_step":"10","_links":{"self":[{"href":"https:\/\/volovape.com\/fr\/wp-json\/wp\/v2\/product\/413","targetHints":{"allow":["GET"]}}],"collection":[{"href":"https:\/\/volovape.com\/fr\/wp-json\/wp\/v2\/product"}],"about":[{"href":"https:\/\/volovape.com\/fr\/wp-json\/wp\/v2\/types\/product"}],"replies":[{"embeddable":true,"href":"https:\/\/volovape.com\/fr\/wp-json\/wp\/v2\/comments?post=413"}],"wp:featuredmedia":[{"embeddable":true,"href":"https:\/\/volovape.com\/fr\/wp-json\/wp\/v2\/media\/545"}],"wp:attachment":[{"href":"https:\/\/volovape.com\/fr\/wp-json\/wp\/v2\/media?parent=413"}],"wp:term":[{"taxonomy":"product_brand","embeddable":true,"href":"https:\/\/volovape.com\/fr\/wp-json\/wp\/v2\/product_brand?post=413"},{"taxonomy":"product_cat","embeddable":true,"href":"https:\/\/volovape.com\/fr\/wp-json\/wp\/v2\/product_cat?post=413"},{"taxonomy":"product_tag","embeddable":true,"href":"https:\/\/volovape.com\/fr\/wp-json\/wp\/v2\/product_tag?post=413"}],"curies":[{"name":"wp","href":"https:\/\/api.w.org\/{rel}","templated":true}]}}