{"id":409,"date":"2024-11-21T03:29:42","date_gmt":"2024-11-21T03:29:42","guid":{"rendered":"https:\/\/volovape.com\/?post_type=product&#038;p=409"},"modified":"2025-07-07T03:40:57","modified_gmt":"2025-07-07T03:40:57","slug":"mrvi-tornado-9000-puffs","status":"publish","type":"product","link":"https:\/\/volovape.com\/fr\/product\/mrvi-tornado-9000-puffs\/","title":{"rendered":"MRVI Tornado 9000 Puffs Vape jetable - Mesh Coil, Rechargeable"},"content":{"rendered":"<p><strong>MRVI Tornado 9000 Puffs Vape jetable<\/strong> - Fiabilit\u00e9 et saveur gr\u00e2ce \u00e0 la technologie avanc\u00e9e de la bobine en maille.<\/p>\n<p>Le <strong>MRVI Tornado 9000<\/strong> La vape jetable offre une exp\u00e9rience de vaporisation prolong\u00e9e et de haute qualit\u00e9 avec jusqu'\u00e0 <strong>9 000 bouff\u00e9es<\/strong> et un <strong>R\u00e9servoir d'e-liquide de 18ml<\/strong>. Aliment\u00e9 par un <strong>Batterie rechargeable de 600mAh<\/strong> et pr\u00e9sentant <strong>Chargement de type C<\/strong>Ce dispositif garantit des performances constantes. Les <strong>technologie avanc\u00e9e de la bobine de maille<\/strong> d\u00e9livre une vapeur douce, riche et savoureuse. Choisissez parmi <strong>0%, 2%, 3%, ou 5% taux de nicotine<\/strong> pour r\u00e9pondre \u00e0 vos pr\u00e9f\u00e9rences. Avec <strong>10 saveurs d\u00e9licieuses<\/strong>Le MRVI Tornado 9000 est parfait pour <strong>Vape jetable en gros<\/strong>, <strong>commandes group\u00e9es<\/strong>ou <strong>usage personnel<\/strong>.<\/p>\n<h3><strong>MRVI Tornado 9000 Caract\u00e9ristiques :<\/strong><\/h3>\n<ul>\n<li>Bouff\u00e9es : Jusqu'\u00e0 9 000 bouff\u00e9es<\/li>\n<li>Capacit\u00e9 E-liquide : 18mL<\/li>\n<li>Batterie : 600mAh (rechargeable)<\/li>\n<li>Chargement : Type-C<\/li>\n<li>Bobine : Bobine de maille<\/li>\n<li>Points forts de la nicotine : 0%, 2%, 3%, 5%<\/li>\n<li>Saveurs : 10 options uniques<\/li>\n<li>Dispositif \u00e0 usage unique<\/li>\n<\/ul>\n<h4>FAQ<\/h4>\n<h5>Comment la technologie avanc\u00e9e de la bobine \u00e0 mailles am\u00e9liore-t-elle l'exp\u00e9rience de vapotage ?<\/h5>\n<p>La conception avanc\u00e9e de la bobine \u00e0 mailles augmente la surface de chauffe, assurant une distribution uniforme de la chaleur et maximisant la vaporisation de l'e-liquide. Il en r\u00e9sulte des saveurs plus riches et plus intenses et des nuages de vapeur plus denses, offrant une exp\u00e9rience de vapotage sup\u00e9rieure \u00e0 celle des bobines traditionnelles.<\/p>\n<h5>Quelles sont les m\u00e9thodes d'exp\u00e9dition utilis\u00e9es ?<\/h5>\n<p>Nous travaillons en partenariat avec des transporteurs fiables tels que UPS, DHL, FedEx et DPD afin de garantir une livraison rapide et s\u00fbre de votre commande. La m\u00e9thode d'exp\u00e9dition la plus efficace est s\u00e9lectionn\u00e9e en fonction de votre localisation afin d'optimiser la rapidit\u00e9 et la fiabilit\u00e9 de la livraison.<\/p>\n<h5>Quel est le d\u00e9lai de livraison de ma commande ?<\/h5>\n<p>Le d\u00e9lai de livraison est g\u00e9n\u00e9ralement de 7 \u00e0 15 jours ouvrables. Toutefois, il faut compter jusqu'\u00e0 20 jours ouvrables en cas de vacances ou de conditions m\u00e9t\u00e9orologiques d\u00e9favorables, ce qui peut entra\u00eener de l\u00e9gers retards dans le transport.<\/p>\n<h5>Aurai-je des probl\u00e8mes de douane ou des frais suppl\u00e9mentaires ?<\/h5>\n<p>Nous nous chargeons de toutes les proc\u00e9dures de d\u00e9douanement, ce qui vous garantit une exp\u00e9rience sans probl\u00e8me. Vous n'aurez pas \u00e0 payer de taxes ou de frais suppl\u00e9mentaires. Nous veillons \u00e0 ce que 100% de nos produits soient d\u00e9douan\u00e9s avec succ\u00e8s.<\/p>\n<h5>Les achats effectu\u00e9s sur votre site sont-ils s\u00fbrs et fiables ?<\/h5>\n<p>Oui, nous proposons des transactions PayPal s\u00e9curis\u00e9es avec protection de l'acheteur. Vous pouvez \u00e9galement v\u00e9rifier notre fiabilit\u00e9 en consultant les avis de nos clients sur <a href=\"https:\/\/www.trustpilot.com\/review\/volovape.com?utm_medium=trustbox&amp;utm_source=TrustBoxReviewCollector\">TrustPilot<\/a>o\u00f9 vous trouverez des t\u00e9moignages de clients satisfaits.<\/p>","protected":false},"excerpt":{"rendered":"<p>Tourbillonnez dans une saveur durable avec les bouff\u00e9es MRVI Tornado 9000. Maille avanc\u00e9e, 18ml, rechargeable. Parfait pour le plaisir personnel ou la vente en gros, offrant une vapeur douce et diverses options de nicotine.<\/p>","protected":false},"featured_media":502,"comment_status":"open","ping_status":"closed","template":"","meta":[],"product_brand":[],"product_cat":[55,48,21,18,20,23,24,22,25,26,27,28,29,30,31,32,33,34,35,36],"product_tag":[],"class_list":{"0":"post-409","1":"product","2":"type-product","3":"status-publish","4":"has-post-thumbnail","6":"product_cat-mrvi","7":"product_cat-9000-puffs-disposable-vape","8":"product_cat-big-puffs-vapes","9":"product_cat-different-puffs-of-disposable-vapes","10":"product_cat-disposable-vape-types","11":"product_cat-disposable-vapes-in-austria","12":"product_cat-disposable-vapes-in-belgium","13":"product_cat-disposable-vapes-in-europe","14":"product_cat-disposable-vapes-in-france","15":"product_cat-disposable-vapes-in-germany","16":"product_cat-disposable-vapes-in-hungary","17":"product_cat-disposable-vapes-in-ltaly","18":"product_cat-disposable-vapes-in-netherlands","19":"product_cat-disposable-vapes-in-norway","20":"product_cat-disposable-vapes-in-poland","21":"product_cat-disposable-vapes-in-portugal","22":"product_cat-disposable-vapes-in-spain","23":"product_cat-disposable-vapes-in-sweden","24":"product_cat-disposable-vapes-in-switzerland","25":"product_cat-rechargeable-vapes","27":"first","28":"instock","29":"shipping-taxable","30":"purchasable","31":"product-type-variable","32":"has-default-attributes"},"jetpack_sharing_enabled":true,"tiered_pricing_type":"fixed","tiered_pricing_fixed_rules":{"2000":5.589999999999999857891452847979962825775146484375},"tiered_pricing_product_settings":{"layout":"default","base_unit_name":{"singular":null,"plural":null},"default_variation":null},"tiered_pricing_minimum_quantity":1000,"tiered_pricing_roles_data":[],"tiered_pricing_percentage_rules":[],"tiered_pricing_maximum_quantity":null,"tiered_pricing_quantity_step":"10","_links":{"self":[{"href":"https:\/\/volovape.com\/fr\/wp-json\/wp\/v2\/product\/409","targetHints":{"allow":["GET"]}}],"collection":[{"href":"https:\/\/volovape.com\/fr\/wp-json\/wp\/v2\/product"}],"about":[{"href":"https:\/\/volovape.com\/fr\/wp-json\/wp\/v2\/types\/product"}],"replies":[{"embeddable":true,"href":"https:\/\/volovape.com\/fr\/wp-json\/wp\/v2\/comments?post=409"}],"wp:featuredmedia":[{"embeddable":true,"href":"https:\/\/volovape.com\/fr\/wp-json\/wp\/v2\/media\/502"}],"wp:attachment":[{"href":"https:\/\/volovape.com\/fr\/wp-json\/wp\/v2\/media?parent=409"}],"wp:term":[{"taxonomy":"product_brand","embeddable":true,"href":"https:\/\/volovape.com\/fr\/wp-json\/wp\/v2\/product_brand?post=409"},{"taxonomy":"product_cat","embeddable":true,"href":"https:\/\/volovape.com\/fr\/wp-json\/wp\/v2\/product_cat?post=409"},{"taxonomy":"product_tag","embeddable":true,"href":"https:\/\/volovape.com\/fr\/wp-json\/wp\/v2\/product_tag?post=409"}],"curies":[{"name":"wp","href":"https:\/\/api.w.org\/{rel}","templated":true}]}}