{"id":408,"date":"2024-11-21T03:29:42","date_gmt":"2024-11-21T03:29:42","guid":{"rendered":"https:\/\/volovape.com\/?post_type=product&#038;p=408"},"modified":"2025-08-20T02:44:51","modified_gmt":"2025-08-20T02:44:51","slug":"mrvi-vient-10000-bouffees","status":"publish","type":"product","link":"https:\/\/volovape.com\/fr\/product\/mrvi-coming-10000-puffs\/","title":{"rendered":"MRVI Coming 10000 puffs disposable vape with 0.9\u03a9 mesh coil and power display"},"content":{"rendered":"<p><strong>MRVI Coming 10000 Puffs Vape jetable<\/strong> - Vaping fiable gr\u00e2ce \u00e0 l'affichage de la puissance et \u00e0 la pr\u00e9cision de la bobine Mesh.<\/p>\n<p>Le <strong>MRVI A venir 10000<\/strong> La vape jetable offre une exp\u00e9rience de vapotage fiable et prolong\u00e9e avec jusqu'\u00e0 <strong>10 000 bouff\u00e9es<\/strong> et un <strong>R\u00e9servoir d'e-liquide de 19ml<\/strong>. Aliment\u00e9 par un <strong>Batterie rechargeable de 650mAh<\/strong> et pr\u00e9sentant <strong>Chargement de type C<\/strong>Ce dispositif garantit des performances constantes. Les <strong>Bobine \u00e0 mailles de 0,9\u03a9<\/strong> d\u00e9livre une vapeur douce, riche et savoureuse. Le syst\u00e8me de vaporisation <strong>affichage de l'\u00e9cran de contr\u00f4le<\/strong> permet de contr\u00f4ler en temps r\u00e9el l'autonomie de la batterie et les niveaux d'e-liquide pour plus de commodit\u00e9. Choisissez parmi <strong>0%, 2%, 3%, ou 5% taux de nicotine<\/strong> pour r\u00e9pondre \u00e0 vos pr\u00e9f\u00e9rences. Avec <strong>8 d\u00e9licieuses options de saveurs<\/strong>Le MRVI Coming 10000 est parfait pour <strong>Vape jetable en gros<\/strong>, <strong>commandes group\u00e9es<\/strong>ou <strong>usage personnel<\/strong>.<\/p>\n<h3><strong>MRVI Coming 10000 Caract\u00e9ristiques :<\/strong><\/h3>\n<ul>\n<li>Bouff\u00e9es : Jusqu'\u00e0 10 000 bouff\u00e9es<\/li>\n<li>Capacit\u00e9 E-liquide : 19mL<\/li>\n<li>Batterie : 650mAh (rechargeable)<\/li>\n<li>Chargement : Type-C<\/li>\n<li>Bobine : 0.9\u03a9 Mesh Coil<\/li>\n<li>Affichage : \u00c9cran d'alimentation (niveaux de batterie et d'e-liquide)<\/li>\n<li>Points forts de la nicotine : 0%, 2%, 3%, 5%<\/li>\n<li>Saveurs : 8 options uniques<\/li>\n<li>Dispositif \u00e0 usage unique<\/li>\n<\/ul>\n<h4>FAQ<\/h4>\n<h5>Quels sont les avantages de l'\u00e9cran g\u00e9ant pour les utilisateurs ?<\/h5>\n<p>L'\u00e9cran d'alimentation offre une visibilit\u00e9 instantan\u00e9e de l'autonomie de la batterie et des niveaux d'e-liquide, ce qui permet aux utilisateurs de surveiller l'\u00e9tat de leur appareil et d'\u00e9viter les interruptions inattendues. Cette fonction am\u00e9liore la commodit\u00e9 et garantit une exp\u00e9rience de vapotage plus contr\u00f4l\u00e9e.<\/p>\n<h5>Quelles sont les m\u00e9thodes d'exp\u00e9dition utilis\u00e9es ?<\/h5>\n<p>Nous travaillons en partenariat avec des transporteurs fiables tels que UPS, DHL, FedEx et DPD afin de garantir une livraison rapide et s\u00fbre de votre commande. La m\u00e9thode d'exp\u00e9dition la plus efficace est s\u00e9lectionn\u00e9e en fonction de votre localisation afin d'optimiser la rapidit\u00e9 et la fiabilit\u00e9 de la livraison.<\/p>\n<h5>Quel est le d\u00e9lai de livraison de ma commande ?<\/h5>\n<p>Le d\u00e9lai de livraison est g\u00e9n\u00e9ralement de 7 \u00e0 15 jours ouvrables. Toutefois, il faut compter jusqu'\u00e0 20 jours ouvrables en cas de vacances ou de conditions m\u00e9t\u00e9orologiques d\u00e9favorables, ce qui peut entra\u00eener de l\u00e9gers retards dans le transport.<\/p>\n<h5>Aurai-je des probl\u00e8mes de douane ou des frais suppl\u00e9mentaires ?<\/h5>\n<p>Nous nous chargeons de toutes les proc\u00e9dures de d\u00e9douanement, ce qui vous garantit une exp\u00e9rience sans probl\u00e8me. Vous n'aurez pas \u00e0 payer de taxes ou de frais suppl\u00e9mentaires. Nous veillons \u00e0 ce que 100% de nos produits soient d\u00e9douan\u00e9s avec succ\u00e8s.<\/p>\n<h5>Les achats effectu\u00e9s sur votre site sont-ils s\u00fbrs et fiables ?<\/h5>\n<p>Oui, nous proposons des transactions PayPal s\u00e9curis\u00e9es avec protection de l'acheteur. Vous pouvez \u00e9galement v\u00e9rifier notre fiabilit\u00e9 en consultant les avis de nos clients sur <a href=\"https:\/\/www.trustpilot.com\/review\/volovape.com?utm_medium=trustbox&amp;utm_source=TrustBoxReviewCollector\">TrustPilot<\/a>o\u00f9 vous trouverez des t\u00e9moignages de clients satisfaits.<\/p>","protected":false},"excerpt":{"rendered":"<p>Anticipez une saveur durable avec le MRVI Coming 10000 Puffs. \u00c9cran d'affichage, maille de 0,9\u03a9, 19ml, rechargeable. Id\u00e9al pour les particuliers ou les grossistes, offrant une vapeur douce et diverses options de nicotine.<\/p>","protected":false},"featured_media":476,"comment_status":"open","ping_status":"closed","template":"","meta":[],"product_brand":[],"product_cat":[33,57,21,43,18,39,20,23,24,22,25,26,27,28,29,30,31,32,34,35,55,36,40],"product_tag":[],"class_list":{"0":"post-408","1":"product","2":"type-product","3":"status-publish","4":"has-post-thumbnail","6":"product_cat-disposable-vapes-in-spain","7":"product_cat-10000-puffs-disposable-vape","8":"product_cat-big-puffs-vapes","9":"product_cat-crystal-vapes","10":"product_cat-different-puffs-of-disposable-vapes","11":"product_cat-digital-box-vapes","12":"product_cat-disposable-vape-types","13":"product_cat-disposable-vapes-in-austria","14":"product_cat-disposable-vapes-in-belgium","15":"product_cat-disposable-vapes-in-europe","16":"product_cat-disposable-vapes-in-france","17":"product_cat-disposable-vapes-in-germany","18":"product_cat-disposable-vapes-in-hungary","19":"product_cat-disposable-vapes-in-ltaly","20":"product_cat-disposable-vapes-in-netherlands","21":"product_cat-disposable-vapes-in-norway","22":"product_cat-disposable-vapes-in-poland","23":"product_cat-disposable-vapes-in-portugal","24":"product_cat-disposable-vapes-in-sweden","25":"product_cat-disposable-vapes-in-switzerland","26":"product_cat-mrvi","27":"product_cat-rechargeable-vapes","28":"product_cat-smart-screen-vapes","30":"first","31":"instock","32":"shipping-taxable","33":"purchasable","34":"product-type-variable","35":"has-default-attributes"},"jetpack_sharing_enabled":true,"tiered_pricing_type":"fixed","tiered_pricing_fixed_rules":{"2000":4.75},"tiered_pricing_product_settings":{"layout":"default","base_unit_name":{"singular":null,"plural":null},"default_variation":null},"tiered_pricing_minimum_quantity":1000,"tiered_pricing_roles_data":[],"tiered_pricing_percentage_rules":[],"tiered_pricing_maximum_quantity":null,"tiered_pricing_quantity_step":"10","_links":{"self":[{"href":"https:\/\/volovape.com\/fr\/wp-json\/wp\/v2\/product\/408","targetHints":{"allow":["GET"]}}],"collection":[{"href":"https:\/\/volovape.com\/fr\/wp-json\/wp\/v2\/product"}],"about":[{"href":"https:\/\/volovape.com\/fr\/wp-json\/wp\/v2\/types\/product"}],"replies":[{"embeddable":true,"href":"https:\/\/volovape.com\/fr\/wp-json\/wp\/v2\/comments?post=408"}],"wp:featuredmedia":[{"embeddable":true,"href":"https:\/\/volovape.com\/fr\/wp-json\/wp\/v2\/media\/476"}],"wp:attachment":[{"href":"https:\/\/volovape.com\/fr\/wp-json\/wp\/v2\/media?parent=408"}],"wp:term":[{"taxonomy":"product_brand","embeddable":true,"href":"https:\/\/volovape.com\/fr\/wp-json\/wp\/v2\/product_brand?post=408"},{"taxonomy":"product_cat","embeddable":true,"href":"https:\/\/volovape.com\/fr\/wp-json\/wp\/v2\/product_cat?post=408"},{"taxonomy":"product_tag","embeddable":true,"href":"https:\/\/volovape.com\/fr\/wp-json\/wp\/v2\/product_tag?post=408"}],"curies":[{"name":"wp","href":"https:\/\/api.w.org\/{rel}","templated":true}]}}