{"id":38175,"date":"2025-11-03T06:42:05","date_gmt":"2025-11-03T06:42:05","guid":{"rendered":"https:\/\/volovape.com\/?post_type=product&#038;p=38175"},"modified":"2026-04-14T03:08:28","modified_gmt":"2026-04-14T03:08:28","slug":"jnr-rage-gorilla-55000-puffs","status":"publish","type":"product","link":"https:\/\/volovape.com\/fr\/product\/jnr-rage-gorilla-55000-puffs\/","title":{"rendered":"JNR Rage Gorilla 55000 bouff\u00e9es | smart display dual mesh jetable vape"},"content":{"rendered":"<h1>JNR Rage Gorilla 55000 bouff\u00e9es | smart display dual mesh jetable vape<\/h1>\n<h2>Pourquoi choisir JNR Rage Gorilla 55000 Puffs ?<\/h2>\n<ul>\n<li>\ud83d\udd25 <strong>Une masse de 55 000 bouff\u00e9es<\/strong> - Construit pour l'endurance, il vous offre des jours de satisfaction de vapotage non-stop.<\/li>\n<li>\ud83c\udf53 <strong>Coils Dual Mesh<\/strong> - Assure une saveur pure et riche et une production de vapeur ultra-fluide \u00e0 chaque aspiration.<\/li>\n<li>\u26a1 <strong>\u00c9cran LED intelligent<\/strong> - Compte de bouff\u00e9es et niveau de batterie en temps r\u00e9el pour un contr\u00f4le total de votre vape.<\/li>\n<li>\ud83d\udd0b <strong>Batterie rechargeable 950mAh<\/strong> - Longue dur\u00e9e et rechargeable de type C pour plus de commodit\u00e9.<\/li>\n<li>\ud83d\udca7 <strong>Grande capacit\u00e9 de 42ml de E-liquide<\/strong> - Con\u00e7u pour une utilisation prolong\u00e9e sans remplacements fr\u00e9quents.<\/li>\n<li>\ud83c\udf08 <strong>Options de nicotine multiples<\/strong> - Disponible en 0%, 2% et 5% pour r\u00e9pondre \u00e0 toutes les pr\u00e9f\u00e9rences et \u00e0 tous les march\u00e9s.<\/li>\n<li>\ud83d\udecd\ufe0f <strong>Parfait pour le commerce de d\u00e9tail et de gros<\/strong> - Le design accrocheur et les sp\u00e9cifications de haut niveau attirent \u00e0 la fois les nouveaux vapoteurs et les vapoteurs exp\u00e9riment\u00e9s.<\/li>\n<\/ul>\n<p><img data-recalc-dims=\"1\" decoding=\"async\" style=\"max-width: 100%; height: auto; display: block; margin: 0 auto;\" src=\"https:\/\/i0.wp.com\/volovape.com\/wp-content\/uploads\/2025\/11\/JNR-RAGE-GORILLA-55000-Puffs-Dual-Mesh-Authentic-Disposable-Vape-Low-Nicotine-Bulk-Buy-Wholesale-10-scaled-1.webp?ssl=1\" alt=\"JNR Rage Gorilla 55000 bouff\u00e9es\" title=\"\"><\/p>\n<h2>Sp\u00e9cifications<\/h2>\n<table border=\"1\" cellspacing=\"0\" cellpadding=\"6\">\n<tbody>\n<tr>\n<td><strong>Nombre de bouff\u00e9es<\/strong><\/td>\n<td>Environ 55 000<\/td>\n<\/tr>\n<tr>\n<td><strong>Capacit\u00e9 en e-liquide<\/strong><\/td>\n<td>42 ml<\/td>\n<\/tr>\n<tr>\n<td><strong>Batterie<\/strong><\/td>\n<td>950 mAh (Type-C rechargeable)<\/td>\n<\/tr>\n<tr>\n<td><strong>Type de bobine<\/strong><\/td>\n<td>Bobine \u00e0 double maille<\/td>\n<\/tr>\n<tr>\n<td><strong>Intensit\u00e9 de la nicotine<\/strong><\/td>\n<td>0%, 2%, 5%<\/td>\n<\/tr>\n<tr>\n<td><strong>Affichage<\/strong><\/td>\n<td>\u00c9cran LED intelligent (indicateur de bouff\u00e9e et de batterie)<\/td>\n<\/tr>\n<\/tbody>\n<\/table>\n<h2>Saveurs \ud83c\udf08<\/h2>\n<p>Choisissez parmi une s\u00e9lection passionnante de <strong>15 saveurs d\u00e9licieuses<\/strong>, Les produits de la mer sont des produits de consommation courante, con\u00e7us pour satisfaire toutes les pr\u00e9f\u00e9rences gustatives :<\/p>\n<ul>\n<li>\ud83c\udf53 <strong>Glace \u00e0 la fraise<\/strong> - Doux et frais avec une finale glac\u00e9e et rafra\u00eechissante.<\/li>\n<li>\ud83e\udd64 <strong>Cola \u00e0 la cerise<\/strong> - Le go\u00fbt classique du soda rencontre le zeste fruit\u00e9 de la cerise.<\/li>\n<li>\ud83c\udf49 <strong>Glace \u00e0 la past\u00e8que<\/strong> - Past\u00e8que juteuse avec une brise menthol\u00e9e croustillante.<\/li>\n<li>\ud83e\uded0 <strong>Bleu Razz Cherry<\/strong> - Framboise bleue acidul\u00e9e m\u00e9lang\u00e9e \u00e0 de riches tons de cerise.<\/li>\n<li>\ud83c\udf53\ud83e\udd5d <strong>Fraise Kiwi<\/strong> - Un favori tropical sucr\u00e9, acidul\u00e9 et juteux.<\/li>\n<li>\ud83c\udf51 <strong>P\u00eaches juteuses<\/strong> - La perfection de la p\u00eache douce, sucr\u00e9e et onctueuse.<\/li>\n<li>\ud83e\uded0\u2744\ufe0f <strong>Glace aux myrtilles<\/strong> - Saveur de myrtille fra\u00eeche avec une finale fra\u00eeche.<\/li>\n<li>\ud83c\udf52 <strong>Baies m\u00e9lang\u00e9es<\/strong> - Un m\u00e9lange juteux de baies d'\u00e9t\u00e9 dans chaque bouff\u00e9e.<\/li>\n<li>\ud83c\udf4e <strong>Double pomme<\/strong> - La pomme rouge sucr\u00e9e rencontre la pomme verte croquante pour un m\u00e9lange \u00e9quilibr\u00e9.<\/li>\n<li>\ud83c\udf52\ud83e\uded0 <strong>Baie de cerise<\/strong> - Harmonie fruit\u00e9e de cerises et de baies sauvages.<\/li>\n<li>\ud83e\uded0\ud83c\udf52 <strong>Myrtille Framboise Cerise<\/strong> - Une explosion de trois fruits, acidul\u00e9e, sucr\u00e9e et onctueuse.<\/li>\n<li>\ud83c\udf53\ud83c\udf49 <strong>Glace \u00e0 la fraise et \u00e0 la past\u00e8que<\/strong> - Fusion fruit\u00e9e avec une fra\u00eecheur glac\u00e9e.<\/li>\n<li>\ud83e\udd5d\ud83c\udf49 <strong>Glace au kiwi et \u00e0 la past\u00e8que<\/strong> - Le kiwi sucr\u00e9 rencontre la past\u00e8que fra\u00eeche pour une touche tropicale.<\/li>\n<li>\ud83c\udf51\ud83e\uded0 <strong>P\u00eache blanche Razz<\/strong> - Go\u00fbt cr\u00e9meux de p\u00eache avec une touche acidul\u00e9e de framboise.<\/li>\n<li>\ud83e\udd6d\ud83d\udc96 <strong>Mangue Fruit de la passion<\/strong> - Exotique et juteux avec une finale tropicale.<\/li>\n<\/ul>\n<h2>Parfait pour \ud83d\udc51<\/h2>\n<p>Le <strong>JNR Rage Gorilla 55K<\/strong> est id\u00e9al pour :<\/p>\n<ul>\n<li>\ud83d\udca8 Les utilisateurs intensifs qui recherchent des performances durables.<\/li>\n<li>\ud83c\udf2c\ufe0f Les chasseurs d'ar\u00f4mes recherchent un go\u00fbt franc et franc.<\/li>\n<li>\ud83c\udfea Les boutiques de vapotage et les distributeurs B2B \u00e0 la recherche de produits tr\u00e8s demand\u00e9s.<\/li>\n<li>\ud83c\udf89 Les d\u00e9taillants qui veulent une vape jetable accrocheuse et tr\u00e8s performante.<\/li>\n<\/ul>\n<h2>FAQ \u2753<\/h2>\n<p><strong>Q : Quelle est la dur\u00e9e de vie du JNR Rage Gorilla ?<\/strong><br \/>\nR : Jusqu'\u00e0 55 000 bouff\u00e9es en fonction de l'intensit\u00e9 de l'utilisation et de la dur\u00e9e des bouff\u00e9es.<\/p>\n<p><strong>Q : Est-il rechargeable ?<\/strong><br \/>\nR : Oui ! Il est dot\u00e9 d'une batterie rechargeable de 950mAh avec un port de charge Type-C pour une alimentation rapide et fiable.<\/p>\n<p><strong>Q : Puis-je v\u00e9rifier le niveau de la batterie ou des bouff\u00e9es ?<\/strong><br \/>\nR : Absolument - l'\u00e9cran LED intelligent affiche en temps r\u00e9el le nombre de bouff\u00e9es et l'autonomie de la batterie.<\/p>\n<p><strong>Q : Quels sont les taux de nicotine disponibles ?<\/strong><br \/>\nA : 0%, 2% et 5%, adapt\u00e9s \u00e0 tous les types d'utilisateurs et de march\u00e9s.<\/p>\n<p><strong>Q : Qui devrait acheter ce dispositif ?<\/strong><br \/>\nR : Parfait pour les distributeurs, les grossistes et les vapoteurs s\u00e9rieux \u00e0 la recherche de performances de longue dur\u00e9e et de saveurs puissantes.<\/p>\n<h2>Derni\u00e8res r\u00e9flexions \ud83d\udcad<\/h2>\n<p>Le <strong>JNR Rage Gorilla 55000 bouff\u00e9es Vape jetable<\/strong> est le choix ultime pour les vapoteurs et les revendeurs - combinant une capacit\u00e9 massive, une gamme d'ar\u00f4mes \u00e9tonnante et un design intelligent. Que vous soyez un <strong>amateur de saveurs<\/strong>, <strong>chasseur de nuages<\/strong>ou <strong>acheteur en gros<\/strong>, Cette b\u00eate offre une valeur et des performances in\u00e9gal\u00e9es \u00e0 chaque bouff\u00e9e !<\/p>","protected":false},"excerpt":{"rendered":"<p>Profitez de la puissance de la <strong>JNR RAGE GORILLA 55000 Puffs<\/strong> - une vape jetable rechargeable de longue dur\u00e9e avec <strong>bobines \u00e0 double maille<\/strong>, <strong>\u00e9cran LED intelligent<\/strong>et <strong>Capacit\u00e9 massive de 42 ml<\/strong>. Parfait pour les amateurs de vape et les grossistes \u00e0 la recherche de performances premium ! \ud83d\udd0b\ud83d\udca8<\/p>","protected":false},"featured_media":38205,"comment_status":"open","ping_status":"closed","template":"","meta":[],"product_brand":[244],"product_cat":[231,262,44,79],"product_tag":[306,307,253,308,309,310],"class_list":{"0":"post-38175","1":"product","2":"type-product","3":"status-publish","4":"has-post-thumbnail","6":"product_brand-jnr","7":"product_cat-60000-puffs-disposable-vape","8":"product_cat-cheap-rechargeable-disposable-vapes","9":"product_cat-dual-mesh-vapes","10":"product_cat-jnr","11":"product_tag-55000-puffs-disposable-vape","12":"product_tag-best-disposable-vapes","13":"product_tag-dual-mesh-coil-vape","14":"product_tag-jnr-rage-gorilla-55k","15":"product_tag-rechargeable-long-lasting-vape","16":"product_tag-smart-screen-vape-device","18":"first","19":"instock","20":"shipping-taxable","21":"purchasable","22":"product-type-variable","23":"has-default-attributes"},"jetpack_sharing_enabled":true,"tiered_pricing_type":"fixed","tiered_pricing_fixed_rules":{"30":9.6899999999999995026200849679298698902130126953125,"50":7.95999999999999996447286321199499070644378662109375,"100":7.3499999999999996447286321199499070644378662109375,"200":6.980000000000000426325641456060111522674560546875,"400":6.480000000000000426325641456060111522674560546875},"tiered_pricing_product_settings":{"layout":"default","base_unit_name":{"singular":null,"plural":null},"default_variation":null},"tiered_pricing_minimum_quantity":10,"tiered_pricing_roles_data":[],"tiered_pricing_percentage_rules":[],"tiered_pricing_maximum_quantity":null,"tiered_pricing_quantity_step":"10","_links":{"self":[{"href":"https:\/\/volovape.com\/fr\/wp-json\/wp\/v2\/product\/38175","targetHints":{"allow":["GET"]}}],"collection":[{"href":"https:\/\/volovape.com\/fr\/wp-json\/wp\/v2\/product"}],"about":[{"href":"https:\/\/volovape.com\/fr\/wp-json\/wp\/v2\/types\/product"}],"replies":[{"embeddable":true,"href":"https:\/\/volovape.com\/fr\/wp-json\/wp\/v2\/comments?post=38175"}],"wp:featuredmedia":[{"embeddable":true,"href":"https:\/\/volovape.com\/fr\/wp-json\/wp\/v2\/media\/38205"}],"wp:attachment":[{"href":"https:\/\/volovape.com\/fr\/wp-json\/wp\/v2\/media?parent=38175"}],"wp:term":[{"taxonomy":"product_brand","embeddable":true,"href":"https:\/\/volovape.com\/fr\/wp-json\/wp\/v2\/product_brand?post=38175"},{"taxonomy":"product_cat","embeddable":true,"href":"https:\/\/volovape.com\/fr\/wp-json\/wp\/v2\/product_cat?post=38175"},{"taxonomy":"product_tag","embeddable":true,"href":"https:\/\/volovape.com\/fr\/wp-json\/wp\/v2\/product_tag?post=38175"}],"curies":[{"name":"wp","href":"https:\/\/api.w.org\/{rel}","templated":true}]}}