{"id":37432,"date":"2025-09-11T09:48:26","date_gmt":"2025-09-11T09:48:26","guid":{"rendered":"https:\/\/volovape.com\/?post_type=product&#038;p=37432"},"modified":"2026-04-14T05:55:19","modified_gmt":"2026-04-14T05:55:19","slug":"bangbox-80k-triple-flavor-80000-puffs-bulk-disposable-vape-with-60ml-e-liquid","status":"publish","type":"product","link":"https:\/\/volovape.com\/fr\/product\/bangbox-80k-triple-flavor-80000-puffs-bulk-disposable-vape-with-60ml-e-liquid\/","title":{"rendered":"BANGBOX 80K 3-in-1 80000 Puffs | triple flavor bulk disposable vape"},"content":{"rendered":"<h2>Pourquoi choisir BANGBOX 80000 ?<\/h2>\n<ul>\n<li>\u26a1 <strong>80 000 bouff\u00e9es<\/strong> - les bouff\u00e9es extr\u00eames comptent pour une satisfaction \u00e0 long terme<\/li>\n<li>\ud83d\udd0b <strong>Batterie au cobalt pur 17350-850mAh<\/strong> avec d\u00e9charge de 5A - puissance constante, pas de coups faibles<\/li>\n<li>\ud83d\udca7 <strong>60ml d'e-liquide pr\u00e9-rempli<\/strong> - R\u00e9servoir durable, moins de tracas<\/li>\n<li>\ud83c\udf00 <strong>Bobine \u00e0 triple maille de 0,8\u03a9<\/strong> - un chauffage plus rapide, une vapeur dense et des ar\u00f4mes prononc\u00e9s<\/li>\n<li>\ud83d\udd04 <strong>Capsules 3 en 1 \u00e0 triple ar\u00f4me<\/strong> - passer d'une saveur \u00e0 l'autre dans un seul appareil<\/li>\n<li>\ud83d\udcca <strong>Indicateurs de batterie et d'e-liquide en temps r\u00e9el<\/strong> - plus de devinettes<\/li>\n<li>\u26a1 <strong>Chargement rapide de type C<\/strong> - une solution de recharge rapide et moderne<\/li>\n<li>\ud83c\udf1f <strong>Options de nicotine : 0%, 2%, 3%, 5%<\/strong> - convient aussi bien aux utilisateurs occasionnels qu'aux anciens fumeurs<\/li>\n<li>\ud83d\udce6 <strong>Emballage de gros<\/strong> - con\u00e7u pour les distributeurs et les rayons de vente au d\u00e9tail<\/li>\n<\/ul>\n<h2>Sp\u00e9cifications<\/h2>\n<table border=\"1\" cellpadding=\"6\">\n<tbody>\n<tr>\n<td><strong>Nombre de bouff\u00e9es<\/strong><\/td>\n<td>Jusqu'\u00e0 80 000 bouff\u00e9es<\/td>\n<\/tr>\n<tr>\n<td><strong>Batterie<\/strong><\/td>\n<td>17350-850mAh pur cobalt, d\u00e9charge 5A<\/td>\n<\/tr>\n<tr>\n<td><strong>Capacit\u00e9 en e-liquide<\/strong><\/td>\n<td>60ml pr\u00e9-rempli<\/td>\n<\/tr>\n<tr>\n<td><strong>Bobine<\/strong><\/td>\n<td>Bobine \u00e0 triple maille de 0,8\u03a9<\/td>\n<\/tr>\n<tr>\n<td><strong>Syst\u00e8me d'ar\u00f4mes<\/strong><\/td>\n<td>Capsules 3 en 1 \u00e0 triple ar\u00f4me<\/td>\n<\/tr>\n<tr>\n<td><strong>Indicateurs<\/strong><\/td>\n<td>Affichage du niveau de la batterie et de l'e-liquide<\/td>\n<\/tr>\n<tr>\n<td><strong>Chargement<\/strong><\/td>\n<td>Chargement rapide de type C<\/td>\n<\/tr>\n<tr>\n<td><strong>Intensit\u00e9 de la nicotine<\/strong><\/td>\n<td>0% \/ 2% \/ 3% \/ 5%<\/td>\n<\/tr>\n<tr>\n<td><strong>Emballage<\/strong><\/td>\n<td>Pr\u00eat pour le commerce de gros<\/td>\n<\/tr>\n<\/tbody>\n<\/table>\n<h2>Combinaisons d'ar\u00f4mes - Trois fois plus de plaisir \ud83c\udf6d<\/h2>\n<ul>\n<li><strong>Fraise banane - Framboise past\u00e8que - Amour 666<\/strong> - fruit\u00e9, juteux, audacieux<\/li>\n<li><strong>Fruits tropicaux - Fraise Past\u00e8que - P\u00eache citron<\/strong> - exotique et rafra\u00eechissant<\/li>\n<li><strong>Fraise Vanille Cola - Pomme acide Framboise - Citron Vert<\/strong> - p\u00e9tillant, acidul\u00e9, sucr\u00e9<\/li>\n<li><strong>Double raisin - fraise mangue - myrtille framboise acide glace<\/strong> - riche, stratifi\u00e9, glac\u00e9<\/li>\n<li><strong>Glace \u00e0 la past\u00e8que - Glace \u00e0 la fraise - Triple melon<\/strong> - cr\u00e9meux, frais, et frais<\/li>\n<li><strong>Soda au citron et au cola - Chewing-gum \u00e0 la past\u00e8que - Glace au dragon noir<\/strong> - unique, p\u00e9tillant, myst\u00e9rieux<\/li>\n<li><strong>Glace triple baie - P\u00eache mangue - Fraise kiwi<\/strong> - doux, sucr\u00e9, frais<\/li>\n<li><strong>Glace \u00e0 la fraise - Past\u00e8que \u00e0 la fraise - Ananas Mangue P\u00eache<\/strong> - un m\u00e9lange de fruits avec de la profondeur<\/li>\n<li><strong>Ananas noix de coco - Glace \u00e0 la fraise - Glace Blue Razz<\/strong> - une touche tropicale avec une touche de fra\u00eecheur<\/li>\n<li><strong>Citron vert - P\u00eache mangue past\u00e8que - Glace myrtille<\/strong> - piquant, doux, \u00e9quilibr\u00e9<\/li>\n<li><strong>Past\u00e8que Ice - Red Bull - Fraise Kiwi<\/strong> - fusion fruit\u00e9e \u00e9nergisante<\/li>\n<li><strong>Fraise Kiwi - Mangue Ananas - Fraise Red Bull<\/strong> - doux, acide et puissant<\/li>\n<\/ul>\n<h2>FAQ \ud83e\udd14<\/h2>\n<p><strong>Q : Quelle est la dur\u00e9e de vie de BANGBOX 80000 ?<\/strong><br \/>\nR : Avec jusqu'\u00e0 80 000 bouff\u00e9es et 60 ml d'e-liquide, il dure plus longtemps que la plupart des produits jetables - de quelques semaines \u00e0 quelques mois selon l'utilisation.<\/p>\n<p><strong>Q : Puis-je utiliser plusieurs saveurs dans un m\u00eame appareil ?<\/strong><br \/>\nR : Oui ! Il est livr\u00e9 avec des dosettes 3 en 1 \u00e0 triple ar\u00f4me pour que vous puissiez changer d'ar\u00f4me \u00e0 tout moment.<\/p>\n<p><strong>Q : Le vapotage sans nicotine est-il disponible ?<\/strong><br \/>\nR : Oui - choisissez l'option nicotine 0% si vous ne voulez que de la saveur et de la vapeur.<\/p>\n<p><strong>Q : \u00c0 qui ce dispositif convient-il le mieux ?<\/strong><br \/>\nR : Il est parfait pour les utilisateurs intensifs, les amateurs d'ar\u00f4mes, les boutiques de vapotage et les distributeurs en gros.<\/p>\n<p><strong>Q : Le chargement est-il rapide ?<\/strong><br \/>\nR : Oui, gr\u00e2ce \u00e0 la charge rapide Type-C, vous pourrez recommencer \u00e0 vaper en un rien de temps.<\/p>\n<h2>Parfait pour vous \u2705<\/h2>\n<p>Le <strong>BANGBOX 80K<\/strong> est plus qu'une simple vape jetable - c'est une <em>un concentr\u00e9 de puissance con\u00e7u pour les gros fumeurs, les chasseurs d'ar\u00f4mes et les entreprises<\/em>. Avec un triple changement d'ar\u00f4me, un nombre massif de bouff\u00e9es, une batterie fiable et un design pr\u00eat pour la vente en gros, c'est un must-have pour les boutiques de vape et les distributeurs \u00e0 la recherche d'un produit \u00e0 forte demande et \u00e0 forte rentabilit\u00e9 \ud83c\udf1f.<\/p>","protected":false},"excerpt":{"rendered":"<p><strong>L'une des vapes jetables les plus durables<\/strong> avec <strong>80 000 bouff\u00e9es<\/strong>, des gousses \u00e0 triple saveur, et un \u00e9norme <strong>R\u00e9servoir d'e-liquide de 60 ml<\/strong> - parfait pour les boutiques de vape, les distributeurs et les vapers s\u00e9rieux \ud83d\ude80.<\/p>","protected":false},"featured_media":37494,"comment_status":"open","ping_status":"closed","template":"","meta":[],"product_brand":[227],"product_cat":[61,230],"product_tag":[],"class_list":{"0":"post-37432","1":"product","2":"type-product","3":"status-publish","4":"has-post-thumbnail","6":"product_brand-bang","7":"product_cat-bang","8":"product_cat-new","10":"first","11":"instock","12":"shipping-taxable","13":"purchasable","14":"product-type-variable","15":"has-default-attributes"},"jetpack_sharing_enabled":true,"tiered_pricing_type":"fixed","tiered_pricing_fixed_rules":{"30":8.6400000000000005684341886080801486968994140625,"50":6.910000000000000142108547152020037174224853515625,"100":6.6699999999999999289457264239899814128875732421875,"200":6.04999999999999982236431605997495353221893310546875,"400":5.7400000000000002131628207280300557613372802734375},"tiered_pricing_product_settings":{"layout":"default","base_unit_name":{"singular":null,"plural":null},"default_variation":null},"tiered_pricing_minimum_quantity":10,"tiered_pricing_roles_data":[],"tiered_pricing_percentage_rules":[],"tiered_pricing_maximum_quantity":null,"tiered_pricing_quantity_step":"10","_links":{"self":[{"href":"https:\/\/volovape.com\/fr\/wp-json\/wp\/v2\/product\/37432","targetHints":{"allow":["GET"]}}],"collection":[{"href":"https:\/\/volovape.com\/fr\/wp-json\/wp\/v2\/product"}],"about":[{"href":"https:\/\/volovape.com\/fr\/wp-json\/wp\/v2\/types\/product"}],"replies":[{"embeddable":true,"href":"https:\/\/volovape.com\/fr\/wp-json\/wp\/v2\/comments?post=37432"}],"wp:featuredmedia":[{"embeddable":true,"href":"https:\/\/volovape.com\/fr\/wp-json\/wp\/v2\/media\/37494"}],"wp:attachment":[{"href":"https:\/\/volovape.com\/fr\/wp-json\/wp\/v2\/media?parent=37432"}],"wp:term":[{"taxonomy":"product_brand","embeddable":true,"href":"https:\/\/volovape.com\/fr\/wp-json\/wp\/v2\/product_brand?post=37432"},{"taxonomy":"product_cat","embeddable":true,"href":"https:\/\/volovape.com\/fr\/wp-json\/wp\/v2\/product_cat?post=37432"},{"taxonomy":"product_tag","embeddable":true,"href":"https:\/\/volovape.com\/fr\/wp-json\/wp\/v2\/product_tag?post=37432"}],"curies":[{"name":"wp","href":"https:\/\/api.w.org\/{rel}","templated":true}]}}