{"id":37430,"date":"2025-09-11T09:48:26","date_gmt":"2025-09-11T09:48:26","guid":{"rendered":"https:\/\/volovape.com\/?post_type=product&#038;p=37430"},"modified":"2026-04-14T05:51:31","modified_gmt":"2026-04-14T05:51:31","slug":"bang-legend-120k-5-en-1-120000-puffs-multi-flavor-adjustable-bulk-disposable-vape","status":"publish","type":"product","link":"https:\/\/volovape.com\/fr\/product\/bang-legend-120k-5-in-1-120000-puffs-multi-flavor-adjustable-bulk-disposable-vape\/","title":{"rendered":"Bang Legend 120K 5-en-1 | 120 000 bouff\u00e9es m\u00e9ga jetable avec 5 modes de saveurs"},"content":{"rendered":"<h2>Pourquoi choisir Bang Legend 120K 5-en-1 ?<\/h2>\n<ul>\n<li>\ud83d\udd25 Massive <strong>120 000 bouff\u00e9es<\/strong> par appareil - con\u00e7u pour les utilisateurs intensifs et les distributeurs.<\/li>\n<li>\ud83c\udf08 <strong>Modes d'ar\u00f4mes 5 en 1<\/strong> avec des go\u00fbts modifiables pour une vari\u00e9t\u00e9 infinie.<\/li>\n<li>\ud83d\udd0b <strong>Batterie rechargeable de 850mAh<\/strong> avec charge rapide de type C.<\/li>\n<li>\ud83d\udcca <strong>\u00c9cran LED<\/strong> indique le nombre de bouff\u00e9es, la dur\u00e9e de vie de la batterie et le mode d'ar\u00f4me.<\/li>\n<li>\ud83d\udc8e Vapeur douce et riche avec <strong>5 bobines de maille<\/strong> pour une satisfaction ultime.<\/li>\n<li>\ud83d\udce6 Emballage adapt\u00e9 au vrac : <strong>10 pi\u00e8ces par paquet<\/strong>Id\u00e9al pour les magasins et les grossistes.<\/li>\n<\/ul>\n<h2>Sp\u00e9cifications<\/h2>\n<table border=\"1\" cellpadding=\"5\">\n<tbody>\n<tr>\n<td><strong>Intensit\u00e9 de la nicotine<\/strong><\/td>\n<td>2% \/ 3% \/ 5%<\/td>\n<\/tr>\n<tr>\n<td><strong>Nombre de bouff\u00e9es<\/strong><\/td>\n<td>Jusqu'\u00e0 120 000<\/td>\n<\/tr>\n<tr>\n<td><strong>Modes d'ar\u00f4mes<\/strong><\/td>\n<td>5 saveurs r\u00e9glables<\/td>\n<\/tr>\n<tr>\n<td><strong>R\u00e9servoir d'huile<\/strong><\/td>\n<td>5 r\u00e9servoirs<\/td>\n<\/tr>\n<tr>\n<td><strong>Batterie<\/strong><\/td>\n<td>850mAh rechargeable<\/td>\n<\/tr>\n<tr>\n<td><strong>Bobine<\/strong><\/td>\n<td>5 bobines de maille<\/td>\n<\/tr>\n<tr>\n<td><strong>\u00c9cran LED<\/strong><\/td>\n<td>Oui (batterie, nombre de bouff\u00e9es, mode ar\u00f4me)<\/td>\n<\/tr>\n<tr>\n<td><strong>Port de charge<\/strong><\/td>\n<td>Type-C<\/td>\n<\/tr>\n<tr>\n<td><strong>Emballage<\/strong><\/td>\n<td>10 pi\u00e8ces\/paquet<\/td>\n<\/tr>\n<\/tbody>\n<\/table>\n<h2>Saveurs<\/h2>\n<p>\ud83c\udf89 Avec <strong>12 sets multi-saveurs<\/strong>Le Bang Legend 120K 5-en-1 offre quelque chose pour tout le monde :<\/p>\n<ol>\n<li>\u26a1 Boisson \u00e9nerg\u00e9tique - Myrtille Cerise - Pomme Raisin - Past\u00e8que Fruit du Dragon - Mamba<\/li>\n<li>\ud83c\udf51 Boisson \u00e9nerg\u00e9tique - P\u00eache Ice - Mangue Ice - Canneberge Raisin - Cassis<\/li>\n<li>Myrtille Framboise - P\u00eache Mangue Past\u00e8que - Cerise Coca - Raisin M\u00fbre Glace - Mangue P\u00eache Abricot<\/li>\n<li>Blueberry Raspberry - Black Dragon Ice - Rainbow Candy - Fuji Ice - Watermelon Sour Peach<\/li>\n<li>Blueberry Ice - Kiwi Passion Fruit Goyave - Triple Melon - P\u00eache Ananas - Passionate Kiss<\/li>\n<li>Blueberry Ice - Past\u00e8que Bubble Gum - Pomme acide Framboise - Fruit du Lotus Mangue Melon - Fruit de la Passion Kiwi Lime<\/li>\n<li>\ud83c\udf47 Glace past\u00e8que - Baies m\u00e9lang\u00e9es - Pomme Poire - Myrtille Menthe - Heure d'\u00e9t\u00e9<\/li>\n<li>Glace past\u00e8que - Fraise mangue - Cerise de Californie - Glace p\u00eache myrtille - Berry Cool<\/li>\n<li>\ud83c\udf52 Fraise past\u00e8que - Glace raisin - Mojito rouge - Glace banane - Citron vert<\/li>\n<li>Fraise Past\u00e8que - Cantaloup Pomme - Cola Ice - Mangue P\u00eache - Love 66<\/li>\n<li>\ud83c\udf4c Fraise Kiwi - Fraise Banane - Lychee Ice - Past\u00e8que Baies - Fruit de la Passion Mangue<\/li>\n<li>\ud83c\udf6d Fraise Kiwi - Past\u00e8que Myrtille - Caramel Ours - Chewing-gum Myrtille - Mangue Ananas Aigre<\/li>\n<\/ol>\n<p>\ud83d\udc49 Au total, 60 saveurs r\u00e9parties sur 12 sets, con\u00e7ues pour les vapoteurs gourmands et les chasseurs de saveurs audacieux.<\/p>\n<h2>FAQ<\/h2>\n<p><strong>Q : Quelle est la dur\u00e9e de vie de Bang Legend 120K ?<\/strong><br \/>\nR : Avec jusqu'\u00e0 120 000 bouff\u00e9es, un appareil peut durer plus longtemps que des dizaines d'appareils jetables.<\/p>\n<p><strong>Q : Est-il rechargeable ?<\/strong><br \/>\nR : \u2705 Oui, elle est livr\u00e9e avec un <strong>Batterie rechargeable de 850mAh<\/strong> et le port de charge de type C.<\/p>\n<p><strong>Q : Puis-je changer d'ar\u00f4me ?<\/strong><br \/>\nR : Absolument ! Les <strong>Syst\u00e8me 5 en 1<\/strong> vous permet de passer d'un r\u00e9servoir \u00e0 l'autre \u00e0 tout moment.<\/p>\n<p><strong>Q : \u00c0 qui ce produit convient-il le mieux ?<\/strong><br \/>\nA : Parfait pour <em>vapers lourds<\/em>, <em>les amateurs de saveurs<\/em>, <em>magasins de vape<\/em>et <em>distributeurs en gros<\/em>.<\/p>\n<p>\ud83d\ude80 <strong>Bang Legend 120K 5-en-1<\/strong> est le nec plus ultra de la vape jetable - longue dur\u00e9e, polyvalente et pleine de vari\u00e9t\u00e9 de saveurs. Que vous approvisionniez une boutique de vape, achetiez en gros ou recherchiez un appareil de grande capacit\u00e9 pour votre usage personnel, cette centrale est faite pour vous. \ud83d\udca8<\/p>","protected":false},"excerpt":{"rendered":"<p>\u26a1 Vape jetable surpuissante avec jusqu'\u00e0 120 000 bouff\u00e9es, 5 saveurs r\u00e9glables et un \u00e9cran LED - parfaite pour les acheteurs en gros et les amateurs de vape. \ud83d\udca8<\/p>","protected":false},"featured_media":37468,"comment_status":"open","ping_status":"closed","template":"","meta":[],"product_brand":[227],"product_cat":[249,61,230],"product_tag":[],"class_list":{"0":"post-37430","1":"product","2":"type-product","3":"status-publish","4":"has-post-thumbnail","6":"product_brand-bang","7":"product_cat-100k-puffs-disposable-vape","8":"product_cat-bang","9":"product_cat-new","11":"first","12":"instock","13":"shipping-taxable","14":"purchasable","15":"product-type-variable","16":"has-default-attributes"},"jetpack_sharing_enabled":true,"tiered_pricing_type":"fixed","tiered_pricing_fixed_rules":{"30":11.300000000000000710542735760100185871124267578125,"50":8.269999999999999573674358543939888477325439453125,"100":8.019999999999999573674358543939888477325439453125,"200":7.410000000000000142108547152020037174224853515625,"400":7.04000000000000003552713678800500929355621337890625},"tiered_pricing_product_settings":{"layout":"default","base_unit_name":{"singular":null,"plural":null},"default_variation":null},"tiered_pricing_minimum_quantity":10,"tiered_pricing_roles_data":[],"tiered_pricing_percentage_rules":[],"tiered_pricing_maximum_quantity":null,"tiered_pricing_quantity_step":"10","_links":{"self":[{"href":"https:\/\/volovape.com\/fr\/wp-json\/wp\/v2\/product\/37430","targetHints":{"allow":["GET"]}}],"collection":[{"href":"https:\/\/volovape.com\/fr\/wp-json\/wp\/v2\/product"}],"about":[{"href":"https:\/\/volovape.com\/fr\/wp-json\/wp\/v2\/types\/product"}],"replies":[{"embeddable":true,"href":"https:\/\/volovape.com\/fr\/wp-json\/wp\/v2\/comments?post=37430"}],"wp:featuredmedia":[{"embeddable":true,"href":"https:\/\/volovape.com\/fr\/wp-json\/wp\/v2\/media\/37468"}],"wp:attachment":[{"href":"https:\/\/volovape.com\/fr\/wp-json\/wp\/v2\/media?parent=37430"}],"wp:term":[{"taxonomy":"product_brand","embeddable":true,"href":"https:\/\/volovape.com\/fr\/wp-json\/wp\/v2\/product_brand?post=37430"},{"taxonomy":"product_cat","embeddable":true,"href":"https:\/\/volovape.com\/fr\/wp-json\/wp\/v2\/product_cat?post=37430"},{"taxonomy":"product_tag","embeddable":true,"href":"https:\/\/volovape.com\/fr\/wp-json\/wp\/v2\/product_tag?post=37430"}],"curies":[{"name":"wp","href":"https:\/\/api.w.org\/{rel}","templated":true}]}}