{"id":37429,"date":"2025-09-11T09:48:25","date_gmt":"2025-09-11T09:48:25","guid":{"rendered":"https:\/\/volovape.com\/?post_type=product&#038;p=37429"},"modified":"2026-04-14T05:56:24","modified_gmt":"2026-04-14T05:56:24","slug":"bang-blaze-100k-6-in-1-100000-puffs-triple-tank-bulk-disposable-vape-with-led-screen","status":"publish","type":"product","link":"https:\/\/volovape.com\/fr\/product\/bang-blaze-100k-6-in-1-100000-puffs-triple-tank-bulk-disposable-vape-with-led-screen\/","title":{"rendered":"Bang Blaze 100K 6-in-1 100000 bouff\u00e9es | multi-saveurs bulk disposable vape"},"content":{"rendered":"<h2>Pourquoi choisir Bang Blaze 100K ?<\/h2>\n<ul>\n<li>\u26a1 <strong>100 000 bouff\u00e9es<\/strong> - l'une des vapes jetables les plus durables sur le march\u00e9<\/li>\n<li>\ud83d\udd04 <strong>Modes d'ar\u00f4mes 6 en 1<\/strong> - choisir des m\u00e9langes \u00e0 un ou deux ar\u00f4mes (A, B, C, A+B, A+C, B+C)<\/li>\n<li>\ud83d\udca7 <strong>3 r\u00e9servoirs d'huile<\/strong> - plus d'e-liquide, plus de vari\u00e9t\u00e9, plus de plaisir<\/li>\n<li>\ud83c\udf00 <strong>Bobine \u00e0 triple maille<\/strong> - vapeur puissante, saveur pure, effets doux<\/li>\n<li>\ud83d\udcfa <strong>\u00c9cran LED<\/strong> - indique le nombre de bouff\u00e9es et la dur\u00e9e de vie de la batterie en temps r\u00e9el<\/li>\n<li>\ud83d\udd0b <strong>Batterie rechargeable de 850mAh<\/strong> - des performances fiables gr\u00e2ce \u00e0 la charge rapide de type C<\/li>\n<li>\ud83c\udf1f <strong>Options de la nicotine<\/strong>Les mod\u00e8les suivants sont disponibles : 2%, 3%, 5% - pour les d\u00e9butants et les anciens fumeurs.<\/li>\n<li>\ud83d\udce6 <strong>Emballage de gros (10 pi\u00e8ces\/paquet)<\/strong> - pr\u00eat pour les boutiques de vape et les distributeurs<\/li>\n<\/ul>\n<h2>Sp\u00e9cifications<\/h2>\n<table border=\"1\" cellpadding=\"6\">\n<tbody>\n<tr>\n<td><strong>Nom du produit<\/strong><\/td>\n<td>Bang Blaze 100K 6-en-1<\/td>\n<\/tr>\n<tr>\n<td><strong>Nombre de bouff\u00e9es<\/strong><\/td>\n<td>Jusqu'\u00e0 100 000 bouff\u00e9es<\/td>\n<\/tr>\n<tr>\n<td><strong>Intensit\u00e9 de la nicotine<\/strong><\/td>\n<td>2% \/ 3% \/ 5%<\/td>\n<\/tr>\n<tr>\n<td><strong>Modes d'ar\u00f4mes<\/strong><\/td>\n<td>A, B, C, A+B, A+C, B+C<\/td>\n<\/tr>\n<tr>\n<td><strong>R\u00e9servoir d'huile<\/strong><\/td>\n<td>3 r\u00e9servoirs s\u00e9par\u00e9s<\/td>\n<\/tr>\n<tr>\n<td><strong>Bobine<\/strong><\/td>\n<td>Bobine \u00e0 triple maille<\/td>\n<\/tr>\n<tr>\n<td><strong>Batterie<\/strong><\/td>\n<td>850mAh rechargeable<\/td>\n<\/tr>\n<tr>\n<td><strong>\u00c9cran LED<\/strong><\/td>\n<td>Oui (batterie + \u00e9cran \u00e0 houppette)<\/td>\n<\/tr>\n<tr>\n<td><strong>Port de charge<\/strong><\/td>\n<td>Chargement rapide de type C<\/td>\n<\/tr>\n<tr>\n<td><strong>Emballage<\/strong><\/td>\n<td>10 pi\u00e8ces\/paquet (pr\u00eat pour la vente en gros)<\/td>\n<\/tr>\n<tr>\n<td><strong>Saveurs<\/strong><\/td>\n<td>10 combinaisons premium<\/td>\n<\/tr>\n<\/tbody>\n<\/table>\n<h2>Gamme de saveurs \ud83c\udf6d<\/h2>\n<ul>\n<li><strong>Glace \u00e0 la past\u00e8que - Mamba \u00e0 la fraise - Past\u00e8que \u00e0 la fraise<\/strong> - juteux, glac\u00e9, fruit\u00e9<\/li>\n<li><strong>Fuji Ice - Pomme Raisin - Cerise Grenade<\/strong> - m\u00e9lange croustillant, sucr\u00e9 et acidul\u00e9<\/li>\n<li><strong>Glace \u00e0 la myrtille - Citron \u00e0 la framboise - Melon d'eau Bubblegum<\/strong> - acidul\u00e9, frais, semblable \u00e0 un bonbon<\/li>\n<li><strong>Myrtilles Framboises - acides Ananas Oranges - framboises Past\u00e8ques<\/strong> - fusion tropicale audacieuse<\/li>\n<li><strong>Glace de raisin - P\u00eache de mangue - Past\u00e8que de myrtille<\/strong> - riche, doux, rafra\u00eechissant<\/li>\n<li><strong>Fraise glac\u00e9e - P\u00eache citron - Kiwi Fruit de la passion Goyave<\/strong> - Trio de fruits exotiques avec gla\u00e7ons<\/li>\n<li><strong>Ananas noix de coco - Blueberry Red Bull - Watermelon Ice<\/strong> - m\u00e9lange tropical + \u00e9nergisant<\/li>\n<li><strong>Fraise kiwi - Myrtille noix de coco - Fruits mixtes<\/strong> - combo fruit\u00e9 doux et \u00e9quilibr\u00e9<\/li>\n<li><strong>Lemon Romance - Blueberry Raspberry - Peach Menthol<\/strong> - piquant, frais et rafra\u00eechissant<\/li>\n<li><strong>P\u00eache Ice - Cassis Ananas Ice - Pomme verte Kiwi<\/strong> - coup de pouce sucr\u00e9-sal\u00e9 superpos\u00e9<\/li>\n<\/ul>\n<h2>FAQ \ud83e\udd14<\/h2>\n<p><strong>Q : Quelle est la dur\u00e9e de vie du Bang Blaze 100K ?<\/strong><br \/>\nR : Avec jusqu'\u00e0 100 000 bouff\u00e9es et 3 r\u00e9servoirs d'huile, il dure beaucoup plus longtemps que les produits jetables classiques - des semaines ou des mois selon l'utilisation.<\/p>\n<p><strong>Q : Qu'est-ce qui fait la sp\u00e9cificit\u00e9 du syst\u00e8me 6 en 1 ?<\/strong><br \/>\nR : Vous pouvez vaper un seul ar\u00f4me ou m\u00e9langer deux ar\u00f4mes ensemble (A, B, C, A+B, A+C, B+C), ce qui vous donne une vari\u00e9t\u00e9 infinie dans un seul appareil.<\/p>\n<p><strong>Q : L'appareil permet-il de vaper sans nicotine ?<\/strong><br \/>\nR : Les niveaux de nicotine sont disponibles pour les mod\u00e8les 2%, 3% et 5%. Actuellement, la mention \"sans nicotine\" n'est pas indiqu\u00e9e pour ce mod\u00e8le.<\/p>\n<p><strong>Q : L'appareil est-il rechargeable ?<\/strong><br \/>\nR : Oui, il dispose d'une batterie rechargeable de 850mAh avec charge rapide Type-C pour plus de commodit\u00e9.<\/p>\n<p><strong>Q : Ce produit peut-il \u00eatre vendu en gros ?<\/strong><br \/>\nR : Tout \u00e0 fait - il est livr\u00e9 dans un emballage de 10 pi\u00e8ces par paquet, con\u00e7u pour les boutiques de vape, les distributeurs et les ventes en gros.<\/p>\n<h2>Parfait pour vous \u2705<\/h2>\n<p>Le <strong>Bang Blaze 100K 6-en-1<\/strong> est le choix id\u00e9al pour <em>les gros vapoteurs, les explorateurs d'ar\u00f4mes, les boutiques de vape et les grossistes<\/em>. Avec 100 000 bouff\u00e9es, un syst\u00e8me innovant de changement de saveur 6 en 1 et un syst\u00e8me de bobine \u00e0 triple maille, il est construit pour offrir une satisfaction maximale et de fortes ventes r\u00e9p\u00e9t\u00e9es. \ud83c\udf1f<\/p>\n<p><img data-recalc-dims=\"1\" decoding=\"async\" style=\"max-width: 100%; height: auto; display: block; margin: 0 auto;\" src=\"https:\/\/i0.wp.com\/aiviouvapes.com\/wp-content\/uploads\/2025\/09\/main-picture.png.webp?ssl=1\" alt=\"Bang Blaze 6 in 1 Vape\" title=\"\"><\/p>","protected":false},"excerpt":{"rendered":"<p><strong>Jusqu'\u00e0 100 000 bouff\u00e9es<\/strong>, des modes d'ar\u00f4mes 6 en 1 et des coils \u00e0 triple maille - le <strong>Bang Blaze 100K<\/strong> est la vape jetable ultime pour les vape shops, les distributeurs et les chasseurs de saveurs \ud83d\ude80.<\/p>","protected":false},"featured_media":37459,"comment_status":"open","ping_status":"closed","template":"","meta":[],"product_brand":[227],"product_cat":[249,61,230],"product_tag":[],"class_list":{"0":"post-37429","1":"product","2":"type-product","3":"status-publish","4":"has-post-thumbnail","6":"product_brand-bang","7":"product_cat-100k-puffs-disposable-vape","8":"product_cat-bang","9":"product_cat-new","11":"first","12":"instock","13":"shipping-taxable","14":"purchasable","15":"product-type-variable","16":"has-default-attributes"},"jetpack_sharing_enabled":true,"tiered_pricing_type":"fixed","tiered_pricing_fixed_rules":{"30":9.3800000000000007815970093361102044582366943359375,"50":7.6500000000000003552713678800500929355621337890625,"100":7.410000000000000142108547152020037174224853515625,"200":6.79000000000000003552713678800500929355621337890625,"400":6.29999999999999982236431605997495353221893310546875},"tiered_pricing_product_settings":{"layout":"default","base_unit_name":{"singular":null,"plural":null},"default_variation":null},"tiered_pricing_minimum_quantity":10,"tiered_pricing_roles_data":[],"tiered_pricing_percentage_rules":[],"tiered_pricing_maximum_quantity":null,"tiered_pricing_quantity_step":"10","_links":{"self":[{"href":"https:\/\/volovape.com\/fr\/wp-json\/wp\/v2\/product\/37429","targetHints":{"allow":["GET"]}}],"collection":[{"href":"https:\/\/volovape.com\/fr\/wp-json\/wp\/v2\/product"}],"about":[{"href":"https:\/\/volovape.com\/fr\/wp-json\/wp\/v2\/types\/product"}],"replies":[{"embeddable":true,"href":"https:\/\/volovape.com\/fr\/wp-json\/wp\/v2\/comments?post=37429"}],"wp:featuredmedia":[{"embeddable":true,"href":"https:\/\/volovape.com\/fr\/wp-json\/wp\/v2\/media\/37459"}],"wp:attachment":[{"href":"https:\/\/volovape.com\/fr\/wp-json\/wp\/v2\/media?parent=37429"}],"wp:term":[{"taxonomy":"product_brand","embeddable":true,"href":"https:\/\/volovape.com\/fr\/wp-json\/wp\/v2\/product_brand?post=37429"},{"taxonomy":"product_cat","embeddable":true,"href":"https:\/\/volovape.com\/fr\/wp-json\/wp\/v2\/product_cat?post=37429"},{"taxonomy":"product_tag","embeddable":true,"href":"https:\/\/volovape.com\/fr\/wp-json\/wp\/v2\/product_tag?post=37429"}],"curies":[{"name":"wp","href":"https:\/\/api.w.org\/{rel}","templated":true}]}}