{"id":358,"date":"2024-11-21T03:29:21","date_gmt":"2024-11-21T03:29:21","guid":{"rendered":"https:\/\/volovape.com\/?post_type=product&#038;p=358"},"modified":"2025-07-06T04:24:36","modified_gmt":"2025-07-06T04:24:36","slug":"elf-box-ls15000-15000-puffs","status":"publish","type":"product","link":"https:\/\/volovape.com\/fr\/product\/elf-box-ls15000-15000-puffs\/","title":{"rendered":"ELF BOX LS15000 puffs 0.6\u03a9 mesh coil jetable vape - rechargeable avec chargeur type-c (0-5% nicotine)"},"content":{"rendered":"<p><iframe title=\"VideoPress Lecteur vid\u00e9o\" aria-label='VideoPress Lecteur vid\u00e9o' width='500' height='667' src='https:\/\/videopress.com\/embed\/JmE4p5tH?hd=0&amp;cover=1' frameborder='0' allowfullscreen allow='clipboard-write'><\/iframe><script src='https:\/\/v0.wordpress.com\/js\/next\/videopress-iframe.js?m=1739540970'><\/script><\/p>\n<p>ELF BOX LS15000 Puffs Vape jetable - 0.6\u03a9 Mesh Coil, Rechargeable<br \/>\n<strong>ELF BOX LS15000 Puffs Vape jetable<\/strong> - Vaping \u00e0 haute capacit\u00e9 avec une performance am\u00e9lior\u00e9e de la bobine 0.6\u03a9 Mesh Coil.<\/p>\n<p>Le <strong>BO\u00ceTE ELF LS15000<\/strong> La vape jetable offre une exp\u00e9rience de vapotage exceptionnelle gr\u00e2ce \u00e0 son impressionnant syst\u00e8me d'aspiration. <strong>Capacit\u00e9 de 15 000 bouff\u00e9es<\/strong> et un \u00e9norme <strong>R\u00e9servoir d'e-liquide de 26ml<\/strong>. Aliment\u00e9 par un <strong>Batterie rechargeable de 600mAh<\/strong> et pr\u00e9sentant <strong>Chargement de type C<\/strong>Ce dispositif garantit une utilisation prolong\u00e9e et un confort d'utilisation. Les <strong>Bobine \u00e0 mailles de 0,6\u03a9<\/strong> est sp\u00e9cialement con\u00e7u pour une saveur riche et une production de vapeur dense, offrant une vape satisfaisante de la premi\u00e8re \u00e0 la derni\u00e8re bouff\u00e9e. Choisissez parmi <strong>0%, 2% ou 5% (taux de nicotine)<\/strong> pour r\u00e9pondre \u00e0 vos pr\u00e9f\u00e9rences. Avec <strong>12 saveurs d\u00e9licieuses<\/strong>La ELF BOX LS15000 est parfaite pour <strong>Vape jetable en gros<\/strong>, <strong>commandes group\u00e9es<\/strong>ou <strong>usage personnel<\/strong>qui allie de hautes performances \u00e0 une portabilit\u00e9 optimale.<\/p>\n<h3><strong>ELF BOX LS15000 Caract\u00e9ristiques :<\/strong><\/h3>\n<ul>\n<li>Bouff\u00e9es : Jusqu'\u00e0 15 000 bouff\u00e9es<\/li>\n<li>Capacit\u00e9 E-liquide : 26mL<\/li>\n<li>Batterie : 600mAh (rechargeable)<\/li>\n<li>Chargement : Type-C<\/li>\n<li>Bobine : 0.6\u03a9 Mesh Coil<\/li>\n<li>Points forts de la nicotine : 0%, 2%, 5%<\/li>\n<li>Saveurs : 12 options uniques<\/li>\n<li>Dimensions : 91,5 x 56,5 x 28,5 mm : 91,5 x 56,5 x 28,5 mm<\/li>\n<li>Poids : 91g<\/li>\n<li>Dispositif \u00e0 usage unique<\/li>\n<\/ul>\n<h4>FAQ<\/h4>\n<h5>Comment la bobine \u00e0 mailles de 0,6\u03a9 am\u00e9liore-t-elle l'exp\u00e9rience de vapotage ?<\/h5>\n<p>La bobine mesh de 0,6\u03a9 est con\u00e7ue pour optimiser la production de vapeur et la diffusion des ar\u00f4mes. Elle offre une plus grande surface de chauffe, ce qui permet d'obtenir des nuages plus denses et des saveurs plus riches, garantissant une exp\u00e9rience de vapotage toujours satisfaisante \u00e0 chaque bouff\u00e9e.<\/p>\n<h5>Quelles sont les m\u00e9thodes d'exp\u00e9dition utilis\u00e9es ?<\/h5>\n<p>Nous travaillons en partenariat avec des transporteurs fiables tels que UPS, DHL, FedEx et DPD afin de garantir une livraison rapide et s\u00fbre de votre commande. La m\u00e9thode d'exp\u00e9dition la plus efficace est s\u00e9lectionn\u00e9e en fonction de votre localisation afin d'optimiser la rapidit\u00e9 et la fiabilit\u00e9 de la livraison.<\/p>\n<h5>Quel est le d\u00e9lai de livraison de ma commande ?<\/h5>\n<p>Le d\u00e9lai de livraison est g\u00e9n\u00e9ralement de 7 \u00e0 15 jours ouvrables. Toutefois, il faut compter jusqu'\u00e0 20 jours ouvrables en cas de vacances ou de conditions m\u00e9t\u00e9orologiques d\u00e9favorables, ce qui peut entra\u00eener de l\u00e9gers retards dans le transport.<\/p>\n<h5>Aurai-je des probl\u00e8mes de douane ou des frais suppl\u00e9mentaires ?<\/h5>\n<p>Nous nous chargeons de toutes les proc\u00e9dures de d\u00e9douanement, ce qui vous garantit une exp\u00e9rience sans probl\u00e8me. Vous n'aurez pas \u00e0 payer de taxes ou de frais suppl\u00e9mentaires. Nous veillons \u00e0 ce que 100% de nos produits soient d\u00e9douan\u00e9s avec succ\u00e8s.<\/p>\n<h5>Les achats effectu\u00e9s sur votre site sont-ils s\u00fbrs et fiables ?<\/h5>\n<p>Oui, nous proposons des transactions PayPal s\u00e9curis\u00e9es avec protection de l'acheteur. Vous pouvez \u00e9galement v\u00e9rifier notre fiabilit\u00e9 en consultant les avis de nos clients sur <a href=\"https:\/\/www.trustpilot.com\/review\/volovape.com?utm_medium=trustbox&amp;utm_source=TrustBoxReviewCollector\">TrustPilot<\/a>o\u00f9 vous trouverez des t\u00e9moignages de clients satisfaits.<\/p>","protected":false},"excerpt":{"rendered":"<p>Profitez d'une vapeur am\u00e9lior\u00e9e avec la ELF BOX LS15000 Puffs. Maille de 0,6\u03a9, 26ml, rechargeable. Parfait pour les particuliers ou les grossistes, offrant une saveur durable et des options de nicotine vari\u00e9es.<\/p>","protected":false},"featured_media":445,"comment_status":"open","ping_status":"closed","template":"","meta":[],"product_brand":[],"product_cat":[54,41,21,18,20,23,24,22,25,26,27,28,29,30,31,32,33,34,35,36,47],"product_tag":[],"class_list":{"0":"post-358","1":"product","2":"type-product","3":"status-publish","4":"has-post-thumbnail","6":"product_cat-elf-box","7":"product_cat-15000-puffs-disposable-vape","8":"product_cat-big-puffs-vapes","9":"product_cat-different-puffs-of-disposable-vapes","10":"product_cat-disposable-vape-types","11":"product_cat-disposable-vapes-in-austria","12":"product_cat-disposable-vapes-in-belgium","13":"product_cat-disposable-vapes-in-europe","14":"product_cat-disposable-vapes-in-france","15":"product_cat-disposable-vapes-in-germany","16":"product_cat-disposable-vapes-in-hungary","17":"product_cat-disposable-vapes-in-ltaly","18":"product_cat-disposable-vapes-in-netherlands","19":"product_cat-disposable-vapes-in-norway","20":"product_cat-disposable-vapes-in-poland","21":"product_cat-disposable-vapes-in-portugal","22":"product_cat-disposable-vapes-in-spain","23":"product_cat-disposable-vapes-in-sweden","24":"product_cat-disposable-vapes-in-switzerland","25":"product_cat-rechargeable-vapes","26":"product_cat-shisha-hookah-vapes","28":"first","29":"instock","30":"shipping-taxable","31":"purchasable","32":"product-type-variable","33":"has-default-attributes"},"jetpack_sharing_enabled":true,"tiered_pricing_type":"fixed","tiered_pricing_fixed_rules":{"2000":5.38999999999999968025576890795491635799407958984375},"tiered_pricing_product_settings":{"layout":"default","base_unit_name":{"singular":null,"plural":null},"default_variation":null},"tiered_pricing_minimum_quantity":1000,"tiered_pricing_roles_data":[],"tiered_pricing_percentage_rules":[],"tiered_pricing_maximum_quantity":null,"tiered_pricing_quantity_step":"10","_links":{"self":[{"href":"https:\/\/volovape.com\/fr\/wp-json\/wp\/v2\/product\/358","targetHints":{"allow":["GET"]}}],"collection":[{"href":"https:\/\/volovape.com\/fr\/wp-json\/wp\/v2\/product"}],"about":[{"href":"https:\/\/volovape.com\/fr\/wp-json\/wp\/v2\/types\/product"}],"replies":[{"embeddable":true,"href":"https:\/\/volovape.com\/fr\/wp-json\/wp\/v2\/comments?post=358"}],"wp:featuredmedia":[{"embeddable":true,"href":"https:\/\/volovape.com\/fr\/wp-json\/wp\/v2\/media\/445"}],"wp:attachment":[{"href":"https:\/\/volovape.com\/fr\/wp-json\/wp\/v2\/media?parent=358"}],"wp:term":[{"taxonomy":"product_brand","embeddable":true,"href":"https:\/\/volovape.com\/fr\/wp-json\/wp\/v2\/product_brand?post=358"},{"taxonomy":"product_cat","embeddable":true,"href":"https:\/\/volovape.com\/fr\/wp-json\/wp\/v2\/product_cat?post=358"},{"taxonomy":"product_tag","embeddable":true,"href":"https:\/\/volovape.com\/fr\/wp-json\/wp\/v2\/product_tag?post=358"}],"curies":[{"name":"wp","href":"https:\/\/api.w.org\/{rel}","templated":true}]}}