{"id":35613,"date":"2025-08-16T11:41:34","date_gmt":"2025-08-16T11:41:34","guid":{"rendered":"https:\/\/volovape.com\/?post_type=product&#038;p=35613"},"modified":"2026-04-14T05:57:10","modified_gmt":"2026-04-14T05:57:10","slug":"bang-king-twins-50000","status":"publish","type":"product","link":"https:\/\/volovape.com\/fr\/product\/bang-king-twins-50000\/","title":{"rendered":"Bang King Twins 50000 Puffs | dual flavor LED display jetable vape wholesale"},"content":{"rendered":"<h2>Bang King Twins 50000 Puffs - Vue d'ensemble et caract\u00e9ristiques<\/h2>\n<p>Pr\u00e9parez-vous \u00e0 vivre une exp\u00e9rience de vapotage extraordinaire avec le <strong>Bang King Twins 50000 Puffs<\/strong> vaping jetable ! Avec jusqu'\u00e0 50 000 bouff\u00e9es et des saveurs doubles, cet appareil offre le meilleur des deux mondes. Dot\u00e9 d'un design \u00e9l\u00e9gant, de mesh coils et d'une batterie Type-C rechargeable, c'est le choix ultime pour ceux qui ont envie de saveurs intenses et d'une satisfaction durable. L'appareil <strong>Bang King Twins<\/strong> combine 56mL d'e-liquide (28mL + 28mL), et offre plusieurs options de nicotine pour satisfaire tous les go\u00fbts et toutes les pr\u00e9f\u00e9rences. \u00c9quip\u00e9 d'un \u00e9cran digital LED, il est facile de suivre votre exp\u00e9rience de la vape et de prolonger le plaisir. Que vous soyez un gros vapoteur ou un distributeur cherchant \u00e0 stocker des produits de qualit\u00e9, le <strong>Bang King Twins<\/strong> vous couvre.<\/p>\n<h4>Sp\u00e9cifications<\/h4>\n<table>\n<tbody>\n<tr>\n<td><strong>Capacit\u00e9 de bouff\u00e9e :<\/strong><\/td>\n<td>Jusqu'\u00e0 50000 bouff\u00e9es<\/td>\n<\/tr>\n<tr>\n<td><strong>Capacit\u00e9 d'e-liquide :<\/strong><\/td>\n<td>56mL (28mL + 28mL)<\/td>\n<\/tr>\n<tr>\n<td><strong>Batterie :<\/strong><\/td>\n<td>650mAh, Type-C rechargeable<\/td>\n<\/tr>\n<tr>\n<td><strong>Type de bobine :<\/strong><\/td>\n<td>Bobine de maille 1.0\u03a9<\/td>\n<\/tr>\n<tr>\n<td><strong>Options de nicotine :<\/strong><\/td>\n<td>2%, 3%, 5%<\/td>\n<\/tr>\n<tr>\n<td><strong>Affichage :<\/strong><\/td>\n<td>Affichage num\u00e9rique LED<\/td>\n<\/tr>\n<tr>\n<td><strong>Conception :<\/strong><\/td>\n<td>\u00c9l\u00e9gant, \u00e9l\u00e9gant et ergonomique<\/td>\n<\/tr>\n<\/tbody>\n<\/table>\n<h4>Saveurs disponibles<\/h4>\n<ul>\n<li>Amour 66 &amp; Citron Fruit de la Passion<\/li>\n<li>P\u00eache goyave fraise et Sakura raisin<\/li>\n<li>Fraise, banane et Heisenberg<\/li>\n<li>Bleu Razz Ice &amp; Bleu Razz Cherry<\/li>\n<li>Glace \u00e0 la past\u00e8que et \u00e0 la fraise<\/li>\n<li>Glace \u00e0 la past\u00e8que et Hubba Bubba \u00e0 la past\u00e8que<\/li>\n<li>Double citron vert et glace \u00e0 l'aloe vera<\/li>\n<li>M\u00e9lange de baies et de fraises et kiwis<\/li>\n<li>Super Cool Lychee &amp; Pink Man<\/li>\n<li>Jus de fruits P\u00eache glac\u00e9e &amp; Fraise mangue<\/li>\n<li>Cola citron et Skittles \u00e0 la fraise<\/li>\n<li>P\u00eache Mangue Past\u00e8que &amp; Cerise Bleu Razz<\/li>\n<\/ul>\n<h4>Pourquoi choisir Bang King Twins 50000 Puffs ?<\/h4>\n<ul>\n<li><strong>Performance durable :<\/strong> 50 000 bouff\u00e9es de plaisir continu<\/li>\n<li><strong>Double exp\u00e9rience gustative :<\/strong> Profitez de deux saveurs uniques \u00e0 chaque bouff\u00e9e<\/li>\n<li><strong>Pratique et rechargeable :<\/strong> Le chargement de type C vous permet d'\u00eatre toujours pr\u00eat \u00e0 partir<\/li>\n<li><strong>Bobines en maille de premi\u00e8re qualit\u00e9 :<\/strong> Pour des frappes plus douces et une saveur plus prononc\u00e9e<\/li>\n<li><strong>Nombreuses options de nicotine :<\/strong> Choisissez le taux de nicotine 2%, 3% ou 5%<\/li>\n<li><strong>Affichage num\u00e9rique LED :<\/strong> Suivez vos progr\u00e8s en mati\u00e8re de vapotage<\/li>\n<li><strong>Parfait pour la distribution :<\/strong> Id\u00e9al pour les grossistes et les boutiques de vapotage<\/li>\n<\/ul>\n<p>Le <strong>Bang King Twins 50000 Puffs<\/strong> La vape jetable est le choix ultime pour les boutiques de vape et les distributeurs en gros qui cherchent \u00e0 offrir un produit de haute qualit\u00e9 et de longue dur\u00e9e. Avec ses deux saveurs, sa batterie rechargeable et sa technologie mesh coil, elle est con\u00e7ue pour les gros vapoteurs comme pour les chasseurs de saveurs. Faites vos r\u00e9serves d\u00e8s maintenant et offrez \u00e0 vos clients une exp\u00e9rience de vapotage de premi\u00e8re qualit\u00e9 qu'ils adoreront !<\/p>\n<p><img decoding=\"async\" class=\"alignnone wp-image-35622 size-full\" src=\"https:\/\/volovape.com\/wp-content\/uploads\/2025\/08\/Bang-King-Twins-50000-flavor-chart.avif\" alt=\"\" title=\"\"><\/p>\n<p><img data-recalc-dims=\"1\" loading=\"lazy\" decoding=\"async\" class=\"alignnone wp-image-35632 size-full\" src=\"https:\/\/i0.wp.com\/volovape.com\/wp-content\/uploads\/2025\/08\/imgi_2_Bang_King_Twins_50K_11.webp?resize=800%2C800&#038;ssl=1\" alt=\"\" width=\"800\" height=\"800\" title=\"\" srcset=\"https:\/\/i0.wp.com\/volovape.com\/wp-content\/uploads\/2025\/08\/imgi_2_Bang_King_Twins_50K_11.webp?w=800&amp;ssl=1 800w, https:\/\/i0.wp.com\/volovape.com\/wp-content\/uploads\/2025\/08\/imgi_2_Bang_King_Twins_50K_11.webp?resize=300%2C300&amp;ssl=1 300w, https:\/\/i0.wp.com\/volovape.com\/wp-content\/uploads\/2025\/08\/imgi_2_Bang_King_Twins_50K_11.webp?resize=150%2C150&amp;ssl=1 150w, https:\/\/i0.wp.com\/volovape.com\/wp-content\/uploads\/2025\/08\/imgi_2_Bang_King_Twins_50K_11.webp?resize=768%2C768&amp;ssl=1 768w, https:\/\/i0.wp.com\/volovape.com\/wp-content\/uploads\/2025\/08\/imgi_2_Bang_King_Twins_50K_11.webp?resize=12%2C12&amp;ssl=1 12w, https:\/\/i0.wp.com\/volovape.com\/wp-content\/uploads\/2025\/08\/imgi_2_Bang_King_Twins_50K_11.webp?resize=510%2C510&amp;ssl=1 510w, https:\/\/i0.wp.com\/volovape.com\/wp-content\/uploads\/2025\/08\/imgi_2_Bang_King_Twins_50K_11.webp?resize=100%2C100&amp;ssl=1 100w, https:\/\/i0.wp.com\/volovape.com\/wp-content\/uploads\/2025\/08\/imgi_2_Bang_King_Twins_50K_11.webp?resize=50%2C50&amp;ssl=1 50w\" sizes=\"auto, (max-width: 800px) 100vw, 800px\" \/><\/p>","protected":false},"excerpt":{"rendered":"<p>D\u00e9couvrez la vape jetable Bang King Twins 50000 Puffs avec des saveurs doubles, des coils mesh, 56mL d'e-liquide, et une batterie Type-C rechargeable. Parfait pour les amateurs d'ar\u00f4mes et les acheteurs en gros !<\/p>","protected":false},"featured_media":35672,"comment_status":"open","ping_status":"closed","template":"","meta":[],"product_brand":[227],"product_cat":[61,230],"product_tag":[],"class_list":{"0":"post-35613","1":"product","2":"type-product","3":"status-publish","4":"has-post-thumbnail","6":"product_brand-bang","7":"product_cat-bang","8":"product_cat-new","10":"first","11":"instock","12":"shipping-taxable","13":"purchasable","14":"product-type-variable","15":"has-default-attributes"},"jetpack_sharing_enabled":true,"tiered_pricing_type":"fixed","tiered_pricing_fixed_rules":{"30":7.29999999999999982236431605997495353221893310546875,"50":6.0999999999999996447286321199499070644378662109375,"100":5.4000000000000003552713678800500929355621337890625,"200":4.9900000000000002131628207280300557613372802734375,"400":4.37999999999999989341858963598497211933135986328125},"tiered_pricing_product_settings":{"layout":"default","base_unit_name":{"singular":null,"plural":null},"default_variation":null},"tiered_pricing_minimum_quantity":10,"tiered_pricing_roles_data":[],"tiered_pricing_percentage_rules":[],"tiered_pricing_maximum_quantity":null,"tiered_pricing_quantity_step":"10","_links":{"self":[{"href":"https:\/\/volovape.com\/fr\/wp-json\/wp\/v2\/product\/35613","targetHints":{"allow":["GET"]}}],"collection":[{"href":"https:\/\/volovape.com\/fr\/wp-json\/wp\/v2\/product"}],"about":[{"href":"https:\/\/volovape.com\/fr\/wp-json\/wp\/v2\/types\/product"}],"replies":[{"embeddable":true,"href":"https:\/\/volovape.com\/fr\/wp-json\/wp\/v2\/comments?post=35613"}],"wp:featuredmedia":[{"embeddable":true,"href":"https:\/\/volovape.com\/fr\/wp-json\/wp\/v2\/media\/35672"}],"wp:attachment":[{"href":"https:\/\/volovape.com\/fr\/wp-json\/wp\/v2\/media?parent=35613"}],"wp:term":[{"taxonomy":"product_brand","embeddable":true,"href":"https:\/\/volovape.com\/fr\/wp-json\/wp\/v2\/product_brand?post=35613"},{"taxonomy":"product_cat","embeddable":true,"href":"https:\/\/volovape.com\/fr\/wp-json\/wp\/v2\/product_cat?post=35613"},{"taxonomy":"product_tag","embeddable":true,"href":"https:\/\/volovape.com\/fr\/wp-json\/wp\/v2\/product_tag?post=35613"}],"curies":[{"name":"wp","href":"https:\/\/api.w.org\/{rel}","templated":true}]}}