{"id":356,"date":"2024-11-21T03:29:21","date_gmt":"2024-11-21T03:29:21","guid":{"rendered":"https:\/\/volovape.com\/?post_type=product&#038;p=356"},"modified":"2025-10-30T05:03:18","modified_gmt":"2025-10-30T05:03:18","slug":"mrvi-15000-bouffees","status":"publish","type":"product","link":"https:\/\/volovape.com\/fr\/product\/mrvi-15000-puffs\/","title":{"rendered":"MRVI 15000 Puffs Vape jetable - Dual Mesh, Power Display, Lanyard"},"content":{"rendered":"<p><strong>MRVI 15000 Puffs Vape jetable<\/strong> - Vaping \u00e0 haute capacit\u00e9 avec pr\u00e9cision Dual Mesh et affichage de la puissance.<\/p>\n<p>Le <strong>MRVI 15000<\/strong> La vape jetable offre une exp\u00e9rience de vapotage exceptionnelle gr\u00e2ce \u00e0 son impressionnant syst\u00e8me d'aspiration. <strong>Capacit\u00e9 de 15 000 bouff\u00e9es<\/strong> et un \u00e9norme <strong>R\u00e9servoir d'e-liquide de 25ml<\/strong>. Aliment\u00e9 par un <strong>Batterie rechargeable de 750mAh<\/strong> et pr\u00e9sentant <strong>Chargement de type C<\/strong>Cet appareil garantit des performances durables. Les <strong>technologie avanc\u00e9e de bobine \u00e0 double maille<\/strong> fournit une vapeur toujours douce, riche et savoureuse. Le syst\u00e8me int\u00e9gr\u00e9 de <strong>affichage de la puissance<\/strong> permet de contr\u00f4ler en temps r\u00e9el l'autonomie de la batterie et les niveaux d'e-liquide, ce qui am\u00e9liore le confort d'utilisation. A <strong>cordon pratique<\/strong> est inclus pour faciliter le transport. Vous avez le choix entre <strong>Intensit\u00e9 de nicotine 2% et 5%<\/strong> pour r\u00e9pondre \u00e0 vos pr\u00e9f\u00e9rences. Avec <strong>10 saveurs d\u00e9licieuses<\/strong>Le MRVI 15000 est parfait pour <strong>Vape jetable en gros<\/strong>, <strong>commandes group\u00e9es<\/strong>ou <strong>usage personnel<\/strong>.<\/p>\n<h3><strong>MRVI 15000 Caract\u00e9ristiques :<\/strong><\/h3>\n<ul>\n<li>Bouff\u00e9es : Jusqu'\u00e0 15 000 bouff\u00e9es<\/li>\n<li>Capacit\u00e9 E-liquide : 25mL<\/li>\n<li>Batterie : 750mAh (rechargeable)<\/li>\n<li>Chargement : Type-C<\/li>\n<li>Bobine : Double bobine en maille<\/li>\n<li>Affichage : Affichage de la puissance (niveaux de batterie et d'e-liquide)<\/li>\n<li>Lani\u00e8re : Inclus<\/li>\n<li>Points forts de la nicotine : 2%, 5%<\/li>\n<li>Saveurs : 10 options uniques<\/li>\n<li>Dispositif \u00e0 usage unique<\/li>\n<\/ul>\n<h4>FAQ<\/h4>\n<h5>Comment la technologie de la bobine \u00e0 double maille am\u00e9liore-t-elle la saveur et la production de vapeur ?<\/h5>\n<p>La conception de la bobine \u00e0 double maille augmente la surface de chauffe, assurant une distribution uniforme de la chaleur et maximisant la vaporisation de l'e-liquide. Il en r\u00e9sulte des saveurs plus riches et plus intenses et des nuages de vapeur plus denses, offrant une exp\u00e9rience de vapotage sup\u00e9rieure \u00e0 celle des appareils \u00e0 simple bobine.<\/p>\n<h5>Quelles sont les m\u00e9thodes d'exp\u00e9dition utilis\u00e9es ?<\/h5>\n<p>Nous travaillons en partenariat avec des transporteurs fiables tels que UPS, DHL, FedEx et DPD afin de garantir une livraison rapide et s\u00fbre de votre commande. La m\u00e9thode d'exp\u00e9dition la plus efficace est s\u00e9lectionn\u00e9e en fonction de votre localisation afin d'optimiser la rapidit\u00e9 et la fiabilit\u00e9 de la livraison.<\/p>\n<h5>Quel est le d\u00e9lai de livraison de ma commande ?<\/h5>\n<p>Le d\u00e9lai de livraison est g\u00e9n\u00e9ralement de 7 \u00e0 15 jours ouvrables. Toutefois, il faut compter jusqu'\u00e0 20 jours ouvrables en cas de vacances ou de conditions m\u00e9t\u00e9orologiques d\u00e9favorables, ce qui peut entra\u00eener de l\u00e9gers retards dans le transport.<\/p>\n<h5>Aurai-je des probl\u00e8mes de douane ou des frais suppl\u00e9mentaires ?<\/h5>\n<p>Nous nous chargeons de toutes les proc\u00e9dures de d\u00e9douanement, ce qui vous garantit une exp\u00e9rience sans probl\u00e8me. Vous n'aurez pas \u00e0 payer de taxes ou de frais suppl\u00e9mentaires. Nous veillons \u00e0 ce que 100% de nos produits soient d\u00e9douan\u00e9s avec succ\u00e8s.<\/p>\n<h5>Les achats effectu\u00e9s sur votre site sont-ils s\u00fbrs et fiables ?<\/h5>\n<p>Oui, nous proposons des transactions PayPal s\u00e9curis\u00e9es avec protection de l'acheteur. Vous pouvez \u00e9galement v\u00e9rifier notre fiabilit\u00e9 en consultant les avis de nos clients sur <a href=\"https:\/\/www.trustpilot.com\/review\/volovape.com?utm_medium=trustbox&amp;utm_source=TrustBoxReviewCollector\">TrustPilot<\/a>o\u00f9 vous trouverez des t\u00e9moignages de clients satisfaits.<\/p>","protected":false},"excerpt":{"rendered":"<p>Profitez d'un usage prolong\u00e9 et riche avec MRVI 15000 Puffs. Double maille, affichage de la puissance, lani\u00e8re, 25ml, 750mAh rechargeable. Parfait pour les particuliers ou les grossistes, avec la commodit\u00e9 incluse.<\/p>","protected":false},"featured_media":425,"comment_status":"open","ping_status":"closed","template":"","meta":[],"product_brand":[],"product_cat":[55,41,21,43,18,39,20,23,24,22,25,26,27,28,29,30,31,32,33,34,35,36,40],"product_tag":[],"class_list":{"0":"post-356","1":"product","2":"type-product","3":"status-publish","4":"has-post-thumbnail","6":"product_cat-mrvi","7":"product_cat-15000-puffs-disposable-vape","8":"product_cat-big-puffs-vapes","9":"product_cat-crystal-vapes","10":"product_cat-different-puffs-of-disposable-vapes","11":"product_cat-digital-box-vapes","12":"product_cat-disposable-vape-types","13":"product_cat-disposable-vapes-in-austria","14":"product_cat-disposable-vapes-in-belgium","15":"product_cat-disposable-vapes-in-europe","16":"product_cat-disposable-vapes-in-france","17":"product_cat-disposable-vapes-in-germany","18":"product_cat-disposable-vapes-in-hungary","19":"product_cat-disposable-vapes-in-ltaly","20":"product_cat-disposable-vapes-in-netherlands","21":"product_cat-disposable-vapes-in-norway","22":"product_cat-disposable-vapes-in-poland","23":"product_cat-disposable-vapes-in-portugal","24":"product_cat-disposable-vapes-in-spain","25":"product_cat-disposable-vapes-in-sweden","26":"product_cat-disposable-vapes-in-switzerland","27":"product_cat-rechargeable-vapes","28":"product_cat-smart-screen-vapes","30":"first","31":"instock","32":"shipping-taxable","33":"purchasable","34":"product-type-variable","35":"has-default-attributes"},"jetpack_sharing_enabled":true,"tiered_pricing_type":"fixed","tiered_pricing_fixed_rules":{"100":5.9900000000000002131628207280300557613372802734375,"200":5.37000000000000010658141036401502788066864013671875,"400":5.05999999999999960920149533194489777088165283203125},"tiered_pricing_product_settings":{"layout":"default","base_unit_name":{"singular":null,"plural":null},"default_variation":null},"tiered_pricing_minimum_quantity":50,"tiered_pricing_roles_data":[],"tiered_pricing_percentage_rules":[],"tiered_pricing_maximum_quantity":null,"tiered_pricing_quantity_step":"10","_links":{"self":[{"href":"https:\/\/volovape.com\/fr\/wp-json\/wp\/v2\/product\/356","targetHints":{"allow":["GET"]}}],"collection":[{"href":"https:\/\/volovape.com\/fr\/wp-json\/wp\/v2\/product"}],"about":[{"href":"https:\/\/volovape.com\/fr\/wp-json\/wp\/v2\/types\/product"}],"replies":[{"embeddable":true,"href":"https:\/\/volovape.com\/fr\/wp-json\/wp\/v2\/comments?post=356"}],"wp:featuredmedia":[{"embeddable":true,"href":"https:\/\/volovape.com\/fr\/wp-json\/wp\/v2\/media\/425"}],"wp:attachment":[{"href":"https:\/\/volovape.com\/fr\/wp-json\/wp\/v2\/media?parent=356"}],"wp:term":[{"taxonomy":"product_brand","embeddable":true,"href":"https:\/\/volovape.com\/fr\/wp-json\/wp\/v2\/product_brand?post=356"},{"taxonomy":"product_cat","embeddable":true,"href":"https:\/\/volovape.com\/fr\/wp-json\/wp\/v2\/product_cat?post=356"},{"taxonomy":"product_tag","embeddable":true,"href":"https:\/\/volovape.com\/fr\/wp-json\/wp\/v2\/product_tag?post=356"}],"curies":[{"name":"wp","href":"https:\/\/api.w.org\/{rel}","templated":true}]}}