{"id":34425,"date":"2025-07-27T04:55:40","date_gmt":"2025-07-27T04:55:40","guid":{"rendered":"https:\/\/volovape.com\/?post_type=product&#038;p=34425"},"modified":"2025-10-16T07:29:52","modified_gmt":"2025-10-16T07:29:52","slug":"bang-de-60k","status":"publish","type":"product","link":"https:\/\/volovape.com\/fr\/product\/bang-de-60k\/","title":{"rendered":"Bang DE 60K | flavor switch 3-in-1 60000 puffs disposable vape wholesale"},"content":{"rendered":"<h3>Pourquoi choisir Bang DE 60K ?<\/h3>\n<ul>\n<li>\ud83c\udf00 <strong>Mode ar\u00f4me 3 en 1<\/strong> - Passez de la chambre A \u00e0 la chambre B ou \u00e0 un mode combin\u00e9 avec un seul appareil.<\/li>\n<li>\ud83d\udd25 <strong>Capacit\u00e9 de 60 000 bouff\u00e9es<\/strong> - Construit pour une satisfaction durable.<\/li>\n<li>\ud83d\udd0b <strong>Batterie rechargeable de 850mAh<\/strong> - Prise en charge de la charge rapide de type C.<\/li>\n<li>\ud83e\udde0 <strong>Affichage intelligent de la puissance et de l'huile<\/strong> - Ne devinez plus jamais votre niveau de charge ou d'e-liquide.<\/li>\n<li>\ud83e\ude84 <strong>Technologie Dual Coil<\/strong> - Une saveur douce et riche \u00e0 chaque bouff\u00e9e.<\/li>\n<li>\ud83d\udce6 <strong>Parfait pour le vrac<\/strong> - Con\u00e7u pour les revendeurs et les grossistes.<\/li>\n<li>\ud83c\udfaf <strong>Plusieurs concentrations de nicotine<\/strong> - Du sans nicotine au 5%, tous les utilisateurs sont couverts.<\/li>\n<\/ul>\n<p>Que vous soyez un utilisateur intensif \u00e0 la recherche d'une vape quotidienne fiable ou une boutique de vape s'approvisionnant en produits de qualit\u00e9 sup\u00e9rieure \u00e0 forte marge, la <strong>Bang DE 60K<\/strong> est \u00e0 la hauteur sur tous les fronts. Avec des fonctionnalit\u00e9s de pointe, des options de saveurs de qualit\u00e9 sup\u00e9rieure et un \u00e9cran \u00e9l\u00e9gant, c'est une \u00e9vidence pour les clients de d\u00e9tail et de gros. \ud83d\udcbc\ud83d\udca8<\/p>\n<h2>\ud83d\ude80 Triple Flavor. Double bobine. Un appareil \u00e9pique - Voici le Bang DE 60K !<\/h2>\n<p>Faites passer votre jeu de vape au niveau sup\u00e9rieur avec le <strong>Bang DE 60K<\/strong> - un puissant produit jetable con\u00e7u pour les amateurs de bouff\u00e9es d'air comprim\u00e9 et les d\u00e9taillants avis\u00e9s. Avec jusqu'\u00e0 <strong>60 000 bouff\u00e9es<\/strong>, <strong>Changement d'ar\u00f4me 3 en 1<\/strong>Gr\u00e2ce \u00e0 son syst\u00e8me d'affichage de la temp\u00e9rature et \u00e0 ses indicateurs intelligents pour l'huile et la batterie, cet appareil est une b\u00eate en termes de performances et une beaut\u00e9 en termes de design. Que vous soyez un chasseur de saveurs ou que vous approvisionniez vos \u00e9tag\u00e8res, c'est l'appareil qui ne cesse de donner. \ud83d\udd04\ud83d\udd25<\/p>\n<h3>Sp\u00e9cifications<\/h3>\n<table>\n<tbody>\n<tr>\n<td><strong>Capacit\u00e9 de bouff\u00e9e<\/strong><\/td>\n<td>Jusqu'\u00e0 60 000 bouff\u00e9es<\/td>\n<\/tr>\n<tr>\n<td><strong>Capacit\u00e9 en e-liquide<\/strong><\/td>\n<td>Non sp\u00e9cifi\u00e9<\/td>\n<\/tr>\n<tr>\n<td><strong>Batterie<\/strong><\/td>\n<td>850mAh Rechargeable (Type-C)<\/td>\n<\/tr>\n<tr>\n<td><strong>Type de bobine<\/strong><\/td>\n<td>Double bobine<\/td>\n<\/tr>\n<tr>\n<td><strong>Options de la nicotine<\/strong><\/td>\n<td>0%, 2%, 3%, 5%<\/td>\n<\/tr>\n<tr>\n<td><strong>Affichage<\/strong><\/td>\n<td>Indicateur intelligent de puissance et d'huile<\/td>\n<\/tr>\n<tr>\n<td><strong>Conception<\/strong><\/td>\n<td>Coque \u00e9l\u00e9gante avec affichage LED<\/td>\n<\/tr>\n<\/tbody>\n<\/table>\n<h3>Combinaisons de saveurs<\/h3>\n<table>\n<tbody>\n<tr>\n<th>Chambre A<\/th>\n<th>Chambre B<\/th>\n<\/tr>\n<tr>\n<td>Glace \u00e0 la past\u00e8que<\/td>\n<td>Myrtille Menthe<\/td>\n<\/tr>\n<tr>\n<td>Glace \u00e0 la past\u00e8que<\/td>\n<td>Myrtille Cerise<\/td>\n<\/tr>\n<tr>\n<td>Glace aux myrtilles<\/td>\n<td>P\u00eache Mangue Past\u00e8que<\/td>\n<\/tr>\n<tr>\n<td>Glace aux myrtilles<\/td>\n<td>Glace \u00e0 la p\u00eache<\/td>\n<\/tr>\n<tr>\n<td>Myrtille Framboise<\/td>\n<td>Baies m\u00e9lang\u00e9es<\/td>\n<\/tr>\n<tr>\n<td>Myrtille Framboise<\/td>\n<td>Glace de raisin<\/td>\n<\/tr>\n<tr>\n<td>Red Bull<\/td>\n<td>Fraise et banane<\/td>\n<\/tr>\n<tr>\n<td>Red Bull<\/td>\n<td>Past\u00e8que \u00e0 la myrtille<\/td>\n<\/tr>\n<tr>\n<td>Fraise Mangue<\/td>\n<td>Gomme \u00e0 m\u00e2cher \u00e0 la past\u00e8que<\/td>\n<\/tr>\n<tr>\n<td>Fraise Mangue<\/td>\n<td>Fraise Kiwi<\/td>\n<\/tr>\n<tr>\n<td>Past\u00e8que \u00e0 la fraise<\/td>\n<td>Glace du dragon noir<\/td>\n<\/tr>\n<tr>\n<td>Past\u00e8que \u00e0 la fraise<\/td>\n<td>Kiwi Fruit de la passion Goyave<\/td>\n<\/tr>\n<\/tbody>\n<\/table>\n<h2>FAQs \u00e0 propos de Bang DE 60K 3-in-1 Vape jetable<\/h2>\n<p><strong>Q1 : Comment l'utiliser ? Y a-t-il un bouton ?<\/strong><br \/>\nR : Pas besoin de boutons ! C'est <strong>dessin-activ\u00e9<\/strong>Il suffit donc d'inhaler et de vaper.<\/p>\n<p><strong>Q2 : Que signifie \"3 en 1\" ?<\/strong><br \/>\nR : Cela signifie que l'appareil a <strong>trois options de saveur<\/strong>: Saveur A, Saveur B, et une combinaison des deux. Vous pouvez facilement passer de l'un \u00e0 l'autre \u00e0 tout moment.<\/p>\n<p><strong>Q3 : Comment puis-je passer d'une saveur \u00e0 l'autre ?<\/strong><br \/>\nR : Il suffit d'utiliser la fonction int\u00e9gr\u00e9e <strong>changement d'ar\u00f4me<\/strong> pour choisir la saveur A, la saveur B ou les deux m\u00e9lang\u00e9es.<\/p>\n<p><strong>Q4 : Puis-je le recharger ?<\/strong><br \/>\nR : Oui ! Il est dot\u00e9 d'un <strong>Batterie de 850mAh<\/strong> et un <strong>Port de charge de type C<\/strong> pour une charge rapide et facile.<\/p>\n<p><strong>Q5 : Comment puis-je v\u00e9rifier le niveau de la batterie ou le nombre de bouff\u00e9es ?<\/strong><br \/>\nR : L'intelligence <strong>\u00c9cran LED<\/strong> indique le niveau de la batterie et le nombre de bouff\u00e9es que vous avez tir\u00e9es.<\/p>\n<p><strong>Q6 : Combien de bouff\u00e9es le Bang DE 60K donne-t-il ?<\/strong><br \/>\nR : Vous pouvez b\u00e9n\u00e9ficier jusqu'\u00e0 <strong>60 000 bouff\u00e9es<\/strong> total. Vous pouvez choisir les saveurs de la chambre A, de la chambre B ou m\u00e9langer les deux pour obtenir un go\u00fbt combin\u00e9.<\/p>\n<p><strong>Q7 : Quelle est la quantit\u00e9 d'e-liquide contenue dans l'appareil ?<\/strong><br \/>\nR : Il tient <strong>60mL<\/strong> d'e-liquide au total, r\u00e9partis entre deux chambres d'ar\u00f4mes.<\/p>\n<p><strong>Q8 : Contient-il de la nicotine ?<\/strong><br \/>\nR : Oui. Vous pouvez choisir entre <strong>0%, 2%, 3% ou 5% nicotine<\/strong>en fonction de vos pr\u00e9f\u00e9rences.<\/p>\n<p><strong>Q9 : Quel type de bobine se trouve \u00e0 l'int\u00e9rieur ?<\/strong><br \/>\nR : Il utilise un <strong>bobine de maille de haute qualit\u00e9<\/strong> pour des bouff\u00e9es plus douces et une saveur intense \u00e0 chaque bouff\u00e9e.<\/p>\n<p><strong>Q10 : Puis-je le recharger avec plus d'e-liquide ?<\/strong><br \/>\nR : Non, il s'agit d'un <strong>vape jetable<\/strong>. Une fois le e-liquide \u00e9puis\u00e9, il suffit de remplacer l'ensemble de l'appareil.<\/p>","protected":false},"excerpt":{"rendered":"<p>Achetez la vape jetable Bang DE 60K avec une technologie de saveur 3-en-1, 60 000 bouff\u00e9es et des indicateurs intelligents - parfaite pour les grossistes.<\/p>","protected":false},"featured_media":34455,"comment_status":"open","ping_status":"closed","template":"","meta":[],"product_brand":[227],"product_cat":[61],"product_tag":[],"class_list":{"0":"post-34425","1":"product","2":"type-product","3":"status-publish","4":"has-post-thumbnail","6":"product_brand-bang","7":"product_cat-bang","9":"first","10":"instock","11":"shipping-taxable","12":"purchasable","13":"product-type-variable","14":"has-default-attributes"},"jetpack_sharing_enabled":true,"tiered_pricing_type":"fixed","tiered_pricing_fixed_rules":{"2000":4.5},"tiered_pricing_product_settings":{"layout":"default","base_unit_name":{"singular":null,"plural":null},"default_variation":null},"tiered_pricing_minimum_quantity":1000,"tiered_pricing_roles_data":[],"tiered_pricing_percentage_rules":[],"tiered_pricing_maximum_quantity":null,"tiered_pricing_quantity_step":"10","_links":{"self":[{"href":"https:\/\/volovape.com\/fr\/wp-json\/wp\/v2\/product\/34425","targetHints":{"allow":["GET"]}}],"collection":[{"href":"https:\/\/volovape.com\/fr\/wp-json\/wp\/v2\/product"}],"about":[{"href":"https:\/\/volovape.com\/fr\/wp-json\/wp\/v2\/types\/product"}],"replies":[{"embeddable":true,"href":"https:\/\/volovape.com\/fr\/wp-json\/wp\/v2\/comments?post=34425"}],"wp:featuredmedia":[{"embeddable":true,"href":"https:\/\/volovape.com\/fr\/wp-json\/wp\/v2\/media\/34455"}],"wp:attachment":[{"href":"https:\/\/volovape.com\/fr\/wp-json\/wp\/v2\/media?parent=34425"}],"wp:term":[{"taxonomy":"product_brand","embeddable":true,"href":"https:\/\/volovape.com\/fr\/wp-json\/wp\/v2\/product_brand?post=34425"},{"taxonomy":"product_cat","embeddable":true,"href":"https:\/\/volovape.com\/fr\/wp-json\/wp\/v2\/product_cat?post=34425"},{"taxonomy":"product_tag","embeddable":true,"href":"https:\/\/volovape.com\/fr\/wp-json\/wp\/v2\/product_tag?post=34425"}],"curies":[{"name":"wp","href":"https:\/\/api.w.org\/{rel}","templated":true}]}}