{"id":34356,"date":"2025-07-27T04:21:56","date_gmt":"2025-07-27T04:21:56","guid":{"rendered":"https:\/\/volovape.com\/?post_type=product&#038;p=34356"},"modified":"2025-10-16T07:27:33","modified_gmt":"2025-10-16T07:27:33","slug":"bang-de-80000","status":"publish","type":"product","link":"https:\/\/volovape.com\/fr\/product\/bang-de-80000\/","title":{"rendered":"Bang DE 80K Triple Flavor 80000 Puffs | vape jetable au go\u00fbt r\u00e9glable avec LCD &amp; coils triple mesh"},"content":{"rendered":"<h3>\u2705 Pourquoi choisir Bang DE 80000 ?<\/h3>\n<ul>\n<li>\ud83c\udf00 <strong>Syst\u00e8me \u00e0 triple ar\u00f4me<\/strong> vous permet de changer de go\u00fbt \u00e0 tout moment pour une excitation permanente<\/li>\n<li>\ud83d\udca8 <strong>Capacit\u00e9 massive de 80000 bouff\u00e9es<\/strong> - parfait pour une utilisation \u00e0 long terme<\/li>\n<li>\ud83d\udd0b <strong>Batterie rechargeable de 650mAh<\/strong> avec charge rapide de type C<\/li>\n<li>\ud83d\udc40 <strong>\u00c9cran LCD intelligent<\/strong> indique les niveaux d'e-liquide et de batterie en temps r\u00e9el<\/li>\n<li>\ud83d\udd25 <strong>Triple bobines de 1.0\u03a9<\/strong> pour une saveur et une production de vapeur ultra douces<\/li>\n<li>\ud83d\udcbc <strong>Emballage pr\u00eat pour la vente en gros<\/strong> - 10 pi\u00e8ces par paquet<\/li>\n<li>\ud83c\udf08 <strong>12 combinaisons de saveurs<\/strong> pour une vari\u00e9t\u00e9 in\u00e9gal\u00e9e<\/li>\n<\/ul>\n<p>Que vous soyez un fanatique des ar\u00f4mes, un gros frappeur ou un propri\u00e9taire de magasin \u00e0 la recherche d'un stock de produits les plus vendus, le <strong>Bang DE 80000<\/strong> est con\u00e7u pour une satisfaction s\u00e9rieuse. Avec sa configuration triple saveur, son design audacieux et son ing\u00e9nierie haute performance, c'est la vape jetable ultime pour les pros et les amateurs de bouff\u00e9es. \ud83d\udca5<\/p>\n<h2>\ud83d\udd25 Rencontrez le Bang DE 80000 - La b\u00eate de saveur des vapes jetables ! \ud83d\udd25<\/h2>\n<p>\ud83d\ude80 Say hello to <strong>Bang DE 80000<\/strong> - la vape jetable 3 en 1 ultime, con\u00e7ue pour ceux qui veulent tout. Comprenant <strong>3 saveurs r\u00e9glables<\/strong>, ce qui repr\u00e9sente une somme \u00e9norme de <strong>Capacit\u00e9 de 80000 bouff\u00e9es<\/strong>et d'une <strong>\u00c9cran LCD<\/strong> Pour vous tenir au courant, cet appareil change la donne pour les fumeurs s\u00e9rieux. Que vous soyez \u00e0 la recherche de nuages ou de saveurs, le Bang DE vous couvre. \ud83c\udf2c\ufe0f\ud83c\udf53\ud83c\udf49<\/p>\n<h3>\ud83d\udd27 Sp\u00e9cifications<\/h3>\n<table>\n<tbody>\n<tr>\n<td><strong>Capacit\u00e9 de bouff\u00e9e<\/strong><\/td>\n<td>Jusqu'\u00e0 80000 bouff\u00e9es<\/td>\n<\/tr>\n<tr>\n<td><strong>Capacit\u00e9 en e-liquide<\/strong><\/td>\n<td>20mL \u00d7 3 (Total 60mL)<\/td>\n<\/tr>\n<tr>\n<td><strong>Batterie<\/strong><\/td>\n<td>650mAh Rechargeable (Type-C)<\/td>\n<\/tr>\n<tr>\n<td><strong>Type de bobine<\/strong><\/td>\n<td>Triple maille 1.0\u03a9 \u00d7 3<\/td>\n<\/tr>\n<tr>\n<td><strong>Options de la nicotine<\/strong><\/td>\n<td>2%, 3%, 5%<\/td>\n<\/tr>\n<tr>\n<td><strong>Affichage<\/strong><\/td>\n<td>\u00c9cran LCD<\/td>\n<\/tr>\n<tr>\n<td><strong>Emballage<\/strong><\/td>\n<td>10 pi\u00e8ces\/paquet<\/td>\n<\/tr>\n<\/tbody>\n<\/table>\n<h3>\ud83c\udfaf Combinaisons de saveurs<\/h3>\n<table>\n<tbody>\n<tr>\n<th>Chambre A<\/th>\n<th>Chambre B<\/th>\n<th>Chambre C<\/th>\n<\/tr>\n<tr>\n<td>Glace \u00e0 la past\u00e8que<\/td>\n<td>Red Bull<\/td>\n<td>Fraise Kiwi<\/td>\n<\/tr>\n<tr>\n<td>Glace aux myrtilles<\/td>\n<td>Past\u00e8que \u00e0 la fraise<\/td>\n<td>Citron vert<\/td>\n<\/tr>\n<tr>\n<td>Past\u00e8que \u00e0 la myrtille<\/td>\n<td>Kiwi Fruit de la passion Goyave<\/td>\n<td>Gomme \u00e0 m\u00e2cher \u00e0 la past\u00e8que<\/td>\n<\/tr>\n<tr>\n<td>Glace du dragon noir<\/td>\n<td>Mangue acide Ananas<\/td>\n<td>Red Bull<\/td>\n<\/tr>\n<tr>\n<td>Past\u00e8que \u00e0 la fraise<\/td>\n<td>Baies m\u00e9lang\u00e9es<\/td>\n<td>P\u00eache au citron<\/td>\n<\/tr>\n<tr>\n<td>Razz aux myrtilles<\/td>\n<td>Fraise et banane<\/td>\n<td>Ananas noix de coco<\/td>\n<\/tr>\n<tr>\n<td>Glace aux myrtilles<\/td>\n<td>Triple melon<\/td>\n<td>Pomme Raisin<\/td>\n<\/tr>\n<tr>\n<td>Past\u00e8que Fruit du dragon<\/td>\n<td>Mangue P\u00eache<\/td>\n<td>Fraise Kiwi<\/td>\n<\/tr>\n<tr>\n<td>Myrtille Framboise<\/td>\n<td>Coca-Cola \u00e0 la fraise et \u00e0 la vanille<\/td>\n<td>Baies m\u00e9lang\u00e9es<\/td>\n<\/tr>\n<tr>\n<td>Glace \u00e0 la past\u00e8que<\/td>\n<td>Cr\u00e8me glac\u00e9e \u00e0 la fraise<\/td>\n<td>Kiwi Fruit de la passion Goyave<\/td>\n<\/tr>\n<tr>\n<td>Razz aux myrtilles<\/td>\n<td>Glace du dragon noir<\/td>\n<td>Glace \u00e0 la cerise p\u00e9tillante<\/td>\n<\/tr>\n<tr>\n<td>Cerise Cola Ice<\/td>\n<td>Past\u00e8que \u00e0 la myrtille<\/td>\n<td>Fraise Mangue<\/td>\n<\/tr>\n<\/tbody>\n<\/table>","protected":false},"excerpt":{"rendered":"<p>Bang DE 80000 Puffs Vape jetable propose 3 saveurs r\u00e9glables, 60mL d'e-liquide, un \u00e9cran LCD, et des coils triple mesh pour une satisfaction ultime.<\/p>","protected":false},"featured_media":34366,"comment_status":"open","ping_status":"closed","template":"","meta":[],"product_brand":[227],"product_cat":[230,61],"product_tag":[],"class_list":{"0":"post-34356","1":"product","2":"type-product","3":"status-publish","4":"has-post-thumbnail","6":"product_brand-bang","7":"product_cat-new","8":"product_cat-bang","10":"first","11":"instock","12":"shipping-taxable","13":"purchasable","14":"product-type-variable","15":"has-default-attributes"},"jetpack_sharing_enabled":true,"tiered_pricing_type":"fixed","tiered_pricing_fixed_rules":{"2000":4.9000000000000003552713678800500929355621337890625},"tiered_pricing_product_settings":{"layout":"default","base_unit_name":{"singular":null,"plural":null},"default_variation":null},"tiered_pricing_minimum_quantity":1000,"tiered_pricing_roles_data":[],"tiered_pricing_percentage_rules":[],"tiered_pricing_maximum_quantity":null,"tiered_pricing_quantity_step":"10","_links":{"self":[{"href":"https:\/\/volovape.com\/fr\/wp-json\/wp\/v2\/product\/34356","targetHints":{"allow":["GET"]}}],"collection":[{"href":"https:\/\/volovape.com\/fr\/wp-json\/wp\/v2\/product"}],"about":[{"href":"https:\/\/volovape.com\/fr\/wp-json\/wp\/v2\/types\/product"}],"replies":[{"embeddable":true,"href":"https:\/\/volovape.com\/fr\/wp-json\/wp\/v2\/comments?post=34356"}],"wp:featuredmedia":[{"embeddable":true,"href":"https:\/\/volovape.com\/fr\/wp-json\/wp\/v2\/media\/34366"}],"wp:attachment":[{"href":"https:\/\/volovape.com\/fr\/wp-json\/wp\/v2\/media?parent=34356"}],"wp:term":[{"taxonomy":"product_brand","embeddable":true,"href":"https:\/\/volovape.com\/fr\/wp-json\/wp\/v2\/product_brand?post=34356"},{"taxonomy":"product_cat","embeddable":true,"href":"https:\/\/volovape.com\/fr\/wp-json\/wp\/v2\/product_cat?post=34356"},{"taxonomy":"product_tag","embeddable":true,"href":"https:\/\/volovape.com\/fr\/wp-json\/wp\/v2\/product_tag?post=34356"}],"curies":[{"name":"wp","href":"https:\/\/api.w.org\/{rel}","templated":true}]}}