{"id":34223,"date":"2025-07-27T03:57:14","date_gmt":"2025-07-27T03:57:14","guid":{"rendered":"https:\/\/volovape.com\/?post_type=product&#038;p=34223"},"modified":"2025-11-26T06:11:58","modified_gmt":"2025-11-26T06:11:58","slug":"jnr-falcon-pro-28000","status":"publish","type":"product","link":"https:\/\/volovape.com\/fr\/product\/jnr-falcon-pro-28000\/","title":{"rendered":"JNR Falcon Pro 28000 Puffs | dual mesh coil &amp; digital display bulk disposable vape"},"content":{"rendered":"<h2>\ud83d\udd25 Voici le JNR Falcon Pro - Votre poids lourd pour les ar\u00f4mes et les nuages ! \ud83d\udd25<\/h2>\n<p>Vous cherchez \u00e0 am\u00e9liorer votre jeu de vape ou \u00e0 approvisionner votre boutique avec une v\u00e9ritable b\u00eate de nuage ? \ud83d\ude24 The <em>JNR Falcon Pro<\/em> n'est pas un produit jetable ordinaire - c'est une <em>machine \u00e0 vaper de nouvelle g\u00e9n\u00e9ration<\/em>\u00a0La nouvelle g\u00e9n\u00e9ration de cigarettes est faite pour les fumeurs s\u00e9rieux, les fanatiques d'ar\u00f4mes et les acheteurs en vrac. Avec un \u00e9norme <em>Capacit\u00e9 de 28 000 bouff\u00e9es<\/em>La performance de la bobine \u00e0 double maille est riche, et un syst\u00e8me intelligent d'alimentation en eau est disponible pour tous les types d'appareils. <em>affichage num\u00e9rique<\/em>Cet appareil est n\u00e9 pour dominer les rayons. <em>et<\/em>\u00a0les rues. \ud83d\udca8<br \/>\nQue vous recherchiez des saveurs audacieuses ou que vous vous adressiez \u00e0 des clients B2B qui veulent des performances durables, le Falcon Pro d\u00e9livre un coup de poing puissant \u00e0 chaque bouff\u00e9e. \ud83d\udcaa<\/p>\n<h3>Sp\u00e9cifications<\/h3>\n<table>\n<tbody>\n<tr>\n<td><strong>Capacit\u00e9 de bouff\u00e9e<\/strong><\/td>\n<td>Jusqu'\u00e0 28 000 bouff\u00e9es<\/td>\n<\/tr>\n<tr>\n<td><strong>Capacit\u00e9 en e-liquide<\/strong><\/td>\n<td>30mL<\/td>\n<\/tr>\n<tr>\n<td><strong>Batterie<\/strong><\/td>\n<td>950mAh Rechargeable (Type-C)<\/td>\n<\/tr>\n<tr>\n<td><strong>Type de bobine<\/strong><\/td>\n<td>Bobine \u00e0 double maille<\/td>\n<\/tr>\n<tr>\n<td><strong>Intensit\u00e9 de la nicotine<\/strong><\/td>\n<td>2%<\/td>\n<\/tr>\n<tr>\n<td><strong>Affichage<\/strong><\/td>\n<td>\u00c9cran num\u00e9rique intelligent<\/td>\n<\/tr>\n<tr>\n<td><strong>Saveurs disponibles<\/strong><\/td>\n<td>20<\/td>\n<\/tr>\n<\/tbody>\n<\/table>\n<h3>Pourquoi choisir JNR Falcon Pro ?<\/h3>\n<ul>\n<li>\ud83d\ude80 <em>Capacit\u00e9 massive de 28 000 bouff\u00e9es<\/em> - construit pour une satisfaction durable<\/li>\n<li>\ud83d\udd0b <em>Batterie puissante de 950mAh<\/em> avec charge rapide de type C<\/li>\n<li>\ud83d\udd25 <em>Double bobine en maille<\/em> pour des saveurs intenses et constantes<\/li>\n<li>\ud83d\udcf1 <em>\u00c9cran num\u00e9rique<\/em> indique les niveaux de batterie et d'e-liquide en un coup d'\u0153il<\/li>\n<li>\ud83c\udf6d <em>20 saveurs d\u00e9licieuses<\/em> satisfaire tous les types de clients<\/li>\n<li>\ud83d\udcbc <em>Parfait pour les acheteurs en gros<\/em> et les revendeurs en gros \u00e0 la recherche de stocks tr\u00e8s demand\u00e9s<\/li>\n<li>\ud83d\udc8e Conception \u00e9l\u00e9gante et durable, con\u00e7ue pour impressionner \u00e0 l'\u00e9cran et en d\u00e9placement<\/li>\n<\/ul>\n<h3>Liste des ar\u00f4mes<\/h3>\n<ul>\n<li>Glace \u00e0 la fraise<\/li>\n<li>Cola \u00e0 la cerise<\/li>\n<li>Glace \u00e0 la past\u00e8que<\/li>\n<li>Bleu Razz Cherry<\/li>\n<li>Fraise Kiwi<\/li>\n<li>P\u00eaches juteuses<\/li>\n<li>Glace aux myrtilles<\/li>\n<li>Baies m\u00e9lang\u00e9es<\/li>\n<li>Double pomme<\/li>\n<li>Baie de cerise<\/li>\n<li>Myrtille Framboise Cerise<\/li>\n<li>Glace \u00e0 la fraise et \u00e0 la past\u00e8que<\/li>\n<li>Glace au kiwi et \u00e0 la past\u00e8que<\/li>\n<li>Myrtille framboise acidul\u00e9e<\/li>\n<li>P\u00eache blanche Razz<\/li>\n<li>Mangue Fruit de la passion<\/li>\n<li>P\u00eache Mangue Past\u00e8que<\/li>\n<li>Past\u00e8que Bubblegum<\/li>\n<li>Fraise et banane<\/li>\n<li>Kiwi Passion Goyave<\/li>\n<\/ul>\n<p>Que vous soyez un utilisateur assidu qui exige le meilleur, un chasseur d'ar\u00f4mes qui ne se contente pas d'une saveur terne, ou un magasin de vape qui a besoin d'un stock qui plaise au plus grand nombre, vous pouvez vous procurer des produits de qualit\u00e9. <em>se d\u00e9place,<\/em> les <strong>JNR Falcon Pro 28000<\/strong> est votre ultime solution tout-en-un. Sa capacit\u00e9 imbattable, sa s\u00e9lection d'ar\u00f4mes de premi\u00e8re qualit\u00e9 et son design qui am\u00e9liore l'affichage en font un choix de premier ordre pour les grossistes et les distributeurs qui cherchent \u00e0 dominer leur march\u00e9.<\/p>\n<p><a href=\"https:\/\/i0.wp.com\/volovape.com\/wp-content\/uploads\/2025\/07\/24h-vape-jnr-falcon-pro-28000-puffs-flavor-list-1.jpg?ssl=1\"><img data-recalc-dims=\"1\" loading=\"lazy\" decoding=\"async\" class=\"alignnone wp-image-34266 size-full\" src=\"https:\/\/i0.wp.com\/volovape.com\/wp-content\/uploads\/2025\/07\/24h-vape-jnr-falcon-pro-28000-puffs-flavor-list-1.jpg?resize=1920%2C1920&#038;ssl=1\" alt=\"\" width=\"1920\" height=\"1920\" title=\"\" srcset=\"https:\/\/i0.wp.com\/volovape.com\/wp-content\/uploads\/2025\/07\/24h-vape-jnr-falcon-pro-28000-puffs-flavor-list-1.jpg?w=1920&amp;ssl=1 1920w, https:\/\/i0.wp.com\/volovape.com\/wp-content\/uploads\/2025\/07\/24h-vape-jnr-falcon-pro-28000-puffs-flavor-list-1.jpg?resize=300%2C300&amp;ssl=1 300w, https:\/\/i0.wp.com\/volovape.com\/wp-content\/uploads\/2025\/07\/24h-vape-jnr-falcon-pro-28000-puffs-flavor-list-1.jpg?resize=1024%2C1024&amp;ssl=1 1024w, https:\/\/i0.wp.com\/volovape.com\/wp-content\/uploads\/2025\/07\/24h-vape-jnr-falcon-pro-28000-puffs-flavor-list-1.jpg?resize=150%2C150&amp;ssl=1 150w, https:\/\/i0.wp.com\/volovape.com\/wp-content\/uploads\/2025\/07\/24h-vape-jnr-falcon-pro-28000-puffs-flavor-list-1.jpg?resize=768%2C768&amp;ssl=1 768w, https:\/\/i0.wp.com\/volovape.com\/wp-content\/uploads\/2025\/07\/24h-vape-jnr-falcon-pro-28000-puffs-flavor-list-1.jpg?resize=1536%2C1536&amp;ssl=1 1536w, https:\/\/i0.wp.com\/volovape.com\/wp-content\/uploads\/2025\/07\/24h-vape-jnr-falcon-pro-28000-puffs-flavor-list-1.jpg?resize=12%2C12&amp;ssl=1 12w, https:\/\/i0.wp.com\/volovape.com\/wp-content\/uploads\/2025\/07\/24h-vape-jnr-falcon-pro-28000-puffs-flavor-list-1.jpg?resize=500%2C500&amp;ssl=1 500w, https:\/\/i0.wp.com\/volovape.com\/wp-content\/uploads\/2025\/07\/24h-vape-jnr-falcon-pro-28000-puffs-flavor-list-1.jpg?resize=800%2C800&amp;ssl=1 800w, https:\/\/i0.wp.com\/volovape.com\/wp-content\/uploads\/2025\/07\/24h-vape-jnr-falcon-pro-28000-puffs-flavor-list-1.jpg?resize=100%2C100&amp;ssl=1 100w\" sizes=\"auto, (max-width: 1000px) 100vw, 1000px\" \/><\/a><\/p>","protected":false},"excerpt":{"rendered":"<h5>JNR Falcon Pro 28000 Puffs vape jetable avec dual mesh coil, 30mL e-liquide, et smart digital display - id\u00e9al pour la vente en gros de vape.<\/h5>","protected":false},"featured_media":34265,"comment_status":"open","ping_status":"closed","template":"","meta":[],"product_brand":[244],"product_cat":[79,230],"product_tag":[],"class_list":{"0":"post-34223","1":"product","2":"type-product","3":"status-publish","4":"has-post-thumbnail","6":"product_brand-jnr","7":"product_cat-jnr","8":"product_cat-new","10":"first","11":"instock","12":"shipping-taxable","13":"purchasable","14":"product-type-variable","15":"has-default-attributes"},"jetpack_sharing_enabled":true,"tiered_pricing_type":"fixed","tiered_pricing_fixed_rules":{"100":6.9000000000000003552713678800500929355621337890625,"200":6.5999999999999996447286321199499070644378662109375,"400":6.0999999999999996447286321199499070644378662109375},"tiered_pricing_product_settings":{"layout":"default","base_unit_name":{"singular":null,"plural":null},"default_variation":null},"tiered_pricing_minimum_quantity":50,"tiered_pricing_roles_data":[],"tiered_pricing_percentage_rules":[],"tiered_pricing_maximum_quantity":null,"tiered_pricing_quantity_step":"10","_links":{"self":[{"href":"https:\/\/volovape.com\/fr\/wp-json\/wp\/v2\/product\/34223","targetHints":{"allow":["GET"]}}],"collection":[{"href":"https:\/\/volovape.com\/fr\/wp-json\/wp\/v2\/product"}],"about":[{"href":"https:\/\/volovape.com\/fr\/wp-json\/wp\/v2\/types\/product"}],"replies":[{"embeddable":true,"href":"https:\/\/volovape.com\/fr\/wp-json\/wp\/v2\/comments?post=34223"}],"wp:featuredmedia":[{"embeddable":true,"href":"https:\/\/volovape.com\/fr\/wp-json\/wp\/v2\/media\/34265"}],"wp:attachment":[{"href":"https:\/\/volovape.com\/fr\/wp-json\/wp\/v2\/media?parent=34223"}],"wp:term":[{"taxonomy":"product_brand","embeddable":true,"href":"https:\/\/volovape.com\/fr\/wp-json\/wp\/v2\/product_brand?post=34223"},{"taxonomy":"product_cat","embeddable":true,"href":"https:\/\/volovape.com\/fr\/wp-json\/wp\/v2\/product_cat?post=34223"},{"taxonomy":"product_tag","embeddable":true,"href":"https:\/\/volovape.com\/fr\/wp-json\/wp\/v2\/product_tag?post=34223"}],"curies":[{"name":"wp","href":"https:\/\/api.w.org\/{rel}","templated":true}]}}