{"id":31959,"date":"2025-07-02T03:28:59","date_gmt":"2025-07-02T03:28:59","guid":{"rendered":"https:\/\/volovape.com\/?post_type=product&#038;p=31959"},"modified":"2025-08-30T09:26:48","modified_gmt":"2025-08-30T09:26:48","slug":"vozol-rave-40000-puffs","status":"publish","type":"product","link":"https:\/\/volovape.com\/fr\/product\/vozol-rave-40000-puffs\/","title":{"rendered":"Vozol Rave 40000 Puffs | double flavor dual-mode disposable vape wholesale"},"content":{"rendered":"<p>\ud83d\udd25 <strong>Vozol Rave 40000 Vape jetable<\/strong> \ud83d\udd25 D\u00e9couvrez le nec plus ultra du vapotage avec le Vozol Rave 40000. Profitez d'une <strong>40 000 bouff\u00e9es<\/strong>, <strong>chambres \u00e0 double ar\u00f4me<\/strong>et <strong>bobine \u00e0 double maille<\/strong> pour un go\u00fbt intense et pur. Avec <strong>Chargement rapide de type C<\/strong> (80% en 20 mins) et de l'\u00e9blouissant <strong>lumi\u00e8res LED r\u00e9actives \u00e0 la musique<\/strong>Avec la nouvelle g\u00e9n\u00e9ration de vapoteurs, votre exp\u00e9rience de vapotage vient d'\u00eatre am\u00e9lior\u00e9e ! Personnalisez votre hit avec <strong>d\u00e9bit d'air r\u00e9glable<\/strong> et <strong>deux modes d'alimentation<\/strong>. Parfait pour la vente en gros ou l'utilisation personnelle. \ud83d\ude80<\/p>\n<h3>\ud83d\udccb Sp\u00e9cifications :<\/h3>\n<ul>\n<li><strong>Nombre de bouff\u00e9es :<\/strong> Jusqu'\u00e0 40 000 bouff\u00e9es<\/li>\n<li><strong>Bobine :<\/strong> Bobine \u00e0 double maille<\/li>\n<li><strong>Chargement :<\/strong> Chargement rapide de type C (80% en 20 minutes)<\/li>\n<li><strong>Caract\u00e9ristiques :<\/strong> Chambres d'ar\u00f4mes doubles, lumi\u00e8res LED r\u00e9actives \u00e0 la musique, flux d'air r\u00e9glable, deux modes d'alimentation<\/li>\n<\/ul>\n<h3>\ud83c\udf53 Liste des saveurs :<\/h3>\n<p>D\u00e9couvrez 20 d\u00e9licieuses combinaisons de saveurs ! (<em>Remarque : la liste des ar\u00f4mes sp\u00e9cifiques doit \u00eatre indiqu\u00e9e ici, par exemple, fraise kiwi, limonade bleue, etc.<\/em>) \ud83c\udf47\ud83c\udf4d\ud83e\udd6d<\/p>","protected":false},"excerpt":{"rendered":"<p>Allumez votre exp\u00e9rience de la vape avec le <strong>Vozol Rave 40000<\/strong> - une centrale compacte con\u00e7ue pour les chasseurs de saveurs s\u00e9rieux et les professionnels de la vente en gros.<\/p>","protected":false},"featured_media":32269,"comment_status":"open","ping_status":"closed","template":"","meta":[],"product_brand":[241],"product_cat":[230,228],"product_tag":[],"class_list":{"0":"post-31959","1":"product","2":"type-product","3":"status-publish","4":"has-post-thumbnail","6":"product_brand-vozol","7":"product_cat-new","8":"product_cat-vozol","10":"first","11":"instock","12":"shipping-taxable","13":"purchasable","14":"product-type-variable","15":"has-default-attributes"},"jetpack_sharing_enabled":true,"tiered_pricing_type":"fixed","tiered_pricing_fixed_rules":{"2000":7.0999999999999996447286321199499070644378662109375},"tiered_pricing_product_settings":{"layout":"default","base_unit_name":{"singular":null,"plural":null},"default_variation":null},"tiered_pricing_minimum_quantity":1000,"tiered_pricing_roles_data":[],"tiered_pricing_percentage_rules":[],"tiered_pricing_maximum_quantity":null,"tiered_pricing_quantity_step":"10","_links":{"self":[{"href":"https:\/\/volovape.com\/fr\/wp-json\/wp\/v2\/product\/31959","targetHints":{"allow":["GET"]}}],"collection":[{"href":"https:\/\/volovape.com\/fr\/wp-json\/wp\/v2\/product"}],"about":[{"href":"https:\/\/volovape.com\/fr\/wp-json\/wp\/v2\/types\/product"}],"replies":[{"embeddable":true,"href":"https:\/\/volovape.com\/fr\/wp-json\/wp\/v2\/comments?post=31959"}],"wp:featuredmedia":[{"embeddable":true,"href":"https:\/\/volovape.com\/fr\/wp-json\/wp\/v2\/media\/32269"}],"wp:attachment":[{"href":"https:\/\/volovape.com\/fr\/wp-json\/wp\/v2\/media?parent=31959"}],"wp:term":[{"taxonomy":"product_brand","embeddable":true,"href":"https:\/\/volovape.com\/fr\/wp-json\/wp\/v2\/product_brand?post=31959"},{"taxonomy":"product_cat","embeddable":true,"href":"https:\/\/volovape.com\/fr\/wp-json\/wp\/v2\/product_cat?post=31959"},{"taxonomy":"product_tag","embeddable":true,"href":"https:\/\/volovape.com\/fr\/wp-json\/wp\/v2\/product_tag?post=31959"}],"curies":[{"name":"wp","href":"https:\/\/api.w.org\/{rel}","templated":true}]}}