{"id":31955,"date":"2025-07-02T03:28:58","date_gmt":"2025-07-02T03:28:58","guid":{"rendered":"https:\/\/volovape.com\/?post_type=product&#038;p=31955"},"modified":"2026-04-14T06:07:29","modified_gmt":"2026-04-14T06:07:29","slug":"fihp-60k-triple-3-en-1","status":"publish","type":"product","link":"https:\/\/volovape.com\/fr\/product\/fihp-60k-triple-3-in-1\/","title":{"rendered":"FIHP 60K Triple 3-en-1 | 60000 bouff\u00e9es triple saveur bulk disposable vape"},"content":{"rendered":"<h4>\ud83d\ude80 FIHP 60000 Triple : Vape 3-en-1 pour une saveur et une valeur ultimes ! \ud83c\udf2c\ufe0f<\/h4>\n<p>Parfait pour les amateurs de saveurs et les chasseurs de nuages, c'est aussi un choix imbattable pour les grossistes !<\/p>\n<h3>\u2728 Pourquoi vous avez besoin du FIHP 60000 Triple :<\/h3>\n<ul>\n<li><strong>Un plaisir \u00e0 triple saveur :<\/strong> Vous pouvez alterner \u00e0 tout moment entre 3\ufe0f\u20e3 saveurs distinctes.<\/li>\n<li><strong>Nombre massif de bouff\u00e9es :<\/strong> Obtenez une incroyable <strong>60 000 bouff\u00e9es<\/strong> pour un plaisir prolong\u00e9.<\/li>\n<li><strong>Saveur et nuages sup\u00e9rieurs :<\/strong> \u00c9quip\u00e9 de puissants <strong>bobines \u00e0 double maille (0.9\u03a9)<\/strong> pour une vapeur riche et satisfaisante.<\/li>\n<li><strong>Intelligent et pratique :<\/strong> Restez inform\u00e9 gr\u00e2ce \u00e0 la <strong>\u00c9cran LED intelligent<\/strong> pour les niveaux de batterie et d'e-liquide.<\/li>\n<li><strong>Chargement rapide :<\/strong> Recharge rapide gr\u00e2ce au syst\u00e8me fiable <strong>Port de type C<\/strong>.<\/li>\n<li><strong>Pr\u00eat pour la vente en gros :<\/strong> Un produit id\u00e9al, \u00e0 fort volume, pour les boutiques de vape qui cherchent \u00e0 impressionner les clients ! \ud83d\udcc8<\/li>\n<\/ul>\n<h3>\ud83d\udd25 Principales sp\u00e9cifications :<\/h3>\n<ul>\n<li><strong>Capacit\u00e9 de bouff\u00e9e :<\/strong> 60 000 bouff\u00e9es<\/li>\n<li><strong>Capacit\u00e9 d'e-liquide :<\/strong> 54 ml au total (chambres \u00e0 trois ar\u00f4mes)<\/li>\n<li><strong>Batterie :<\/strong> 850mAh Rechargeable (Type-C)<\/li>\n<li><strong>Bobines :<\/strong> Double maille 0,9\u03a9<\/li>\n<li><strong>Intensit\u00e9 de la nicotine :<\/strong> 2% \/ 5%<\/li>\n<li><strong>Affichage :<\/strong> \u00c9cran LED intelligent<\/li>\n<li><strong>Dimensions :<\/strong> 42\u00d742\u00d7110mm<\/li>\n<\/ul>\n<h3>\ud83c\udf6d Explorer les rotations de saveurs :<\/h3>\n<table border=\"1\" cellpadding=\"5\">\n<thead>\n<tr>\n<th>Chambre A<\/th>\n<th>Chambre B<\/th>\n<th>Chambre C<\/th>\n<\/tr>\n<\/thead>\n<tbody>\n<tr>\n<td>Glace \u00e0 la past\u00e8que<\/td>\n<td>Red Bull<\/td>\n<td>Fraise Kiwi<\/td>\n<\/tr>\n<tr>\n<td>Citron vert<\/td>\n<td>Past\u00e8que \u00e0 la fraise<\/td>\n<td>Glace aux myrtilles<\/td>\n<\/tr>\n<tr>\n<td>Fraise et banane<\/td>\n<td>Double pomme<\/td>\n<td>Melon d'eau \u00e0 la framboise<\/td>\n<\/tr>\n<tr>\n<td>Fraise Kiwi<\/td>\n<td>Mangue acide Ananas<\/td>\n<td>Red Bull<\/td>\n<\/tr>\n<tr>\n<td>Fruits tropicaux<\/td>\n<td>Past\u00e8que \u00e0 la fraise<\/td>\n<td>P\u00eache au citron<\/td>\n<\/tr>\n<tr>\n<td>Ananas noix de coco<\/td>\n<td>Bleu Razz<\/td>\n<td>Fraise et banane<\/td>\n<\/tr>\n<tr>\n<td>Fraise Framboise<\/td>\n<td>Triple melon<\/td>\n<td>Mangue acide Ananas<\/td>\n<\/tr>\n<tr>\n<td>Baies m\u00e9lang\u00e9es<\/td>\n<td>Melon d'eau \u00e0 la framboise<\/td>\n<td>Mangue P\u00eache<\/td>\n<\/tr>\n<tr>\n<td>Myrtille Framboise<\/td>\n<td>Coca-Cola \u00e0 la fraise et \u00e0 la vanille<\/td>\n<td>Citron vert<\/td>\n<\/tr>\n<tr>\n<td>Glace \u00e0 la past\u00e8que<\/td>\n<td>P\u00eache Baies<\/td>\n<td>Triple melon<\/td>\n<\/tr>\n<\/tbody>\n<\/table>","protected":false},"excerpt":{"rendered":"<p>D\u00e9couvrez le nec plus ultra du vapotage avec le FIHP 60000 Triple 3-en-1 ! Cet appareil innovant offre une capacit\u00e9 \u00e9tonnante de 60 000 bouff\u00e9es et vous permet de passer d'un ar\u00f4me \u00e0 l'autre \u00e0 la demande.<\/p>","protected":false},"featured_media":32219,"comment_status":"open","ping_status":"closed","template":"","meta":[],"product_brand":[238],"product_cat":[18,231,21,39,20,23,24,22,25,26,27,28,29,30,31,32,33,34,35,46,230,40],"product_tag":[],"class_list":{"0":"post-31955","1":"product","2":"type-product","3":"status-publish","4":"has-post-thumbnail","6":"product_brand-fihp","7":"product_cat-different-puffs-of-disposable-vapes","8":"product_cat-60000-puffs-disposable-vape","9":"product_cat-big-puffs-vapes","10":"product_cat-digital-box-vapes","11":"product_cat-disposable-vape-types","12":"product_cat-disposable-vapes-in-austria","13":"product_cat-disposable-vapes-in-belgium","14":"product_cat-disposable-vapes-in-europe","15":"product_cat-disposable-vapes-in-france","16":"product_cat-disposable-vapes-in-germany","17":"product_cat-disposable-vapes-in-hungary","18":"product_cat-disposable-vapes-in-ltaly","19":"product_cat-disposable-vapes-in-netherlands","20":"product_cat-disposable-vapes-in-norway","21":"product_cat-disposable-vapes-in-poland","22":"product_cat-disposable-vapes-in-portugal","23":"product_cat-disposable-vapes-in-spain","24":"product_cat-disposable-vapes-in-sweden","25":"product_cat-disposable-vapes-in-switzerland","26":"product_cat-fihp","27":"product_cat-new","28":"product_cat-smart-screen-vapes","30":"first","31":"instock","32":"shipping-taxable","33":"purchasable","34":"product-type-variable","35":"has-default-attributes"},"jetpack_sharing_enabled":true,"tiered_pricing_type":"fixed","tiered_pricing_fixed_rules":{"30":8.17999999999999971578290569595992565155029296875,"50":7.78000000000000024868995751603506505489349365234375,"100":7.28000000000000024868995751603506505489349365234375,"200":6.6699999999999999289457264239899814128875732421875,"400":6.36000000000000031974423109204508364200592041015625},"tiered_pricing_product_settings":{"layout":"default","base_unit_name":{"singular":null,"plural":null},"default_variation":null},"tiered_pricing_minimum_quantity":10,"tiered_pricing_roles_data":[],"tiered_pricing_percentage_rules":[],"tiered_pricing_maximum_quantity":null,"tiered_pricing_quantity_step":"10","_links":{"self":[{"href":"https:\/\/volovape.com\/fr\/wp-json\/wp\/v2\/product\/31955","targetHints":{"allow":["GET"]}}],"collection":[{"href":"https:\/\/volovape.com\/fr\/wp-json\/wp\/v2\/product"}],"about":[{"href":"https:\/\/volovape.com\/fr\/wp-json\/wp\/v2\/types\/product"}],"replies":[{"embeddable":true,"href":"https:\/\/volovape.com\/fr\/wp-json\/wp\/v2\/comments?post=31955"}],"wp:featuredmedia":[{"embeddable":true,"href":"https:\/\/volovape.com\/fr\/wp-json\/wp\/v2\/media\/32219"}],"wp:attachment":[{"href":"https:\/\/volovape.com\/fr\/wp-json\/wp\/v2\/media?parent=31955"}],"wp:term":[{"taxonomy":"product_brand","embeddable":true,"href":"https:\/\/volovape.com\/fr\/wp-json\/wp\/v2\/product_brand?post=31955"},{"taxonomy":"product_cat","embeddable":true,"href":"https:\/\/volovape.com\/fr\/wp-json\/wp\/v2\/product_cat?post=31955"},{"taxonomy":"product_tag","embeddable":true,"href":"https:\/\/volovape.com\/fr\/wp-json\/wp\/v2\/product_tag?post=31955"}],"curies":[{"name":"wp","href":"https:\/\/api.w.org\/{rel}","templated":true}]}}