{"id":31953,"date":"2025-07-02T03:28:57","date_gmt":"2025-07-02T03:28:57","guid":{"rendered":"https:\/\/volovape.com\/?post_type=product&#038;p=31953"},"modified":"2026-04-14T06:13:29","modified_gmt":"2026-04-14T06:13:29","slug":"bang-leader-80k-puffs","status":"publish","type":"product","link":"https:\/\/volovape.com\/fr\/product\/bang-leader-80k-puffs\/","title":{"rendered":"Bang Leader 80K Puffs | triple flavor dual mesh bulk disposable vape"},"content":{"rendered":"<h2>Bang Leader 80K Puffs | Triple Flavor Disposable Vape \ud83d\ude80<\/h2>\n<p>D\u00e9couvrez le summum de la commodit\u00e9 et de la vari\u00e9t\u00e9 en mati\u00e8re de vapotage avec le <b>Bang Leader 80K Puffs<\/b> vape jetable ! \ud83d\udca5 Profitez d'une \u00e9tonnante capacit\u00e9 de 80 000 bouff\u00e9es et d'un syst\u00e8me de saveurs 3-en-1 intelligent qui vous permet de passer d'un go\u00fbt \u00e0 l'autre \u00e0 la vol\u00e9e. Con\u00e7u pour les vapoteurs qui exigent une capacit\u00e9 massive, des saveurs audacieuses et une commodit\u00e9 in\u00e9gal\u00e9e.<\/p>\n<p>Aliment\u00e9 par une batterie rechargeable durable de 850mAh avec chargement Type-C et un dual mesh coil de premi\u00e8re qualit\u00e9, chaque tirage est dense, doux et satisfaisant. Dites adieu \u00e0 la fatigue de la saveur et gardez vos sessions fra\u00eeches et excitantes ! \u2728<\/p>\n<h2>Caract\u00e9ristiques principales :<\/h2>\n<ul>\n<li>\ud83d\udd25 <b>Jusqu'\u00e0 80 000 bouff\u00e9es :<\/b> Plaisir de vapotage de longue dur\u00e9e.<\/li>\n<li>\ud83d\udd04 <b>Syst\u00e8me de rotation des ar\u00f4mes 3 en 1 :<\/b> Changement de saveur instantan\u00e9.<\/li>\n<li>\ud83c\udf2c\ufe0f <b>Bobine \u00e0 double maille :<\/b> Pour une production de vapeur riche et r\u00e9guli\u00e8re.<\/li>\n<li>\u26a1 <b>Batterie rechargeable de 850mAh :<\/b> Avec charge rapide de type C.<\/li>\n<li>\ud83e\uddea <b>Points forts de la nicotine :<\/b> Disponible en 0%, 2%, 3%, 5%.<\/li>\n<li>\ud83d\udce6 <b>Sans risque d'encombrement :<\/b> Emballage de 10 unit\u00e9s par bo\u00eete.<\/li>\n<\/ul>\n<h2>Combinaisons de saveurs :<\/h2>\n<ul>\n<li>\ud83c\udf49\ud83e\uddca\ud83c\udf53\ud83e\udd6d\ud83c\udf4c Glace Past\u00e8que + Fraise Mangue + Banane<\/li>\n<li>\ud83e\uded0\ud83e\uddca\ud83c\udf53\ud83c\udf4c\ud83c\udf47 Glace \u00e0 la myrtille + Banane fraise + Baies m\u00e9lang\u00e9es<\/li>\n<li>\ud83e\udd64\ud83e\uddca\ud83e\uded0\ud83c\udf53\ud83c\udf51\ud83e\udd6d Watermelon Cola Ice + Blueberry Raspberry + Peach Mango Watermelon<\/li>\n<li>\u044d\u043d\u0435\u0440\u0433\u0438\u0438 \ud83c\udf49\ud83c\udf4e\ud83c\udf50 Red Bull + Past\u00e8que \u00e0 la myrtille + Poire \u00e0 la pomme<\/li>\n<li>...et bien d'autres combinaisons passionnantes ! \ud83c\udf08<\/li>\n<\/ul>\n<p>Pr\u00eat \u00e0 \u00e9lever votre exp\u00e9rience de la vape ? La Bang Leader 80K, avec sa triple saveur et son grand nombre de bouff\u00e9es, est votre prochaine vape ! Obtenez le v\u00f4tre en vrac et continuez la f\u00eate de la saveur ! \ud83c\udf89<\/p>","protected":false},"excerpt":{"rendered":"<p>\ud83d\udd25 <strong>Rencontrez votre nouveau leader des saveurs - le Bang Leader 80K !<\/strong> Ce puissant appareil jetable offre une \u00e9tonnante <strong>80 000 bouff\u00e9es<\/strong> plus un <em>syst\u00e8me intelligent de saveur 3 en 1 qui vaut la peine d'\u00eatre essay\u00e9.<\/em><\/p>","protected":false},"featured_media":32197,"comment_status":"open","ping_status":"closed","template":"","meta":[],"product_brand":[227],"product_cat":[231,61,230],"product_tag":[],"class_list":{"0":"post-31953","1":"product","2":"type-product","3":"status-publish","4":"has-post-thumbnail","6":"product_brand-bang","7":"product_cat-60000-puffs-disposable-vape","8":"product_cat-bang","9":"product_cat-new","11":"first","12":"instock","13":"featured","14":"shipping-taxable","15":"purchasable","16":"product-type-variable","17":"has-default-attributes"},"jetpack_sharing_enabled":true,"tiered_pricing_type":"fixed","tiered_pricing_fixed_rules":{"30":7.37999999999999989341858963598497211933135986328125,"50":6.910000000000000142108547152020037174224853515625,"100":6.04999999999999982236431605997495353221893310546875,"200":5.67999999999999971578290569595992565155029296875,"400":5.12000000000000010658141036401502788066864013671875},"tiered_pricing_product_settings":{"layout":"default","base_unit_name":{"singular":null,"plural":null},"default_variation":null},"tiered_pricing_minimum_quantity":10,"tiered_pricing_roles_data":[],"tiered_pricing_percentage_rules":[],"tiered_pricing_maximum_quantity":null,"tiered_pricing_quantity_step":"10","_links":{"self":[{"href":"https:\/\/volovape.com\/fr\/wp-json\/wp\/v2\/product\/31953","targetHints":{"allow":["GET"]}}],"collection":[{"href":"https:\/\/volovape.com\/fr\/wp-json\/wp\/v2\/product"}],"about":[{"href":"https:\/\/volovape.com\/fr\/wp-json\/wp\/v2\/types\/product"}],"replies":[{"embeddable":true,"href":"https:\/\/volovape.com\/fr\/wp-json\/wp\/v2\/comments?post=31953"}],"wp:featuredmedia":[{"embeddable":true,"href":"https:\/\/volovape.com\/fr\/wp-json\/wp\/v2\/media\/32197"}],"wp:attachment":[{"href":"https:\/\/volovape.com\/fr\/wp-json\/wp\/v2\/media?parent=31953"}],"wp:term":[{"taxonomy":"product_brand","embeddable":true,"href":"https:\/\/volovape.com\/fr\/wp-json\/wp\/v2\/product_brand?post=31953"},{"taxonomy":"product_cat","embeddable":true,"href":"https:\/\/volovape.com\/fr\/wp-json\/wp\/v2\/product_cat?post=31953"},{"taxonomy":"product_tag","embeddable":true,"href":"https:\/\/volovape.com\/fr\/wp-json\/wp\/v2\/product_tag?post=31953"}],"curies":[{"name":"wp","href":"https:\/\/api.w.org\/{rel}","templated":true}]}}