{"id":31952,"date":"2025-07-02T03:28:57","date_gmt":"2025-07-02T03:28:57","guid":{"rendered":"https:\/\/volovape.com\/?post_type=product&#038;p=31952"},"modified":"2026-04-14T06:12:15","modified_gmt":"2026-04-14T06:12:15","slug":"bang-blaze-40k-40000-puffs","status":"publish","type":"product","link":"https:\/\/volovape.com\/fr\/product\/bang-blaze-40k-40000-puffs\/","title":{"rendered":"Bang Blaze 40K 40000 Puffs | dual flavor rechargeable bulk disposbale vape"},"content":{"rendered":"<p>\ud83d\udd25\ud83d\udca8 Pr\u00e9parez-vous \u00e0 vivre une exp\u00e9rience de vapotage ultime avec le <b>Bang Blaze 40K Vape jetable<\/b>! \ud83d\udca8\ud83d\udd25<\/p>\n<p>Cet appareil puissant red\u00e9finit la commodit\u00e9 et la saveur, en offrant une \u00e9tonnante capacit\u00e9 d'absorption. <b>40 000 bouff\u00e9es<\/b> et un \u00e9norme <b>Capacit\u00e9 de 40mL d'e-liquide pr\u00e9-rempli<\/b>. Ne jamais s'ennuyer avec <b>Changement d'ar\u00f4me<\/b>Vous pouvez ainsi passer instantan\u00e9ment d'une saveur \u00e0 l'autre ! \ud83e\udd29<\/p>\n<h3>\ud83d\ude80 Pourquoi choisir Bang Blaze 40K ?<\/h3>\n<ul>\n<li><b>Nombre de bouff\u00e9es in\u00e9gal\u00e9 :<\/b> Appr\u00e9ciez jusqu'\u00e0 40 000 bouff\u00e9es satisfaisantes - vapotez pendant des semaines sans avoir \u00e0 les remplacer !<\/li>\n<li><b>Syst\u00e8me \u00e0 double ar\u00f4me :<\/b> Passez instantan\u00e9ment d'une saveur \u00e0 l'autre d'un simple glissement.<\/li>\n<li><b>Grande capacit\u00e9 d'e-liquide :<\/b> Pr\u00e9-rempli de 40 ml d'e-liquide de qualit\u00e9 sup\u00e9rieure pour un plaisir prolong\u00e9.<\/li>\n<li><b>Nicotine personnalisable :<\/b> Choisissez votre taux de nicotine id\u00e9al entre 0% et 5%.<\/li>\n<li><b>Vaping doux et savoureux :<\/b> La bobine avanc\u00e9e \u00e0 double maille de 1,2\u03a9 assure une vapeur homog\u00e8ne et soyeuse.<\/li>\n<li><b>Chargement rapide :<\/b> La recharge rapide par USB-C vous permet de rester sous tension.<\/li>\n<li><b>Conception portative :<\/b> Pratique pour le vapotage en d\u00e9placement.<\/li>\n<\/ul>\n<h3>\u2728 Sp\u00e9cifications :<\/h3>\n<ul>\n<li><b>Puffs :<\/b> Jusqu'\u00e0 40 000<\/li>\n<li><b>Capacit\u00e9 d'e-liquide :<\/b> 40mL (pr\u00e9-rempli)<\/li>\n<li><b>Options de nicotine :<\/b> 0%, 2%, 3%, 5% (jusqu'\u00e0 5%)<\/li>\n<li><b>Bobine :<\/b> Double maille 1.2\u03a9<\/li>\n<li><b>Batterie :<\/b> 650mAh (rechargeable)<\/li>\n<li><b>Chargement :<\/b> USB-C<\/li>\n<li><b>Saveurs :<\/b> 32 combinaisons de saveurs<\/li>\n<\/ul>\n<h3>\ud83c\udf53 Points forts de la saveur (32 options disponibles !):<\/h3>\n<ul>\n<li>Past\u00e8que \/ Past\u00e8que \u00e0 la fraise<\/li>\n<li>Glace aux myrtilles \/ Framboise aux myrtilles<\/li>\n<li>Glace \u00e0 la mangue \/ Mangue \u00e0 la fraise<\/li>\n<li>P\u00eache glac\u00e9e \/ Mangue p\u00eache<\/li>\n<li>Black Dragon Ice \/ Red Bull<\/li>\n<li>Et bien d'autres encore !<\/li>\n<\/ul>","protected":false},"excerpt":{"rendered":"<p>\ud83d\udd25 Dites adieu \u00e0 l'ennui de la saveur avec le <strong>Bang Blaze 40K, <\/strong>un vaporisateur jetable rechargeable et tr\u00e8s performant pour les amateurs de saveurs.<\/p>","protected":false},"featured_media":32185,"comment_status":"open","ping_status":"closed","template":"","meta":[],"product_brand":[227],"product_cat":[74,61,230],"product_tag":[],"class_list":{"0":"post-31952","1":"product","2":"type-product","3":"status-publish","4":"has-post-thumbnail","6":"product_brand-bang","7":"product_cat-40000-puffs-disposable-vape","8":"product_cat-bang","9":"product_cat-new","11":"first","12":"instock","13":"shipping-taxable","14":"purchasable","15":"product-type-variable","16":"has-default-attributes"},"jetpack_sharing_enabled":true,"tiered_pricing_type":"fixed","tiered_pricing_fixed_rules":{"30":6.82000000000000028421709430404007434844970703125,"50":6.29999999999999982236431605997495353221893310546875,"100":5.42999999999999971578290569595992565155029296875,"200":5.05999999999999960920149533194489777088165283203125,"400":4.5099999999999997868371792719699442386627197265625},"tiered_pricing_product_settings":{"layout":"default","base_unit_name":{"singular":null,"plural":null},"default_variation":null},"tiered_pricing_minimum_quantity":10,"tiered_pricing_roles_data":[],"tiered_pricing_percentage_rules":[],"tiered_pricing_maximum_quantity":null,"tiered_pricing_quantity_step":"10","_links":{"self":[{"href":"https:\/\/volovape.com\/fr\/wp-json\/wp\/v2\/product\/31952","targetHints":{"allow":["GET"]}}],"collection":[{"href":"https:\/\/volovape.com\/fr\/wp-json\/wp\/v2\/product"}],"about":[{"href":"https:\/\/volovape.com\/fr\/wp-json\/wp\/v2\/types\/product"}],"replies":[{"embeddable":true,"href":"https:\/\/volovape.com\/fr\/wp-json\/wp\/v2\/comments?post=31952"}],"wp:featuredmedia":[{"embeddable":true,"href":"https:\/\/volovape.com\/fr\/wp-json\/wp\/v2\/media\/32185"}],"wp:attachment":[{"href":"https:\/\/volovape.com\/fr\/wp-json\/wp\/v2\/media?parent=31952"}],"wp:term":[{"taxonomy":"product_brand","embeddable":true,"href":"https:\/\/volovape.com\/fr\/wp-json\/wp\/v2\/product_brand?post=31952"},{"taxonomy":"product_cat","embeddable":true,"href":"https:\/\/volovape.com\/fr\/wp-json\/wp\/v2\/product_cat?post=31952"},{"taxonomy":"product_tag","embeddable":true,"href":"https:\/\/volovape.com\/fr\/wp-json\/wp\/v2\/product_tag?post=31952"}],"curies":[{"name":"wp","href":"https:\/\/api.w.org\/{rel}","templated":true}]}}