{"id":31950,"date":"2025-07-02T03:28:57","date_gmt":"2025-07-02T03:28:57","guid":{"rendered":"https:\/\/volovape.com\/?post_type=product&#038;p=31950"},"modified":"2026-04-14T06:10:42","modified_gmt":"2026-04-14T06:10:42","slug":"vopk-ultra-40000-bouffees","status":"publish","type":"product","link":"https:\/\/volovape.com\/fr\/product\/vopk-ultra-40000-puffs\/","title":{"rendered":"VOPK Ultra 40000 Puffs | dual flavor adjustable power disposable vape"},"content":{"rendered":"<h2>VOPK Ultra 40000 Puffs | Dual Flavor Adjustable Power Disposable Vape \ud83d\ude80<\/h2>\n<p>D\u00e9couvrez le nec plus ultra en mati\u00e8re de vapotage avec le <b>VOPK Ultra 40000 bouff\u00e9es<\/b>! Cette vape jetable avanc\u00e9e offre une combinaison in\u00e9gal\u00e9e d'innovation et de saveur. Avec <b>deux saveurs r\u00e9glables<\/b>, un \u00e9norme <b>Capacit\u00e9 de 40 000 bouff\u00e9es<\/b>et <b>affichage intelligent en temps r\u00e9el<\/b>Gr\u00e2ce \u00e0 cette technologie, vous obtenez \u00e0 chaque fois un r\u00e9sultat satisfaisant. Parfait pour les amateurs de saveurs et les gros vapoteurs, le VOPK Ultra offre des performances, une s\u00e9curit\u00e9 et une vari\u00e9t\u00e9 imbattable. \ud83d\udcaf<\/p>\n<h3>Caract\u00e9ristiques principales :<\/h3>\n<ul>\n<li>\ud83d\udd0b <b>Batterie rechargeable de 850mAh :<\/b> Puissance longue dur\u00e9e pour des sessions de vapotage prolong\u00e9es.<\/li>\n<li>\ud83c\udf08 <b>Dosettes \u00e0 double ar\u00f4me :<\/b> Changez ou combinez instantan\u00e9ment deux saveurs d\u00e9licieuses.<\/li>\n<li>\u26a1 <b>Modes de puissance r\u00e9glables :<\/b> Personnalisez votre production de vapeur, de l\u00e9g\u00e8re \u00e0 intense.<\/li>\n<li>\ud83d\udee1\ufe0f <b>S\u00e9curit\u00e9 de la serrure pour enfants :<\/b> Profitez de la tranquillit\u00e9 d'esprit que procure une s\u00e9curit\u00e9 accrue.<\/li>\n<li>\ud83d\udcca <b>\u00c9cran LED :<\/b> Contr\u00f4lez facilement les niveaux d'e-liquide et de batterie en temps r\u00e9el.<\/li>\n<li>\ud83d\udca8 <b>Capacit\u00e9 de 36mL de E-liquide :<\/b> Pr\u00e9-rempli pour plus de commodit\u00e9 et une utilisation prolong\u00e9e.<\/li>\n<li>\ud83c\udf2c\ufe0f <b>Syst\u00e8me d'enroulement \u00e0 quatre mailles :<\/b> Garantit une saveur douce, franche et homog\u00e8ne.<\/li>\n<li>options de nicotine de <b>0%-5%<\/b><\/li>\n<\/ul>\n<h3>Combinaisons populaires \u00e0 double saveur : \ud83c\udf53\ud83c\udf47<\/h3>\n<ul>\n<li>Fraise Past\u00e8que \/ Kiwi Fruit de la passion Goyave<\/li>\n<li>Myrtille Framboise \/ Mangue P\u00eache Past\u00e8que<\/li>\n<li>Ours en gomme Blue Razz \/ Fraise Kiwi<\/li>\n<li>Bleu Razz Cerise \/ Fraise Framboise<\/li>\n<li>Fizzy Citron &amp; Lime \/ Past\u00e8que Menthe fra\u00eeche<\/li>\n<li>Ananas Blue Razz \/ Mangue Triple<\/li>\n<li>\u00c9clat de baies de raisin \/ Poire Pomme Framboise<\/li>\n<li>Fraise, canneberge, cerise \/ Ananas, passion, citron vert<\/li>\n<li>Myrtille Fraise Menthol \/ Myrtille Framboise Menthol<\/li>\n<\/ul>\n<p>Disponible pour la vente en gros en paquets pratiques de 10. \u00c9levez votre exp\u00e9rience de la vape avec VOPK Ultra ! \u2728<\/p>","protected":false},"excerpt":{"rendered":"<p>\ud83d\ude80 <strong>Faites l'exp\u00e9rience d'une libert\u00e9 de go\u00fbt imparable avec le VOPK Ultra 40000 Puffs.<\/strong> - une centrale \u00e0 double saveur con\u00e7ue pour ceux qui refusent de se contenter de peu.<\/p>","protected":false},"featured_media":32160,"comment_status":"open","ping_status":"closed","template":"","meta":[],"product_brand":[233],"product_cat":[74,230,65],"product_tag":[],"class_list":{"0":"post-31950","1":"product","2":"type-product","3":"status-publish","4":"has-post-thumbnail","6":"product_brand-okso","7":"product_cat-40000-puffs-disposable-vape","8":"product_cat-new","9":"product_cat-vopk","11":"first","12":"instock","13":"shipping-taxable","14":"purchasable","15":"product-type-variable","16":"has-default-attributes"},"jetpack_sharing_enabled":true,"tiered_pricing_type":"fixed","tiered_pricing_fixed_rules":{"30":7.839999999999999857891452847979962825775146484375,"50":6.79000000000000003552713678800500929355621337890625,"100":6.1699999999999999289457264239899814128875732421875,"200":5.79999999999999982236431605997495353221893310546875,"400":5.37000000000000010658141036401502788066864013671875},"tiered_pricing_product_settings":{"layout":"default","base_unit_name":{"singular":null,"plural":null},"default_variation":null},"tiered_pricing_minimum_quantity":10,"tiered_pricing_roles_data":[],"tiered_pricing_percentage_rules":[],"tiered_pricing_maximum_quantity":null,"tiered_pricing_quantity_step":"10","_links":{"self":[{"href":"https:\/\/volovape.com\/fr\/wp-json\/wp\/v2\/product\/31950","targetHints":{"allow":["GET"]}}],"collection":[{"href":"https:\/\/volovape.com\/fr\/wp-json\/wp\/v2\/product"}],"about":[{"href":"https:\/\/volovape.com\/fr\/wp-json\/wp\/v2\/types\/product"}],"replies":[{"embeddable":true,"href":"https:\/\/volovape.com\/fr\/wp-json\/wp\/v2\/comments?post=31950"}],"wp:featuredmedia":[{"embeddable":true,"href":"https:\/\/volovape.com\/fr\/wp-json\/wp\/v2\/media\/32160"}],"wp:attachment":[{"href":"https:\/\/volovape.com\/fr\/wp-json\/wp\/v2\/media?parent=31950"}],"wp:term":[{"taxonomy":"product_brand","embeddable":true,"href":"https:\/\/volovape.com\/fr\/wp-json\/wp\/v2\/product_brand?post=31950"},{"taxonomy":"product_cat","embeddable":true,"href":"https:\/\/volovape.com\/fr\/wp-json\/wp\/v2\/product_cat?post=31950"},{"taxonomy":"product_tag","embeddable":true,"href":"https:\/\/volovape.com\/fr\/wp-json\/wp\/v2\/product_tag?post=31950"}],"curies":[{"name":"wp","href":"https:\/\/api.w.org\/{rel}","templated":true}]}}