{"id":31949,"date":"2025-07-02T03:28:56","date_gmt":"2025-07-02T03:28:56","guid":{"rendered":"https:\/\/volovape.com\/?post_type=product&#038;p=31949"},"modified":"2026-04-14T06:17:18","modified_gmt":"2026-04-14T06:17:18","slug":"vopk-triple-60k-60000-puffs","status":"publish","type":"product","link":"https:\/\/volovape.com\/fr\/product\/vopk-triple-60k-60000-puffs\/","title":{"rendered":"Vopk Triple 60K | 3-in-1 triple flavor 60000 puffs bulk disposable vape"},"content":{"rendered":"<p>\ud83d\udd25 <b>Vopk Triple 60000 Puffs Vape jetable<\/b>: D\u00e9couvrez le summum de la commodit\u00e9 et de la saveur en mati\u00e8re de vapotage ! Cette vape jetable innovante 3-en-1 offre une \u00e9tonnante capacit\u00e9 de 60 000 bouff\u00e9es, 54mL d'e-liquide et des bobines \u00e0 triple maille pour un voyage de vapotage in\u00e9gal\u00e9. Restez inform\u00e9 gr\u00e2ce \u00e0 l'\u00e9cran LED intelligent et rechargez rapidement gr\u00e2ce au chargement rapide Type-C. Personnalisez votre e-liquide avec les options de nicotine 2% ou 5%. Parfait pour toutes les occasions, le Vopk Triple 60K offre des nuages massifs, une saveur riche et des performances imbattables. \ud83d\ude80<\/p>\n<h3>\u2728 Caract\u00e9ristiques principales :<\/h3>\n<ul>\n<li><b>Nombre de bouff\u00e9es :<\/b> Jusqu'\u00e0 60 000 bouff\u00e9es<\/li>\n<li><b>Capacit\u00e9 d'e-liquide :<\/b> 54mL pr\u00e9-rempli<\/li>\n<li><b>Type de bobine :<\/b> Bobines \u00e0 triple maille<\/li>\n<li><b>Batterie :<\/b> 650mAh Rechargeable<\/li>\n<li><b>Chargement :<\/b> Chargement rapide de type C<\/li>\n<li><b>Options de nicotine :<\/b> 2% (20mg) \/ 5% (50mg) Nicotine sal\u00e9e<\/li>\n<li><b>Affichage :<\/b> \u00c9cran LED intelligent (indicateurs de batterie et d'e-liquide)<\/li>\n<li><b>Syst\u00e8me d'ar\u00f4mes :<\/b> Rotation des ar\u00f4mes 3 en 1<\/li>\n<\/ul>\n<h3>\ud83c\udf53\ud83d\udca8 Flavor Combos :<\/h3>\n<ul>\n<li>Glace \u00e0 la past\u00e8que - Glace au triple melon - Glace \u00e0 la fraise<\/li>\n<li>Fraise Banane - Framboise Past\u00e8que - Ananas Noix de Coco<\/li>\n<li>P\u00eache Baies - Blue Razz Ice - Past\u00e8que P\u00eache Mangue<\/li>\n<li>Mangue acide Ananas - Red Bull Fraise - Cassis Ice<\/li>\n<li>Kiwi Passion - Fraise Cerise - Love 66<\/li>\n<li>Double Apple Ice - Fruits tropicaux - Fraise Past\u00e8que Bubblegum<\/li>\n<li>Grape Ice - Strawberry Kiwi - Watermelon Red Bull<\/li>\n<li>Fraise Past\u00e8que - Myrtille Framboise - Citron Vert<\/li>\n<li>Banane Ananas - Red Bull Ice - Fraise Mangue<\/li>\n<li>Ours en gomme - Coca \u00e0 la fraise et \u00e0 la vanille - Barbe \u00e0 papa \u00e0 la myrtille<\/li>\n<\/ul>","protected":false},"excerpt":{"rendered":"<p>\ud83d\udd25 <strong>Trois saveurs, une satisfaction infinie.<\/strong> Le Vopk Triple 60K est con\u00e7u pour les vapoteurs qui recherchent une vari\u00e9t\u00e9 non-stop et des performances s\u00e9rieuses.<\/p>","protected":false},"featured_media":32148,"comment_status":"open","ping_status":"closed","template":"","meta":[],"product_brand":[236],"product_cat":[39,231,21,43,20,230,65],"product_tag":[],"class_list":{"0":"post-31949","1":"product","2":"type-product","3":"status-publish","4":"has-post-thumbnail","6":"product_brand-vopk","7":"product_cat-digital-box-vapes","8":"product_cat-60000-puffs-disposable-vape","9":"product_cat-big-puffs-vapes","10":"product_cat-crystal-vapes","11":"product_cat-disposable-vape-types","12":"product_cat-new","13":"product_cat-vopk","15":"first","16":"instock","17":"featured","18":"shipping-taxable","19":"purchasable","20":"product-type-variable","21":"has-default-attributes"},"jetpack_sharing_enabled":true,"tiered_pricing_type":"fixed","tiered_pricing_fixed_rules":{"30":7.839999999999999857891452847979962825775146484375,"50":7.6500000000000003552713678800500929355621337890625,"100":6.910000000000000142108547152020037174224853515625,"200":6.54000000000000003552713678800500929355621337890625,"400":5.9900000000000002131628207280300557613372802734375},"tiered_pricing_product_settings":{"layout":"default","base_unit_name":{"singular":null,"plural":null},"default_variation":null},"tiered_pricing_minimum_quantity":10,"tiered_pricing_roles_data":[],"tiered_pricing_percentage_rules":[],"tiered_pricing_maximum_quantity":null,"tiered_pricing_quantity_step":"10","_links":{"self":[{"href":"https:\/\/volovape.com\/fr\/wp-json\/wp\/v2\/product\/31949","targetHints":{"allow":["GET"]}}],"collection":[{"href":"https:\/\/volovape.com\/fr\/wp-json\/wp\/v2\/product"}],"about":[{"href":"https:\/\/volovape.com\/fr\/wp-json\/wp\/v2\/types\/product"}],"replies":[{"embeddable":true,"href":"https:\/\/volovape.com\/fr\/wp-json\/wp\/v2\/comments?post=31949"}],"wp:featuredmedia":[{"embeddable":true,"href":"https:\/\/volovape.com\/fr\/wp-json\/wp\/v2\/media\/32148"}],"wp:attachment":[{"href":"https:\/\/volovape.com\/fr\/wp-json\/wp\/v2\/media?parent=31949"}],"wp:term":[{"taxonomy":"product_brand","embeddable":true,"href":"https:\/\/volovape.com\/fr\/wp-json\/wp\/v2\/product_brand?post=31949"},{"taxonomy":"product_cat","embeddable":true,"href":"https:\/\/volovape.com\/fr\/wp-json\/wp\/v2\/product_cat?post=31949"},{"taxonomy":"product_tag","embeddable":true,"href":"https:\/\/volovape.com\/fr\/wp-json\/wp\/v2\/product_tag?post=31949"}],"curies":[{"name":"wp","href":"https:\/\/api.w.org\/{rel}","templated":true}]}}