{"id":31948,"date":"2025-07-02T03:28:56","date_gmt":"2025-07-02T03:28:56","guid":{"rendered":"https:\/\/volovape.com\/?post_type=product&#038;p=31948"},"modified":"2025-07-28T04:26:25","modified_gmt":"2025-07-28T04:26:25","slug":"vapsolo-triple-30000-bouffees","status":"publish","type":"product","link":"https:\/\/volovape.com\/fr\/product\/vapsolo-triple-30000-puffs\/","title":{"rendered":"Vapsolo Triple 30K Puffs | 3-en-1 flavor LCD bulk disposable vape"},"content":{"rendered":"<h2>\ud83d\udd25 VapSolo Triple 30K : 3 ar\u00f4mes, 30 000 bouff\u00e9es - une libert\u00e9 de vapotage in\u00e9gal\u00e9e !<\/h2>\n<p>Dites adieu \u00e0 l'ennui de la vape et changez de go\u00fbt \u00e0 la demande pour une nouvelle exp\u00e9rience excitante \u00e0 chaque bouff\u00e9e. Parfait pour les chasseurs de saveurs, les gros vapoteurs ou les propri\u00e9taires de boutiques de vape !<\/p>\n<p>Gardez le contr\u00f4le gr\u00e2ce \u00e0 la fonction intuitive <strong>\u00e9cran LCD intelligent<\/strong>Il affiche l'autonomie de la batterie, le nombre de bouff\u00e9es et la s\u00e9lection des ar\u00f4mes en un coup d'\u0153il. Aliment\u00e9 par un robuste <strong>Batterie rechargeable de 650mAh<\/strong> avec <strong>Chargement rapide de type C<\/strong>Le VapSolo Triple 30K garantit une vapeur riche et constante. Son syst\u00e8me avanc\u00e9 de <strong>syst\u00e8me d'enroulement \u00e0 triple maille<\/strong> garantit une intensit\u00e9 de saveur maximale et des nuages doux \u00e0 chaque fois. \ud83c\udf2c\ufe0f<\/p>\n<h3>\ud83d\udccb Sp\u00e9cifications :<\/h3>\n<ul>\n<li><strong>Nombre de bouff\u00e9es :<\/strong> Jusqu'\u00e0 30 000 bouff\u00e9es<\/li>\n<li><strong>Capacit\u00e9 d'e-liquide :<\/strong> 45mL (15mL x 3 chambres)<\/li>\n<li><strong>Batterie :<\/strong> 650mAh Rechargeable<\/li>\n<li><strong>Chargement :<\/strong> Chargement rapide de type C<\/li>\n<li><strong>Syst\u00e8me de bobine :<\/strong> Bobines \u00e0 triple maille<\/li>\n<li><strong>Affichage :<\/strong> \u00c9cran LCD intelligent (batterie, nombre de bouff\u00e9es, ar\u00f4me)<\/li>\n<li><strong>Conception :<\/strong> L\u00e9ger et facile \u00e0 transporter<\/li>\n<li><strong>Caract\u00e9ristiques :<\/strong> Rotation des ar\u00f4mes 3 en 1<\/li>\n<\/ul>\n<h3>\ud83c\udf53 Combinaisons de saveurs :<\/h3>\n<ul>\n<li>Past\u00e8que glac\u00e9e \/ Fraise kiwi \/ Citron menthe<\/li>\n<li>Blue Razz Ice \/ Mango Peach \/ Grape Ice<\/li>\n<li>Cola Ice \/ Cerise grenade \/ Pomme acide<\/li>\n<li>Banane fraise \/ Past\u00e8que framboise \/ Ananas noix de coco<\/li>\n<li>Punch tropical \/ Cr\u00e8me glac\u00e9e \u00e0 la fraise \/ Pomme verte<\/li>\n<li>Myrtille Menthe \/ Love 66 \/ Double Pomme<\/li>\n<li>Kiwi Fruit de la Passion Goyave \/ Fraise Cerise \/ Lush Ice<\/li>\n<li>Cassis glac\u00e9 \/ Past\u00e8que au litchi \/ Fruits m\u00e9lang\u00e9s<\/li>\n<li>Red Bull \/ Fraise Raisin \/ Myrtille Framboise<\/li>\n<li>Boisson \u00e9nerg\u00e9tique \/ P\u00eache glac\u00e9e \/ Menthe fra\u00eeche<\/li>\n<\/ul>","protected":false},"excerpt":{"rendered":"<p>Une explosion de saveurs avec la vape jetable VapSolo Triple 30K ! \ud83d\ude80 D\u00e9couvrez une dur\u00e9e de vie incroyable de 30 000 bouff\u00e9es et une rotation r\u00e9volutionnaire des saveurs 3 en 1.<\/p>","protected":false},"featured_media":32127,"comment_status":"open","ping_status":"closed","template":"","meta":[],"product_brand":[235],"product_cat":[63,230,72],"product_tag":[],"class_list":{"0":"post-31948","1":"product","2":"type-product","3":"status-publish","4":"has-post-thumbnail","6":"product_brand-vapsolo","7":"product_cat-30000-puffs-disposable-vape","8":"product_cat-new","9":"product_cat-vapsolo","11":"first","12":"instock","13":"shipping-taxable","14":"purchasable","15":"product-type-variable","16":"has-default-attributes"},"jetpack_sharing_enabled":true,"tiered_pricing_type":"fixed","tiered_pricing_fixed_rules":{"2000":7.6500000000000003552713678800500929355621337890625},"tiered_pricing_product_settings":{"layout":"default","base_unit_name":{"singular":null,"plural":null},"default_variation":null},"tiered_pricing_minimum_quantity":1000,"tiered_pricing_roles_data":[],"tiered_pricing_percentage_rules":[],"tiered_pricing_maximum_quantity":null,"tiered_pricing_quantity_step":"10","_links":{"self":[{"href":"https:\/\/volovape.com\/fr\/wp-json\/wp\/v2\/product\/31948","targetHints":{"allow":["GET"]}}],"collection":[{"href":"https:\/\/volovape.com\/fr\/wp-json\/wp\/v2\/product"}],"about":[{"href":"https:\/\/volovape.com\/fr\/wp-json\/wp\/v2\/types\/product"}],"replies":[{"embeddable":true,"href":"https:\/\/volovape.com\/fr\/wp-json\/wp\/v2\/comments?post=31948"}],"wp:featuredmedia":[{"embeddable":true,"href":"https:\/\/volovape.com\/fr\/wp-json\/wp\/v2\/media\/32127"}],"wp:attachment":[{"href":"https:\/\/volovape.com\/fr\/wp-json\/wp\/v2\/media?parent=31948"}],"wp:term":[{"taxonomy":"product_brand","embeddable":true,"href":"https:\/\/volovape.com\/fr\/wp-json\/wp\/v2\/product_brand?post=31948"},{"taxonomy":"product_cat","embeddable":true,"href":"https:\/\/volovape.com\/fr\/wp-json\/wp\/v2\/product_cat?post=31948"},{"taxonomy":"product_tag","embeddable":true,"href":"https:\/\/volovape.com\/fr\/wp-json\/wp\/v2\/product_tag?post=31948"}],"curies":[{"name":"wp","href":"https:\/\/api.w.org\/{rel}","templated":true}]}}