{"id":31947,"date":"2025-07-02T03:28:56","date_gmt":"2025-07-02T03:28:56","guid":{"rendered":"https:\/\/volovape.com\/?post_type=product&#038;p=31947"},"modified":"2025-11-11T04:39:23","modified_gmt":"2025-11-11T04:39:23","slug":"vapme-digital-30000-bouffees","status":"publish","type":"product","link":"https:\/\/volovape.com\/fr\/product\/vapme-digital-30000-puffs\/","title":{"rendered":"Vapme Digital 30000 Puffs | 12 saveurs mesh coil bulk disposable vape"},"content":{"rendered":"<h2>\u2728 Vapme Digital 30000 : La meilleure des vapes jetables ! \ud83d\ude80<\/h2>\n<p>Vivez l'exp\u00e9rience du vapotage comme jamais auparavant avec le <strong>Vapme Digital 30000<\/strong>. Parfait pour les gros fumeurs et les acheteurs en gros, cet appareil offre une qualit\u00e9 imbattable. <strong>30 000 bouff\u00e9es<\/strong> de saveurs puissantes et constantes. Dites adieu aux recharges incessantes et aux coups faibles gr\u00e2ce \u00e0 son \u00e9norme capacit\u00e9 d'aspiration. <strong>Capacit\u00e9 de 20mL d'e-liquide<\/strong> et robuste <strong>Batterie rechargeable de 850mAh<\/strong> avec un syst\u00e8me pratique <strong>Chargement de type C<\/strong>. Appr\u00e9ciez la douceur <strong>Nuages MTL (Mouth-to-Lung)<\/strong> et de la vapeur riche provenant de la <strong>Bobine \u00e0 mailles de 0,6\u03a9<\/strong>. Pr\u00eat \u00e0 impressionner ? Obtenez les v\u00f4tres en vrac d\u00e8s aujourd'hui ! \ud83d\udca8<\/p>\n<h3>\ud83d\udcca Principales sp\u00e9cifications :<\/h3>\n<ul>\n<li><strong>Nombre de bouff\u00e9es :<\/strong> Jusqu'\u00e0 30 000 bouff\u00e9es \ud83e\udd2f<\/li>\n<li><strong>Capacit\u00e9 d'e-liquide :<\/strong> 20mL pr\u00e9-rempli<\/li>\n<li><strong>Bobine :<\/strong> Bobine \u00e0 maille avanc\u00e9e de 0,6\u03a9 pour une vapeur riche<\/li>\n<li><strong>Batterie :<\/strong> 850mAh rechargeable (Type-C)<\/li>\n<li><strong>Taux de nicotine :<\/strong> 0%, 12%, 13%, 15%<\/li>\n<li><strong>Style de vapotage :<\/strong> MTL (bouche \u00e0 poumon)<\/li>\n<li><strong>Options d'ar\u00f4mes :<\/strong> 12 choix incroyables \ud83c\udf53\ud83e\uded0\ud83e\udd6d\ud83e\udd6d<\/li>\n<\/ul>\n<h3>\ud83c\udf08 Plongez dans 12 saveurs d\u00e9licieuses :<\/h3>\n<p>D\u00e9couvrez votre nouveau favori gr\u00e2ce \u00e0 notre large s\u00e9lection de saveurs vibrantes ! Du juteux <strong>Myrtille Framboise<\/strong> \u00e0 revigorer <strong>Boisson \u00e9nerg\u00e9tique<\/strong> et exotique <strong>Kiwi Fruit de la passion Goyave<\/strong>il y a une combinaison parfaite pour chaque humeur. Rotation entre <em>12 saveurs satisfaisantes<\/em> n'a jamais \u00e9t\u00e9 aussi facile ! \ud83d\ude0b<\/p>\n<p>Choisissez le Vapme Digital 30000 pour une satisfaction intense et durable et faites revenir vos clients !<\/p>","protected":false},"excerpt":{"rendered":"<p>\ud83d\ude80 <strong>Pr\u00eat \u00e0 \u00e9lever votre exp\u00e9rience de la vape ?<\/strong> Voici le Vapme Digital 30000 - un vaporisateur jetable de grande capacit\u00e9 con\u00e7u pour les amateurs de saveurs et de nicotine.<\/p>","protected":false},"featured_media":32103,"comment_status":"open","ping_status":"closed","template":"","meta":[],"product_brand":[234],"product_cat":[63,230,49],"product_tag":[],"class_list":{"0":"post-31947","1":"product","2":"type-product","3":"status-publish","4":"has-post-thumbnail","6":"product_brand-vapme","7":"product_cat-30000-puffs-disposable-vape","8":"product_cat-new","9":"product_cat-vapme","11":"first","12":"instock","13":"shipping-taxable","14":"purchasable","15":"product-type-variable","16":"has-default-attributes"},"jetpack_sharing_enabled":true,"tiered_pricing_type":"fixed","tiered_pricing_fixed_rules":{"30":8.6300000000000007815970093361102044582366943359375,"50":7.6500000000000003552713678800500929355621337890625,"100":7.04000000000000003552713678800500929355621337890625,"200":6.6699999999999999289457264239899814128875732421875,"400":6.230000000000000426325641456060111522674560546875},"tiered_pricing_product_settings":{"layout":"default","base_unit_name":{"singular":null,"plural":null},"default_variation":null},"tiered_pricing_minimum_quantity":10,"tiered_pricing_roles_data":[],"tiered_pricing_percentage_rules":[],"tiered_pricing_maximum_quantity":null,"tiered_pricing_quantity_step":"10","_links":{"self":[{"href":"https:\/\/volovape.com\/fr\/wp-json\/wp\/v2\/product\/31947","targetHints":{"allow":["GET"]}}],"collection":[{"href":"https:\/\/volovape.com\/fr\/wp-json\/wp\/v2\/product"}],"about":[{"href":"https:\/\/volovape.com\/fr\/wp-json\/wp\/v2\/types\/product"}],"replies":[{"embeddable":true,"href":"https:\/\/volovape.com\/fr\/wp-json\/wp\/v2\/comments?post=31947"}],"wp:featuredmedia":[{"embeddable":true,"href":"https:\/\/volovape.com\/fr\/wp-json\/wp\/v2\/media\/32103"}],"wp:attachment":[{"href":"https:\/\/volovape.com\/fr\/wp-json\/wp\/v2\/media?parent=31947"}],"wp:term":[{"taxonomy":"product_brand","embeddable":true,"href":"https:\/\/volovape.com\/fr\/wp-json\/wp\/v2\/product_brand?post=31947"},{"taxonomy":"product_cat","embeddable":true,"href":"https:\/\/volovape.com\/fr\/wp-json\/wp\/v2\/product_cat?post=31947"},{"taxonomy":"product_tag","embeddable":true,"href":"https:\/\/volovape.com\/fr\/wp-json\/wp\/v2\/product_tag?post=31947"}],"curies":[{"name":"wp","href":"https:\/\/api.w.org\/{rel}","templated":true}]}}