{"id":31946,"date":"2025-07-02T03:28:55","date_gmt":"2025-07-02T03:28:55","guid":{"rendered":"https:\/\/volovape.com\/?post_type=product&#038;p=31946"},"modified":"2026-04-14T06:24:46","modified_gmt":"2026-04-14T06:24:46","slug":"okso-shisha-max-40000-bouffees","status":"publish","type":"product","link":"https:\/\/volovape.com\/fr\/product\/okso-shisha-max-40000-puffs\/","title":{"rendered":"OKSO Shisha Max 40K | mesh coil, LED display bulk disposable vape"},"content":{"rendered":"<h2>\ud83d\udd25 Pourquoi choisir OKSO Shisha Max 40K ?<\/h2>\n<p>Am\u00e9liorez votre exp\u00e9rience de vapotage avec le <strong>OKSO Shisha Max 40K<\/strong>Le syst\u00e8me d'alarme est con\u00e7u pour offrir une satisfaction et un contr\u00f4le ultimes. Profitez d'une <strong>40 000 bouff\u00e9es<\/strong> \u00e0 partir d'un seul appareil ! \ud83d\ude80 Its advanced <strong>bobine de maille<\/strong> garantit une saveur riche et homog\u00e8ne, tandis que la technologie intuitive du <strong>Affichage LED<\/strong> vous informe sur l'autonomie de la batterie et le nombre de bouff\u00e9es. Personnalisez votre vape en r\u00e9glant le flux d'air et la puissance. Avec un robuste <strong>Batterie rechargeable de 800mAh<\/strong> et le chargement rapide Type-C, vous \u00eates toujours pr\u00eat \u00e0 partir. De plus, un <strong>serrure pour enfants<\/strong> offre une tranquillit\u00e9 d'esprit suppl\u00e9mentaire. Parfait pour les vapoteurs \u00e0 la recherche de long\u00e9vit\u00e9, de saveur et de flexibilit\u00e9, et une excellente option de vente en gros pour les d\u00e9taillants !<\/p>\n<h2>\u2728 Sp\u00e9cifications du produit :<\/h2>\n<ul>\n<li><strong>Nombre de bouff\u00e9es :<\/strong> Jusqu'\u00e0 40 000 bouff\u00e9es<\/li>\n<li><strong>Capacit\u00e9 d'e-liquide :<\/strong> 36mL (pr\u00e9-rempli)<\/li>\n<li><strong>Type de bobine :<\/strong> Bobine en maille pour une saveur et une production de vapeur sup\u00e9rieures<\/li>\n<li><strong>Affichage :<\/strong> \u00c9cran LED (batterie et nombre de bouff\u00e9es)<\/li>\n<li><strong>Batterie :<\/strong> 800mAh rechargeable<\/li>\n<li><strong>Chargement :<\/strong> Chargement rapide de type C<\/li>\n<li><strong>Points forts de la nicotine :<\/strong> 0%, 2%, 3%, 5% (en volume)<\/li>\n<li><strong>Caract\u00e9ristiques :<\/strong> D\u00e9bit d'air r\u00e9glable, puissance r\u00e9glable, s\u00e9curit\u00e9 enfants<\/li>\n<\/ul>\n<h2>\ud83c\udf53 Liste des saveurs :<\/h2>\n<ul>\n<li>Deux pommes \ud83c\udf4f\ud83c\udf4f\ud83c\udf4f<\/li>\n<li>Menthe verte \ud83c\udf47\ud83c\udf43\ud83c\udf43<\/li>\n<li>Cherry Fiesta \ud83c\udf52\ud83c\udf89<\/li>\n<li>Peach Ice \ud83c\udf51\ud83e\uddca\ud83e\uddca<\/li>\n<li>Amour magique \u2728\u2764\ufe0f<\/li>\n<li>Punch aux fraises \ud83c\udf53\ud83d\udca5\ud83d\udca5<\/li>\n<li>Blue Razz Ice \ud83d\udc99\ud83e\uddca\ud83e\uddca<\/li>\n<li>Lush Ice \ud83c\udf49\u2744\ufe0f<\/li>\n<li>Past\u00e8que \u00e0 la fraise \ud83c\udf53\ud83c\udf49\ud83c\udf49<\/li>\n<li>Berry Mint \ud83c\udf53\ud83c\udf43\ud83c\udf43<\/li>\n<\/ul>","protected":false},"excerpt":{"rendered":"<p>OKSO Shisha Max 40K vape jetable offre jusqu'\u00e0 40 000 bouff\u00e9es avec un contr\u00f4le de la puissance, un r\u00e9glage de l'\u00e9coulement de l'air et 10 saveurs riches, con\u00e7ues pour un plaisir de vape durable, personnalisable et savoureux.<\/p>","protected":false},"featured_media":32093,"comment_status":"open","ping_status":"closed","template":"","meta":[],"product_brand":[233],"product_cat":[74,230,229],"product_tag":[],"class_list":{"0":"post-31946","1":"product","2":"type-product","3":"status-publish","4":"has-post-thumbnail","6":"product_brand-okso","7":"product_cat-40000-puffs-disposable-vape","8":"product_cat-new","9":"product_cat-okso","11":"first","12":"instock","13":"shipping-taxable","14":"purchasable","15":"product-type-variable","16":"has-default-attributes"},"jetpack_sharing_enabled":true,"tiered_pricing_type":"fixed","tiered_pricing_fixed_rules":{"30":7.589999999999999857891452847979962825775146484375,"50":6.519999999999999573674358543939888477325439453125,"100":5.9000000000000003552713678800500929355621337890625,"200":5.53000000000000024868995751603506505489349365234375,"400":5.0999999999999996447286321199499070644378662109375},"tiered_pricing_product_settings":{"layout":"default","base_unit_name":{"singular":null,"plural":null},"default_variation":null},"tiered_pricing_minimum_quantity":10,"tiered_pricing_roles_data":[],"tiered_pricing_percentage_rules":[],"tiered_pricing_maximum_quantity":null,"tiered_pricing_quantity_step":"10","_links":{"self":[{"href":"https:\/\/volovape.com\/fr\/wp-json\/wp\/v2\/product\/31946","targetHints":{"allow":["GET"]}}],"collection":[{"href":"https:\/\/volovape.com\/fr\/wp-json\/wp\/v2\/product"}],"about":[{"href":"https:\/\/volovape.com\/fr\/wp-json\/wp\/v2\/types\/product"}],"replies":[{"embeddable":true,"href":"https:\/\/volovape.com\/fr\/wp-json\/wp\/v2\/comments?post=31946"}],"wp:featuredmedia":[{"embeddable":true,"href":"https:\/\/volovape.com\/fr\/wp-json\/wp\/v2\/media\/32093"}],"wp:attachment":[{"href":"https:\/\/volovape.com\/fr\/wp-json\/wp\/v2\/media?parent=31946"}],"wp:term":[{"taxonomy":"product_brand","embeddable":true,"href":"https:\/\/volovape.com\/fr\/wp-json\/wp\/v2\/product_brand?post=31946"},{"taxonomy":"product_cat","embeddable":true,"href":"https:\/\/volovape.com\/fr\/wp-json\/wp\/v2\/product_cat?post=31946"},{"taxonomy":"product_tag","embeddable":true,"href":"https:\/\/volovape.com\/fr\/wp-json\/wp\/v2\/product_tag?post=31946"}],"curies":[{"name":"wp","href":"https:\/\/api.w.org\/{rel}","templated":true}]}}