{"id":31945,"date":"2025-07-02T03:28:55","date_gmt":"2025-07-02T03:28:55","guid":{"rendered":"https:\/\/volovape.com\/?post_type=product&#038;p=31945"},"modified":"2026-04-14T06:23:17","modified_gmt":"2026-04-14T06:23:17","slug":"miroir-magique-okso-50000-bouffees","status":"publish","type":"product","link":"https:\/\/volovape.com\/fr\/product\/okso-magic-mirror-50000-puffs\/","title":{"rendered":"OKSO Magic Mirror 50000 Puffs | RGB LED, dual mesh, LED display, bulk disposable vape"},"content":{"rendered":"<p>\ud83d\udd25 <strong>Vivez une exp\u00e9rience de vapotage red\u00e9finie avec le OKSO Magic Mirror 50K !<\/strong> \ud83d\udd25 Il ne s'agit pas d'une simple vape jetable, mais d'une pi\u00e8ce de choix con\u00e7ue pour une satisfaction ultime. Obtenez une \u00e9tonnante <strong>50 000 bouff\u00e9es<\/strong>, un \u00e9norme <strong>Capacit\u00e9 de 40mL d'e-liquide<\/strong>et la commodit\u00e9 d'un <strong>batterie rechargeable de type C<\/strong>. Sa finition miroir accrocheuse et son design dynamique en font un objet de choix. <strong>Lueur LED RVB<\/strong> vous permettent de vous d\u00e9marquer, tandis que <strong>bobines \u00e0 double maille<\/strong> garantissent une saveur intense et des nuages massifs \u00e0 chaque fois. Parfait pour les amateurs de saveurs, les chasseurs de nuages et les d\u00e9taillants \u00e0 la recherche de vapes jetables de qualit\u00e9 sup\u00e9rieure.<\/p>\n<h3>\ud83d\udcca Sp\u00e9cifications :<\/h3>\n<ul>\n<li>\ud83d\udca8 <strong>Puffs :<\/strong> Jusqu'\u00e0 50 000<\/li>\n<li>\ud83d\udca7 <strong>E-liquide :<\/strong> 40mL (pr\u00e9-rempli)<\/li>\n<li>\u2728 <strong>Bobine :<\/strong> Double maille pour une saveur sup\u00e9rieure<\/li>\n<li>\ud83d\udd0b <strong>Batterie :<\/strong> 850mAh Rechargeable (Type-C)<\/li>\n<li>\ud83e\uddea <strong>Points forts de la nicotine :<\/strong> 0%, 2%, 3%, 5% (options disponibles)<\/li>\n<li>\ud83d\udda5\ufe0f <strong>Affichage :<\/strong> \u00c9cran LED indiquant le nombre de bouff\u00e9es et la dur\u00e9e de vie de la batterie<\/li>\n<li>\ud83d\udd12 <strong>La s\u00e9curit\u00e9 :<\/strong> Verrouillage enfant int\u00e9gr\u00e9<\/li>\n<li>\ud83c\udf1f <strong>Conception :<\/strong> Finition miroir avec effets LED RVB<\/li>\n<\/ul>\n<h3>\ud83c\udf6d Saveurs disponibles :<\/h3>\n<ul>\n<li>Blue Razz Ice \ud83e\uded0\u2744\ufe0f<\/li>\n<li>Lush Ice \ud83c\udf49\u2744\ufe0f<\/li>\n<li>Glace \u00e0 la fraise \ud83c\udf53\u2744\ufe0f<\/li>\n<li>Grape Ice \ud83c\udf47\u2744\ufe0f<\/li>\n<li>LOVE 66 \u2764\ufe0f\u200d\ud83d\udd25<\/li>\n<li>Lady Killa \ud83d\udc51<\/li>\n<li>Glace \u00e0 la menthe \ud83c\udf43\u2744\ufe0f<\/li>\n<li>Past\u00e8que \u00e0 la fraise \ud83c\udf53\ud83c\udf49\ud83c\udf49<\/li>\n<li>Kiwi Passion Fruit \ud83e\udd5d\ud83e\udd6d\ud83e\udd6d<\/li>\n<li>Baies m\u00e9lang\u00e9es \ud83c\udf53\ud83e\uded0\ud83c\udf47\ud83e\uded0\ud83c\udf47<\/li>\n<\/ul>","protected":false},"excerpt":{"rendered":"<p>\u2728 Pr\u00e9parez-vous \u00e0 vaper avec style avec le OKSO Magic Mirror 50K : 50 000 bouff\u00e9es, double coils mesh, LED RGB, et 40mL d'e-liquide - la vape jetable puissante et \u00e9l\u00e9gante pour les acheteurs en gros.<\/p>","protected":false},"featured_media":32025,"comment_status":"open","ping_status":"closed","template":"","meta":[],"product_brand":[233],"product_cat":[74,230,229],"product_tag":[],"class_list":{"0":"post-31945","1":"product","2":"type-product","3":"status-publish","4":"has-post-thumbnail","6":"product_brand-okso","7":"product_cat-40000-puffs-disposable-vape","8":"product_cat-new","9":"product_cat-okso","11":"first","12":"instock","13":"shipping-taxable","14":"purchasable","15":"product-type-variable","16":"has-default-attributes"},"jetpack_sharing_enabled":true,"tiered_pricing_type":"fixed","tiered_pricing_fixed_rules":{"30":8.7400000000000002131628207280300557613372802734375,"60":8.699999999999999289457264239899814128875732421875,"100":8.300000000000000710542735760100185871124267578125,"200":7.9000000000000003552713678800500929355621337890625},"tiered_pricing_product_settings":{"layout":"default","base_unit_name":{"singular":null,"plural":null},"default_variation":null},"tiered_pricing_minimum_quantity":10,"tiered_pricing_roles_data":[],"tiered_pricing_percentage_rules":[],"tiered_pricing_maximum_quantity":null,"tiered_pricing_quantity_step":"10","_links":{"self":[{"href":"https:\/\/volovape.com\/fr\/wp-json\/wp\/v2\/product\/31945","targetHints":{"allow":["GET"]}}],"collection":[{"href":"https:\/\/volovape.com\/fr\/wp-json\/wp\/v2\/product"}],"about":[{"href":"https:\/\/volovape.com\/fr\/wp-json\/wp\/v2\/types\/product"}],"replies":[{"embeddable":true,"href":"https:\/\/volovape.com\/fr\/wp-json\/wp\/v2\/comments?post=31945"}],"wp:featuredmedia":[{"embeddable":true,"href":"https:\/\/volovape.com\/fr\/wp-json\/wp\/v2\/media\/32025"}],"wp:attachment":[{"href":"https:\/\/volovape.com\/fr\/wp-json\/wp\/v2\/media?parent=31945"}],"wp:term":[{"taxonomy":"product_brand","embeddable":true,"href":"https:\/\/volovape.com\/fr\/wp-json\/wp\/v2\/product_brand?post=31945"},{"taxonomy":"product_cat","embeddable":true,"href":"https:\/\/volovape.com\/fr\/wp-json\/wp\/v2\/product_cat?post=31945"},{"taxonomy":"product_tag","embeddable":true,"href":"https:\/\/volovape.com\/fr\/wp-json\/wp\/v2\/product_tag?post=31945"}],"curies":[{"name":"wp","href":"https:\/\/api.w.org\/{rel}","templated":true}]}}