{"id":31944,"date":"2025-07-02T03:28:55","date_gmt":"2025-07-02T03:28:55","guid":{"rendered":"https:\/\/volovape.com\/?post_type=product&#038;p=31944"},"modified":"2026-04-14T06:20:46","modified_gmt":"2026-04-14T06:20:46","slug":"okso-crystal-bar-800-puffs","status":"publish","type":"product","link":"https:\/\/volovape.com\/fr\/product\/okso-crystal-bar-800-puffs\/","title":{"rendered":"OKSO Crystal Bar 800 | mesh coil RGB wholesale disposable vape"},"content":{"rendered":"<p>OKSO Crystal Bar 800 offre 800 bouff\u00e9es douces, des effets LED RGB et 10 saveurs audacieuses dans un design compact et \u00e9l\u00e9gant, parfait pour le plaisir de la vape au quotidien et en d\u00e9placement. Pr\u00e9-remplie de 2 ml d'e-liquide et disponible dans une gamme de taux de nicotine (0-5%), cette vape ultra-portable offre un punch satisfaisant jusqu'\u00e0 800 bouff\u00e9es.<\/p>\n<p>Oubliez les r\u00e9glages compliqu\u00e9s - il suffit d'attraper, de souffler et d'appr\u00e9cier ! Pesant seulement 36 g, le Crystal Bar est parfait pour un vapotage discret et en d\u00e9placement, tout en faisant tourner les t\u00eates gr\u00e2ce \u00e0 ses effets lumineux LED vibrants.<\/p>\n<h3>\ud83d\ude80 Why You'll Love It<\/h3>\n<ul>\n<li>Saveur homog\u00e8ne et intense gr\u00e2ce \u00e0 la conception de la bobine en maille<\/li>\n<li>LED RGB color\u00e9es pour plus d'\u00e9clat<\/li>\n<li>Compact, l\u00e9ger et facile \u00e0 transporter<\/li>\n<li>Plusieurs niveaux de nicotine pour s'adapter \u00e0 vos envies<\/li>\n<li>Pas de recharge ni de tracas - 800 bouff\u00e9es de pure commodit\u00e9<\/li>\n<\/ul>\n<h3>\ud83c\udf6d Options de saveur<\/h3>\n<ul>\n<li>Menthe<\/li>\n<li>Glace \u00e0 la p\u00eache<\/li>\n<li>Citron rose<\/li>\n<li>Sang de tigre<\/li>\n<li>Glace de raisin<\/li>\n<li>Glace \u00e0 la past\u00e8que<\/li>\n<li>Glace Blue Razz<\/li>\n<li>P\u00eache Mangue Past\u00e8que<\/li>\n<li>Glace \u00e0 la cerise<\/li>\n<li>Glace \u00e0 la fraise<\/li>\n<\/ul>\n<p>Si vous voulez une vape jetable qui a l'air incroyable et qui frappe juste, le OKSO Crystal Bar 800 est votre nouveau h\u00e9ros de poche. Parfait pour les utilisateurs occasionnels, les d\u00e9butants ou tous ceux qui recherchent une exp\u00e9rience savoureuse et sans tracas - le tout avec une pinc\u00e9e de magie RGB. \ud83c\udf08<\/p>","protected":false},"excerpt":{"rendered":"<p>\u2728 <strong>Petit mais puissant !<\/strong> Le OKSO Crystal Bar 800 est l\u00e0 pour illuminer votre journ\u00e9e avec une lumi\u00e8re RGB color\u00e9e et pour vous offrir une saveur douce et soyeuse gr\u00e2ce \u00e0 sa technologie mesh coil avanc\u00e9e.<\/p>","protected":false},"featured_media":32012,"comment_status":"open","ping_status":"closed","template":"","meta":[],"product_brand":[233],"product_cat":[59,230,229],"product_tag":[],"class_list":{"0":"post-31944","1":"product","2":"type-product","3":"status-publish","4":"has-post-thumbnail","6":"product_brand-okso","7":"product_cat-800-puffs-disposable-vape","8":"product_cat-new","9":"product_cat-okso","11":"first","12":"instock","13":"shipping-taxable","14":"purchasable","15":"product-type-variable","16":"has-default-attributes"},"jetpack_sharing_enabled":true,"tiered_pricing_type":"fixed","tiered_pricing_fixed_rules":{"30":4.589999999999999857891452847979962825775146484375,"50":3.4900000000000002131628207280300557613372802734375,"100":2.899999999999999911182158029987476766109466552734375,"200":2.75,"400":2.390000000000000124344978758017532527446746826171875},"tiered_pricing_product_settings":{"layout":"default","base_unit_name":{"singular":null,"plural":null},"default_variation":null},"tiered_pricing_minimum_quantity":10,"tiered_pricing_roles_data":[],"tiered_pricing_percentage_rules":[],"tiered_pricing_maximum_quantity":null,"tiered_pricing_quantity_step":"10","_links":{"self":[{"href":"https:\/\/volovape.com\/fr\/wp-json\/wp\/v2\/product\/31944","targetHints":{"allow":["GET"]}}],"collection":[{"href":"https:\/\/volovape.com\/fr\/wp-json\/wp\/v2\/product"}],"about":[{"href":"https:\/\/volovape.com\/fr\/wp-json\/wp\/v2\/types\/product"}],"replies":[{"embeddable":true,"href":"https:\/\/volovape.com\/fr\/wp-json\/wp\/v2\/comments?post=31944"}],"wp:featuredmedia":[{"embeddable":true,"href":"https:\/\/volovape.com\/fr\/wp-json\/wp\/v2\/media\/32012"}],"wp:attachment":[{"href":"https:\/\/volovape.com\/fr\/wp-json\/wp\/v2\/media?parent=31944"}],"wp:term":[{"taxonomy":"product_brand","embeddable":true,"href":"https:\/\/volovape.com\/fr\/wp-json\/wp\/v2\/product_brand?post=31944"},{"taxonomy":"product_cat","embeddable":true,"href":"https:\/\/volovape.com\/fr\/wp-json\/wp\/v2\/product_cat?post=31944"},{"taxonomy":"product_tag","embeddable":true,"href":"https:\/\/volovape.com\/fr\/wp-json\/wp\/v2\/product_tag?post=31944"}],"curies":[{"name":"wp","href":"https:\/\/api.w.org\/{rel}","templated":true}]}}