{"id":31943,"date":"2025-07-02T03:28:53","date_gmt":"2025-07-02T03:28:53","guid":{"rendered":"https:\/\/volovape.com\/?post_type=product&#038;p=31943"},"modified":"2026-04-14T06:26:05","modified_gmt":"2026-04-14T06:26:05","slug":"okso-shisha-narguile-mega-50000","status":"publish","type":"product","link":"https:\/\/volovape.com\/fr\/product\/okso-shisha-hookah-mega-50000\/","title":{"rendered":"OKSO Shisha Hookah Mega 50K | triple mesh, LED bulk disposable vape"},"content":{"rendered":"<p>\ud83d\udca8 Offrez-vous une exp\u00e9rience de vapotage in\u00e9gal\u00e9e avec le <strong>OKSO Shisha Hookah Mega 50K<\/strong>! Con\u00e7u pour les amateurs de saveurs et les chasseurs de nuages, cet appareil red\u00e9finit le vapotage jetable. Pr\u00e9parez-vous \u00e0 une \u00e9tonnante <strong>50 000 bouff\u00e9es<\/strong>, renforc\u00e9e par un syst\u00e8me d'information de pointe sur les <strong>bobine \u00e0 triple maille<\/strong> pour des sons plus riches et plus doux. \ud83d\ude80<\/p>\n<p>Gardez le contr\u00f4le gr\u00e2ce \u00e0 l'\u00e9cran LED lumineux, qui permet de suivre facilement les niveaux de batterie et d'e-liquide. Personnalisez votre tirage gr\u00e2ce au flux d'air r\u00e9glable, pour que chaque inhalation soit parfaite. Que vous pr\u00e9f\u00e9riez une session sans nicotine ou un robuste throat hit de 5%, le OKSO Mega 50K s'adapte \u00e0 vos pr\u00e9f\u00e9rences. Sa capacit\u00e9 massive de 40mL d'e-liquide et sa batterie rechargeable 1100mAh garantissent une intensit\u00e9 durable, ce qui en fait un produit id\u00e9al pour un plaisir continu ou comme top vendeur pour votre entreprise. \u2728<\/p>\n<h3>\ud83c\udf1f Caract\u00e9ristiques principales :<\/h3>\n<ul>\n<li><strong>50 000 bouff\u00e9es :<\/strong> Dur\u00e9e de vie prolong\u00e9e, moins de remplacements.<\/li>\n<li><strong>Bobine \u00e0 triple maille :<\/strong> Saveur et production de vapeur sup\u00e9rieures.<\/li>\n<li><strong>Type-C Rechargeable :<\/strong> Alimentation pratique et \u00e9cologique.<\/li>\n<li><strong>Affichage LED :<\/strong> Contr\u00f4lez la batterie et l'e-liquide d'un seul coup d'\u0153il.<\/li>\n<li><strong>Flux d'air r\u00e9glable :<\/strong> Personnalisez votre tirage au sort.<\/li>\n<\/ul>\n<h3>\ud83d\ude0b Liste de saveurs :<\/h3>\n<ul>\n<li>Glace luxuriante<\/li>\n<li>Deux pommes<\/li>\n<li>Fraise Past\u00e8que Bubblegum<\/li>\n<li>Glace \u00e0 la p\u00eache<\/li>\n<li>Myrtille Framboise Cerise<\/li>\n<li>Amour 66<\/li>\n<li>Glace \u00e0 la mangue<\/li>\n<li>Fraise Kiwi<\/li>\n<li>Lady Killa<\/li>\n<li>Glace de raisin<\/li>\n<\/ul>\n<p>Le OKSO Shisha Hookah Mega 50K est le choix ultime pour les acheteurs en gros, les fanatiques d'ar\u00f4mes et les gros consommateurs ! \ud83c\udf2c\ufe0f<\/p>","protected":false},"excerpt":{"rendered":"<p>OKSO Magic Mirror 50K offre jusqu'\u00e0 50 000 bouff\u00e9es avec de superbes lumi\u00e8res RGB, une finition miroir \u00e9l\u00e9gante, des bobines \u00e0 double maille et 10 ar\u00f4mes de premi\u00e8re qualit\u00e9 - parfait pour les amateurs d'ar\u00f4mes et de performances.<\/p>","protected":false},"featured_media":31968,"comment_status":"open","ping_status":"closed","template":"","meta":[],"product_brand":[233],"product_cat":[74,230,229],"product_tag":[],"class_list":{"0":"post-31943","1":"product","2":"type-product","3":"status-publish","4":"has-post-thumbnail","6":"product_brand-okso","7":"product_cat-40000-puffs-disposable-vape","8":"product_cat-new","9":"product_cat-okso","11":"first","12":"instock","13":"shipping-taxable","14":"purchasable","15":"product-type-variable","16":"has-default-attributes"},"jetpack_sharing_enabled":true,"tiered_pricing_type":"fixed","tiered_pricing_fixed_rules":{"30":9.5,"50":8.9000000000000003552713678800500929355621337890625,"100":7.9000000000000003552713678800500929355621337890625,"200":7.20000000000000017763568394002504646778106689453125},"tiered_pricing_product_settings":{"layout":"default","base_unit_name":{"singular":null,"plural":null},"default_variation":null},"tiered_pricing_minimum_quantity":10,"tiered_pricing_roles_data":[],"tiered_pricing_percentage_rules":[],"tiered_pricing_maximum_quantity":null,"tiered_pricing_quantity_step":"10","_links":{"self":[{"href":"https:\/\/volovape.com\/fr\/wp-json\/wp\/v2\/product\/31943","targetHints":{"allow":["GET"]}}],"collection":[{"href":"https:\/\/volovape.com\/fr\/wp-json\/wp\/v2\/product"}],"about":[{"href":"https:\/\/volovape.com\/fr\/wp-json\/wp\/v2\/types\/product"}],"replies":[{"embeddable":true,"href":"https:\/\/volovape.com\/fr\/wp-json\/wp\/v2\/comments?post=31943"}],"wp:featuredmedia":[{"embeddable":true,"href":"https:\/\/volovape.com\/fr\/wp-json\/wp\/v2\/media\/31968"}],"wp:attachment":[{"href":"https:\/\/volovape.com\/fr\/wp-json\/wp\/v2\/media?parent=31943"}],"wp:term":[{"taxonomy":"product_brand","embeddable":true,"href":"https:\/\/volovape.com\/fr\/wp-json\/wp\/v2\/product_brand?post=31943"},{"taxonomy":"product_cat","embeddable":true,"href":"https:\/\/volovape.com\/fr\/wp-json\/wp\/v2\/product_cat?post=31943"},{"taxonomy":"product_tag","embeddable":true,"href":"https:\/\/volovape.com\/fr\/wp-json\/wp\/v2\/product_tag?post=31943"}],"curies":[{"name":"wp","href":"https:\/\/api.w.org\/{rel}","templated":true}]}}