{"id":30895,"date":"2025-08-16T11:40:18","date_gmt":"2025-08-16T11:40:18","guid":{"rendered":"https:\/\/volovape.com\/?post_type=product&#038;p=30895"},"modified":"2026-03-16T08:50:06","modified_gmt":"2026-03-16T08:50:06","slug":"uwin-crystal-twins-40k","status":"publish","type":"product","link":"https:\/\/volovape.com\/fr\/product\/uwin-crystal-twins-40k\/","title":{"rendered":"Uwin Crystal Twins 40K 40000 Puffs | dual flavor jetable vape whoelsale"},"content":{"rendered":"<h2><strong>Uwin Crystal Twins 40K - Vape jetable double saveur \ud83c\udf1f<\/strong><\/h2>\n<p>Voici le Uwin Crystal Twins 40K, qui change la donne sur le march\u00e9 de la vape jetable ! Avec jusqu'\u00e0 40 000 bouff\u00e9es de pur plaisir, cet appareil pr\u00e9sente un design unique \u00e0 double saveur, offrant une combinaison excitante de go\u00fbts \u00e0 chaque bouff\u00e9e. Que vous soyez un amateur de saveurs ou un gros vapoteur, cette vape offre une exp\u00e9rience douce et satisfaisante, le tout dans un corps \u00e9l\u00e9gant et cristallin. Dites adieu aux recharges et profitez de la commodit\u00e9 comme jamais auparavant. \ud83d\udd25\ud83d\udca8<\/p>\n<h4><strong>Sp\u00e9cifications :<\/strong><\/h4>\n<table>\n<thead>\n<tr>\n<th><strong>Fonctionnalit\u00e9<\/strong><\/th>\n<th><strong>D\u00e9tails<\/strong><\/th>\n<\/tr>\n<\/thead>\n<tbody>\n<tr>\n<td><strong>Capacit\u00e9 de bouff\u00e9e<\/strong><\/td>\n<td>40 000 bouff\u00e9es<\/td>\n<\/tr>\n<tr>\n<td><strong>Capacit\u00e9 en e-liquide<\/strong><\/td>\n<td>8mL (par chambre)<\/td>\n<\/tr>\n<tr>\n<td><strong>Batterie<\/strong><\/td>\n<td>850mAh, Type-C<\/td>\n<\/tr>\n<tr>\n<td><strong>Type de bobine<\/strong><\/td>\n<td>Bobine \u00e0 mailles de 0,6\u03a9<\/td>\n<\/tr>\n<tr>\n<td><strong>Options de la nicotine<\/strong><\/td>\n<td>0%, 2%, 3%, 5%<\/td>\n<\/tr>\n<tr>\n<td><strong>Affichage<\/strong><\/td>\n<td>\u00c9cran intelligent<\/td>\n<\/tr>\n<tr>\n<td><strong>Conception<\/strong><\/td>\n<td>Corps cristallin<\/td>\n<\/tr>\n<\/tbody>\n<\/table>\n<h4><strong>Combinaisons de saveurs :<\/strong><\/h4>\n<table>\n<thead>\n<tr>\n<th><strong>Saveur A<\/strong><\/th>\n<th><strong>Saveur B<\/strong><\/th>\n<\/tr>\n<\/thead>\n<tbody>\n<tr>\n<td>Myrtille sur glace<\/td>\n<td>Glace \u00e0 la p\u00eache d'\u00e9t\u00e9<\/td>\n<\/tr>\n<tr>\n<td>Kiwi Fruit de la passion Goyave<\/td>\n<td>Myrtille Framboise<\/td>\n<\/tr>\n<tr>\n<td>Fraise Kiwi<\/td>\n<td>Glace de raisin<\/td>\n<\/tr>\n<tr>\n<td>Kiwi Fruit de la passion Goyave<\/td>\n<td>Deux pommes<\/td>\n<\/tr>\n<tr>\n<td>Past\u00e8que \u00e0 la fraise<\/td>\n<td>Citron vert<\/td>\n<\/tr>\n<tr>\n<td>Myrtille Framboise<\/td>\n<td>Glace \u00e0 la cerise<\/td>\n<\/tr>\n<tr>\n<td>Fraise Framboise Cerise<\/td>\n<td>M. Bleu<\/td>\n<\/tr>\n<tr>\n<td>P\u00eache Mangue Ananas<\/td>\n<td>Red Bull<\/td>\n<\/tr>\n<tr>\n<td>Glace \u00e0 la past\u00e8que<\/td>\n<td>Baies m\u00e9lang\u00e9es<\/td>\n<\/tr>\n<tr>\n<td>Fraise et banane<\/td>\n<td>Love 66 (glace au melon et aux fruits de la passion)<\/td>\n<\/tr>\n<tr>\n<td>Fruit du dragon Banane Cerise<\/td>\n<td>Limonade rose<\/td>\n<\/tr>\n<tr>\n<td>P\u00eache Mangue<\/td>\n<td>Cola \u00e0 la cerise<\/td>\n<\/tr>\n<tr>\n<td>Glace \u00e0 la fraise<\/td>\n<td>Mangue sur glace<\/td>\n<\/tr>\n<tr>\n<td>Glace Blue Razz<\/td>\n<td>Glace au fruit du dragon<\/td>\n<\/tr>\n<tr>\n<td>Red Bull \u00e0 la fraise<\/td>\n<td>Glace \u00e0 la cerise<\/td>\n<\/tr>\n<\/tbody>\n<\/table>\n<h4><strong>Pourquoi choisir Uwin Crystal Twins 40K ?<\/strong><\/h4>\n<ul>\n<li><strong>Conception \u00e0 double ar\u00f4me :<\/strong> Profitez de deux saveurs distinctes \u00e0 chaque bouff\u00e9e pour une exp\u00e9rience de vapotage dynamique.<\/li>\n<li><strong>Nombre massif de bouff\u00e9es :<\/strong> Jusqu'\u00e0 40 000 bouff\u00e9es, une dur\u00e9e de vie sup\u00e9rieure \u00e0 celle de la plupart des vapes jetables.<\/li>\n<li><strong>Options \u00e0 haute teneur en nicotine :<\/strong> Disponible en nicotine 0%, 2%, 3% et 5% pour une satisfaction personnalis\u00e9e.<\/li>\n<li><strong>Bobine en maille de premi\u00e8re qualit\u00e9 :<\/strong> D\u00e9couvrez une production de vapeur douce et constante \u00e0 chaque bouff\u00e9e.<\/li>\n<li><strong>Portable et pratique :<\/strong> La conception du corps cristallin garantit \u00e0 la fois la durabilit\u00e9 et l'aspect \u00e9l\u00e9gant.<\/li>\n<li><strong>\u00c9cran intelligent :<\/strong> L'\u00e9cran intelligent, facile \u00e0 lire, permet de suivre vos sessions de vapotage.<\/li>\n<\/ul>\n<p>Uwin Crystal Twins 40K est id\u00e9al pour les utilisateurs quotidiens et les acheteurs en gros, comme les boutiques de vape et les distributeurs. Avec ses performances durables, ses options uniques de double ar\u00f4me et son design \u00e9l\u00e9gant, c'est un choix parfait pour ceux qui cherchent \u00e0 \u00e9lever leur exp\u00e9rience de vapotage. Que vous soyez un amateur d'ar\u00f4mes ou un distributeur en gros, cet appareil r\u00e9pondra parfaitement \u00e0 vos besoins.<\/p>\n<p><img data-recalc-dims=\"1\" loading=\"lazy\" decoding=\"async\" class=\"alignnone wp-image-31448 size-full\" src=\"https:\/\/i0.wp.com\/volovape.com\/wp-content\/uploads\/2025\/06\/%E8%81%94%E5%90%8D%E6%B5%B7%E6%8A%A5-2.jpg?resize=1480%2C1810&#038;ssl=1\" alt=\"\" width=\"1480\" height=\"1810\" title=\"\" srcset=\"https:\/\/i0.wp.com\/volovape.com\/wp-content\/uploads\/2025\/06\/%E8%81%94%E5%90%8D%E6%B5%B7%E6%8A%A5-2.jpg?w=1480&amp;ssl=1 1480w, https:\/\/i0.wp.com\/volovape.com\/wp-content\/uploads\/2025\/06\/%E8%81%94%E5%90%8D%E6%B5%B7%E6%8A%A5-2.jpg?resize=245%2C300&amp;ssl=1 245w, https:\/\/i0.wp.com\/volovape.com\/wp-content\/uploads\/2025\/06\/%E8%81%94%E5%90%8D%E6%B5%B7%E6%8A%A5-2.jpg?resize=837%2C1024&amp;ssl=1 837w, https:\/\/i0.wp.com\/volovape.com\/wp-content\/uploads\/2025\/06\/%E8%81%94%E5%90%8D%E6%B5%B7%E6%8A%A5-2.jpg?resize=768%2C939&amp;ssl=1 768w, https:\/\/i0.wp.com\/volovape.com\/wp-content\/uploads\/2025\/06\/%E8%81%94%E5%90%8D%E6%B5%B7%E6%8A%A5-2.jpg?resize=1256%2C1536&amp;ssl=1 1256w, https:\/\/i0.wp.com\/volovape.com\/wp-content\/uploads\/2025\/06\/%E8%81%94%E5%90%8D%E6%B5%B7%E6%8A%A5-2.jpg?resize=10%2C12&amp;ssl=1 10w, https:\/\/i0.wp.com\/volovape.com\/wp-content\/uploads\/2025\/06\/%E8%81%94%E5%90%8D%E6%B5%B7%E6%8A%A5-2.jpg?resize=800%2C978&amp;ssl=1 800w\" sizes=\"auto, (max-width: 1000px) 100vw, 1000px\" \/><\/p>\n<p><img data-recalc-dims=\"1\" loading=\"lazy\" decoding=\"async\" class=\"alignnone wp-image-31447 size-large\" src=\"https:\/\/i0.wp.com\/volovape.com\/wp-content\/uploads\/2025\/06\/40k%E5%8F%A3%E5%91%B3%E6%B5%B7%E6%8A%A5.jpg?resize=905%2C1024&#038;ssl=1\" alt=\"\" width=\"905\" height=\"1024\" title=\"\" srcset=\"https:\/\/i0.wp.com\/volovape.com\/wp-content\/uploads\/2025\/06\/40k%E5%8F%A3%E5%91%B3%E6%B5%B7%E6%8A%A5.jpg?resize=905%2C1024&amp;ssl=1 905w, https:\/\/i0.wp.com\/volovape.com\/wp-content\/uploads\/2025\/06\/40k%E5%8F%A3%E5%91%B3%E6%B5%B7%E6%8A%A5.jpg?resize=265%2C300&amp;ssl=1 265w, https:\/\/i0.wp.com\/volovape.com\/wp-content\/uploads\/2025\/06\/40k%E5%8F%A3%E5%91%B3%E6%B5%B7%E6%8A%A5.jpg?resize=768%2C869&amp;ssl=1 768w, https:\/\/i0.wp.com\/volovape.com\/wp-content\/uploads\/2025\/06\/40k%E5%8F%A3%E5%91%B3%E6%B5%B7%E6%8A%A5.jpg?resize=1358%2C1536&amp;ssl=1 1358w, https:\/\/i0.wp.com\/volovape.com\/wp-content\/uploads\/2025\/06\/40k%E5%8F%A3%E5%91%B3%E6%B5%B7%E6%8A%A5.jpg?resize=11%2C12&amp;ssl=1 11w, https:\/\/i0.wp.com\/volovape.com\/wp-content\/uploads\/2025\/06\/40k%E5%8F%A3%E5%91%B3%E6%B5%B7%E6%8A%A5.jpg?resize=800%2C905&amp;ssl=1 800w, https:\/\/i0.wp.com\/volovape.com\/wp-content\/uploads\/2025\/06\/40k%E5%8F%A3%E5%91%B3%E6%B5%B7%E6%8A%A5.jpg?w=1697&amp;ssl=1 1697w\" sizes=\"auto, (max-width: 905px) 100vw, 905px\" \/><\/p>\n<p><img data-recalc-dims=\"1\" loading=\"lazy\" decoding=\"async\" class=\"alignnone wp-image-31449 size-full\" src=\"https:\/\/i0.wp.com\/volovape.com\/wp-content\/uploads\/2025\/06\/%E7%BD%91%E7%AB%99-Banner-2.jpg?resize=1920%2C656&#038;ssl=1\" alt=\"\" width=\"1920\" height=\"656\" title=\"\" srcset=\"https:\/\/i0.wp.com\/volovape.com\/wp-content\/uploads\/2025\/06\/%E7%BD%91%E7%AB%99-Banner-2.jpg?w=1920&amp;ssl=1 1920w, https:\/\/i0.wp.com\/volovape.com\/wp-content\/uploads\/2025\/06\/%E7%BD%91%E7%AB%99-Banner-2.jpg?resize=300%2C103&amp;ssl=1 300w, https:\/\/i0.wp.com\/volovape.com\/wp-content\/uploads\/2025\/06\/%E7%BD%91%E7%AB%99-Banner-2.jpg?resize=1024%2C350&amp;ssl=1 1024w, https:\/\/i0.wp.com\/volovape.com\/wp-content\/uploads\/2025\/06\/%E7%BD%91%E7%AB%99-Banner-2.jpg?resize=768%2C262&amp;ssl=1 768w, https:\/\/i0.wp.com\/volovape.com\/wp-content\/uploads\/2025\/06\/%E7%BD%91%E7%AB%99-Banner-2.jpg?resize=1536%2C525&amp;ssl=1 1536w, https:\/\/i0.wp.com\/volovape.com\/wp-content\/uploads\/2025\/06\/%E7%BD%91%E7%AB%99-Banner-2.jpg?resize=18%2C6&amp;ssl=1 18w, https:\/\/i0.wp.com\/volovape.com\/wp-content\/uploads\/2025\/06\/%E7%BD%91%E7%AB%99-Banner-2.jpg?resize=800%2C273&amp;ssl=1 800w\" sizes=\"auto, (max-width: 1000px) 100vw, 1000px\" \/><\/p>","protected":false},"excerpt":{"rendered":"<p>Faites l'exp\u00e9rience d'une satisfaction durable avec Uwin Crystal Twins 40K Vape jetable ! 40 000 bouff\u00e9es, des options de double go\u00fbt et des saveurs rafra\u00eechissantes.<\/p>","protected":false},"featured_media":30896,"comment_status":"open","ping_status":"closed","template":"","meta":[],"product_brand":[],"product_cat":[16,224],"product_tag":[],"class_list":{"0":"post-30895","1":"product","2":"type-product","3":"status-publish","4":"has-post-thumbnail","6":"product_cat-volo-vape","7":"product_cat-uwin","9":"first","10":"instock","11":"shipping-taxable","12":"purchasable","13":"product-type-variable","14":"has-default-attributes"},"jetpack_sharing_enabled":true,"tiered_pricing_type":"fixed","tiered_pricing_fixed_rules":{"30":7.589999999999999857891452847979962825775146484375,"50":6.20999999999999996447286321199499070644378662109375,"100":5.88999999999999968025576890795491635799407958984375,"200":5.4900000000000002131628207280300557613372802734375,"400":5.04000000000000003552713678800500929355621337890625},"tiered_pricing_product_settings":{"layout":"default","base_unit_name":{"singular":null,"plural":null},"default_variation":null},"tiered_pricing_minimum_quantity":10,"tiered_pricing_roles_data":[],"tiered_pricing_percentage_rules":[],"tiered_pricing_maximum_quantity":null,"tiered_pricing_quantity_step":"10","_links":{"self":[{"href":"https:\/\/volovape.com\/fr\/wp-json\/wp\/v2\/product\/30895","targetHints":{"allow":["GET"]}}],"collection":[{"href":"https:\/\/volovape.com\/fr\/wp-json\/wp\/v2\/product"}],"about":[{"href":"https:\/\/volovape.com\/fr\/wp-json\/wp\/v2\/types\/product"}],"replies":[{"embeddable":true,"href":"https:\/\/volovape.com\/fr\/wp-json\/wp\/v2\/comments?post=30895"}],"wp:featuredmedia":[{"embeddable":true,"href":"https:\/\/volovape.com\/fr\/wp-json\/wp\/v2\/media\/30896"}],"wp:attachment":[{"href":"https:\/\/volovape.com\/fr\/wp-json\/wp\/v2\/media?parent=30895"}],"wp:term":[{"taxonomy":"product_brand","embeddable":true,"href":"https:\/\/volovape.com\/fr\/wp-json\/wp\/v2\/product_brand?post=30895"},{"taxonomy":"product_cat","embeddable":true,"href":"https:\/\/volovape.com\/fr\/wp-json\/wp\/v2\/product_cat?post=30895"},{"taxonomy":"product_tag","embeddable":true,"href":"https:\/\/volovape.com\/fr\/wp-json\/wp\/v2\/product_tag?post=30895"}],"curies":[{"name":"wp","href":"https:\/\/api.w.org\/{rel}","templated":true}]}}