{"id":29669,"date":"2025-04-24T06:39:08","date_gmt":"2025-04-24T06:39:08","guid":{"rendered":"https:\/\/volovape.com\/?post_type=product&#038;p=29669"},"modified":"2026-04-22T01:04:25","modified_gmt":"2026-04-22T01:04:25","slug":"mrvi-df-40000-puffs","status":"publish","type":"product","link":"https:\/\/volovape.com\/fr\/product\/mrvi-df-40000-puffs\/","title":{"rendered":"MRVI DF 40000 puff double flavor disposable vape | 2-in-1 flavor system, 40mL massive ejuice capacity"},"content":{"rendered":"<p><strong>MRVI DF 40000 Double Flavor Vape jetable<\/strong> - Dual Mesh, Double Flavor, Maximum Enjoyment.<\/p>\n<p>Pr\u00e9sentation de la <strong>MRVI DF 40000<\/strong>La vape \u00e0 usage unique est con\u00e7ue pour ceux qui recherchent la saveur et la long\u00e9vit\u00e9. Ce dispositif de vaporisation innovant d\u00e9livre jusqu'\u00e0 <strong>40 000 bouff\u00e9es<\/strong> et combine <em>commutation \u00e0 double saveur<\/em> avec <strong>bobine \u00e0 double maille<\/strong> garantissant des tirages fluides et un go\u00fbt prononc\u00e9 \u00e0 chaque bouff\u00e9e. \u00c9quip\u00e9 d'un <strong>batterie rechargeable de 850mAh<\/strong> et une impressionnante <strong>Capacit\u00e9 de 40mL d'e-liquide<\/strong>Il est con\u00e7u pour tenir la distance.<\/p>\n<p>Avec des options pour <strong>5% ou 2% taux de nicotine<\/strong>, a <strong>Port de charge de type C<\/strong>et <strong>10 s\u00e9lections de saveurs riches<\/strong>Le MRVI DF 40000 est parfait pour les utilisateurs adultes et les grossistes en vape \u00e0 la recherche de produits fiables et performants. Que vous vapotiez en solo ou que vous fassiez des stocks pour la revente, cet appareil offre \u00e0 la fois qualit\u00e9 et quantit\u00e9 dans un design \u00e9l\u00e9gant et compact.<\/p>\n<h3><strong>MRVI DF 40000 Caract\u00e9ristiques :<\/strong><\/h3>\n<ul>\n<li>Bouff\u00e9es : Jusqu'\u00e0 40 000<\/li>\n<li>Capacit\u00e9 E-liquide : 40mL<\/li>\n<li>Batterie : 850mAh (rechargeable)<\/li>\n<li>Chargement : Type-C (charge compl\u00e8te en 2 heures)<\/li>\n<li>Bobine : Bobine \u00e0 double maille pour une vapeur douce et riche<\/li>\n<li>Points forts de la nicotine : 5%, 2% (nicotine sans tabac)<\/li>\n<li>Options d'ar\u00f4mes : 10 combinaisons dynamiques d'ar\u00f4mes doubles<\/li>\n<li>Utilisation : Inhaler pour activer (aucun bouton n\u00e9cessaire)<\/li>\n<li>Emballage : 10PCS par bo\u00eete de pr\u00e9sentation<\/li>\n<li>Taille : 92*41*19mm - Pratique et ergonomique<\/li>\n<\/ul>","protected":false},"excerpt":{"rendered":"<p>Am\u00e9liorez votre exp\u00e9rience de vapotage avec le MRVI DF 40000 ! Double puissance aromatique, 40 000 bouff\u00e9es, et technologie de bobine \u00e0 double maille. Id\u00e9al pour un usage personnel ou pour les commandes en gros.<\/p>","protected":false},"featured_media":29675,"comment_status":"open","ping_status":"closed","template":"","meta":[],"product_brand":[],"product_cat":[55,74,64,44],"product_tag":[],"class_list":{"0":"post-29669","1":"product","2":"type-product","3":"status-publish","4":"has-post-thumbnail","6":"product_cat-mrvi","7":"product_cat-40000-puffs-disposable-vape","8":"product_cat-dual-flavor-vapes","9":"product_cat-dual-mesh-vapes","11":"first","12":"instock","13":"shipping-taxable","14":"purchasable","15":"product-type-variable","16":"has-default-attributes"},"jetpack_sharing_enabled":true,"tiered_pricing_type":"fixed","tiered_pricing_fixed_rules":{"100":6.730000000000000426325641456060111522674560546875,"200":6.11000000000000031974423109204508364200592041015625,"400":5.79999999999999982236431605997495353221893310546875},"tiered_pricing_product_settings":{"layout":"default","base_unit_name":{"singular":null,"plural":null},"default_variation":null},"tiered_pricing_minimum_quantity":50,"tiered_pricing_roles_data":[],"tiered_pricing_percentage_rules":[],"tiered_pricing_maximum_quantity":null,"tiered_pricing_quantity_step":"10","_links":{"self":[{"href":"https:\/\/volovape.com\/fr\/wp-json\/wp\/v2\/product\/29669","targetHints":{"allow":["GET"]}}],"collection":[{"href":"https:\/\/volovape.com\/fr\/wp-json\/wp\/v2\/product"}],"about":[{"href":"https:\/\/volovape.com\/fr\/wp-json\/wp\/v2\/types\/product"}],"replies":[{"embeddable":true,"href":"https:\/\/volovape.com\/fr\/wp-json\/wp\/v2\/comments?post=29669"}],"wp:featuredmedia":[{"embeddable":true,"href":"https:\/\/volovape.com\/fr\/wp-json\/wp\/v2\/media\/29675"}],"wp:attachment":[{"href":"https:\/\/volovape.com\/fr\/wp-json\/wp\/v2\/media?parent=29669"}],"wp:term":[{"taxonomy":"product_brand","embeddable":true,"href":"https:\/\/volovape.com\/fr\/wp-json\/wp\/v2\/product_brand?post=29669"},{"taxonomy":"product_cat","embeddable":true,"href":"https:\/\/volovape.com\/fr\/wp-json\/wp\/v2\/product_cat?post=29669"},{"taxonomy":"product_tag","embeddable":true,"href":"https:\/\/volovape.com\/fr\/wp-json\/wp\/v2\/product_tag?post=29669"}],"curies":[{"name":"wp","href":"https:\/\/api.w.org\/{rel}","templated":true}]}}