{"id":29610,"date":"2025-04-24T08:23:07","date_gmt":"2025-04-24T08:23:07","guid":{"rendered":"https:\/\/volovape.com\/?post_type=product&#038;p=29610"},"modified":"2026-05-05T02:01:29","modified_gmt":"2026-05-05T02:01:29","slug":"bang-king-50000-double-flavor-disposable-vape","status":"publish","type":"product","link":"https:\/\/volovape.com\/fr\/product\/bang-king-50000-double-flavor-disposable-vape\/","title":{"rendered":"Bang King 50000 Puff double flavor jetable vape | 50ml capacity, smooth taste, compact and portable"},"content":{"rendered":"<p><strong>Bang King 50000 Double Flavor Vape jetable<\/strong> - Capacit\u00e9 maximale. Satisfaction maximale.<\/p>\n<p>L'exp\u00e9rience de la <strong>Bang King 50000 Puffs<\/strong>La vape de la marque Kodak est une vape jetable de haute performance con\u00e7ue pour les utilisateurs s\u00e9rieux. Avec un \u00e9norme <strong>R\u00e9servoir e-liquide pr\u00e9-rempli de 50mL<\/strong> et un <strong>batterie longue dur\u00e9e de 850mAh<\/strong>Il d\u00e9livre jusqu'\u00e0 <strong>50 000 bouff\u00e9es onctueuses et savoureuses<\/strong>. En vedette <em>technologie \u00e0 double ar\u00f4me<\/em> dans chaque appareil et <strong>taux de nicotine r\u00e9glable (0%, 2%, 3%, 5%)<\/strong>Il r\u00e9pond \u00e0 toutes les pr\u00e9f\u00e9rences en mati\u00e8re de vapotage. Pas de boutons, pas d'ennuis - il suffit de saisir et de vaper.<\/p>\n<p>Que vous fassiez des r\u00e9serves pour vous-m\u00eame ou que vous commandiez en gros, le Bang King 50000 est votre r\u00e9f\u00e9rence pour le vapotage haut de gamme \u00e0 usage prolong\u00e9.<\/p>\n<h3><strong>Bang King 50000 Disposable Vape Features :<\/strong><\/h3>\n<ul>\n<li>Bouff\u00e9es : Jusqu'\u00e0 50 000<\/li>\n<li>Capacit\u00e9 en e-liquide : 50mL (pr\u00e9-rempli)<\/li>\n<li>Batterie : 850mAh (int\u00e9gr\u00e9e)<\/li>\n<li>Chargement : Aucun besoin<\/li>\n<li>Points forts de la nicotine : 0%, 2%, 3%, 5%<\/li>\n<li>12 combinaisons de deux ar\u00f4mes<\/li>\n<li>Portable et compact<\/li>\n<\/ul>","protected":false},"excerpt":{"rendered":"<p>Repoussez les limites avec la Bang King 50000 Puffs Vape jetable ! Avec ses deux saveurs, son e-liquide de 50mL et jusqu'\u00e0 50 000 bouff\u00e9es. Con\u00e7u pour les utilisateurs intensifs et les acheteurs en gros.<\/p>","protected":false},"featured_media":29611,"comment_status":"open","ping_status":"closed","template":"","meta":[],"product_brand":[],"product_cat":[16],"product_tag":[],"class_list":{"0":"post-29610","1":"product","2":"type-product","3":"status-publish","4":"has-post-thumbnail","6":"product_cat-volo-vape","8":"first","9":"instock","10":"shipping-taxable","11":"purchasable","12":"product-type-variable","13":"has-default-attributes"},"jetpack_sharing_enabled":true,"tiered_pricing_type":"fixed","tiered_pricing_fixed_rules":{"30":7.37999999999999989341858963598497211933135986328125,"50":6.910000000000000142108547152020037174224853515625,"100":6.1699999999999999289457264239899814128875732421875,"200":5.79999999999999982236431605997495353221893310546875,"400":5.25},"tiered_pricing_product_settings":{"layout":"default","base_unit_name":{"singular":null,"plural":null},"default_variation":null},"tiered_pricing_minimum_quantity":10,"tiered_pricing_roles_data":[],"tiered_pricing_percentage_rules":[],"tiered_pricing_maximum_quantity":null,"tiered_pricing_quantity_step":"10","_links":{"self":[{"href":"https:\/\/volovape.com\/fr\/wp-json\/wp\/v2\/product\/29610","targetHints":{"allow":["GET"]}}],"collection":[{"href":"https:\/\/volovape.com\/fr\/wp-json\/wp\/v2\/product"}],"about":[{"href":"https:\/\/volovape.com\/fr\/wp-json\/wp\/v2\/types\/product"}],"replies":[{"embeddable":true,"href":"https:\/\/volovape.com\/fr\/wp-json\/wp\/v2\/comments?post=29610"}],"wp:featuredmedia":[{"embeddable":true,"href":"https:\/\/volovape.com\/fr\/wp-json\/wp\/v2\/media\/29611"}],"wp:attachment":[{"href":"https:\/\/volovape.com\/fr\/wp-json\/wp\/v2\/media?parent=29610"}],"wp:term":[{"taxonomy":"product_brand","embeddable":true,"href":"https:\/\/volovape.com\/fr\/wp-json\/wp\/v2\/product_brand?post=29610"},{"taxonomy":"product_cat","embeddable":true,"href":"https:\/\/volovape.com\/fr\/wp-json\/wp\/v2\/product_cat?post=29610"},{"taxonomy":"product_tag","embeddable":true,"href":"https:\/\/volovape.com\/fr\/wp-json\/wp\/v2\/product_tag?post=29610"}],"curies":[{"name":"wp","href":"https:\/\/api.w.org\/{rel}","templated":true}]}}