{"id":28648,"date":"2025-03-21T06:47:18","date_gmt":"2025-03-21T06:47:18","guid":{"rendered":"https:\/\/volovape.com\/?post_type=product&#038;p=28648"},"modified":"2026-04-15T01:08:11","modified_gmt":"2026-04-15T01:08:11","slug":"waspe-60000-puffs-3-en-1-jetable-vape","status":"publish","type":"product","link":"https:\/\/volovape.com\/fr\/product\/waspe-60000-puffs-3-in-1-disposable-vape\/","title":{"rendered":"WASPE 60K 3-in-1 jetable vape | triple flavors, 60,000 puffs, bulk wholesale"},"content":{"rendered":"<p><strong>WASPE 60K 3-en-1 Vape jetable<\/strong> - Trois fois plus d'ar\u00f4mes, trois fois plus de plaisir, avec une dur\u00e9e de vie sans pr\u00e9c\u00e9dent de 60 000 bouff\u00e9es. Cette vape jetable r\u00e9volutionnaire d\u00e9livre un nombre de bouff\u00e9es stup\u00e9fiant. <strong>60 000 bouff\u00e9es<\/strong>, combinant <strong>trois saveurs distinctes<\/strong> en un seul appareil \u00e9l\u00e9gant. Inspir\u00e9e par la populaire WASPE Crystal, cette vape offre <strong>12 trios de saveurs uniques<\/strong>Il r\u00e9pond aux besoins de tous les palais. Parfait pour la vente en gros, cet appareil permet \u00e0 vos clients de profiter d'un plaisir de vapotage prolong\u00e9 et d'exp\u00e9riences gustatives vari\u00e9es. Son design portable et sa grande capacit\u00e9 en font un choix remarquable pour l'usage personnel et la vente en gros.<\/p>\n<h3><strong>WASPE 60K 3-en-1 Caract\u00e9ristiques :<\/strong><\/h3>\n<ul>\n<li>Bouff\u00e9es : 60 000 bouff\u00e9es (54ml e-liquide)<\/li>\n<li>Ar\u00f4mes : 3-en-1 Triple Flavor Design<\/li>\n<li>Options d'ar\u00f4mes : 12 Trios de saveurs uniques<\/li>\n<li>Design : \u00c9l\u00e9gant et portable<\/li>\n<li>Id\u00e9al pour : Vente en gros<\/li>\n<\/ul>\n<h4>FAQ<\/h4>\n<h5>Comment fonctionne le m\u00e9canisme de changement d'ar\u00f4me 3 en 1 ?<\/h5>\n<p>Le WASPE 60K 3-en-1 est dot\u00e9 d'un m\u00e9canisme innovant qui permet aux utilisateurs de passer en toute transparence d'un ar\u00f4me \u00e0 l'autre. Un simple r\u00e9glage sur l'appareil active les diff\u00e9rentes chambres d'ar\u00f4mes, offrant une exp\u00e9rience de vapotage vari\u00e9e et agr\u00e9able sans avoir besoin de plusieurs appareils.<\/p>\n<h5>Y a-t-il un avantage \u00e0 vendre en gros le WASPE 60K 3-in-1 ?<\/h5>\n<p>La vente en gros garantit un acc\u00e8s prioritaire \u00e0 ce produit tr\u00e8s demand\u00e9, ce qui vous permet d'\u00eatre parmi les premiers \u00e0 le proposer \u00e0 vos clients. Cela vous permet \u00e9galement de b\u00e9n\u00e9ficier de prix de gros avantageux et de maximiser votre rentabilit\u00e9. Vous \u00eates ainsi en mesure de r\u00e9pondre \u00e0 la forte demande initiale et de maintenir un stock constant.<\/p>\n<h5>Comment garantir la qualit\u00e9 et la s\u00e9curit\u00e9 d'un appareil d'une telle capacit\u00e9 ?<\/h5>\n<p>Nous nous appuyons sur la r\u00e9putation \u00e9tablie de WASPE Crystal, en veillant \u00e0 ce que le WASPE 60K 3-en-1 r\u00e9ponde \u00e0 des normes de qualit\u00e9 et de s\u00e9curit\u00e9 rigoureuses. Chaque appareil est soumis \u00e0 des tests approfondis afin de garantir des performances constantes et la s\u00e9curit\u00e9 de l'utilisateur. Nous prenons \u00e9galement en charge le paiement PayPal et le service de protection de l'acheteur. Vous pouvez \u00e9galement consulter nos avis sur <a href=\"https:\/\/www.trustpilot.com\/review\/volovape.com?utm_medium=trustbox&amp;utm_source=TrustBoxReviewCollector\">TrustPilot<\/a>.<\/p>","protected":false},"excerpt":{"rendered":"<p>Le WASPE 60K 3-en-1 est un vaporisateur jetable \u00e0 triple saveur ! Profitez de 60 000 bouff\u00e9es et de 3 saveurs uniques dans un seul appareil \u00e9l\u00e9gant.<\/p>\n<p><strong>Commerce de gros<\/strong>\u00a0en vrac et faites des r\u00e9serves de ce produit am\u00e9lior\u00e9. <a href=\"https:\/\/volovape.com\/fr\/product\/waspe-40k-double-flavor-twins-40000-puffs\/\">WASPE 40k<\/a> Une vape inspir\u00e9e avec 12 ar\u00f4mes au choix.<\/p>","protected":false},"featured_media":37388,"comment_status":"open","ping_status":"closed","template":"","meta":[],"product_brand":[],"product_cat":[17],"product_tag":[],"class_list":{"0":"post-28648","1":"product","2":"type-product","3":"status-publish","4":"has-post-thumbnail","6":"product_cat-waspe","8":"first","9":"instock","10":"shipping-taxable","11":"purchasable","12":"product-type-variable","13":"has-default-attributes"},"jetpack_sharing_enabled":true,"tiered_pricing_type":"fixed","tiered_pricing_fixed_rules":{"30":8.17999999999999971578290569595992565155029296875,"50":7.78000000000000024868995751603506505489349365234375,"100":7.28000000000000024868995751603506505489349365234375,"200":6.6699999999999999289457264239899814128875732421875,"400":6.36000000000000031974423109204508364200592041015625},"tiered_pricing_product_settings":{"layout":"default","base_unit_name":{"singular":null,"plural":null},"default_variation":null},"tiered_pricing_minimum_quantity":10,"tiered_pricing_roles_data":[],"tiered_pricing_percentage_rules":[],"tiered_pricing_maximum_quantity":null,"tiered_pricing_quantity_step":"10","_links":{"self":[{"href":"https:\/\/volovape.com\/fr\/wp-json\/wp\/v2\/product\/28648","targetHints":{"allow":["GET"]}}],"collection":[{"href":"https:\/\/volovape.com\/fr\/wp-json\/wp\/v2\/product"}],"about":[{"href":"https:\/\/volovape.com\/fr\/wp-json\/wp\/v2\/types\/product"}],"replies":[{"embeddable":true,"href":"https:\/\/volovape.com\/fr\/wp-json\/wp\/v2\/comments?post=28648"}],"wp:featuredmedia":[{"embeddable":true,"href":"https:\/\/volovape.com\/fr\/wp-json\/wp\/v2\/media\/37388"}],"wp:attachment":[{"href":"https:\/\/volovape.com\/fr\/wp-json\/wp\/v2\/media?parent=28648"}],"wp:term":[{"taxonomy":"product_brand","embeddable":true,"href":"https:\/\/volovape.com\/fr\/wp-json\/wp\/v2\/product_brand?post=28648"},{"taxonomy":"product_cat","embeddable":true,"href":"https:\/\/volovape.com\/fr\/wp-json\/wp\/v2\/product_cat?post=28648"},{"taxonomy":"product_tag","embeddable":true,"href":"https:\/\/volovape.com\/fr\/wp-json\/wp\/v2\/product_tag?post=28648"}],"curies":[{"name":"wp","href":"https:\/\/api.w.org\/{rel}","templated":true}]}}