{"id":28647,"date":"2025-03-21T06:47:18","date_gmt":"2025-03-21T06:47:18","guid":{"rendered":"https:\/\/volovape.com\/?post_type=product&#038;p=28647"},"modified":"2026-04-14T06:54:42","modified_gmt":"2026-04-14T06:54:42","slug":"gazzbar-rocket-20000-puffs-jetable-vape","status":"publish","type":"product","link":"https:\/\/volovape.com\/fr\/product\/gazzbar-rocket-20000-puffs-disposable-vape\/","title":{"rendered":"Gazzbar Rocket 20000 Puffs jetable | 14 saveurs, 0-5% nicotine, bulk wholesale"},"content":{"rendered":"<p><strong>Gazzbar Rocket 20000 Puffs Vape jetable<\/strong> - Mettez votre exp\u00e9rience de la vape sur orbite avec une capacit\u00e9 de bouff\u00e9e in\u00e9gal\u00e9e. Cette vape jetable de grande capacit\u00e9 d\u00e9livre une incroyable bouff\u00e9e. <strong>20 000 bouff\u00e9es<\/strong>pour un plaisir durable. Avec <strong>14 saveurs distinctes<\/strong> et des options de nicotine allant de <strong>0% \u00e0 5%<\/strong>La Gazzbar Rocket r\u00e9pond \u00e0 des pr\u00e9f\u00e9rences diverses. Les <strong>conception USB rechargeable<\/strong> Les bouff\u00e9es de vapoteuse sont tr\u00e8s pratiques, ce qui les rend parfaites pour un usage personnel et pour la vente en gros de produits \u00e0 usage unique. Chaque bouff\u00e9e offre une saveur constante et une performance fiable, id\u00e9ale pour les commandes en gros avec 5 unit\u00e9s par bo\u00eete et 200 unit\u00e9s par carton.<\/p>\n<h3><strong>Gazzbar Rocket 20000 Caract\u00e9ristiques :<\/strong><\/h3>\n<ul>\n<li>Bouff\u00e9es : 20 000 bouff\u00e9es<\/li>\n<li>Nicotine : 0%\/2%\/3%\/5%<\/li>\n<li>Chargement : Rechargeable par USB<\/li>\n<li>Saveurs : 14 saveurs uniques<\/li>\n<li>Emballage : 5 unit\u00e9s\/bo\u00eete, 200 unit\u00e9s\/carton<\/li>\n<\/ul>\n<h4>FAQ<\/h4>\n<h5>Comment vous assurez-vous que les saveurs restent constantes tout au long des 20 000 bouff\u00e9es ?<\/h5>\n<p>Nous utilisons une technologie avanc\u00e9e et des mat\u00e9riaux de haute qualit\u00e9 pour maintenir la coh\u00e9rence des saveurs de la premi\u00e8re \u00e0 la derni\u00e8re bouff\u00e9e. Notre contr\u00f4le de qualit\u00e9 rigoureux garantit que chaque Gazzbar Rocket offre une exp\u00e9rience de vapotage satisfaisante et uniforme, quel que soit le nombre de bouff\u00e9es que vous avez tir\u00e9es.<\/p>\n<h5>Quel est l'avantage des vapes jetables rechargeables par USB comme la Gazzbar Rocket ?<\/h5>\n<p>Les vapes jetables rechargeables par USB offrent l'avantage d'une utilisation prolong\u00e9e sans sacrifier la puissance. Cette caract\u00e9ristique vous permet d'utiliser pleinement les 20 000 bouff\u00e9es, vous assurant ainsi de profiter de chaque goutte d'e-liquide. Elle r\u00e9duit \u00e9galement les d\u00e9chets et offre une option de vapotage plus durable que les vapes jetables non rechargeables.<\/p>\n<h5>Comment puis-je \u00eatre s\u00fbr que ma commande en vrac arrivera sans dommage ?<\/h5>\n<p>Nous donnons la priorit\u00e9 \u00e0 la s\u00e9curit\u00e9 de la livraison de votre commande en gros. Chaque carton de 200 unit\u00e9s est soigneusement emball\u00e9 pour r\u00e9sister au transport, minimisant ainsi le risque de dommages. Nous travaillons avec des partenaires d'exp\u00e9dition fiables tels que UPS, DHL, FedEx et DPD, et s\u00e9lectionnons la meilleure option en fonction de votre situation g\u00e9ographique afin de garantir que votre commande arrive en parfait \u00e9tat. Nous prenons \u00e9galement en charge le paiement par PayPal et le service de protection de l'acheteur. Vous pouvez \u00e9galement consulter nos avis sur <a href=\"https:\/\/www.trustpilot.com\/review\/volovape.com?utm_medium=trustbox&amp;utm_source=TrustBoxReviewCollector\">TrustPilot<\/a>.<\/p>","protected":false},"excerpt":{"rendered":"<p>D\u00e9couvrez la vape jetable Gazzbar Rocket 20000 avec 20 000 bouff\u00e9es, 14 saveurs uniques et des options de nicotine de 0 \u00e0 5%. Rechargeable via USB, cette vape pr\u00eate \u00e0 l'emploi offre une long\u00e9vit\u00e9 et une vari\u00e9t\u00e9 in\u00e9gal\u00e9es. Commandez en gros d\u00e8s maintenant pour une satisfaction optimale !<\/p>","protected":false},"featured_media":28711,"comment_status":"open","ping_status":"closed","template":"","meta":[],"product_brand":[],"product_cat":[225],"product_tag":[],"class_list":{"0":"post-28647","1":"product","2":"type-product","3":"status-publish","4":"has-post-thumbnail","6":"product_cat-gazzbar","8":"first","9":"instock","10":"shipping-taxable","11":"purchasable","12":"product-type-variable","13":"has-default-attributes"},"jetpack_sharing_enabled":true,"tiered_pricing_type":"fixed","tiered_pricing_fixed_rules":{"30":7.269999999999999573674358543939888477325439453125,"60":6.9000000000000003552713678800500929355621337890625,"100":6.5,"200":5.9000000000000003552713678800500929355621337890625},"tiered_pricing_product_settings":{"layout":"default","base_unit_name":{"singular":null,"plural":null},"default_variation":null},"tiered_pricing_minimum_quantity":10,"tiered_pricing_roles_data":[],"tiered_pricing_percentage_rules":[],"tiered_pricing_maximum_quantity":null,"tiered_pricing_quantity_step":"10","_links":{"self":[{"href":"https:\/\/volovape.com\/fr\/wp-json\/wp\/v2\/product\/28647","targetHints":{"allow":["GET"]}}],"collection":[{"href":"https:\/\/volovape.com\/fr\/wp-json\/wp\/v2\/product"}],"about":[{"href":"https:\/\/volovape.com\/fr\/wp-json\/wp\/v2\/types\/product"}],"replies":[{"embeddable":true,"href":"https:\/\/volovape.com\/fr\/wp-json\/wp\/v2\/comments?post=28647"}],"wp:featuredmedia":[{"embeddable":true,"href":"https:\/\/volovape.com\/fr\/wp-json\/wp\/v2\/media\/28711"}],"wp:attachment":[{"href":"https:\/\/volovape.com\/fr\/wp-json\/wp\/v2\/media?parent=28647"}],"wp:term":[{"taxonomy":"product_brand","embeddable":true,"href":"https:\/\/volovape.com\/fr\/wp-json\/wp\/v2\/product_brand?post=28647"},{"taxonomy":"product_cat","embeddable":true,"href":"https:\/\/volovape.com\/fr\/wp-json\/wp\/v2\/product_cat?post=28647"},{"taxonomy":"product_tag","embeddable":true,"href":"https:\/\/volovape.com\/fr\/wp-json\/wp\/v2\/product_tag?post=28647"}],"curies":[{"name":"wp","href":"https:\/\/api.w.org\/{rel}","templated":true}]}}