{"id":28646,"date":"2025-03-21T06:47:18","date_gmt":"2025-03-21T06:47:18","guid":{"rendered":"https:\/\/volovape.com\/?post_type=product&#038;p=28646"},"modified":"2026-03-16T08:57:45","modified_gmt":"2026-03-16T08:57:45","slug":"uwin-crystal-10000-puffs-jetable-vape","status":"publish","type":"product","link":"https:\/\/volovape.com\/fr\/product\/uwin-crystal-10000-puffs-disposable-vape\/","title":{"rendered":"Uwin Crystal 10000 Puffs rechargeable jetable | 15 saveurs, 0-5% nicotine, bulk wholesale"},"content":{"rendered":"<p><iframe title=\"VideoPress Lecteur vid\u00e9o\" aria-label='VideoPress Lecteur vid\u00e9o' width='421' height='750' src='https:\/\/videopress.com\/embed\/TT81Wr9Y?hd=0&amp;cover=1' frameborder='0' allowfullscreen allow='clipboard-write'><\/iframe><script src='https:\/\/v0.wordpress.com\/js\/next\/videopress-iframe.js?m=1739540970'><\/script><\/p>\n<p><strong>Uwin Crystal 10000 bouff\u00e9es Vape jetable rechargeable<\/strong> - Faites l'exp\u00e9rience d'une saveur et d'une long\u00e9vit\u00e9 in\u00e9gal\u00e9es. Stockez cette vape jetable de grande capacit\u00e9 \u00e0 la fois pour votre usage personnel et pour des opportunit\u00e9s lucratives de vente en gros de vape jetable. Avec une \u00e9norme <strong>Capacit\u00e9 de 10 000 bouff\u00e9es<\/strong> et <strong>18ml d'e-liquide premium<\/strong>L'Uwin Crystal offre un plaisir de vapotage prolong\u00e9. Choisissez parmi <strong>30 saveurs diff\u00e9rentes<\/strong> et des teneurs en nicotine de <strong>0%, 2%, 3% ou 5%<\/strong> pour satisfaire toutes les pr\u00e9f\u00e9rences. \u00c9quip\u00e9 d'un <strong>Batterie rechargeable de 650mAh<\/strong> et <strong>Chargement de type C<\/strong>Cet appareil garantit des performances durables. Les <strong>Bobine \u00e0 mailles de 0,8\u03a9<\/strong> am\u00e9liore la saveur et la production de vapeur. <strong>Lumi\u00e8res RVB<\/strong> ajoutent une touche de style. Id\u00e9al pour les commandes en gros, chaque bo\u00eete contient 10 unit\u00e9s et chaque carton 200 unit\u00e9s.<\/p>\n<h3><strong>Uwin Crystal 10000 Puffs Caract\u00e9ristiques :<\/strong><\/h3>\n<ul>\n<li>Puffs : 10 000 Puffs<\/li>\n<li>Capacit\u00e9 E-liquide : 18ml<\/li>\n<li>Teneur en nicotine : 0%\/2%\/3%\/5%<\/li>\n<li>Batterie : 650mAh rechargeable<\/li>\n<li>Chargement : Chargement rapide de type C<\/li>\n<li>Bobine : 0.8\u03a9 Mesh Coil<\/li>\n<li>Lumi\u00e8res : Lumi\u00e8res RGB<\/li>\n<li>Saveurs : 30 saveurs uniques<\/li>\n<\/ul>\n<h4>FAQ<\/h4>\n<h5>Dans quel d\u00e9lai puis-je recevoir ma commande en gros ?<\/h5>\n<p>Nous donnons la priorit\u00e9 \u00e0 l'efficacit\u00e9 de l'exp\u00e9dition et livrons g\u00e9n\u00e9ralement dans les 7 \u00e0 15 jours ouvrables. Toutefois, en p\u00e9riode de pointe ou en cas de circonstances impr\u00e9vues telles que des jours f\u00e9ri\u00e9s ou des intemp\u00e9ries, le d\u00e9lai de livraison peut atteindre 20 jours ouvrables. Nous utilisons des transporteurs r\u00e9put\u00e9s tels que UPS, DHL, FEDEX et DPD, en s\u00e9lectionnant la meilleure option en fonction de votre lieu de livraison pour une rapidit\u00e9 et une fiabilit\u00e9 optimales.<\/p>\n<h5>Ma commande sera-t-elle soumise \u00e0 des probl\u00e8mes de douane ou \u00e0 des frais suppl\u00e9mentaires ?<\/h5>\n<p>Nous nous occupons de tous les processus de d\u00e9douanement, ce qui vous garantit une exp\u00e9rience sans tracas. Nous garantissons que 100% de nos produits seront d\u00e9douan\u00e9s avec succ\u00e8s et que vous n'aurez pas \u00e0 payer de taxes impr\u00e9vues ou de frais suppl\u00e9mentaires. Votre commande arrivera sans probl\u00e8me et directement \u00e0 votre destination.<\/p>\n<h5>Les ar\u00f4mes \u00e9num\u00e9r\u00e9s et le nombre de bouff\u00e9es sont-ils correctement repr\u00e9sent\u00e9s ?<\/h5>\n<p>Oui, toutes les informations concernant les ar\u00f4mes et le nombre de bouff\u00e9es sont garanties exactes. Nous s\u00e9lectionnons et testons m\u00e9ticuleusement chaque produit pour nous assurer qu'il r\u00e9pond \u00e0 nos normes rigoureuses et qu'il offre exactement ce qui est annonc\u00e9. Avec 30 saveurs uniques et une capacit\u00e9 confirm\u00e9e de 10 000 bouff\u00e9es, vous recevrez un produit de haute qualit\u00e9 \u00e0 chaque fois. Nous garantissons \u00e9galement la qualit\u00e9 de nos produits en vous permettant d'effectuer des achats en toute s\u00e9curit\u00e9 avec un paiement par Paypal et en mettant \u00e0 votre disposition des avis sur les sites suivants <a href=\"https:\/\/www.trustpilot.com\/review\/volovape.com?utm_medium=trustbox&amp;utm_source=TrustBoxReviewCollector\">TrustPilot<\/a>.<\/p>","protected":false},"excerpt":{"rendered":"<p>Voici la vape jetable rechargeable Uwin Crystal 10000 Puffs - jusqu'\u00e0 10 000 bouff\u00e9es, 15 saveurs audacieuses et des options de nicotine de 0 \u00e0 5%. Dot\u00e9 d'une batterie de 650mAh, d'un chargement Type-C et de lumi\u00e8res RGB, il est parfait pour les commandes en gros chez VoloVape. Faites le plein d\u00e8s maintenant !<\/p>","protected":false},"featured_media":28694,"comment_status":"open","ping_status":"closed","template":"","meta":[],"product_brand":[],"product_cat":[57,224],"product_tag":[],"class_list":{"0":"post-28646","1":"product","2":"type-product","3":"status-publish","4":"has-post-thumbnail","6":"product_cat-10000-puffs-disposable-vape","7":"product_cat-uwin","9":"first","10":"instock","11":"shipping-taxable","12":"purchasable","13":"product-type-variable","14":"has-default-attributes"},"jetpack_sharing_enabled":true,"tiered_pricing_type":"fixed","tiered_pricing_fixed_rules":{"30":5.28000000000000024868995751603506505489349365234375,"50":4.75,"100":4.160000000000000142108547152020037174224853515625,"200":3.979999999999999982236431605997495353221893310546875,"400":3.5800000000000000710542735760100185871124267578125},"tiered_pricing_product_settings":{"layout":"default","base_unit_name":{"singular":null,"plural":null},"default_variation":null},"tiered_pricing_minimum_quantity":10,"tiered_pricing_roles_data":[],"tiered_pricing_percentage_rules":[],"tiered_pricing_maximum_quantity":null,"tiered_pricing_quantity_step":"10","_links":{"self":[{"href":"https:\/\/volovape.com\/fr\/wp-json\/wp\/v2\/product\/28646","targetHints":{"allow":["GET"]}}],"collection":[{"href":"https:\/\/volovape.com\/fr\/wp-json\/wp\/v2\/product"}],"about":[{"href":"https:\/\/volovape.com\/fr\/wp-json\/wp\/v2\/types\/product"}],"replies":[{"embeddable":true,"href":"https:\/\/volovape.com\/fr\/wp-json\/wp\/v2\/comments?post=28646"}],"wp:featuredmedia":[{"embeddable":true,"href":"https:\/\/volovape.com\/fr\/wp-json\/wp\/v2\/media\/28694"}],"wp:attachment":[{"href":"https:\/\/volovape.com\/fr\/wp-json\/wp\/v2\/media?parent=28646"}],"wp:term":[{"taxonomy":"product_brand","embeddable":true,"href":"https:\/\/volovape.com\/fr\/wp-json\/wp\/v2\/product_brand?post=28646"},{"taxonomy":"product_cat","embeddable":true,"href":"https:\/\/volovape.com\/fr\/wp-json\/wp\/v2\/product_cat?post=28646"},{"taxonomy":"product_tag","embeddable":true,"href":"https:\/\/volovape.com\/fr\/wp-json\/wp\/v2\/product_tag?post=28646"}],"curies":[{"name":"wp","href":"https:\/\/api.w.org\/{rel}","templated":true}]}}