{"id":27742,"date":"2025-01-21T03:31:17","date_gmt":"2025-01-21T03:31:17","guid":{"rendered":"https:\/\/volovape.com\/?post_type=product&#038;p=27742"},"modified":"2026-04-22T01:04:25","modified_gmt":"2026-04-22T01:04:25","slug":"waspe-crystal-40k-double-flavor-40000-puffs","status":"publish","type":"product","link":"https:\/\/volovape.com\/fr\/product\/waspe-crystal-40k-double-flavor-40000-puffs\/","title":{"rendered":"WASPE Crystal 40K : dual taste 40000 puff disposable vape (double flavor) - bulk wholesale"},"content":{"rendered":"<p><iframe title=\"VideoPress Lecteur vid\u00e9o\" aria-label='VideoPress Lecteur vid\u00e9o' width='421' height='750' src='https:\/\/videopress.com\/embed\/xUagakYO?hd=0&amp;cover=1' frameborder='0' allowfullscreen allow='clipboard-write'><\/iframe><script src='https:\/\/v0.wordpress.com\/js\/next\/videopress-iframe.js?m=1739540970'><\/script><\/p>\n<p><strong>WASPE Crystal 40K Vape jetable<\/strong> - Une long\u00e9vit\u00e9 et une saveur in\u00e9gal\u00e9es.<\/p>\n<p>Le <strong>WASPE Crystal 40K<\/strong> est con\u00e7u pour les vapoteurs \u00e0 la recherche d'une exp\u00e9rience longue et savoureuse. Dot\u00e9 d'un \u00e9norme <strong>40 000 bouff\u00e9es<\/strong> et d'une capacit\u00e9 substantielle de <strong>32ml d'e-liquide pr\u00e9-rempli<\/strong> ce dispositif minimise le besoin de recharges. Aliment\u00e9 par un robuste <strong>Batterie rechargeable de 850mAh<\/strong> avec <strong>Chargement rapide de type C<\/strong>Il garantit des performances durables. La technologie de pointe <strong>technologie de la bobine \u00e0 double maille<\/strong> (0.9ohm + 0.9ohm) permet d'obtenir une vapeur riche et r\u00e9guli\u00e8re. Disponible en <strong>0%, 2%, et 5% taux de nicotine<\/strong> et de pr\u00e9senter de passionnants <strong>double combinaison de saveurs<\/strong>Le WASPE Crystal 40K r\u00e9pond \u00e0 diverses pr\u00e9f\u00e9rences. Id\u00e9al \u00e0 la fois pour le plaisir personnel et pour <strong>Vape jetable en gros<\/strong>explorer les options qui s'offrent \u00e0 nous en mati\u00e8re de <strong>commande group\u00e9e<\/strong> l'\u00e9pargne.<\/p>\n<h3><strong>WASPE Crystal 40K Caract\u00e9ristiques :<\/strong><\/h3>\n<ul>\n<li>Bouff\u00e9es : Jusqu'\u00e0 40 000<\/li>\n<li>Capacit\u00e9 E-liquide : 32ml<\/li>\n<li>Batterie : 850mAh (rechargeable)<\/li>\n<li>Type de bobine : Dual Mesh (0.9ohm + 0.9ohm)<\/li>\n<li>Points forts de la nicotine : 0%, 2%, 5%<\/li>\n<li>Chargement : Type-C<\/li>\n<li>Combinaisons \u00e0 double saveur<\/li>\n<\/ul>\n<h4>FAQ<\/h4>\n<h5>Comment la bobine \u00e0 double maille am\u00e9liore-t-elle la saveur et la production de vapeur ?<\/h5>\n<p>La conception de la bobine \u00e0 double maille de la WASPE Crystal 40K assure un chauffage uniforme et maximise la surface de la bobine en contact avec l'e-liquide. Il en r\u00e9sulte une intensit\u00e9 de saveur accrue, une production de vapeur plus dense et un tirage r\u00e9gulier tout au long de la dur\u00e9e de vie de l'appareil.<\/p>\n<h5>Quelles sont les combinaisons de doubles saveurs disponibles ?<\/h5>\n<p>La WASPE Crystal 40K offre une gamme de doubles saveurs uniques, dont Watermelon Ice &amp; Lemon Lime, Red Bull Ice &amp; Strawberry Mango, Blueberry Candy &amp; Strawberry Watermelon, Peach Ice &amp; Watermelon Mango Peach, et Grape Ice &amp; Black Dragon Ice. Chaque combinaison est soigneusement \u00e9labor\u00e9e pour offrir une exp\u00e9rience de vapotage excitante et satisfaisante.<\/p>\n<h5>Comment savoir quel taux de nicotine me convient le mieux ?<\/h5>\n<p>La WASPE Crystal 40K est disponible dans les taux de nicotine 0%, 2% et 5%. Le 0% est sans nicotine et convient \u00e0 ceux qui aiment vaper sans nicotine. Le 2% offre une l\u00e9g\u00e8re dose de nicotine, id\u00e9ale pour les fumeurs l\u00e9gers ou ceux qui passent d'un taux de nicotine plus \u00e9lev\u00e9 \u00e0 un taux de nicotine plus fort. 5% offre une exp\u00e9rience nicotinique plus forte, adapt\u00e9e aux gros fumeurs ou \u00e0 ceux qui pr\u00e9f\u00e8rent un effet nicotinique plus prononc\u00e9.<\/p>\n<h5>Comment puis-je acheter le WASPE Crystal 40K en gros ?<\/h5>\n<p>Le cristal WASPE 40K est disponible pour les achats en gros. Veuillez nous contacter pour plus de d\u00e9tails sur les prix et les options de commande en gros, afin de vous assurer d'obtenir le meilleur rapport qualit\u00e9-prix pour vos besoins.<\/p>","protected":false},"excerpt":{"rendered":"<p>Faites l'exp\u00e9rience d'une vape in\u00e9gal\u00e9e avec la WASPE Crystal 40K, une vape jetable r\u00e9volutionnaire offrant une incroyable capacit\u00e9 de 40 000 bouff\u00e9es et des combinaisons innovantes de double saveur. Id\u00e9al pour les grossistes et les acheteurs en gros.<\/p>","protected":false},"featured_media":27772,"comment_status":"open","ping_status":"closed","template":"","meta":[],"product_brand":[],"product_cat":[17,74,21,43,18,39,20,23,24,22,25,26,27,28,29,30,31,32,33,34,35,64,36,40],"product_tag":[],"class_list":{"0":"post-27742","1":"product","2":"type-product","3":"status-publish","4":"has-post-thumbnail","6":"product_cat-waspe","7":"product_cat-40000-puffs-disposable-vape","8":"product_cat-big-puffs-vapes","9":"product_cat-crystal-vapes","10":"product_cat-different-puffs-of-disposable-vapes","11":"product_cat-digital-box-vapes","12":"product_cat-disposable-vape-types","13":"product_cat-disposable-vapes-in-austria","14":"product_cat-disposable-vapes-in-belgium","15":"product_cat-disposable-vapes-in-europe","16":"product_cat-disposable-vapes-in-france","17":"product_cat-disposable-vapes-in-germany","18":"product_cat-disposable-vapes-in-hungary","19":"product_cat-disposable-vapes-in-ltaly","20":"product_cat-disposable-vapes-in-netherlands","21":"product_cat-disposable-vapes-in-norway","22":"product_cat-disposable-vapes-in-poland","23":"product_cat-disposable-vapes-in-portugal","24":"product_cat-disposable-vapes-in-spain","25":"product_cat-disposable-vapes-in-sweden","26":"product_cat-disposable-vapes-in-switzerland","27":"product_cat-dual-flavor-vapes","28":"product_cat-rechargeable-vapes","29":"product_cat-smart-screen-vapes","31":"first","32":"instock","33":"shipping-taxable","34":"purchasable","35":"product-type-variable","36":"has-default-attributes"},"jetpack_sharing_enabled":true,"tiered_pricing_type":"fixed","tiered_pricing_fixed_rules":{"30":6.980000000000000426325641456060111522674560546875,"50":6.20999999999999996447286321199499070644378662109375,"100":5.95999999999999996447286321199499070644378662109375,"200":5.589999999999999857891452847979962825775146484375,"400":5.04000000000000003552713678800500929355621337890625},"tiered_pricing_product_settings":{"layout":"default","base_unit_name":{"singular":null,"plural":null},"default_variation":null},"tiered_pricing_minimum_quantity":10,"tiered_pricing_roles_data":[],"tiered_pricing_percentage_rules":[],"tiered_pricing_maximum_quantity":null,"tiered_pricing_quantity_step":"10","_links":{"self":[{"href":"https:\/\/volovape.com\/fr\/wp-json\/wp\/v2\/product\/27742","targetHints":{"allow":["GET"]}}],"collection":[{"href":"https:\/\/volovape.com\/fr\/wp-json\/wp\/v2\/product"}],"about":[{"href":"https:\/\/volovape.com\/fr\/wp-json\/wp\/v2\/types\/product"}],"replies":[{"embeddable":true,"href":"https:\/\/volovape.com\/fr\/wp-json\/wp\/v2\/comments?post=27742"}],"wp:featuredmedia":[{"embeddable":true,"href":"https:\/\/volovape.com\/fr\/wp-json\/wp\/v2\/media\/27772"}],"wp:attachment":[{"href":"https:\/\/volovape.com\/fr\/wp-json\/wp\/v2\/media?parent=27742"}],"wp:term":[{"taxonomy":"product_brand","embeddable":true,"href":"https:\/\/volovape.com\/fr\/wp-json\/wp\/v2\/product_brand?post=27742"},{"taxonomy":"product_cat","embeddable":true,"href":"https:\/\/volovape.com\/fr\/wp-json\/wp\/v2\/product_cat?post=27742"},{"taxonomy":"product_tag","embeddable":true,"href":"https:\/\/volovape.com\/fr\/wp-json\/wp\/v2\/product_tag?post=27742"}],"curies":[{"name":"wp","href":"https:\/\/api.w.org\/{rel}","templated":true}]}}