{"id":1269,"date":"2024-11-21T03:39:32","date_gmt":"2024-11-21T03:39:32","guid":{"rendered":"https:\/\/volovape.com\/?post_type=product&#038;p=1269"},"modified":"2025-09-08T03:35:43","modified_gmt":"2025-09-08T03:35:43","slug":"waspe-30000-puffs-jetable-vape-wholesale","status":"publish","type":"product","link":"https:\/\/volovape.com\/fr\/product\/waspe-30000-puffs-disposable-vape-wholesale\/","title":{"rendered":"WASPE 30000 puffs dual mesh jetable avec batterie rechargeable 850mah"},"content":{"rendered":"<p>WASPE 30000 Puffs Dual Mesh Vape jetable - 30 000 bouff\u00e9es, rechargeable<br \/>\n<strong>WASPE 30000 Puffs Dual Mesh Vape jetable<\/strong> - Une long\u00e9vit\u00e9 et une saveur sans pr\u00e9c\u00e9dent.<\/p>\n<p>Am\u00e9liorez votre exp\u00e9rience de vapotage avec le <strong>WASPE 30000<\/strong>Ce dispositif est un vape r\u00e9volutionnaire \u00e0 usage unique con\u00e7u pour des performances maximales. Avec ses 30 000 bouff\u00e9es, sa g\u00e9n\u00e9reuse capacit\u00e9 de 28 ml d'e-liquide et sa batterie rechargeable de 850 mAh avec chargeur Type-C, cet appareil garantit des sessions de vapotage prolong\u00e9es sans compromis. La technologie avanc\u00e9e de la bobine \u00e0 double maille fournit une vapeur toujours riche et savoureuse, ce qui la rend parfaite \u00e0 la fois pour le plaisir personnel et pour les commandes en gros de vape jetable. Explorez 16 saveurs uniques, chacune \u00e9labor\u00e9e \u00e0 la perfection, et profitez de la commodit\u00e9 d'un appareil pr\u00eat \u00e0 l'emploi et de grande capacit\u00e9.<\/p>\n<h3><strong>Caract\u00e9ristiques de WASPE 30000\uff1a<\/strong><\/h3>\n<ul>\n<li>Bouff\u00e9es : Jusqu'\u00e0 30 000 bouff\u00e9es<\/li>\n<li>Capacit\u00e9 E-liquide : 28ml<\/li>\n<li>Batterie : 850mAh (rechargeable)<\/li>\n<li>Chargement : Type-C<\/li>\n<li>Bobine : Bobine Dual Mesh<\/li>\n<li>16 saveurs uniques<\/li>\n<li>Dispositif \u00e0 usage unique<\/li>\n<\/ul>\n<h4>FAQ<\/h4>\n<h5>Quelles sont les m\u00e9thodes d'exp\u00e9dition utilis\u00e9es ?<\/h5>\n<p>Nous coop\u00e9rons avec UPS\/DHL\/FEDEX\/DPD, etc. Nous choisirons l'option d'exp\u00e9dition appropri\u00e9e en fonction du pays de livraison afin de nous assurer que vous recevrez vos produits le plus rapidement possible.<\/p>\n<h5>Combien de temps faut-il pour qu'il arrive ?<\/h5>\n<p>Ce d\u00e9lai est g\u00e9n\u00e9ralement de 7 \u00e0 15 jours ouvrables et peut aller jusqu'\u00e0 20 jours ouvrables les jours f\u00e9ri\u00e9s ou en cas de mauvaises conditions m\u00e9t\u00e9orologiques.<\/p>\n<h5>Peut-il passer la douane et me causera-t-il des probl\u00e8mes ?<\/h5>\n<p>Nous vous garantissons que vous n'aurez aucun probl\u00e8me puisque nous nous occupons du d\u00e9douanement et qu'il n'y aura pas de taxes ou de frais. Nous garantissons que 100% de nos produits seront d\u00e9douan\u00e9s.<\/p>\n<h5>Qu'est-ce qui fait la particularit\u00e9 de la technologie dual mesh coil ?<\/h5>\n<p>La bobine double du WASPE 30000 am\u00e9liore la diffusion des ar\u00f4mes et la production de vapeur, offrant une exp\u00e9rience de vaporisation toujours douce et satisfaisante \u00e0 chaque bouff\u00e9e, maximisant ainsi le potentiel de chaque ar\u00f4me.<\/p>\n<h5>Puis-je lui faire confiance ?<\/h5>\n<p>Nous acceptons les paiements par PayPal et le service de protection des acheteurs.<br \/>\nVous pouvez \u00e9galement consulter nos avis sur <a href=\"https:\/\/www.trustpilot.com\/review\/volovape.com?utm_medium=trustbox&amp;utm_source=TrustBoxReviewCollector\">TrustPilot<\/a><\/p>","protected":false},"excerpt":{"rendered":"<p>Le WASPE 30000 Puffs Vape jetable permet de lib\u00e9rer l'endurance du vapotage. Comprend 28ml d'e-liquide, une batterie de 850mAh, des coils \u00e0 double maille et 16 saveurs. Vente en gros disponible, charge de type C.<\/p>","protected":false},"featured_media":1491,"comment_status":"open","ping_status":"closed","template":"","meta":[],"product_brand":[],"product_cat":[46,63,21,18,39,20,23,24,22,25,26,27,28,29,30,31,32,33,34,35,44,36,40,17],"product_tag":[],"class_list":{"0":"post-1269","1":"product","2":"type-product","3":"status-publish","4":"has-post-thumbnail","6":"product_cat-fihp","7":"product_cat-30000-puffs-disposable-vape","8":"product_cat-big-puffs-vapes","9":"product_cat-different-puffs-of-disposable-vapes","10":"product_cat-digital-box-vapes","11":"product_cat-disposable-vape-types","12":"product_cat-disposable-vapes-in-austria","13":"product_cat-disposable-vapes-in-belgium","14":"product_cat-disposable-vapes-in-europe","15":"product_cat-disposable-vapes-in-france","16":"product_cat-disposable-vapes-in-germany","17":"product_cat-disposable-vapes-in-hungary","18":"product_cat-disposable-vapes-in-ltaly","19":"product_cat-disposable-vapes-in-netherlands","20":"product_cat-disposable-vapes-in-norway","21":"product_cat-disposable-vapes-in-poland","22":"product_cat-disposable-vapes-in-portugal","23":"product_cat-disposable-vapes-in-spain","24":"product_cat-disposable-vapes-in-sweden","25":"product_cat-disposable-vapes-in-switzerland","26":"product_cat-dual-mesh-vapes","27":"product_cat-rechargeable-vapes","28":"product_cat-smart-screen-vapes","29":"product_cat-waspe","31":"first","32":"instock","33":"shipping-taxable","34":"purchasable","35":"product-type-variable","36":"has-default-attributes"},"jetpack_sharing_enabled":true,"tiered_pricing_type":"fixed","tiered_pricing_fixed_rules":{"2000":5.5},"tiered_pricing_product_settings":{"layout":"default","base_unit_name":{"singular":null,"plural":null},"default_variation":null},"tiered_pricing_minimum_quantity":1000,"tiered_pricing_roles_data":[],"tiered_pricing_percentage_rules":[],"tiered_pricing_maximum_quantity":null,"tiered_pricing_quantity_step":"10","_links":{"self":[{"href":"https:\/\/volovape.com\/fr\/wp-json\/wp\/v2\/product\/1269","targetHints":{"allow":["GET"]}}],"collection":[{"href":"https:\/\/volovape.com\/fr\/wp-json\/wp\/v2\/product"}],"about":[{"href":"https:\/\/volovape.com\/fr\/wp-json\/wp\/v2\/types\/product"}],"replies":[{"embeddable":true,"href":"https:\/\/volovape.com\/fr\/wp-json\/wp\/v2\/comments?post=1269"}],"wp:featuredmedia":[{"embeddable":true,"href":"https:\/\/volovape.com\/fr\/wp-json\/wp\/v2\/media\/1491"}],"wp:attachment":[{"href":"https:\/\/volovape.com\/fr\/wp-json\/wp\/v2\/media?parent=1269"}],"wp:term":[{"taxonomy":"product_brand","embeddable":true,"href":"https:\/\/volovape.com\/fr\/wp-json\/wp\/v2\/product_brand?post=1269"},{"taxonomy":"product_cat","embeddable":true,"href":"https:\/\/volovape.com\/fr\/wp-json\/wp\/v2\/product_cat?post=1269"},{"taxonomy":"product_tag","embeddable":true,"href":"https:\/\/volovape.com\/fr\/wp-json\/wp\/v2\/product_tag?post=1269"}],"curies":[{"name":"wp","href":"https:\/\/api.w.org\/{rel}","templated":true}]}}