{"id":1190,"date":"2024-11-21T03:38:19","date_gmt":"2024-11-21T03:38:19","guid":{"rendered":"https:\/\/volovape.com\/?post_type=product&#038;p=1190"},"modified":"2025-07-17T04:34:15","modified_gmt":"2025-07-17T04:34:15","slug":"vapsolo-feed-bar-shisha-15000-bouffees","status":"publish","type":"product","link":"https:\/\/volovape.com\/fr\/product\/vapsolo-feed-bar-shisha-15000-puffs\/","title":{"rendered":"Vapsolo FEED BAR Shisha 15000 bouff\u00e9es Vape jetable - 0.6\u03a9 Mesh Coil, High Airflow"},"content":{"rendered":"<p><iframe title=\"VideoPress Lecteur vid\u00e9o\" aria-label='VideoPress Lecteur vid\u00e9o' width='421' height='750' src='https:\/\/videopress.com\/embed\/JWLYAsYP?hd=0&amp;cover=1' frameborder='0' allowfullscreen allow='clipboard-write'><\/iframe><script src='https:\/\/v0.wordpress.com\/js\/next\/videopress-iframe.js?m=1739540970'><\/script><\/p>\n<h2>Vapsolo FEED BAR Shisha 15000 bouff\u00e9es Vape jetable - Vivez l'exp\u00e9rience de la vaporisation inspir\u00e9e de la Shisha avec un flux d'air \u00e9lev\u00e9.<\/h2>\n<p>Le <strong>Vapsolo FEED BAR Shisha 15000 bouff\u00e9es<\/strong> La vape jetable apporte l'exp\u00e9rience riche et savoureuse de la shisha dans un format pratique et portable. Avec un impressionnant <strong>15 000 bouff\u00e9es<\/strong> de la capacit\u00e9 de production, une <strong>R\u00e9servoir d'e-liquide de 25ml<\/strong>et d'une solide <strong>Batterie rechargeable de 650mAh<\/strong>Cet appareil offre une utilisation prolong\u00e9e et une valeur ajout\u00e9e. Les <strong>Bobine \u00e0 mailles de 0,6\u03a9<\/strong> est optimis\u00e9 pour une meilleure production de vapeur, et le <strong>conception \u00e0 haut d\u00e9bit d'air<\/strong> assure un tirage doux et a\u00e9r\u00e9 rappelant la shisha traditionnelle. Id\u00e9al pour le plaisir personnel et <strong>Vape jetable en gros<\/strong>Cet appareil offre une exp\u00e9rience de vapotage de premi\u00e8re qualit\u00e9. <strong>Commande en vrac<\/strong> sont disponibles pour les d\u00e9taillants.<\/p>\n<h3><strong>Vapsolo FEED BAR Shisha 15000 bouff\u00e9es Caract\u00e9ristiques :<\/strong><\/h3>\n<ul>\n<li>Bouff\u00e9es : Jusqu'\u00e0 15 000<\/li>\n<li>Capacit\u00e9 E-liquide : 25ml<\/li>\n<li>Batterie : 650mAh (rechargeable)<\/li>\n<li>Chargement : Type-C<\/li>\n<li>Bobine : 0.6\u03a9 Mesh Coil<\/li>\n<li>D\u00e9bit d'air : Conception \u00e0 haut d\u00e9bit d'air<\/li>\n<li>Saveurs disponibles : Deux pommes, Blue Razz Lemonade, Peach Ice, Mango Ice, Lush Ice, Lemon Mint, Grape Mint, Strawberry Punch, Blueberry Gum.<\/li>\n<\/ul>\n<h4>FAQ<\/h4>\n<h5>Comment la bobine \u00e0 mailles de 0,6\u03a9 am\u00e9liore-t-elle l'exp\u00e9rience inspir\u00e9e de la shisha ?<\/h5>\n<p>La bobine \u00e0 mailles de 0,6\u03a9 est sp\u00e9cialement con\u00e7ue pour maximiser la production de vapeur et l'intensit\u00e9 des ar\u00f4mes, offrant un nuage dense et savoureux qui reproduit fid\u00e8lement l'exp\u00e9rience de la shisha traditionnelle. Cette bobine assure un chauffage homog\u00e8ne et une diffusion optimale des ar\u00f4mes.<\/p>\n<h5>Quels sont les avantages de la conception \u00e0 flux d'air \u00e9lev\u00e9 ?<\/h5>\n<p>La conception \u00e0 haut d\u00e9bit d'air permet un tirage doux et a\u00e9r\u00e9, reproduisant le style d'inhalation ouvert et d\u00e9tendu associ\u00e9 \u00e0 la shisha. Cette caract\u00e9ristique am\u00e9liore l'exp\u00e9rience globale de la vape, la rendant plus confortable et plus agr\u00e9able pour ceux qui pr\u00e9f\u00e8rent une vape moins restreinte.<\/p>\n<h5>Quelle est la dur\u00e9e de vie de la batterie et \u00e0 quelle vitesse se recharge-t-elle ?<\/h5>\n<p>La batterie rechargeable de 650mAh fournit une puissance durable pour jusqu'\u00e0 15 000 bouff\u00e9es. Gr\u00e2ce au chargement Type-C, vous pouvez recharger l'appareil rapidement et efficacement, ce qui minimise les temps d'arr\u00eat et maximise votre plaisir de vapoter.<\/p>\n<h5>Quelles sont les m\u00e9thodes d'exp\u00e9dition utilis\u00e9es ?<\/h5>\n<p>Nous travaillons en partenariat avec des transporteurs r\u00e9put\u00e9s tels que UPS, DHL, FedEx et DPD afin de garantir une livraison fiable et efficace. Nous s\u00e9lectionnons la meilleure option d'exp\u00e9dition en fonction de votre situation g\u00e9ographique pour que votre commande vous parvienne le plus rapidement possible.<\/p>\n<h5>Puis-je faire confiance \u00e0 mon achat ?<\/h5>\n<p>Nous donnons la priorit\u00e9 \u00e0 la satisfaction de nos clients et offrons des options de paiement s\u00e9curis\u00e9es, y compris PayPal avec protection de l'acheteur. Vous pouvez \u00e9galement lire les avis de nos clients satisfaits sur TrustPilot : <a href=\"https:\/\/www.trustpilot.com\/review\/volovape.com?utm_medium=trustbox&amp;utm_source=TrustBoxReviewCollector\">TrustPilot<\/a>.<\/p>","protected":false},"excerpt":{"rendered":"<p>Achetez Vapsolo FEED BAR Shisha 15000 bouff\u00e9es en vrac. Profitez de 25ml d'e-liquide, d'une bobine en maille, d'un flux d'air fluide et de nuages riches. Id\u00e9al pour les distributeurs de vape en gros et les revendeurs.<\/p>","protected":false},"featured_media":1426,"comment_status":"open","ping_status":"closed","template":"","meta":[],"product_brand":[],"product_cat":[72,41,21,18,20,23,24,22,25,26,27,28,29,30,31,32,33,34,35,36,47],"product_tag":[],"class_list":{"0":"post-1190","1":"product","2":"type-product","3":"status-publish","4":"has-post-thumbnail","6":"product_cat-vapsolo","7":"product_cat-15000-puffs-disposable-vape","8":"product_cat-big-puffs-vapes","9":"product_cat-different-puffs-of-disposable-vapes","10":"product_cat-disposable-vape-types","11":"product_cat-disposable-vapes-in-austria","12":"product_cat-disposable-vapes-in-belgium","13":"product_cat-disposable-vapes-in-europe","14":"product_cat-disposable-vapes-in-france","15":"product_cat-disposable-vapes-in-germany","16":"product_cat-disposable-vapes-in-hungary","17":"product_cat-disposable-vapes-in-ltaly","18":"product_cat-disposable-vapes-in-netherlands","19":"product_cat-disposable-vapes-in-norway","20":"product_cat-disposable-vapes-in-poland","21":"product_cat-disposable-vapes-in-portugal","22":"product_cat-disposable-vapes-in-spain","23":"product_cat-disposable-vapes-in-sweden","24":"product_cat-disposable-vapes-in-switzerland","25":"product_cat-rechargeable-vapes","26":"product_cat-shisha-hookah-vapes","28":"first","29":"instock","30":"shipping-taxable","31":"purchasable","32":"product-type-variable","33":"has-default-attributes"},"jetpack_sharing_enabled":true,"tiered_pricing_type":"fixed","tiered_pricing_fixed_rules":{"2000":6.5999999999999996447286321199499070644378662109375},"tiered_pricing_product_settings":{"layout":"default","base_unit_name":{"singular":null,"plural":null},"default_variation":null},"tiered_pricing_minimum_quantity":1000,"tiered_pricing_roles_data":[],"tiered_pricing_percentage_rules":[],"tiered_pricing_maximum_quantity":null,"tiered_pricing_quantity_step":"10","_links":{"self":[{"href":"https:\/\/volovape.com\/fr\/wp-json\/wp\/v2\/product\/1190","targetHints":{"allow":["GET"]}}],"collection":[{"href":"https:\/\/volovape.com\/fr\/wp-json\/wp\/v2\/product"}],"about":[{"href":"https:\/\/volovape.com\/fr\/wp-json\/wp\/v2\/types\/product"}],"replies":[{"embeddable":true,"href":"https:\/\/volovape.com\/fr\/wp-json\/wp\/v2\/comments?post=1190"}],"wp:featuredmedia":[{"embeddable":true,"href":"https:\/\/volovape.com\/fr\/wp-json\/wp\/v2\/media\/1426"}],"wp:attachment":[{"href":"https:\/\/volovape.com\/fr\/wp-json\/wp\/v2\/media?parent=1190"}],"wp:term":[{"taxonomy":"product_brand","embeddable":true,"href":"https:\/\/volovape.com\/fr\/wp-json\/wp\/v2\/product_brand?post=1190"},{"taxonomy":"product_cat","embeddable":true,"href":"https:\/\/volovape.com\/fr\/wp-json\/wp\/v2\/product_cat?post=1190"},{"taxonomy":"product_tag","embeddable":true,"href":"https:\/\/volovape.com\/fr\/wp-json\/wp\/v2\/product_tag?post=1190"}],"curies":[{"name":"wp","href":"https:\/\/api.w.org\/{rel}","templated":true}]}}